{"id":32639,"date":"2026-03-25T01:11:27","date_gmt":"2026-03-25T01:11:27","guid":{"rendered":"https:\/\/mydainikkhabar.com\/?page_id=32639"},"modified":"2026-03-25T01:11:27","modified_gmt":"2026-03-25T01:11:27","slug":"zrozumienie-fildena-super-active-zastosowania-i-zalety","status":"publish","type":"page","link":"https:\/\/mydainikkhabar.com\/?page_id=32639","title":{"rendered":"Zrozumienie Fildena Super Active: zastosowania i zalety"},"content":{"rendered":"<h1>Kupowanie Fildena Super Active online: czeki, prywatno\u015b\u0107 i wysy\u0142ka<\/h1>\n<p>Nawigacja po zakupie online Fildena Super Active wymaga dok\u0142adnego rozwa\u017cenia legalno\u015bci, prywatno\u015bci i wysy\u0142ki, aby zapewni\u0107 bezpieczn\u0105 transakcj\u0119.<\/p>\n<h2>Zrozumienie Fildena Super Active: zastosowania i zalety<\/h2>\n<p>Fildena Super Active to lek stosowany g\u0142\u00f3wnie w leczeniu zaburze\u0144 erekcji (ED) u m\u0119\u017cczyzn. Zawiera substancj\u0119 czynn\u0105 cytrynian sildenafilu, kt\u00f3ry pomaga zwi\u0119kszy\u0107 nap\u0142yw krwi do pr\u0105cia, pomagaj\u0105c w osi\u0105gni\u0119ciu i utrzymaniu erekcji odpowiedniej do aktywno\u015bci seksualnej. Lek ten sta\u0142 si\u0119 popularny ze wzgl\u0119du na form\u0119 mi\u0119kkich kapsu\u0142ek \u017celowych, kt\u00f3ra pozwala na szybsze wch\u0142anianie, a tym samym szybszy pocz\u0105tek dzia\u0142ania w por\u00f3wnaniu do tradycyjnych tabletek.<\/p>\n<p>Poza swoim podstawowym zastosowaniem Fildena Super Active jest czasami przepisywana w leczeniu t\u0119tniczego nadci\u015bnienia p\u0142ucnego, gdzie pomaga rozlu\u017ani\u0107 naczynia krwiono\u015bne w p\u0142ucach i poprawi\u0107 og\u00f3lny przep\u0142yw krwi. Korzy\u015bci ze stosowania Fildena Super Active obejmuj\u0105 popraw\u0119 sprawno\u015bci seksualnej, wi\u0119ksz\u0105 pewno\u015b\u0107 siebie i wi\u0119ksz\u0105 satysfakcj\u0119 w relacjach osobistych. Jednak wa\u017cne jest, aby stosowa\u0107 ten lek pod okiem pracownika s\u0142u\u017cby zdrowia, aby unikn\u0105\u0107 potencjalnych skutk\u00f3w ubocznych.<\/p>\n<h2>Ocena aptek internetowych pod k\u0105tem zakup\u00f3w Fildena Super Active<\/h2>\n<p>Rozwa\u017caj\u0105c zakup leku Fildena Super Active w Internecie, niezb\u0119dny jest wyb\u00f3r renomowanej apteki. Zacznij od sprawdzenia, czy apteka posiada licencj\u0119 i akredytacj\u0119 odpowiednich organ\u00f3w regulacyjnych. Dzi\u0119ki temu apteka spe\u0142nia standardy bezpiecze\u0144stwa i jako\u015bci, kt\u00f3re s\u0105 kluczowe w przypadku lek\u00f3w.<\/p>\n<p>Kolejnym aspektem wymagaj\u0105cym oceny jest obs\u0142uga klienta i wsparcie apteki. Niezawodne apteki zazwyczaj oferuj\u0105 jasne kana\u0142y komunikacji, takie jak czat na \u017cywo, e-mail lub pomoc telefoniczna, aby pom\u00f3c klientom w przypadku ich zapyta\u0144. Ponadto poszukaj w Internecie recenzji i ocen poprzednich klient\u00f3w, aby oceni\u0107 niezawodno\u015b\u0107 apteki i jako\u015b\u0107 us\u0142ug.<\/p>\n<h2>Zapewnienie legalno\u015bci i bezpiecze\u0144stwa przy zakupie Fildena Super Active online<\/h2>\n<p>Bezpiecze\u0144stwo i legalno\u015b\u0107 s\u0105 najwa\u017cniejsze przy zakupie lek\u00f3w takich jak Fildena Super Active przez Internet. Aby zweryfikowa\u0107 wiarygodno\u015b\u0107 apteki, poszukaj certyfikat\u00f3w uznanych instytucji zajmuj\u0105cych si\u0119 ochron\u0105 zdrowia. Certyfikaty te cz\u0119sto wskazuj\u0105, \u017ce apteka spe\u0142nia standardy i przepisy bran\u017cowe.<\/p>\n<p>Ponadto unikaj aptek oferuj\u0105cych Fildena Super Active bez recepty. Legalna apteka zawsze b\u0119dzie wymaga\u0107 wa\u017cnej recepty od podmiotu \u015bwiadcz\u0105cego opiek\u0119 zdrowotn\u0105, aby wyda\u0107 ten lek. Wym\u00f3g ten wprowadzono, aby chroni\u0107 konsument\u00f3w przed ryzykiem zwi\u0105zanym z nienadzorowanym stosowaniem \u015brodk\u00f3w farmaceutycznych.<\/p>\n<h2>Por\u00f3wnanie cen Fildena Super Active na r\u00f3\u017cnych platformach<\/h2>\n<p>Cena Fildena Super Active mo\u017ce si\u0119 znacznie r\u00f3\u017cni\u0107 na r\u00f3\u017cnych platformach internetowych, dlatego warto por\u00f3wna\u0107 ceny przed dokonaniem zakupu. Cho\u0107 cena jest wa\u017cnym czynnikiem, nie powinna by\u0107 jedynym wyznacznikiem. Niezwykle niskie ceny mog\u0105 czasami wskazywa\u0107 na podr\u00f3bki produkt\u00f3w lub oszustwa.<\/p>\n<p>We\u017a pod uwag\u0119 ca\u0142kowity koszt zakupu, w tym op\u0142aty za wysy\u0142k\u0119 i wszelkie obowi\u0105zuj\u0105ce podatki. Niekt\u00f3re platformy mog\u0105 oferowa\u0107 rabaty lub opcje zakup\u00f3w hurtowych, kt\u00f3re mog\u0105 obni\u017cy\u0107 og\u00f3lne koszty. Przy wyborze miejsca zakupu Fildena Super Active zaleca si\u0119 zr\u00f3wnowa\u017cenie koszt\u00f3w z gwarancj\u0105 jako\u015bci i autentyczno\u015bci.<\/p>\n<h2>Znaczenie recepty przy zakupie Fildena Super Active<\/h2>\n<p>Uzyskanie recepty na Fildena Super Active jest kluczowym krokiem w procesie zakupowym. Recepta gwarantuje, \u017ce lekarz oceni Tw\u00f3j stan i ustali, \u017ce ten lek jest dla Ciebie odpowiedni. Pomaga to nie tylko z\u0142agodzi\u0107 potencjalne ryzyko dla zdrowia, ale tak\u017ce gwarantuje prawid\u0142owe stosowanie leku.<\/p>\n<p>Stosowanie Fildena Super Active bez <a href=\"https:\/\/pigulkaekspres.pl\/fildena-super-active-online-bez-recepty\">https:\/\/pigulkaekspres.pl\/fildena-super-active-online-bez-recepty<\/a> recepty mo\u017ce prowadzi\u0107 do dzia\u0142a\u0144 niepo\u017c\u0105danych, szczeg\u00f3lnie w przypadku wsp\u00f3\u0142istniej\u0105cych schorze\u0144 lub potencjalnych interakcji z innymi lekami. Dlatego zawsze zaleca si\u0119 konsultacj\u0119 z lekarzem przed rozpocz\u0119ciem stosowania nowego schematu leczenia.<\/p>\n<h2>Obawy dotycz\u0105ce prywatno\u015bci przy zamawianiu Fildena Super Active online<\/h2>\n<p>Prywatno\u015b\u0107 jest powa\u017cnym problemem dla wielu os\u00f3b kupuj\u0105cych leki w Internecie, zw\u0142aszcza na schorzenia takie jak zaburzenia erekcji. Wa\u017cne jest, aby wybiera\u0107 platformy, kt\u00f3re traktuj\u0105 priorytetowo poufno\u015b\u0107 klienta i chroni\u0105 dane osobowe za pomoc\u0105 solidnych \u015brodk\u00f3w bezpiecze\u0144stwa.<\/p>\n<p>Poszukaj aptek, kt\u00f3re korzystaj\u0105 z technologii szyfrowania, aby chroni\u0107 Twoje dane podczas transakcji. Ponadto sprawd\u017a ich polityk\u0119 prywatno\u015bci, aby zrozumie\u0107, w jaki spos\u00f3b Twoje dane b\u0119d\u0105 wykorzystywane i przechowywane. Rzetelne apteki b\u0119d\u0105 transparentnie informowa\u0107 o swoich praktykach przetwarzania danych, zapewniaj\u0105c spok\u00f3j ducha w zwi\u0105zku z Twoimi danymi osobowymi.<\/p>\n<h2>Bezpieczne metody p\u0142atno\u015bci za zakup Fildena Super Active<\/h2>\n<p>Kupuj\u0105c Fildena Super Active w Internecie, bezpieczne metody p\u0142atno\u015bci s\u0105 niezb\u0119dne, aby chroni\u0107 przed oszustwami i kradzie\u017c\u0105. Wybierz apteki oferuj\u0105ce zaufane bramki p\u0142atnicze, takie jak karty kredytowe, PayPal lub inne dobrze znane bezpieczne rozwi\u0105zania p\u0142atnicze.<\/p>\n<p>Platformy te cz\u0119sto maj\u0105 wbudowane funkcje bezpiecze\u0144stwa, takie jak szyfrowanie, kt\u00f3re pomagaj\u0105 chroni\u0107 Twoje informacje finansowe. Unikaj korzystania z bezpo\u015brednich przelew\u00f3w bankowych lub innych niewykrywalnych metod p\u0142atno\u015bci, poniewa\u017c mog\u0105 one zwi\u0119ksza\u0107 ryzyko padni\u0119cia ofiar\u0105 oszustwa lub nieuczciwych dzia\u0142a\u0144.<\/p>\n<h2>Opcje wysy\u0142ki i czasy dostawy dla Fildena Super Active<\/h2>\n<p>Dost\u0119pno\u015b\u0107 r\u00f3\u017cnych opcji wysy\u0142ki jest kluczowym czynnikiem przy zakupie Fildena Super Active online. Wiele aptek oferuje r\u00f3\u017cne pr\u0119dko\u015bci dostaw, od wysy\u0142ki standardowej po ekspresow\u0105, aby zaspokoi\u0107 pilno\u015b\u0107 zapotrzebowania na leki.<\/p>\n<p>Wa\u017cne jest, aby sprawdzi\u0107 szacowany czas dostawy i upewni\u0107 si\u0119, \u017ce jest on zgodny z Twoimi wymaganiami. Dodatkowo sprawd\u017a, czy mog\u0105 obowi\u0105zywa\u0107 op\u0142aty za wysy\u0142k\u0119 i czy dost\u0119pne s\u0105 opcje \u015bledzenia, kt\u00f3re mog\u0105 pom\u00f3c Ci monitorowa\u0107 status dostawy zam\u00f3wienia.<\/p>\n<h2>Obs\u0142uga przepis\u00f3w celnych i importowych dla Fildena Super Active<\/h2>\n<p>Zamawiaj\u0105c Fildena Super Active w aptekach mi\u0119dzynarodowych, znajomo\u015b\u0107 przepis\u00f3w celnych i importowych jest kluczowa. W r\u00f3\u017cnych krajach obowi\u0105zuj\u0105 r\u00f3\u017cne zasady dotycz\u0105ce importu lek\u00f3w, kt\u00f3rych nieprzestrzeganie mo\u017ce skutkowa\u0107 op\u00f3\u017anieniami lub konfiskat\u0105 przesy\u0142ki.<\/p>\n<p>Wskazane jest zapoznanie si\u0119 z przepisami dotycz\u0105cymi importu produkt\u00f3w farmaceutycznych obowi\u0105zuj\u0105cymi w Twoim kraju. Niekt\u00f3re apteki mog\u0105 pom\u00f3c w przygotowaniu dokumentacji celnej, ale samodzielne uzyskanie informacji zapewnia p\u0142ynniejsz\u0105 transakcj\u0119 i zmniejsza ryzyko wyst\u0105pienia problem\u00f3w celnych.<\/p>\n<h2>Obs\u0142uga klienta i obs\u0142uga posprzeda\u017cna dla zakup\u00f3w Fildena Super Active<\/h2>\n<p>Obs\u0142uga klienta i obs\u0142uga posprzeda\u017cna to istotne aspekty procesu zakup\u00f3w online dla Fildena Super Active. Renomowane apteki oferuj\u0105 solidne wsparcie w przypadku jakichkolwiek w\u0105tpliwo\u015bci lub problem\u00f3w, kt\u00f3re mog\u0105 pojawi\u0107 si\u0119 w trakcie lub po zakupie.<\/p>\n<p>Poszukaj aptek zapewniaj\u0105cych wiele kana\u0142\u00f3w komunikacji w celu obs\u0142ugi klienta, takich jak e-mail, telefon lub czat na \u017cywo. Obs\u0142uga posprzeda\u017cna mo\u017ce obejmowa\u0107 pomoc w zakresie zapyta\u0144 dotycz\u0105cych dawkowania, obs\u0142ugi zwrot\u00f3w lub reagowania na wszelkie niepo\u017c\u0105dane reakcje na lek.<\/p>\n<h2>Czytanie recenzji klient\u00f3w na temat zakup\u00f3w online Fildena Super Active<\/h2>\n<p>Opinie klient\u00f3w mog\u0105 dostarczy\u0107 cennych informacji na temat do\u015bwiadcze\u0144 zakupowych i jako\u015bci produktu przy zakupie Fildena Super Active online. Recenzje mog\u0105 ujawni\u0107 informacje na temat czasu dostawy, jako\u015bci obs\u0142ugi klienta i skuteczno\u015bci leku.<\/p>\n<p>Wa\u017cne jest jednak krytyczne podej\u015bcie do recenzji. Poszukaj recenzji na niezale\u017cnych platformach, kt\u00f3re s\u0105 mniej stronnicze. Rozwa\u017c zar\u00f3wno pozytywne, jak i negatywne opinie, aby uzyska\u0107 zr\u00f3wnowa\u017cony pogl\u0105d na aptek\u0119 i sam produkt.<\/p>\n<h2>Zrozumienie zasad zwrot\u00f3w dla Fildena Super Active<\/h2>\n<p>Przed sfinalizowaniem zakupu wa\u017cne jest zapoznanie si\u0119 z polityk\u0105 zwrot\u00f3w obowi\u0105zuj\u0105c\u0105 w aptece. Jasna i uczciwa polityka zwrot\u00f3w zapewnia pewno\u015b\u0107 w przypadku problem\u00f3w z zam\u00f3wieniem, takich jak otrzymanie niew\u0142a\u015bciwego produktu lub uszkodzenie produktu podczas wysy\u0142ki.<\/p>\n<p>Sprawd\u017a, czy apteka dopuszcza zwroty lub zwroty \u015brodk\u00f3w i na jakich warunkach. Niekt\u00f3re apteki mog\u0105 oferowa\u0107 gwarancj\u0119 zwrotu pieni\u0119dzy lub bezp\u0142atne zwroty w okre\u015blonym terminie, co mo\u017ce by\u0107 korzystne w przypadku problem\u00f3w z zakupem.<\/p>\n<h2>Ochrona danych osobowych przy zakupie Fildena Super Active online<\/h2>\n<p>Ochrona danych osobowych ma kluczowe znaczenie podczas dokonywania zakup\u00f3w online, zw\u0142aszcza w przypadku wra\u017cliwych przedmiot\u00f3w, takich jak Fildena Super Active. Upewnij si\u0119, \u017ce witryna korzysta z bezpiecznych po\u0142\u0105cze\u0144, oznaczonych w adresie URL protoko\u0142em HTTPS, kt\u00f3ry szyfruje dane podczas transmisji.<\/p>\n<p>Ponadto zapoznaj si\u0119 z polityk\u0105 prywatno\u015bci apteki, aby zrozumie\u0107, w jaki spos\u00f3b Twoje dane b\u0119d\u0105 wykorzystywane. Zaufane apteki nie b\u0119d\u0105 sprzedawa\u0107 ani udost\u0119pnia\u0107 Twoich danych bez Twojej zgody. Podj\u0119cie tych \u015brodk\u00f3w ostro\u017cno\u015bci pomaga zabezpieczy\u0107 si\u0119 przed kradzie\u017c\u0105 to\u017csamo\u015bci i innymi naruszeniami prywatno\u015bci.<\/p>\n<h2>Typowe problemy i rozwi\u0105zania przy zamawianiu Fildena Super Active<\/h2>\n<p>Zamawianie Fildena Super Active online mo\u017ce czasami wi\u0105za\u0107 si\u0119 z wyzwaniami, takimi jak op\u00f3\u017aniona wysy\u0142ka, nieprawid\u0142owe zam\u00f3wienia lub problemy z p\u0142atno\u015bci\u0105. Aby rozwi\u0105za\u0107 problem op\u00f3\u017anionej wysy\u0142ki, skontaktuj si\u0119 z obs\u0142ug\u0105 klienta w celu \u015bledzenia przesy\u0142ki i rozwi\u0105zania wszelkich problem\u00f3w logistycznych.<\/p>\n<p>W przypadku dostarczenia niew\u0142a\u015bciwego produktu wi\u0119kszo\u015b\u0107 renomowanych aptek wdro\u017cy procedury maj\u0105ce na celu naprawienie b\u0142\u0119du, zazwyczaj poprzez polityk\u0119 zwrot\u00f3w. W przypadku problem\u00f3w z p\u0142atno\u015bci\u0105 upewnij si\u0119, \u017ce metoda p\u0142atno\u015bci jest bezpieczna i zweryfikuj szczeg\u00f3\u0142y transakcji, aby unikn\u0105\u0107 rozbie\u017cno\u015bci.<\/p>\n<h2>Przysz\u0142e trendy w zakupach online Fildena Super Active<\/h2>\n<p>Przysz\u0142o\u015b\u0107 zakup\u00f3w Fildena Super Active w Internecie prawdopodobnie b\u0119dzie kszta\u0142towana przez post\u0119p w handlu cyfrowym i technologii opieki zdrowotnej. Przy wi\u0119kszym nacisku na prywatno\u015b\u0107 i bezpiecze\u0144stwo coraz wi\u0119cej aptek mo\u017ce wdro\u017cy\u0107 technologi\u0119 blockchain w celu ochrony danych klient\u00f3w.<\/p>\n<p>Ponadto platformy oparte na sztucznej inteligencji mog\u0142yby ulepszy\u0107 obs\u0142ug\u0119 klienta, zapewniaj\u0105c spersonalizowane rekomendacje i wsparcie. Wraz z rozwojem telemedycyny dost\u0119pno\u015b\u0107 recept poprzez wirtualne konsultacje mo\u017ce jeszcze bardziej upro\u015bci\u0107 proces uzyskiwania lek\u00f3w takich jak Fildena Super Active online.<\/p>\n","protected":false},"excerpt":{"rendered":"<p>Kupowanie Fildena Super Active online: czeki, prywatno\u015b\u0107 i wysy\u0142ka Nawigacja po zakupie online Fildena Super Active wymaga dok\u0142adnego rozwa\u017cenia legalno\u015bci, prywatno\u015bci i wysy\u0142ki, aby zapewni\u0107 bezpieczn\u0105 transakcj\u0119. Zrozumienie Fildena Super Active: zastosowania i zalety Fildena Super Active to lek stosowany g\u0142\u00f3wnie w leczeniu zaburze\u0144 erekcji (ED) u m\u0119\u017cczyzn. Zawiera substancj\u0119 czynn\u0105 cytrynian sildenafilu, kt\u00f3ry pomaga [&hellip;]<\/p>\n","protected":false},"author":1,"featured_media":0,"parent":0,"menu_order":0,"comment_status":"closed","ping_status":"closed","template":"","meta":{"footnotes":""},"class_list":["post-32639","page","type-page","status-publish","hentry"],"_links":{"self":[{"href":"https:\/\/mydainikkhabar.com\/index.php?rest_route=\/wp\/v2\/pages\/32639","targetHints":{"allow":["GET"]}}],"collection":[{"href":"https:\/\/mydainikkhabar.com\/index.php?rest_route=\/wp\/v2\/pages"}],"about":[{"href":"https:\/\/mydainikkhabar.com\/index.php?rest_route=\/wp\/v2\/types\/page"}],"author":[{"embeddable":true,"href":"https:\/\/mydainikkhabar.com\/index.php?rest_route=\/wp\/v2\/users\/1"}],"replies":[{"embeddable":true,"href":"https:\/\/mydainikkhabar.com\/index.php?rest_route=%2Fwp%2Fv2%2Fcomments&post=32639"}],"version-history":[{"count":1,"href":"https:\/\/mydainikkhabar.com\/index.php?rest_route=\/wp\/v2\/pages\/32639\/revisions"}],"predecessor-version":[{"id":32641,"href":"https:\/\/mydainikkhabar.com\/index.php?rest_route=\/wp\/v2\/pages\/32639\/revisions\/32641"}],"wp:attachment":[{"href":"https:\/\/mydainikkhabar.com\/index.php?rest_route=%2Fwp%2Fv2%2Fmedia&parent=32639"}],"curies":[{"name":"wp","href":"https:\/\/api.w.org\/{rel}","templated":true}]}}