{"id":32618,"date":"2026-03-25T01:06:52","date_gmt":"2026-03-25T01:06:52","guid":{"rendered":"https:\/\/mydainikkhabar.com\/?page_id=32618"},"modified":"2026-03-25T01:06:52","modified_gmt":"2026-03-25T01:06:52","slug":"razumijevanje-kamagra-soft-tableta-upotreba-i-dobrobiti","status":"publish","type":"page","link":"https:\/\/mydainikkhabar.com\/?page_id=32618","title":{"rendered":"Razumijevanje Kamagra Soft tableta: upotreba i dobrobiti"},"content":{"rendered":"<h1>Kupnja Kamagra Soft Tabs online: \u010dekovi, privatnost i otprema<\/h1>\n<p>Navigacija pri online kupnji Kamagra Soft Tabs zahtijeva pa\u017eljivo razmatranje pravnih \u010dimbenika, \u010dimbenika autenti\u010dnosti i privatnosti, zajedno s jasnim razumijevanjem mogu\u0107nosti dostave i pla\u0107anja.<\/p>\n<h2>Razumijevanje Kamagra Soft tableta: upotreba i dobrobiti<\/h2>\n<p>Kamagra Soft tablete popularan su alternativni tretman za erektilnu disfunkciju, poznat po jednostavnoj uporabi i brzom po\u010detku djelovanja. Uzimane sublingvalno, ove se tablete brzo otapaju, omogu\u0107uju\u0107i aktivnom sastojku, sildenafil citratu, da u\u0111e u krvotok br\u017ee od tradicionalnih tableta. Ova br\u017ea stopa apsorpcije mo\u017ee rezultirati br\u017eim osloba\u0111anjem od simptoma erektilne disfunkcije, \u0161to ih \u010dini preferiranim izborom za mnoge.<\/p>\n<p>Osim prakti\u010dnosti, Kamagra Soft Tabs nudi fleksibilnost razli\u010ditih okusa, \u0161to mo\u017ee u\u010diniti lijek ukusnijim za korisnike koji ne vole okus standardnih tableta. U\u010dinkovitost i lako\u0107a kori\u0161tenja ovih kartica zna\u010dajno pridonose njihovoj popularnosti me\u0111u onima koji tra\u017ee diskretne i u\u010dinkovite opcije lije\u010denja.<\/p>\n<h2>Pravna pitanja pri kupnji Kamagra Soft tableta online<\/h2>\n<p>Prije kupnje Kamagra Soft Tabs online, klju\u010dno je razumjeti pravni okvir koji okru\u017euje ovaj lijek. Dok Kamagra nema dozvolu za prodaju u nekim zemljama, poput Sjedinjenih Dr\u017eava i Ujedinjenog Kraljevstva, dostupna je u drugim zemljama pod druga\u010dijim propisima. Od klju\u010dne je va\u017enosti provjeriti specifi\u010dne zakone u svojoj zemlji kako biste osigurali uskla\u0111enost i izbjegli potencijalne pravne probleme.<\/p>\n<p>U regijama u kojima Kamagra nije slu\u017ebeno licencirana, kupnja putem interneta mo\u017ee dovesti do komplikacija, uklju\u010duju\u0107i carinske zapljene ili pravni postupak. Stoga je razumijevanje me\u0111unarodnih farmaceutskih propisa i pravnog statusa Kamagre u va\u0161oj jurisdikciji klju\u010dno prije kupnje putem interneta.<\/p>\n<h2>Kako provjeriti autenti\u010dnost Kamagra Soft tableta<\/h2>\n<p>Osiguravanje autenti\u010dnosti Kamagra Soft Tabs kriti\u010dan je korak u procesu kupnje. Krivotvoreni lijekovi mogu predstavljati ozbiljne zdravstvene rizike jer mogu sadr\u017eavati neto\u010dne doze ili \u0161tetne sastojke. Za provjeru autenti\u010dnosti treba potra\u017eiti brojeve serija, datume isteka i podatke o proizvo\u0111a\u010du na pakiranju.<\/p>\n<p>Osim toga, kupnja u poznatim internetskim ljekarnama sa solidnom reputacijom mo\u017ee smanjiti rizik od krivotvorenih proizvoda. Te ljekarne \u010desto daju provjerene recenzije i certifikate koji mogu uvjeriti kupce u autenti\u010dnost i sigurnost proizvoda.<\/p>\n<h2>Prepoznavanje renomiranih mre\u017enih ljekarni za Kamagra Soft tablete<\/h2>\n<p>Identificiranje uglednih mre\u017enih ljekarni klju\u010dno je za sigurnu kupnju Kamagra Soft Tabs. Pouzdana ljekarna obi\u010dno prikazuje jasne podatke za kontakt, uklju\u010duju\u0107i fizi\u010dku adresu i podatke o korisni\u010dkoj slu\u017ebi. Potra\u017eite ljekarne za koje je potreban recept, jer to ukazuje na po\u0161tivanje medicinskih smjernica i sigurnosnih protokola.<\/p>\n<p>Recenzije kupaca i akreditacija ljekarne tako\u0111er su korisni pokazatelji pouzdanosti. Ljekarne koje su certificirale priznate farmaceutske organizacije ili upravlja\u010dka tijela obi\u010dno nude vi\u0161u razinu usluge i osiguranja kvalitete proizvoda. Odvajanje vremena za istra\u017eivanje ovih \u010dimbenika mo\u017ee za\u0161tititi od la\u017enih operatera.<\/p>\n<h2>Osiguravanje privatnosti i povjerljivosti u online kupnji<\/h2>\n<p>Privatnost i povjerljivost najva\u017eniji su pri online kupnji lijekova poput Kamagra Soft Tabs. Ugledne ljekarne imat \u0107e stroga pravila o privatnosti, osiguravaju\u0107i sigurno rukovanje osobnim podacima i podacima o pla\u0107anju. Tehnologije \u0161ifriranja, poput SSL certifikata, \u010desto se koriste za za\u0161titu podataka tijekom transakcija.<\/p>\n<p>Nadalje, neke ljekarne nude <a href=\"https:\/\/apotekadirekt.org\/kamagra-mekane-tablete-cijena-bez-recepta\">https:\/\/apotekadirekt.org\/kamagra-mekane-tablete-cijena-bez-recepta<\/a> diskretne mogu\u0107nosti pakiranja kako bi se zadr\u017eala privatnost sadr\u017eaja va\u0161e kupnje. Uvijek pregledajte pravila o privatnosti internetske ljekarne kako biste razumjeli kako \u0107e se va\u0161i podaci koristiti i pohranjivati, osiguravaju\u0107i da va\u0161i osobni podaci ostanu povjerljivi.<\/p>\n<h2>Sigurni na\u010dini pla\u0107anja za kupnju Kamagra Soft tableta<\/h2>\n<p>Sigurni na\u010dini pla\u0107anja klju\u010dni su kada kupujete Kamagra Soft Tabs online. Kreditne kartice i druge pouzdane usluge pla\u0107anja, kao \u0161to je PayPal, nude kupcu za\u0161titu koja mo\u017ee biti neprocjenjiva u slu\u010daju spora ili la\u017ene transakcije. Ove usluge \u010desto dopu\u0161taju povratne uplate, pru\u017eaju\u0107i dodatnu razinu sigurnosti.<\/p>\n<p>Preporu\u010dljivo je izbjegavati kori\u0161tenje metoda pla\u0107anja koje ne nude za\u0161titu potro\u0161a\u010da, poput bankovnih doznaka ili prepaid debitnih kartica. Osiguravanje da mre\u017ena ljekarna koristi siguran pristupnik za pla\u0107anje pomo\u0107i \u0107e u za\u0161titi va\u0161ih financijskih podataka tijekom transakcije.<\/p>\n<h2>Mogu\u0107nosti dostave za Kamagra Soft Tabs: \u0160to o\u010dekivati<\/h2>\n<p>Razumijevanje dostupnih opcija dostave za Kamagra Soft Tabs mo\u017ee pomo\u0107i u upravljanju o\u010dekivanjima u vezi s rokovima isporuke i tro\u0161kovima. Mnoge internetske ljekarne nude standardnu \u200b\u200bi ekspresnu dostavu, pri \u010demu potonja ima ve\u0107e naknade, ali omogu\u0107uje br\u017eu dostavu.<\/p>\n<p>Tako\u0111er je uobi\u010dajeno da ljekarne daju informacije o pra\u0107enju s po\u0161iljkama, \u0161to vam omogu\u0107uje pra\u0107enje napredovanja va\u0161e narud\u017ebe. Imajte na umu da se pravila dostave mogu razlikovati ovisno o zemlji podrijetla i odredi\u0161ta, utje\u010du\u0107i na vrijeme isporuke i potencijalnu carinsku obradu.<\/p>\n<h2>Usporedba cijena i ponuda za Kamagra Soft Tabs online<\/h2>\n<p>Usporedba cijena i ponuda za Kamagra Soft Tabs mo\u017ee dovesti do zna\u010dajnih u\u0161teda. Cijene se mogu jako razlikovati izme\u0111u razli\u010ditih mre\u017enih ljekarni i vrijedi istra\u017eiti nekoliko opcija kako biste prona\u0161li najbolju ponudu. Neke ljekarne nude popuste za masovnu kupnju ili promotivne ponude koje mogu smanjiti tro\u0161kove.<\/p>\n<p>Me\u0111utim, va\u017eno je ostati oprezan s cijenama koje se \u010dine previ\u0161e dobrima da bi bile istinite jer mogu ukazivati \u200b\u200bna krivotvorene proizvode. Uskla\u0111ivanje cijene s autenti\u010dno\u0161\u0107u i pouzdano\u0161\u0107u klju\u010dno je za osiguravanje sigurne i zadovoljavaju\u0107e kupnje.<\/p>\n<h2>Razumijevanje propisa o otpremi Kamagra Soft tableta<\/h2>\n<p>Propisi o otpremi lijekova kao \u0161to je Kamagra Soft Tabs mogu biti slo\u017eeni jer se uvelike razlikuju me\u0111u zemljama. Va\u017eno je biti svjestan propisa i u zemlji podrijetla i u zemlji odredi\u0161ta kako biste izbjegli mogu\u0107e pravne komplikacije ili carinska pitanja.<\/p>\n<p>Neke zemlje mogu nametnuti ograni\u010denja ili zahtijevati dodatnu dokumentaciju za uvoz lijekova. Razumijevanje ovih propisa pomo\u0107i \u0107e osigurati da va\u0161a po\u0161iljka bude uskla\u0111ena i smanjiti rizik od ka\u0161njenja ili zapljene.<\/p>\n<h2>Upravljanje rokovima isporuke i pra\u0107enje va\u0161e narud\u017ebe<\/h2>\n<p>U\u010dinkovito upravljanje rokovima isporuke osigurava neometano iskustvo kupnje Kamagra Soft Tabs. Odabir ekspresne dostave mo\u017ee zna\u010dajno skratiti vrijeme isporuke, ali tako\u0111er je va\u017eno uzeti u obzir mogu\u0107a ka\u0161njenja na carini ovisno o odredi\u0161tu.<\/p>\n<p>Mnoge internetske ljekarne daju brojeve za pra\u0107enje po\u0161iljki, omogu\u0107uju\u0107i kupcima da prate napredak svojih narud\u017ebi u stvarnom vremenu. To mo\u017ee pru\u017eiti mir i pomo\u0107i u predvi\u0111anju potencijalnih ka\u0161njenja, osiguravaju\u0107i da budete obavije\u0161teni u svakoj fazi procesa isporuke.<\/p>\n<h2>Rje\u0161avanje potencijalnih problema: Povrati i povrat novca<\/h2>\n<p>Suo\u010davanje s povratima i povratima bitan je aspekt online kupnje, osobito pri kupnji lijekova. Ugledne ljekarne imat \u0107e jasnu politiku povrata, dopu\u0161taju\u0107i kupcima da vrate proizvode koji su neispravni ili nisu kako je opisano. Klju\u010dno je razumjeti ova pravila prije kupnje kako biste bili sigurni da mo\u017eete tra\u017eiti povrat ako je potrebno.<\/p>\n<p>Ako je potreban povrat novca, brzo kontaktiranje korisni\u010dke slu\u017ebe mo\u017ee ubrzati proces. Vodite evidenciju svih transakcija i komunikacija kako biste olak\u0161ali glatko rje\u0161avanje problema u slu\u010daju bilo kakvih problema s va\u0161om narud\u017ebom.<\/p>\n<h2>Korisni\u010dka podr\u0161ka i pomo\u0107 za online kupnju<\/h2>\n<p>U\u010dinkovita korisni\u010dka podr\u0161ka mo\u017ee uvelike pobolj\u0161ati iskustvo online kupnje Kamagra Soft Tabs. Pouzdane online ljekarne nude vi\u0161estruke kanale podr\u0161ke, uklju\u010duju\u0107i e-po\u0161tu, telefon ili live chat, kako bi pomogli kupcima s njihovim upitima i nedoumicama.<\/p>\n<p>Prije kupnje procijenite dostupnost i odzivnost tima korisni\u010dke slu\u017ebe ljekarne. Brza i korisna podr\u0161ka mo\u017ee zna\u010dajno utjecati na rje\u0161avanje problema koji se mogu pojaviti, pru\u017eaju\u0107i sigurnost tijekom cijelog procesa kupnje.<\/p>\n<h2>Korisni\u010dke recenzije i izjave za Kamagra Soft Tabs Online<\/h2>\n<p>Recenzije i izjave korisnika mogu ponuditi vrijedan uvid u kvalitetu i u\u010dinkovitost Kamagra Soft Tabs. Recenzije \u010desto isti\u010du korisni\u010dka iskustva, uklju\u010duju\u0107i u\u010dinkovitost lijeka, vrijeme isporuke i interakcije s korisni\u010dkom slu\u017ebom. Ova izvje\u0161\u0107a iz prve ruke mogu voditi potencijalne kupce u dono\u0161enju informiranih odluka.<\/p>\n<p>Me\u0111utim, va\u017eno je kriti\u010dki procijeniti recenzije, prepoznaju\u0107i da neke mogu biti pristrane ili izmi\u0161ljene. Uskla\u0111ivanje pozitivnih i negativnih recenzija mo\u017ee pru\u017eiti zaokru\u017eenu perspektivu o proizvodu i ljekarni koja ga nudi.<\/p>\n<h2>Alternative Kamagra Soft Tabs: istra\u017eivanje drugih opcija<\/h2>\n<p>Iako su Kamagra Soft tablete popularan izbor za lije\u010denje erektilne disfunkcije, dostupni su alternativni lijekovi. Viagra, Cialis i Levitra su me\u0111u najpoznatijim alternativama, svaka sa svojom jedinstvenom formulacijom i trajanjem djelovanja. Ovi lijekovi mogu biti prikladniji za neke pojedince, ovisno o njihovim specifi\u010dnim potrebama i povijesti bolesti.<\/p>\n<p>Savjetovanje sa zdravstvenim radnikom mo\u017ee pomo\u0107i u odre\u0111ivanju najprikladnije opcije lije\u010denja. Osim toga, istra\u017eivanje generi\u010dkih verzija ovih lijekova mo\u017ee ponuditi isplative alternative uz zadr\u017eavanje sli\u010dne u\u010dinkovitosti.<\/p>\n<h2>Budu\u0107i trendovi u online kupnji lijekova<\/h2>\n<p>Budu\u0107nost online kupnje lijekova vjerojatno \u0107e biti oblikovana napretkom digitalne tehnologije i razvojem o\u010dekivanja potro\u0161a\u010da. Pove\u0107ana uporaba telemedicine i internetskih konzultacija mo\u017ee pojednostaviti proces dobivanja recepata i kupnje lijekova putem interneta.<\/p>\n<p>Nadalje, razvoj umjetne inteligencije i strojnog u\u010denja mogao bi pobolj\u0161ati personaliziranu medicinu, nude\u0107i prilago\u0111ene opcije lije\u010denja na temelju podataka o zdravstvenom stanju pojedinca. Kako potra\u017enja potro\u0161a\u010da za prakti\u010dno\u0161\u0107u i privatno\u0161\u0107u u zdravstvu nastavlja rasti, farmaceutska industrija na mre\u017ei spremna je za zna\u010dajnu transformaciju.<\/p>\n","protected":false},"excerpt":{"rendered":"<p>Kupnja Kamagra Soft Tabs online: \u010dekovi, privatnost i otprema Navigacija pri online kupnji Kamagra Soft Tabs zahtijeva pa\u017eljivo razmatranje pravnih \u010dimbenika, \u010dimbenika autenti\u010dnosti i privatnosti, zajedno s jasnim razumijevanjem mogu\u0107nosti dostave i pla\u0107anja. Razumijevanje Kamagra Soft tableta: upotreba i dobrobiti Kamagra Soft tablete popularan su alternativni tretman za erektilnu disfunkciju, poznat po jednostavnoj uporabi i [&hellip;]<\/p>\n","protected":false},"author":1,"featured_media":0,"parent":0,"menu_order":0,"comment_status":"closed","ping_status":"closed","template":"","meta":{"footnotes":""},"class_list":["post-32618","page","type-page","status-publish","hentry"],"_links":{"self":[{"href":"https:\/\/mydainikkhabar.com\/index.php?rest_route=\/wp\/v2\/pages\/32618","targetHints":{"allow":["GET"]}}],"collection":[{"href":"https:\/\/mydainikkhabar.com\/index.php?rest_route=\/wp\/v2\/pages"}],"about":[{"href":"https:\/\/mydainikkhabar.com\/index.php?rest_route=\/wp\/v2\/types\/page"}],"author":[{"embeddable":true,"href":"https:\/\/mydainikkhabar.com\/index.php?rest_route=\/wp\/v2\/users\/1"}],"replies":[{"embeddable":true,"href":"https:\/\/mydainikkhabar.com\/index.php?rest_route=%2Fwp%2Fv2%2Fcomments&post=32618"}],"version-history":[{"count":1,"href":"https:\/\/mydainikkhabar.com\/index.php?rest_route=\/wp\/v2\/pages\/32618\/revisions"}],"predecessor-version":[{"id":32621,"href":"https:\/\/mydainikkhabar.com\/index.php?rest_route=\/wp\/v2\/pages\/32618\/revisions\/32621"}],"wp:attachment":[{"href":"https:\/\/mydainikkhabar.com\/index.php?rest_route=%2Fwp%2Fv2%2Fmedia&parent=32618"}],"curies":[{"name":"wp","href":"https:\/\/api.w.org\/{rel}","templated":true}]}}