{"id":32595,"date":"2026-03-25T01:02:39","date_gmt":"2026-03-25T01:02:39","guid":{"rendered":"https:\/\/mydainikkhabar.com\/?page_id=32595"},"modified":"2026-03-25T01:02:39","modified_gmt":"2026-03-25T01:02:39","slug":"erektile-dysfunktion-und-ihre-ursachen-verstehen","status":"publish","type":"page","link":"https:\/\/mydainikkhabar.com\/?page_id=32595","title":{"rendered":"Erektile Dysfunktion und ihre Ursachen verstehen"},"content":{"rendered":"<h1>ED und chronische Krankheiten: Diabetes, Bluthochdruck, Fettleibigkeit \u2013 ein Einkaufsratgeber f\u00fcr 2025<\/h1>\n<p>Das Verst\u00e4ndnis und die Behandlung der erektilen Dysfunktion (ED) im Zusammenhang mit chronischen Krankheiten wie Diabetes, Bluthochdruck und Fettleibigkeit erfordert einen vielschichtigen Ansatz, der \u00c4nderungen des Lebensstils, medizinische Behandlungen und innovative Technologien umfasst.<\/p>\n<h2>Erektile Dysfunktion und ihre Ursachen verstehen<\/h2>\n<p>Erektile Dysfunktion (ED) ist eine h\u00e4ufige Erkrankung, von der Millionen M\u00e4nner weltweit betroffen sind. Sie ist durch die Unf\u00e4higkeit gekennzeichnet, eine f\u00fcr eine zufriedenstellende sexuelle Leistungsf\u00e4higkeit ausreichende Erektion zu erreichen oder aufrechtzuerhalten. W\u00e4hrend aufgrund von Stress oder M\u00fcdigkeit gelegentlich Erektionsschwierigkeiten auftreten k\u00f6nnen, k\u00f6nnen anhaltende Probleme auf zugrunde liegende Gesundheitsprobleme hinweisen.<\/p>\n<p>Die Ursachen f\u00fcr ED sind vielf\u00e4ltig und umfassen sowohl physische als auch psychische Faktoren. Zu den k\u00f6rperlichen Ursachen z\u00e4hlen Herz-Kreislauf-Erkrankungen, Diabetes, hormonelle Ungleichgewichte und neurologische St\u00f6rungen. Auch psychische Faktoren wie Angstzust\u00e4nde, Depressionen und Stress k\u00f6nnen eine erhebliche Rolle spielen. Das Verst\u00e4ndnis der Grundursache von ED ist f\u00fcr eine wirksame Behandlung und Behandlung von entscheidender Bedeutung.<\/p>\n<h2>Der Einfluss von Diabetes auf die erektile Funktion<\/h2>\n<p>Diabetes ist eine der bedeutendsten chronischen Erkrankungen im Zusammenhang mit ED. Bei M\u00e4nnern mit Diabetes ist die Wahrscheinlichkeit einer erektilen Dysfunktion zwei- bis dreimal h\u00f6her als bei M\u00e4nnern ohne diese Erkrankung. Dies ist gr\u00f6\u00dftenteils auf die Sch\u00e4den zur\u00fcckzuf\u00fchren, die ein hoher Blutzuckerspiegel an Blutgef\u00e4\u00dfen und Nerven verursachen kann, die f\u00fcr die Aufrechterhaltung einer Erektion unerl\u00e4sslich sind.<\/p>\n<p>Chronische Hyperglyk\u00e4mie kann zu Arteriosklerose f\u00fchren, bei der sich die Blutgef\u00e4\u00dfe verengen oder verstopfen. Dies verringert die Durchblutung des Penis und erschwert das Erreichen einer Erektion. Dar\u00fcber hinaus kann eine diabetische Neuropathie oder eine durch Diabetes verursachte Nervensch\u00e4digung die Signale zwischen Gehirn und Penis beeintr\u00e4chtigen und die Erektionsf\u00e4higkeit weiter erschweren.<\/p>\n<h2>Behandlung von Bluthochdruck zur Verbesserung der ED<\/h2>\n<p>Hoher Blutdruck oder Bluthochdruck ist eine weitere weit verbreitete chronische Erkrankung, die ED verschlimmern kann. Bluthochdruck f\u00fchrt dazu, dass sich die Blutgef\u00e4\u00dfe verh\u00e4rten und verengen, wodurch die Durchblutung des gesamten K\u00f6rpers, einschlie\u00dflich des Penis, eingeschr\u00e4nkt wird. Daher f\u00e4llt es M\u00e4nnern mit hohem Blutdruck oft schwer, eine Erektion aufrechtzuerhalten.<\/p>\n<p>Die Behandlung von Bluthochdruck durch \u00c4nderungen des Lebensstils und Medikamente k\u00f6nnen die ED-Symptome deutlich verbessern. Regelm\u00e4\u00dfige Bewegung, gesunde Ern\u00e4hrung und Techniken zur Stressreduzierung k\u00f6nnen zur Senkung des Blutdrucks beitragen. In einigen F\u00e4llen k\u00f6nnen \u00c4rzte blutdrucksenkende Medikamente verschreiben, die nur minimale Auswirkungen auf die Erektionsf\u00e4higkeit haben.<\/p>\n<h2>Die Rolle von Fettleibigkeit bei erektiler Dysfunktion<\/h2>\n<p>Fettleibigkeit ist ein Hauptrisikofaktor f\u00fcr eine Reihe von Gesundheitsproblemen, einschlie\u00dflich ED. \u00dcberm\u00e4\u00dfiges K\u00f6rpergewicht, insbesondere im Bauchbereich, geht mit einem verminderten Testosteronspiegel einher, was zu verminderter Libido und Erektionsschwierigkeiten f\u00fchren kann. Dar\u00fcber hinaus tr\u00e4gt Fettleibigkeit h\u00e4ufig zur Entwicklung anderer Erkrankungen wie Diabetes und Bluthochdruck bei, die wiederum die Erektionsf\u00e4higkeit beeintr\u00e4chtigen.<\/p>\n<p>Untersuchungen zeigen, dass eine Gewichtsabnahme die Erektionsf\u00e4higkeit bei \u00fcbergewichtigen M\u00e4nnern deutlich verbessern kann. Durch ges\u00fcndere Essgewohnheiten und mehr k\u00f6rperliche Aktivit\u00e4t k\u00f6nnen Menschen ihr K\u00f6rpergewicht reduzieren, die Herz-Kreislauf-Gesundheit verbessern und ihre allgemeine Lebensqualit\u00e4t, einschlie\u00dflich der sexuellen Gesundheit, verbessern.<\/p>\n<h2>\u00c4nderungen des Lebensstils zur Bek\u00e4mpfung von ED und chronischen Krankheiten<\/h2>\n<p>Die Umsetzung von \u00c4nderungen des Lebensstils ist ein grundlegender Schritt im Kampf gegen ED und die damit verbundenen chronischen Krankheiten. Regelm\u00e4\u00dfige k\u00f6rperliche Aktivit\u00e4t ist unerl\u00e4sslich, da sie die Herz-Kreislauf-Gesundheit verbessert, den Testosteronspiegel steigert und die Stimmung verbessert. Besonders vorteilhaft k\u00f6nnen sowohl Aerobic- als auch Krafttrainings\u00fcbungen sein.<\/p>\n<p>Dar\u00fcber hinaus k\u00f6nnen sich die Raucherentw\u00f6hnung <a href=\"https:\/\/gesunddirekt24.de\/\">Gesund Direkt<\/a> und die M\u00e4\u00dfigung des Alkoholkonsums positiv auf die Erektionsf\u00e4higkeit auswirken. Rauchen sch\u00e4digt die Blutgef\u00e4\u00dfe, w\u00e4hrend \u00fcberm\u00e4\u00dfiger Alkoholkonsum den Testosteronspiegel senken und die sexuelle Leistungsf\u00e4higkeit beeintr\u00e4chtigen kann. Ein Engagement f\u00fcr einen ges\u00fcnderen Lebensstil kann zu erheblichen Verbesserungen sowohl der allgemeinen Gesundheit als auch der Erektionsf\u00e4higkeit f\u00fchren.<\/p>\n<h2>Medizinische Behandlungen f\u00fcr ED bei Diabetikern<\/h2>\n<p>F\u00fcr Diabetiker ist die Kontrolle des Blutzuckerspiegels von entscheidender Bedeutung, um ED zu bek\u00e4mpfen. Wenn \u00c4nderungen des Lebensstils jedoch nicht ausreichen, k\u00f6nnen medizinische Behandlungen erforderlich sein. Orale Medikamente wie Phosphodiesterase-Typ-5-Hemmer (PDE5-Hemmer) werden h\u00e4ufig verschrieben und haben sich bei der Verbesserung der Erektionsf\u00e4higkeit bei Diabetikern als wirksam erwiesen.<\/p>\n<p>In F\u00e4llen, in denen PDE5-Hemmer unwirksam sind, k\u00f6nnen alternative Behandlungen wie Penisinjektionen, Vakuum-Erektionsger\u00e4te oder Penisimplantate untersucht werden. F\u00fcr Diabetiker ist es wichtig, eng mit ihren Gesundheitsdienstleistern zusammenzuarbeiten, um die am besten geeignete Behandlungsoption basierend auf ihrem spezifischen Gesundheitsprofil und ihren Bed\u00fcrfnissen zu ermitteln.<\/p>\n<h2>Effektive ED-L\u00f6sungen f\u00fcr Menschen mit hohem Blutdruck<\/h2>\n<p>F\u00fcr Personen mit hohem Blutdruck ist die Auswahl der richtigen ED-Behandlung von entscheidender Bedeutung, um unerw\u00fcnschte Wechselwirkungen mit blutdrucksenkenden Medikamenten zu vermeiden. PDE5-Hemmer k\u00f6nnen bei Bluthochdruckpatienten oft sicher eingesetzt werden, sofern sie keine Nitrate einnehmen, die zu gef\u00e4hrlichen Blutdruckabf\u00e4llen f\u00fchren k\u00f6nnen.<\/p>\n<p>Auch nicht-pharmakologische Behandlungen wie \u00c4nderungen des Lebensstils und psychologische Beratung k\u00f6nnen bei der Behandlung von ED bei Bluthochdruckpatienten wirksam sein. Diese Ans\u00e4tze k\u00f6nnen sich auf die Reduzierung von Stress, die Verbesserung der Kommunikation zwischen Partnern und die Behandlung aller zugrunde liegenden psychischen Gesundheitsprobleme konzentrieren, die zur Erkrankung beitragen.<\/p>\n<h2>Gewichtsmanagementstrategien zur Linderung von ED<\/h2>\n<p>Gewichtsmanagement ist ein wirksames Instrument zur Linderung von ED, insbesondere bei \u00fcbergewichtigen oder fettleibigen Menschen. Eine Kombination aus Ern\u00e4hrungsumstellung, regelm\u00e4\u00dfiger k\u00f6rperlicher Aktivit\u00e4t und Verhaltenstherapie kann dabei helfen, ein ges\u00fcnderes Gewicht zu erreichen und zu halten und so die Erektionsf\u00e4higkeit zu verbessern.<\/p>\n<p>Eine ausgewogene Ern\u00e4hrung mit viel Obst, Gem\u00fcse, Vollkornprodukten und magerem Eiwei\u00df unterst\u00fctzt die Gewichtsabnahme und verbessert die Herz-Kreislauf-Gesundheit. Regelm\u00e4\u00dfige k\u00f6rperliche Aktivit\u00e4ten wie Gehen, Schwimmen oder Radfahren unterst\u00fctzen nicht nur die Gewichtsabnahme, sondern verbessern auch die Durchblutung und steigern das allgemeine Energieniveau.<\/p>\n<h2>Die Rolle von Di\u00e4t und Ern\u00e4hrung bei der Behandlung von ED<\/h2>\n<p>Di\u00e4t und Ern\u00e4hrung spielen eine wesentliche Rolle bei der Behandlung von ED und der F\u00f6rderung der allgemeinen Gesundheit. Bestimmte N\u00e4hrstoffe und Lebensmittel unterst\u00fctzen nachweislich die Erektionsfunktion, darunter solche, die reich an Antioxidantien, Omega-3-Fetts\u00e4uren und L-Arginin sind. Diese N\u00e4hrstoffe verbessern die Durchblutung und unterst\u00fctzen eine gesunde Funktion der Blutgef\u00e4\u00dfe.<\/p>\n<p>Eine mediterrane Ern\u00e4hrung, bei der der Verzehr von Obst, Gem\u00fcse, Vollkornprodukten und gesunden Fetten im Vordergrund steht, wird mit einer verbesserten Erektionsf\u00e4higkeit in Verbindung gebracht. Dar\u00fcber hinaus kann die Reduzierung der Aufnahme von verarbeiteten Lebensmitteln, Zucker und ungesunden Fetten die Risikofaktoren verringern, die mit chronischen Krankheiten verbunden sind, die zu ED beitragen.<\/p>\n<h2>Psychologische Faktoren und ihr Einfluss auf ED<\/h2>\n<p>Psychologische Faktoren k\u00f6nnen ED erheblich beeinflussen, wobei Angstzust\u00e4nde, Depressionen und Stress h\u00e4ufig dazu beitragen. Leistungsangst kann zu einem Teufelskreis anhaltender Erektionsschwierigkeiten f\u00fchren, da Versagens\u00e4ngste das Problem verschlimmern.<\/p>\n<p>Therapie und Beratung k\u00f6nnen bei der Behandlung der psychologischen Komponenten der ED wirksam sein. Insbesondere die kognitive Verhaltenstherapie (CBT) hilft nachweislich dabei, negative Gedankenmuster neu zu definieren und \u00c4ngste abzubauen. Eine Paartherapie kann auch bei der Verbesserung der Kommunikations- und Beziehungsdynamik hilfreich sein, die zu sexuellen Funktionsst\u00f6rungen beitr\u00e4gt.<\/p>\n<h2>Innovative Technologien und Behandlungen f\u00fcr ED bis 2025<\/h2>\n<p>Bis 2025 werden Fortschritte in Technologie und medizinischen Behandlungen voraussichtlich neue L\u00f6sungen f\u00fcr ED bieten. Entwicklungen in der regenerativen Medizin, wie etwa die Stammzelltherapie, versprechen vielversprechende Ergebnisse bei der Wiederherstellung der Erektionsf\u00e4higkeit durch die Reparatur besch\u00e4digter Gewebe und Nerven.<\/p>\n<p>Dar\u00fcber hinaus wird weiterhin an neuen Medikamenten und Behandlungsmodalit\u00e4ten geforscht, mit dem Ziel, wirksamere und personalisiertere L\u00f6sungen f\u00fcr ED bereitzustellen. Tragbare Ger\u00e4te und digitale Gesundheitsplattformen k\u00f6nnen ebenfalls eine Rolle bei der \u00dcberwachung der erektilen Gesundheit und der Bereitstellung von Echtzeit-Feedback und Interventionen spielen.<\/p>\n<h2>Vorbeugende Ma\u00dfnahmen zur Reduzierung des ED-Risikos<\/h2>\n<p>Vorbeugende Ma\u00dfnahmen sind unerl\u00e4sslich, um das Risiko einer ED zu verringern, insbesondere bei Personen mit chronischen Erkrankungen. Regelm\u00e4\u00dfige k\u00f6rperliche Aktivit\u00e4t, gesunde Ern\u00e4hrung und Stressbew\u00e4ltigung sind Schl\u00fcsselfaktoren zur Vorbeugung einer erektilen Dysfunktion.<\/p>\n<p>Regelm\u00e4\u00dfige Gesundheitsuntersuchungen und Vorsorgeuntersuchungen k\u00f6nnen dabei helfen, Risikofaktoren fr\u00fchzeitig zu erkennen und zu bek\u00e4mpfen. Die Aus\u00fcbung einer gesunden Lebensweise verringert nicht nur das Risiko einer erektilen Dysfunktion, sondern verbessert auch die allgemeine Gesundheit und das Wohlbefinden und tr\u00e4gt so zu einer besseren Lebensqualit\u00e4t bei.<\/p>\n<h2>Die Bedeutung regelm\u00e4\u00dfiger Gesundheitsuntersuchungen<\/h2>\n<p>Regelm\u00e4\u00dfige Vorsorgeuntersuchungen sind f\u00fcr die Fr\u00fcherkennung und Behandlung von Erkrankungen, die zur ED f\u00fchren k\u00f6nnen, von entscheidender Bedeutung. Routineuntersuchungen k\u00f6nnen dabei helfen, den Blutdruck, den Cholesterinspiegel und den Blutzuckerspiegel zu \u00fcberwachen und bei Bedarf rechtzeitige Eingriffe zu erm\u00f6glichen.<\/p>\n<p>Untersuchungen auf Herz-Kreislauf-Gesundheit, Diabetes und hormonelle Ungleichgewichte sind besonders wichtig f\u00fcr M\u00e4nner mit einem ED-Risiko. Durch die fr\u00fchzeitige Erkennung und Behandlung dieser Probleme k\u00f6nnen Einzelpersonen proaktive Ma\u00dfnahmen ergreifen, um ihre Gesundheit zu verbessern und die Wahrscheinlichkeit einer erektilen Dysfunktion zu verringern.<\/p>\n<h2>Navigieren zu den Gesundheitsoptionen f\u00fcr ED und chronische Erkrankungen<\/h2>\n<p>Das Navigieren zu Gesundheitsoptionen f\u00fcr ED und chronische Erkrankungen kann komplex sein und erfordert einen umfassenden Ansatz, an dem mehrere Gesundheitsdienstleister beteiligt sind. Patienten m\u00fcssen m\u00f6glicherweise mit Allgemeinmedizinern, Endokrinologen, Kardiologen und Urologen zusammenarbeiten, um verschiedene Aspekte ihrer Gesundheit zu behandeln.<\/p>\n<p>Das Verst\u00e4ndnis des Versicherungsschutzes und der verf\u00fcgbaren Behandlungsm\u00f6glichkeiten ist ein wichtiger Schritt bei der effektiven Verwaltung der Gesundheitsversorgung. Patienten sollten sich in der Lage f\u00fchlen, Fragen zu stellen und eine Zweitmeinung einzuholen, um sicherzustellen, dass sie die bestm\u00f6gliche, auf ihre individuellen Bed\u00fcrfnisse zugeschnittene Versorgung erhalten.<\/p>\n<h2>Ein umfassender Leitfaden zu ED-Medikamenten und -Therapien<\/h2>\n<p>Ein umfassendes Verst\u00e4ndnis der ED-Medikamente und -Therapien ist f\u00fcr Personen, die eine Behandlung suchen, von entscheidender Bedeutung. PDE5-Hemmer wie Sildenafil und Tadalafil werden h\u00e4ufig verschrieben und haben sich nachweislich bei der Verbesserung der erektilen Funktion bew\u00e4hrt.<\/p>\n<p>F\u00fcr diejenigen, die nicht auf orale Medikamente ansprechen, bieten Alternativen wie Penisinjektionen, Vakuum-Erektionsger\u00e4te und Penisimplantate praktikable Optionen. Jede Behandlung hat ihre eigenen Vorteile und \u00dcberlegungen, und Patienten sollten eng mit ihren Gesundheitsdienstleistern zusammenarbeiten, um die am besten geeignete Vorgehensweise basierend auf ihrem spezifischen Zustand und ihren Vorlieben zu bestimmen.<\/p>\n","protected":false},"excerpt":{"rendered":"<p>ED und chronische Krankheiten: Diabetes, Bluthochdruck, Fettleibigkeit \u2013 ein Einkaufsratgeber f\u00fcr 2025 Das Verst\u00e4ndnis und die Behandlung der erektilen Dysfunktion (ED) im Zusammenhang mit chronischen Krankheiten wie Diabetes, Bluthochdruck und Fettleibigkeit erfordert einen vielschichtigen Ansatz, der \u00c4nderungen des Lebensstils, medizinische Behandlungen und innovative Technologien umfasst. Erektile Dysfunktion und ihre Ursachen verstehen Erektile Dysfunktion (ED) ist [&hellip;]<\/p>\n","protected":false},"author":1,"featured_media":0,"parent":0,"menu_order":0,"comment_status":"closed","ping_status":"closed","template":"","meta":{"footnotes":""},"class_list":["post-32595","page","type-page","status-publish","hentry"],"_links":{"self":[{"href":"https:\/\/mydainikkhabar.com\/index.php?rest_route=\/wp\/v2\/pages\/32595","targetHints":{"allow":["GET"]}}],"collection":[{"href":"https:\/\/mydainikkhabar.com\/index.php?rest_route=\/wp\/v2\/pages"}],"about":[{"href":"https:\/\/mydainikkhabar.com\/index.php?rest_route=\/wp\/v2\/types\/page"}],"author":[{"embeddable":true,"href":"https:\/\/mydainikkhabar.com\/index.php?rest_route=\/wp\/v2\/users\/1"}],"replies":[{"embeddable":true,"href":"https:\/\/mydainikkhabar.com\/index.php?rest_route=%2Fwp%2Fv2%2Fcomments&post=32595"}],"version-history":[{"count":1,"href":"https:\/\/mydainikkhabar.com\/index.php?rest_route=\/wp\/v2\/pages\/32595\/revisions"}],"predecessor-version":[{"id":32597,"href":"https:\/\/mydainikkhabar.com\/index.php?rest_route=\/wp\/v2\/pages\/32595\/revisions\/32597"}],"wp:attachment":[{"href":"https:\/\/mydainikkhabar.com\/index.php?rest_route=%2Fwp%2Fv2%2Fmedia&parent=32595"}],"curies":[{"name":"wp","href":"https:\/\/api.w.org\/{rel}","templated":true}]}}