{"id":32580,"date":"2026-03-25T00:59:24","date_gmt":"2026-03-25T00:59:24","guid":{"rendered":"https:\/\/mydainikkhabar.com\/?page_id=32580"},"modified":"2026-03-25T00:59:24","modified_gmt":"2026-03-25T00:59:24","slug":"zrozumienie-lekow-na-zaburzenia-erekcji-i-ich-skutkow","status":"publish","type":"page","link":"https:\/\/mydainikkhabar.com\/?page_id=32580","title":{"rendered":"Zrozumienie lek\u00f3w na zaburzenia erekcji i ich skutk\u00f3w"},"content":{"rendered":"<h1>Leki podr\u00f3\u017cne i na zaburzenia erekcji: latanie z tabletami, przechowywanie i strefy czasowe: ramy czasowe i oczekiwane wyniki<\/h1>\n<p>Poruszanie si\u0119 po zawi\u0142o\u015bciach zwi\u0105zanych z podr\u00f3\u017cowaniem z lekami na zaburzenia erekcji (ED) obejmuje zrozumienie ich stosowania, uwarunkowa\u0144 prawnych i zarz\u0105dzanie dawkami w r\u00f3\u017cnych strefach czasowych, aby zapewni\u0107 skuteczno\u015b\u0107.<\/p>\n<h2>Zrozumienie lek\u00f3w na zaburzenia erekcji i ich skutk\u00f3w<\/h2>\n<p>Leki na zaburzenia erekcji, takie jak sildenafil (Viagra), tadalafil (Cialis) i wardenafil (Levitra), s\u0105 szeroko stosowane w leczeniu zaburze\u0144 erekcji poprzez zwi\u0119kszenie przep\u0142ywu krwi do pr\u0105cia. Leki te s\u0105 zwykle przyjmowane przed aktywno\u015bci\u0105 seksualn\u0105 i mog\u0105 dzia\u0142a\u0107 przez kilka godzin. Zrozumienie mechanizmu ich dzia\u0142ania ma kluczowe znaczenie dla przewidywania, w jaki spos\u00f3b b\u0119d\u0105 oddzia\u0142ywa\u0107 na harmonogramy podr\u00f3\u017cy i inne przyjmowane leki.<\/p>\n<p>Ka\u017cdy lek na zaburzenia erekcji ma unikalny pocz\u0105tek i czas dzia\u0142ania. Na przyk\u0142ad syldenafil i wardenafil zwykle zaczynaj\u0105 dzia\u0142a\u0107 w ci\u0105gu 30 do 60 minut i utrzymuj\u0105 si\u0119 przez oko\u0142o cztery do pi\u0119ciu godzin, podczas gdy tadalafil mo\u017ce dzia\u0142a\u0107 nieco d\u0142u\u017cej, ale pozostaje skuteczny a\u017c do 36 godzin. Ta rozbie\u017cno\u015b\u0107 okre\u015bla, w jaki spos\u00f3b planuje si\u0119 z nich korzysta\u0107, dostosowuj\u0105c si\u0119 do harmonogram\u00f3w podr\u00f3\u017cy i zmian stref czasowych.<\/p>\n<h2>Wzgl\u0119dy prawne dotycz\u0105ce podr\u00f3\u017cowania z lekami na zaburzenia erekcji<\/h2>\n<p>Podczas podr\u00f3\u017cy mi\u0119dzynarodowych wa\u017cne jest zrozumienie prawnych konsekwencji noszenia lek\u00f3w na zaburzenia erekcji. W r\u00f3\u017cnych krajach obowi\u0105zuj\u0105 r\u00f3\u017cne przepisy dotycz\u0105ce lek\u00f3w na recept\u0119. W niekt\u00f3rych krajach mo\u017ce by\u0107 wymagana recepta do\u0142\u0105czona do lek\u00f3w, podczas gdy inne mog\u0105 nak\u0142ada\u0107 ograniczenia lub zakazy na niekt\u00f3re substancje.<\/p>\n<p>Aby unikn\u0105\u0107 problem\u00f3w prawnych, podr\u00f3\u017cuj\u0105cy powinni mie\u0107 przy sobie kopi\u0119 recepty i za\u015bwiadczenie lekarskie wyja\u015bniaj\u0105ce konieczno\u015b\u0107 stosowania leku. Dokumentacja ta mo\u017ce by\u0107 kluczowa w przypadku spotkania z urz\u0119dnikami celnymi lub imigracyjnymi, kt\u00f3rzy mog\u0105 kwestionowa\u0107 obecno\u015b\u0107 tych lek\u00f3w w Twoim baga\u017cu.<\/p>\n<h2>Pakowanie lek\u00f3w na zaburzenia erekcji na podr\u00f3\u017c samolotem<\/h2>\n<p>Pakowanie lek\u00f3w na zaburzenia erekcji do podr\u00f3\u017cy lotniczej wymaga starannego rozwa\u017cenia, aby zapewni\u0107 ich \u0142atwy dost\u0119p i ochron\u0119 przed uszkodzeniem. Zaleca si\u0119 przechowywanie lek\u00f3w w oryginalnych opakowaniach, w kt\u00f3rych znajduj\u0105 si\u0119 wa\u017cne informacje, takie jak instrukcja dawkowania i data wa\u017cno\u015bci.<\/p>\n<p>Przechowuj leki w baga\u017cu podr\u0119cznym, aby zapobiec utracie lub uszkodzeniu w przypadku op\u00f3\u017anienia baga\u017cu rejestrowanego. Dodatkowo zapakuj niewielki zapas do r\u00f3\u017cnych torebek, aby zabezpieczy\u0107 si\u0119 przed mo\u017cliwo\u015bci\u0105 zgubienia lub kradzie\u017cy.<\/p>\n<h2>Nawigacja po zabezpieczeniu lotniska za pomoc\u0105 tablet\u00f3w ED<\/h2>\n<p>Kontrole bezpiecze\u0144stwa na lotniskach mog\u0105 by\u0107 \u017ar\u00f3d\u0142em niepokoju dla podr\u00f3\u017cnych przewo\u017c\u0105cych leki. Aby sprawnie przej\u015b\u0107 te kontrole, przed kontrol\u0105 przesiewow\u0105 poinformuj personel ochrony o przyjmowanych lekach. Przedstawienie ich w oryginalnym opakowaniu wraz z recept\u0105 mo\u017ce przyspieszy\u0107 proces.<\/p>\n<p>Cho\u0107 wi\u0119kszo\u015b\u0107 lotnisk jest przyzwyczajona do podawania lek\u00f3w, szczero\u015b\u0107 mo\u017ce zapobiec nieporozumieniom. Aby zapewni\u0107 zgodno\u015b\u0107, warto r\u00f3wnie\u017c zapozna\u0107 si\u0119 ze szczeg\u00f3\u0142owymi wytycznymi lotniska dotycz\u0105cymi transportu lek\u00f3w na recept\u0119.<\/p>\n<h2>Najlepsze praktyki dotycz\u0105ce przechowywania lek\u00f3w na zaburzenia erekcji podczas podr\u00f3\u017cy<\/h2>\n<p>Utrzymanie skuteczno\u015bci lek\u00f3w na zaburzenia erekcji podczas podr\u00f3\u017cy wymaga przechowywania ich w odpowiednich warunkach. Leki te nale\u017cy przechowywa\u0107 w ch\u0142odnym, suchym miejscu, z dala od bezpo\u015bredniego \u015bwiat\u0142a s\u0142onecznego i wilgoci, poniewa\u017c nadmierne ciep\u0142o lub wilgo\u0107 mog\u0105 obni\u017cy\u0107 ich skuteczno\u015b\u0107.<\/p>\n<p>Je\u015bli podr\u00f3\u017cujesz do miejsca <a href=\"https:\/\/apteka-online-24.pl\/\">https:\/\/apteka-online-24.pl\/<\/a> o gor\u0105cym klimacie, rozwa\u017c u\u017cycie izolowanej torby lub przeno\u015bnej lod\u00f3wki do przechowywania lek\u00f3w. Pami\u0119taj o regularnym sprawdzaniu wygl\u0105du leku; wszelkie zmiany koloru lub tekstury mog\u0105 wskazywa\u0107 na naruszenie.<\/p>\n<h2>Zarz\u0105dzanie harmonogramami dawkowania w r\u00f3\u017cnych strefach czasowych<\/h2>\n<p>Dostosowanie schemat\u00f3w dawkowania podczas przekraczania stref czasowych mo\u017ce stanowi\u0107 wyzwanie. Aby mie\u0107 pewno\u015b\u0107, \u017ce lek b\u0119dzie skuteczny, konieczne jest przestrzeganie sp\u00f3jnej rutyny. We\u017a pod uwag\u0119 now\u0105 stref\u0119 czasow\u0105 i odpowiednio zaplanuj dawkowanie, dopasowuj\u0105c je jak najbli\u017cej swojego zwyk\u0142ego harmonogramu.<\/p>\n<p>Konsultacja z lekarzem przed podr\u00f3\u017c\u0105 mo\u017ce dostarczy\u0107 wskaz\u00f3wek dotycz\u0105cych dostosowania schematu leczenia. Mog\u0105 oni udzieli\u0107 konkretnych porad dotycz\u0105cych p\u0142ynnej zmiany schematu dawkowania, minimalizuj\u0105c ryzyko zmniejszonej skuteczno\u015bci lub wyst\u0105pienia dzia\u0142a\u0144 niepo\u017c\u0105danych.<\/p>\n<h2>Jak utrzyma\u0107 skuteczno\u015b\u0107 leku podczas podr\u00f3\u017cy<\/h2>\n<p>Aby mie\u0107 pewno\u015b\u0107, \u017ce leki na zaburzenia erekcji pozostan\u0105 skuteczne, nale\u017cy \u015bci\u015ble przestrzega\u0107 wytycznych dotycz\u0105cych przechowywania i harmonogram\u00f3w dawkowania. Unikaj nara\u017cania leku na dzia\u0142anie ekstremalnych temperatur i przyjmuj dawki w zalecanych odst\u0119pach czasu.<\/p>\n<p>Ponadto utrzymywanie zdrowego stylu \u017cycia podczas podr\u00f3\u017cy \u2013 takie jak picie wody, spo\u017cywanie po\u017cywnych posi\u0142k\u00f3w i radzenie sobie ze stresem \u2013 mo\u017ce wspiera\u0107 og\u00f3ln\u0105 skuteczno\u015b\u0107 leku. Unikaj nadmiernego spo\u017cycia alkoholu, gdy\u017c mo\u017ce to os\u0142abi\u0107 dzia\u0142anie leku.<\/p>\n<h2>Radzenie sobie z op\u00f3\u017anieniami i pomini\u0119tymi dawkami<\/h2>\n<p>Op\u00f3\u017anienia w podr\u00f3\u017cy mog\u0105 zak\u0142\u00f3ci\u0107 harmonogram przyjmowania lek\u00f3w, potencjalnie wp\u0142ywaj\u0105c na skuteczno\u015b\u0107 lek\u00f3w na zaburzenia erekcji. W przypadku pomini\u0119cia dawki, nale\u017cy j\u0105 przyj\u0105\u0107 tak szybko, jak tylko sobie o tym przypomnisz, ale pomi\u0144 j\u0105, je\u015bli zbli\u017ca si\u0119 czas przyj\u0119cia kolejnej dawki. Podwojenie dawki mo\u017ce zwi\u0119kszy\u0107 ryzyko wyst\u0105pienia dzia\u0142a\u0144 niepo\u017c\u0105danych.<\/p>\n<p>W przypadku d\u0142u\u017cszych op\u00f3\u017anie\u0144 dostosuj sw\u00f3j harmonogram do nowych okoliczno\u015bci. Przydaje si\u0119 mie\u0107 przy sobie dodatkowe dawki na wypadek nieoczekiwanych zdarze\u0144, dzi\u0119ki czemu b\u0119dziesz mie\u0107 pewno\u015b\u0107, \u017ce wystarczy Ci na wszelkie zak\u0142\u00f3cenia w podr\u00f3\u017cy.<\/p>\n<h2>Wp\u0142yw wysoko\u015bci na leki na zaburzenia erekcji<\/h2>\n<p>Du\u017ce wysoko\u015bci mog\u0105 wp\u0142ywa\u0107 na metabolizm lek\u00f3w, w tym lek\u00f3w na zaburzenia erekcji. Na wi\u0119kszych wysoko\u015bciach obni\u017cony poziom tlenu mo\u017ce zmieni\u0107 szybko\u015b\u0107 wch\u0142aniania tych lek\u00f3w, potencjalnie wp\u0142ywaj\u0105c na ich skuteczno\u015b\u0107.<\/p>\n<p>Chocia\u017c badania nad t\u0105 konkretn\u0105 interakcj\u0105 s\u0105 ograniczone, zaleca si\u0119 monitorowanie reakcji organizmu na lek podczas podr\u00f3\u017cy do miejsc po\u0142o\u017conych na du\u017cych wysoko\u015bciach. Je\u015bli zauwa\u017cysz jakiekolwiek zmiany w skuteczno\u015bci, skonsultuj si\u0119 z pracownikiem s\u0142u\u017cby zdrowia w celu uzyskania porady.<\/p>\n<h2>\u0141\u0105czenie lek\u00f3w na zaburzenia erekcji z innymi niezb\u0119dnymi artyku\u0142ami podr\u00f3\u017cnymi<\/h2>\n<p>Pakuj\u0105c si\u0119 w podr\u00f3\u017c, we\u017a pod uwag\u0119 interakcj\u0119 lek\u00f3w na zaburzenia erekcji z innymi niezb\u0119dnymi produktami, takimi jak witaminy lub leki dost\u0119pne bez recepty. Niekt\u00f3re suplementy lub leki mog\u0105 zak\u0142\u00f3ca\u0107 dzia\u0142anie lek\u00f3w na zaburzenia erekcji, wp\u0142ywaj\u0105c na ich dzia\u0142anie.<\/p>\n<p>Przed podr\u00f3\u017c\u0105 rozs\u0105dnie jest zapozna\u0107 si\u0119 z pe\u0142n\u0105 list\u0105 lek\u00f3w u lekarza. Pomog\u0105 zidentyfikowa\u0107 potencjalne interakcje i zaproponuj\u0105 bezpieczne kombinacje, dbaj\u0105c o Twoje zdrowie i komfort w podr\u00f3\u017cy.<\/p>\n<h2>Wskaz\u00f3wki dotycz\u0105ce omawiania lek\u00f3w na zaburzenia erekcji z towarzyszami podr\u00f3\u017cy<\/h2>\n<p>Dyskusja na temat lek\u00f3w na zaburzenia erekcji z towarzyszami podr\u00f3\u017cy mo\u017ce by\u0107 dra\u017cliwym tematem. Podejd\u017a do rozmowy ze szczero\u015bci\u0105 i otwarto\u015bci\u0105, koncentruj\u0105c si\u0119 na aspektach praktycznych, takich jak konieczno\u015b\u0107 stosowania leku i wszelkie potencjalne skutki uboczne, kt\u00f3re mog\u0105 si\u0119 pojawi\u0107.<\/p>\n<p>Udost\u0119pnienie tych informacji mo\u017ce zwi\u0119kszy\u0107 zrozumienie i wsparcie ze strony Twoich towarzyszy, zwi\u0119kszaj\u0105c komfort podr\u00f3\u017cy. Przygotowuje ich tak\u017ce do udzielenia pomocy w nag\u0142ych przypadkach, takich jak problemy zwi\u0105zane z przyjmowaniem lek\u00f3w.<\/p>\n<h2>Potencjalne skutki uboczne i jak sobie z nimi radzi\u0107 podczas podr\u00f3\u017cy<\/h2>\n<p>Leki na zaburzenia erekcji mog\u0105 powodowa\u0107 dzia\u0142ania niepo\u017c\u0105dane, takie jak b\u00f3le g\u0142owy, uderzenia gor\u0105ca lub zawroty g\u0142owy. Podczas podr\u00f3\u017cy objawy te mog\u0105 nasili\u0107 si\u0119 pod wp\u0142ywem takich czynnik\u00f3w, jak odwodnienie lub zm\u0119czenie. Wa\u017cne jest, aby nawadnia\u0107 organizm, odpowiednio odpoczywa\u0107 i unika\u0107 czynno\u015bci, kt\u00f3re mog\u0105 pogorszy\u0107 te objawy.<\/p>\n<p>Je\u015bli dzia\u0142ania niepo\u017c\u0105dane utrzymuj\u0105 si\u0119 lub nasilaj\u0105, nale\u017cy natychmiast zwr\u00f3ci\u0107 si\u0119 o pomoc lekarsk\u0105. W takich sytuacjach korzystne mo\u017ce by\u0107 podr\u00f3\u017cowanie z list\u0105 lokalnych plac\u00f3wek opieki zdrowotnej lub os\u00f3b kontaktowych w nag\u0142ych wypadkach.<\/p>\n<h2>Co zrobi\u0107, je\u015bli zgubisz leki na zaburzenia erekcji za granic\u0105<\/h2>\n<p>Utrata lek\u00f3w podczas pobytu za granic\u0105 mo\u017ce by\u0107 niepokoj\u0105ca, ale istniej\u0105 kroki, aby z\u0142agodzi\u0107 skutki. Skontaktuj si\u0119 z lokaln\u0105 aptek\u0105 lub plac\u00f3wk\u0105 medyczn\u0105, aby om\u00f3wi\u0107 mo\u017cliwo\u015b\u0107 uzyskania zamiennika. Posiadanie kopii recepty i danych kontaktowych lekarza mo\u017ce u\u0142atwi\u0107 ten proces.<\/p>\n<p>W niekt\u00f3rych przypadkach pomoc mo\u017ce zaoferowa\u0107 ambasada lub konsulat Twojego kraju. Mog\u0105 udzieli\u0107 wskaz\u00f3wek dotycz\u0105cych dost\u0119pu do us\u0142ug opieki zdrowotnej lub uzyskania niezb\u0119dnych lek\u00f3w w Twojej aktualnej lokalizacji.<\/p>\n<h2>Konsultacje z pracownikami s\u0142u\u017cby zdrowia przed podr\u00f3\u017c\u0105<\/h2>\n<p>Przed wyruszeniem w podr\u00f3\u017c niezb\u0119dna jest konsultacja z lekarzem. Mog\u0105 zaoferowa\u0107 spersonalizowane porady dotycz\u0105ce zarz\u0105dzania schematem leczenia zaburze\u0144 erekcji podczas podr\u00f3\u017cy, bior\u0105c pod uwag\u0119 takie czynniki, jak strefy czasowe, klimat i potencjalne interakcje z innymi lekami.<\/p>\n<p>Mog\u0105 r\u00f3wnie\u017c zapewni\u0107 plan podr\u00f3\u017cy obejmuj\u0105cy dostosowanie dawkowania i kontakty w sytuacjach awaryjnych, dzi\u0119ki czemu b\u0119dziesz dobrze przygotowany na ka\u017cd\u0105 ewentualno\u015b\u0107 podczas podr\u00f3\u017cy.<\/p>\n<h2>Do\u015bwiadczenia z \u017cycia codziennego: podr\u00f3\u017cnicy dziel\u0105 si\u0119 wskaz\u00f3wkami i spostrze\u017ceniami<\/h2>\n<p>Wywiady od innych podr\u00f3\u017cnik\u00f3w, kt\u00f3rzy przyjmowali leki na zaburzenia erekcji w drodze, mog\u0105 dostarczy\u0107 cennych spostrze\u017ce\u0144. Wiele os\u00f3b zaleca przestrzeganie \u015bcis\u0142ej rutyny, zapoznawanie si\u0119 z lokalnymi przepisami medycznymi i noszenie ze sob\u0105 obszernego zestawu medycznego, kt\u00f3ry zawiera dodatkowe dawki i niezb\u0119dn\u0105 dokumentacj\u0119.<\/p>\n<p>Inni sugeruj\u0105 praktyczne wskaz\u00f3wki, takie jak u\u017cywanie aplikacji do \u015bledzenia harmonogram\u00f3w przyjmowania lek\u00f3w w r\u00f3\u017cnych strefach czasowych lub inwestowanie w ubezpieczenie podr\u00f3\u017cne obejmuj\u0105ce nag\u0142e przypadki medyczne. Te wsp\u00f3lne do\u015bwiadczenia mog\u0105 pom\u00f3c Ci przygotowa\u0107 si\u0119 na z\u0142o\u017cono\u015b\u0107 podr\u00f3\u017cy z lekami na zaburzenia erekcji i poradzi\u0107 sobie z ni\u0105.<\/p>\n","protected":false},"excerpt":{"rendered":"<p>Leki podr\u00f3\u017cne i na zaburzenia erekcji: latanie z tabletami, przechowywanie i strefy czasowe: ramy czasowe i oczekiwane wyniki Poruszanie si\u0119 po zawi\u0142o\u015bciach zwi\u0105zanych z podr\u00f3\u017cowaniem z lekami na zaburzenia erekcji (ED) obejmuje zrozumienie ich stosowania, uwarunkowa\u0144 prawnych i zarz\u0105dzanie dawkami w r\u00f3\u017cnych strefach czasowych, aby zapewni\u0107 skuteczno\u015b\u0107. Zrozumienie lek\u00f3w na zaburzenia erekcji i ich skutk\u00f3w [&hellip;]<\/p>\n","protected":false},"author":1,"featured_media":0,"parent":0,"menu_order":0,"comment_status":"closed","ping_status":"closed","template":"","meta":{"footnotes":""},"class_list":["post-32580","page","type-page","status-publish","hentry"],"_links":{"self":[{"href":"https:\/\/mydainikkhabar.com\/index.php?rest_route=\/wp\/v2\/pages\/32580","targetHints":{"allow":["GET"]}}],"collection":[{"href":"https:\/\/mydainikkhabar.com\/index.php?rest_route=\/wp\/v2\/pages"}],"about":[{"href":"https:\/\/mydainikkhabar.com\/index.php?rest_route=\/wp\/v2\/types\/page"}],"author":[{"embeddable":true,"href":"https:\/\/mydainikkhabar.com\/index.php?rest_route=\/wp\/v2\/users\/1"}],"replies":[{"embeddable":true,"href":"https:\/\/mydainikkhabar.com\/index.php?rest_route=%2Fwp%2Fv2%2Fcomments&post=32580"}],"version-history":[{"count":1,"href":"https:\/\/mydainikkhabar.com\/index.php?rest_route=\/wp\/v2\/pages\/32580\/revisions"}],"predecessor-version":[{"id":32582,"href":"https:\/\/mydainikkhabar.com\/index.php?rest_route=\/wp\/v2\/pages\/32580\/revisions\/32582"}],"wp:attachment":[{"href":"https:\/\/mydainikkhabar.com\/index.php?rest_route=%2Fwp%2Fv2%2Fmedia&parent=32580"}],"curies":[{"name":"wp","href":"https:\/\/api.w.org\/{rel}","templated":true}]}}