{"id":32546,"date":"2026-03-25T00:51:36","date_gmt":"2026-03-25T00:51:36","guid":{"rendered":"https:\/\/mydainikkhabar.com\/?page_id=32546"},"modified":"2026-03-25T00:51:36","modified_gmt":"2026-03-25T00:51:36","slug":"bimat-0-ymmartaminen03-koostumus-ja-kayttotarkoitukset","status":"publish","type":"page","link":"https:\/\/mydainikkhabar.com\/?page_id=32546","title":{"rendered":"Bimat 0 ymm\u00e4rt\u00e4minen.03 %: Koostumus ja k\u00e4ytt\u00f6tarkoitukset"},"content":{"rendered":"<h1>Sivuvaikutukset ja silm\u00e4luomen\/iiriksen muutokset Bimat 0:ssa.03 %<\/h1>\n<p>Bimat 0.03% on l\u00e4\u00e4ke, jota k\u00e4ytet\u00e4\u00e4n yleisesti tiettyjen silm\u00e4sairauksien hoitoon, mutta se voi aiheuttaa sivuvaikutuksia, kuten muutoksia silm\u00e4luomien ja iiriksen pigmentaatiossa.<\/p>\n<h2>Bimat 0 ymm\u00e4rt\u00e4minen.03 %: Koostumus ja k\u00e4ytt\u00f6tarkoitukset<\/h2>\n<p>Bimat 0.03%, joka tunnetaan my\u00f6s nimell\u00e4 Bimatoprost, on silm\u00e4liuos, jota m\u00e4\u00e4r\u00e4t\u00e4\u00e4n ensisijaisesti potilaille, joilla on avokulmaglaukooma ja silm\u00e4n verenpainetauti. N\u00e4ille tiloille on ominaista kohonnut silm\u00e4npaine, joka voi johtaa n\u00e4k\u00f6hermon vaurioitumiseen ja n\u00e4\u00f6n menetykseen, jos sit\u00e4 ei hoideta. Bimatoprosti tehostaa vesipitoisen nesteen ulosvirtausta silmist\u00e4 ja v\u00e4hent\u00e4\u00e4 siten painetta.<\/p>\n<p>Sen lis\u00e4ksi, ett\u00e4 Bimatoprostia k\u00e4ytet\u00e4\u00e4n terapeuttisessa silm\u00e4npaineen hallinnassa, sit\u00e4 markkinoidaan my\u00f6s eri tuotenimill\u00e4 kosmeettisiin tarkoituksiin, erityisesti ripsien kasvun edist\u00e4miseen. Sen kaksik\u00e4ytt\u00f6inen sovellus tekee siit\u00e4 suositun valinnan, vaikka k\u00e4ytt\u00e4jien on t\u00e4rke\u00e4\u00e4 ymm\u00e4rt\u00e4\u00e4 mahdolliset sivuvaikutukset, erityisesti ne, jotka vaikuttavat silm\u00e4luomiin ja iirikseen.<\/p>\n<h2>Bimatin yleiset sivuvaikutukset 0.03 %<\/h2>\n<p>Potilaat, jotka k\u00e4ytt\u00e4v\u00e4t Bimat 0.03 % voi kokea useita yleisi\u00e4 sivuvaikutuksia, vaikka ne ovat yleens\u00e4 lievi\u00e4 ja hallittavissa. Yleisimmin raportoituja ovat silmien punoitus, kutina ja ep\u00e4mukavuus. N\u00e4m\u00e4 oireet usein v\u00e4henev\u00e4t k\u00e4yt\u00f6n jatkuessa, kun silm\u00e4t tottuvat l\u00e4\u00e4kkeeseen.<\/p>\n<p>Muita sivuvaikutuksia voivat olla polttavan tunne levitett\u00e4ess\u00e4, silmien kuivuminen ja lis\u00e4\u00e4ntynyt valoherkkyys. Vaikka n\u00e4m\u00e4 vaikutukset ovat yleens\u00e4 tilap\u00e4isi\u00e4, potilaita kehotetaan ottamaan yhteytt\u00e4 terveydenhuollon tarjoajaan, jos oireet jatkuvat tai pahenevat.<\/p>\n<h2>Bimat 0:n harvinaiset mutta vakavat sivuvaikutukset.03 %<\/h2>\n<p>Vaikka se on harvinaista, Bimat 0:aan liittyy vakavia sivuvaikutuksia.03 %, jotka vaativat v\u00e4lit\u00f6nt\u00e4 l\u00e4\u00e4k\u00e4rinhoitoa. N\u00e4it\u00e4 ovat merkkej\u00e4 allergisesta reaktiosta, kuten ihottuma, vaikea kutina tai kasvojen, kielen tai kurkun turvotus. Hengitysvaikeudet on toinen kriittinen oire, joka vaatii kiireellist\u00e4 hoitoa.<\/p>\n<p>Lis\u00e4ksi joillakin potilailla saattaa ilmet\u00e4 n\u00e4k\u00f6muutoksia tai voimakasta silm\u00e4kipua. T\u00e4llaiset oireet voivat viitata vakavampaan taustasairauteen, ja silm\u00e4l\u00e4\u00e4k\u00e4rin tulee arvioida ne mahdollisten vaurioiden tai komplikaatioiden est\u00e4miseksi.<\/p>\n<h2>Muutokset silm\u00e4luomien pigmentaatiossa: mit\u00e4 odottaa<\/h2>\n<p>Bimat 0:n huomionarvoinen sivuvaikutus.03% on muutos silm\u00e4luomien pigmentaatiossa. T\u00e4m\u00e4 muutos johtuu melaniinin, ihon v\u00e4rj\u00e4\u00e4misest\u00e4 vastaavan pigmentin, lis\u00e4\u00e4ntyneest\u00e4 tuotannosta. Potilaat voivat huomata ylemm\u00e4n silm\u00e4luomen ihon tummumista, mik\u00e4 voi korostua k\u00e4yt\u00f6n jatkuessa.<\/p>\n<p>T\u00e4m\u00e4 pigmenttimuutos on tyypillisesti vaaraton ja palautuu l\u00e4\u00e4kityksen lopettamisen j\u00e4lkeen. Kuitenkin aika, joka kest\u00e4\u00e4 ihon alkuper\u00e4isen v\u00e4rins\u00e4 palautumiseen, vaihtelee yksil\u00f6itt\u00e4in ja voi kest\u00e4\u00e4 useita kuukausia.<\/p>\n<h2>Iriksen v\u00e4rimuutokset: syyt ja esiintymistiheys<\/h2>\n<p>Toinen merkitt\u00e4v\u00e4 huolenaihe potilaille, <a href=\"https:\/\/verkko-apteekki.org\/bimat-kustannus-ilman-reseptia\">https:\/\/verkko-apteekki.org\/bimat-kustannus-ilman-reseptia<\/a> jotka k\u00e4ytt\u00e4v\u00e4t Bimat 0:ta.03% on mahdollisuus muuttaa iiriksen v\u00e4ri\u00e4. T\u00e4m\u00e4 johtuu lis\u00e4\u00e4ntyneest\u00e4 melaniinin kertymisest\u00e4 iiriksess\u00e4, erityisesti yksil\u00f6ill\u00e4, joilla on sekav\u00e4risi\u00e4 iiriksi\u00e4. V\u00e4rinmuutos on yleens\u00e4 asteittaista ja vaikuttaa p\u00e4\u00e4asiassa niihin, joilla on vaaleampi silm\u00e4v\u00e4ri, kuten sininen tai vihre\u00e4, jolloin ne muuttuvat ruskeiksi ajan my\u00f6t\u00e4.<\/p>\n<p>Vaikka t\u00e4m\u00e4 sivuvaikutus on yleens\u00e4 kosmeettinen eik\u00e4 vaikuta n\u00e4k\u00f6kykyyn, se on yleens\u00e4 pysyv\u00e4. Iiriksen pigmenttimuutosten esiintymistiheys on suhteellisen alhainen, mutta se on edelleen huomioitava l\u00e4\u00e4kkeen pitk\u00e4aikaisilla k\u00e4ytt\u00e4jill\u00e4.<\/p>\n<h2>Iriksen pigmenttimuutosten pitk\u00e4n aikav\u00e4lin vaikutukset<\/h2>\n<p>Joillekin potilaille iiriksen v\u00e4rin pysyv\u00e4n muutoksen mahdollisuus voi olla ahdistava. On t\u00e4rke\u00e4\u00e4 ymm\u00e4rt\u00e4\u00e4, ett\u00e4 vaikka muutos on usein peruuttamaton, se ei vaikuta silm\u00e4n toimintaan tai terveyteen. Muutos voi kuitenkin vaikuttaa henkil\u00f6kohtaiseen estetiikkaan ja vaikuttaa yksil\u00f6iden p\u00e4\u00e4t\u00f6ksiin jatkaa tai lopettaa hoito.<\/p>\n<p>Potilaiden tulee keskustella huolenaiheistaan \u200b\u200bsilm\u00e4l\u00e4\u00e4k\u00e4rins\u00e4 kanssa, joka voi antaa n\u00e4kemyksi\u00e4 jatkuvan Bimat 0 -hoidon riskeist\u00e4 ja eduista.03 %. Tietoon perustuva p\u00e4\u00e4t\u00f6s voidaan sitten tehd\u00e4 potilaan prioriteettien ja terveystarpeiden perusteella.<\/p>\n<h2>Silm\u00e4luomen ja iiriksen muutosten hallinta: l\u00e4\u00e4k\u00e4rin neuvoja<\/h2>\n<p>Terveydenhuollon ammattilaiset neuvovat yleens\u00e4 seuraamaan silm\u00e4luomien ja iiriksen pigmentaation muutoksia s\u00e4\u00e4nn\u00f6llisten silm\u00e4tarkastusten yhteydess\u00e4. T\u00e4m\u00e4 mahdollistaa nopean puuttumisen tarvittaessa ja auttaa varmistamaan, ett\u00e4 muita sivuvaikutuksia hallitaan tehokkaasti.<\/p>\n<p>L\u00e4\u00e4k\u00e4rit voivat suositella vaihtoehtoisia hoitomuotoja tai annoksen muuttamista, jos pigmenttimuutokset ovat potilaalle merkitt\u00e4v\u00e4 huolenaihe. Lis\u00e4ksi he voivat antaa ohjeita kosmeettisiin ratkaisuihin, joilla voidaan ratkaista l\u00e4\u00e4kkeen sivuvaikutuksista johtuvia esteettisi\u00e4 ongelmia.<\/p>\n<h2>Bimat 0 vertailu.03 % muilla hoidoilla<\/h2>\n<p>Bimat 0.03% on yksi useista saatavilla olevista vaihtoehdoista kohonneen silm\u00e4npaineen hoitoon. Muilla saman luokan l\u00e4\u00e4kkeill\u00e4, kuten Latanoprostilla ja Travoprostilla, on my\u00f6s samanlaisia \u200b\u200bsivuvaikutusprofiileja, mukaan lukien pigmenttimuutokset. N\u00e4iden muutosten esiintyvyys ja aste voivat kuitenkin vaihdella l\u00e4\u00e4kkeiden v\u00e4lill\u00e4.<\/p>\n<p>Potilaat voivat tutkia vaihtoehtoisia l\u00e4\u00e4keryhmi\u00e4, kuten beetasalpaajia tai hiilihappoanhydraasin est\u00e4ji\u00e4, jotka eiv\u00e4t yleens\u00e4 vaikuta pigmentaatioon, mutta voivat aiheuttaa muita sivuvaikutuksia. Hoidon valinta tulee r\u00e4\u00e4t\u00e4l\u00f6id\u00e4 yksil\u00f6n sairaushistorian ja l\u00e4\u00e4kkeen sietokyvyn mukaan.<\/p>\n<h2>Potilaskokemukset: silm\u00e4luomen ja iiriksen muutokset<\/h2>\n<p>Potilaiden kokemuksia Bimat 0:sta.03 % vaihtelee suuresti. Jotkut k\u00e4ytt\u00e4j\u00e4t raportoivat havaittavista kosmeettisista muutoksista, jotka voivat aiheuttaa huolta, etenkin niille, jotka aloittivat hoidon kosmeettisista syist\u00e4. Toisten mielest\u00e4 sivuvaikutukset ovat hallittavissa ja merkityksett\u00f6mi\u00e4 verrattuna alentuneen silm\u00e4npaineen etuihin.<\/p>\n<p>Henkil\u00f6kohtaiset suosittelut korostavat usein s\u00e4\u00e4nn\u00f6llisen yhteydenpidon t\u00e4rkeytt\u00e4 terveydenhuollon tarjoajien kanssa mahdollisten huolenaiheiden k\u00e4sittelemiseksi ja hoitosuunnitelmien mukauttamiseksi tarpeen mukaan. N\u00e4m\u00e4 kokemukset korostavat tarvetta saada potilaiden koulutusta mahdollisista sivuvaikutuksista ennen l\u00e4\u00e4kityksen aloittamista.<\/p>\n<h2>Ennaltaehk\u00e4isev\u00e4t toimenpiteet sivuvaikutusten varalta<\/h2>\n<p>Vaikka kaikki Bimat 0:n sivuvaikutukset eiv\u00e4t olekaan.03% voidaan est\u00e4\u00e4, tietyt toimenpiteet voivat v\u00e4hent\u00e4\u00e4 niiden todenn\u00e4k\u00f6isyytt\u00e4. Potilaita kehotetaan noudattamaan tarkasti m\u00e4\u00e4r\u00e4ttyj\u00e4 annos- ja k\u00e4ytt\u00f6ohjeita, mik\u00e4 voi auttaa minimoimaan \u00e4rsytyst\u00e4 ja muita yleisi\u00e4 haittavaikutuksia.<\/p>\n<p>Voitelevien silm\u00e4tippojen k\u00e4ytt\u00f6 voi lievitt\u00e4\u00e4 kuivuutta ja ep\u00e4mukavuutta, kun taas suojalasit voivat suojata valoherkkyytt\u00e4 vastaan. S\u00e4\u00e4nn\u00f6llinen seuranta n\u00e4\u00f6nhoidon erikoisl\u00e4\u00e4k\u00e4rin kanssa on ratkaisevan t\u00e4rke\u00e4\u00e4 muutosten seurannassa ja hoito-ohjelman oikea-aikaisessa s\u00e4\u00e4t\u00e4misess\u00e4.<\/p>\n<h2>Milloin hakeutua l\u00e4\u00e4k\u00e4rin hoitoon<\/h2>\n<p>Potilaiden tulee olla valppaina mahdollisten vakavien sivuvaikutusten merkkien varalta Bimat 0:n k\u00e4yt\u00f6n aikana.03 %. V\u00e4lit\u00f6n l\u00e4\u00e4k\u00e4rinhoito on aiheellista, jos ilmenee oireita, kuten voimakasta silm\u00e4kipua, \u00e4killisi\u00e4 n\u00e4k\u00f6muutoksia tai merkkej\u00e4 allergisesta reaktiosta.<\/p>\n<p>Lis\u00e4ksi kaikista jatkuvista tai pahenevista oireista, vaikka ne olisivat v\u00e4h\u00e4isi\u00e4, tulee keskustella terveydenhuollon ammattilaisen kanssa. Varhainen puuttuminen voi est\u00e4\u00e4 komplikaatioita ja varmistaa hoidon jatkuvan turvallisuuden ja tehokkuuden.<\/p>\n<h2>Vaihtoehtoja Bimat 0:lle.03 % herkille potilaille<\/h2>\n<p>Potilaille, joilla on merkitt\u00e4vi\u00e4 Bimat 0:n sivuvaikutuksia.03 %, vaihtoehtoisia hoitoja voidaan harkita. Muut prostaglandiinianalogit, vaikka ne ovatkin samanlaisia, voivat tarjota erilaisia \u200b\u200bsiedett\u00e4vyysprofiileja. Potilaat voivat my\u00f6s tutkia muita kuin prostaglandiinil\u00e4\u00e4kkeit\u00e4, kuten alfa-agonisteja tai mioottisia l\u00e4\u00e4kkeit\u00e4, riippuen heid\u00e4n erityistarpeistaan \u200b\u200bja vasteistaan.<\/p>\n<p>Joissakin tapauksissa laserhoitoa tai kirurgisia vaihtoehtoja voidaan suositella silm\u00e4npaineen hallintaan, erityisesti niille, jotka eiv\u00e4t sied\u00e4 paikallisia l\u00e4\u00e4kkeit\u00e4. Silm\u00e4l\u00e4\u00e4k\u00e4rin kattava arviointi voi auttaa l\u00f6yt\u00e4m\u00e4\u00e4n sopivimman l\u00e4hestymistavan.<\/p>\n<h2>Meneill\u00e4\u00e4n oleva tutkimus ja tuleva kehitys<\/h2>\n<p>Tutkimus Bimat 0:n vaikutuksista.03% ja muut vastaavat l\u00e4\u00e4kkeet kehittyv\u00e4t edelleen. Tutkijat tutkivat tapoja lievent\u00e4\u00e4 sivuvaikutuksia ja parantaa samalla terapeuttisia tuloksia. Uusia formulaatioita pienemmill\u00e4 pitoisuuksilla tai vaihtoehtoisia antomenetelmi\u00e4 kehitet\u00e4\u00e4n potilaskokemuksen parantamiseksi.<\/p>\n<p>Jatkuvat edistysaskeleet farmakologiassa ja oftalmologiassa lupaavat tarjota tulevaisuuden ratkaisuja paremmilla turvallisuusprofiileilla. Potilaita rohkaistaan \u200b\u200bpysym\u00e4\u00e4n ajan tasalla uusista hoidoista ja keskustelemaan mahdollisista vaihtoehdoista terveydenhuollon tarjoajiensa kanssa.<\/p>\n<h2>Bimat 0:n usein kysytyt kysymykset.03 % ja silm\u00e4muutokset<\/h2>\n<p>Yleisi\u00e4 kysymyksi\u00e4 liittyen Bimat 0.03 % keskittyy usein sen sivuvaikutuksiin ja pitk\u00e4aikaisiin vaikutuksiin silm\u00e4n ulkon\u00e4k\u00f6\u00f6n. Potilaat tiedustelevat usein pigmenttimuutosten palautuvuudesta ja siit\u00e4, miten ne voivat vaikuttaa heid\u00e4n silmiens\u00e4 yleiseen terveyteen.<\/p>\n<p>Terveydenhuollon tarjoajat voivat tarjota yksityiskohtaisia, yksil\u00f6llisiin olosuhteisiin r\u00e4\u00e4t\u00e4l\u00f6ityj\u00e4 selityksi\u00e4, jotka auttavat potilaita tekem\u00e4\u00e4n tietoisia p\u00e4\u00e4t\u00f6ksi\u00e4 hoitovaihtoehdoistaan. Hy\u00f6tyjen ja sivuvaikutusten v\u00e4lisen tasapainon ymm\u00e4rt\u00e4minen on ratkaisevan t\u00e4rke\u00e4\u00e4 optimaalisten tulosten saavuttamiseksi n\u00e4\u00f6nhoidossa.<\/p>\n","protected":false},"excerpt":{"rendered":"<p>Sivuvaikutukset ja silm\u00e4luomen\/iiriksen muutokset Bimat 0:ssa.03 % Bimat 0.03% on l\u00e4\u00e4ke, jota k\u00e4ytet\u00e4\u00e4n yleisesti tiettyjen silm\u00e4sairauksien hoitoon, mutta se voi aiheuttaa sivuvaikutuksia, kuten muutoksia silm\u00e4luomien ja iiriksen pigmentaatiossa. Bimat 0 ymm\u00e4rt\u00e4minen.03 %: Koostumus ja k\u00e4ytt\u00f6tarkoitukset Bimat 0.03%, joka tunnetaan my\u00f6s nimell\u00e4 Bimatoprost, on silm\u00e4liuos, jota m\u00e4\u00e4r\u00e4t\u00e4\u00e4n ensisijaisesti potilaille, joilla on avokulmaglaukooma ja silm\u00e4n verenpainetauti. N\u00e4ille [&hellip;]<\/p>\n","protected":false},"author":1,"featured_media":0,"parent":0,"menu_order":0,"comment_status":"closed","ping_status":"closed","template":"","meta":{"footnotes":""},"class_list":["post-32546","page","type-page","status-publish","hentry"],"_links":{"self":[{"href":"https:\/\/mydainikkhabar.com\/index.php?rest_route=\/wp\/v2\/pages\/32546","targetHints":{"allow":["GET"]}}],"collection":[{"href":"https:\/\/mydainikkhabar.com\/index.php?rest_route=\/wp\/v2\/pages"}],"about":[{"href":"https:\/\/mydainikkhabar.com\/index.php?rest_route=\/wp\/v2\/types\/page"}],"author":[{"embeddable":true,"href":"https:\/\/mydainikkhabar.com\/index.php?rest_route=\/wp\/v2\/users\/1"}],"replies":[{"embeddable":true,"href":"https:\/\/mydainikkhabar.com\/index.php?rest_route=%2Fwp%2Fv2%2Fcomments&post=32546"}],"version-history":[{"count":1,"href":"https:\/\/mydainikkhabar.com\/index.php?rest_route=\/wp\/v2\/pages\/32546\/revisions"}],"predecessor-version":[{"id":32548,"href":"https:\/\/mydainikkhabar.com\/index.php?rest_route=\/wp\/v2\/pages\/32546\/revisions\/32548"}],"wp:attachment":[{"href":"https:\/\/mydainikkhabar.com\/index.php?rest_route=%2Fwp%2Fv2%2Fmedia&parent=32546"}],"curies":[{"name":"wp","href":"https:\/\/api.w.org\/{rel}","templated":true}]}}