{"id":32447,"date":"2026-03-25T00:25:58","date_gmt":"2026-03-25T00:25:58","guid":{"rendered":"https:\/\/mydainikkhabar.com\/?page_id=32447"},"modified":"2026-03-25T00:25:58","modified_gmt":"2026-03-25T00:25:58","slug":"pochopenie-ed-drog-a-ich-mechanizmu-ucinku","status":"publish","type":"page","link":"https:\/\/mydainikkhabar.com\/?page_id=32447","title":{"rendered":"Pochopenie ED drog a ich mechanizmu \u00fa\u010dinku"},"content":{"rendered":"<h1>Je potrebn\u00e9 zv\u00e1\u017ei\u0165 liekov\u00e9 interakcie s liekmi na ED (alkohol, nitr\u00e1ty, alfa-blok\u00e1tory)<\/h1>\n<p>Pochopenie zlo\u017eit\u00fdch interakci\u00ed medzi liekmi na erektiln\u00fa dysfunkciu (ED) a l\u00e1tkami, ako je alkohol, nitr\u00e1ty a alfa-blok\u00e1tory, je rozhoduj\u00face pre zabezpe\u010denie \u00fa\u010dinnosti aj bezpe\u010dnosti.<\/p>\n<h2>Pochopenie ED drog a ich mechanizmu \u00fa\u010dinku<\/h2>\n<p>Lieky na ED, ako je sildenafil (Viagra), tadalafil (Cialis) a vardenafil (Levitra), prim\u00e1rne funguj\u00fa tak, \u017ee zlep\u0161uj\u00fa prietok krvi do penisu, \u010d\u00edm u\u013eah\u010duj\u00fa erekciu ako odpove\u010f na sexu\u00e1lnu stimul\u00e1ciu. Tieto lieky patria do triedy liekov naz\u00fdvan\u00fdch inhib\u00edtory fosfodiester\u00e1zy typu 5 (PDE5). Inhib\u00edciou enz\u00fdmu PDE5 tieto lieky zabra\u0148uj\u00fa rozkladu cyklick\u00e9ho guanoz\u00ednmonofosf\u00e1tu (cGMP), molekuly, ktor\u00e1 hr\u00e1 k\u013e\u00fa\u010dov\u00fa \u00falohu pri vazodilat\u00e1cii a prietoku krvi.<\/p>\n<p>V d\u00f4sledku tohto \u00fa\u010dinku pom\u00e1haj\u00fa ED lieky uvo\u013eni\u0165 hladk\u00e9 svaly v peniln\u00fdch art\u00e9ri\u00e1ch, zvy\u0161uj\u00fa prietok krvi a umo\u017e\u0148uj\u00fa erekciu dostato\u010dn\u00fa na sexu\u00e1lnu aktivitu. \u00da\u010dinnos\u0165 t\u00fdchto liekov v\u0161ak m\u00f4\u017ee by\u0165 ovplyvnen\u00e1 r\u00f4znymi faktormi, vr\u00e1tane in\u00fdch liekov, zdravotn\u00fdch stavov a v\u00fdberu \u017eivotn\u00e9ho \u0161t\u00fdlu. Pochopenie t\u00fdchto interakci\u00ed je nevyhnutn\u00e9 pre maximaliz\u00e1ciu pr\u00ednosov a minimaliz\u00e1ciu ak\u00fdchko\u013evek potenci\u00e1lnych riz\u00edk spojen\u00fdch s liekmi na ED.<\/p>\n<h2>Be\u017en\u00e9 lieky na ED a ich pou\u017eitie<\/h2>\n<p>Najzn\u00e1mej\u0161ie lieky na ED s\u00fa sildenafil, tadalafil a vardenafil. Sildenafil bol prvou schv\u00e1lenou peror\u00e1lnou lie\u010dbou ED a zost\u00e1va popul\u00e1rnou vo\u013ebou v\u010faka svojej \u00fa\u010dinnosti a preuk\u00e1zan\u00e9mu bezpe\u010dnostn\u00e9mu profilu. Zvy\u010dajne sa u\u017e\u00edva pod\u013ea potreby asi 30 min\u00fat a\u017e hodinu pred sexu\u00e1lnou aktivitou. Tadalafil pon\u00faka dlh\u0161ie trvanie \u00fa\u010dinku, v\u010faka \u010domu je vhodn\u00fd na ka\u017edodenn\u00e9 pou\u017eitie v men\u0161\u00edch d\u00e1vkach, ktor\u00e9 m\u00f4\u017eu poskytn\u00fa\u0165 v\u00e4\u010d\u0161iu spont\u00e1nnos\u0165.<\/p>\n<p>Vardenafil, podobne ako sildenafil, sa pou\u017e\u00edva na po\u017eiadanie, ale je zn\u00e1my svojim r\u00fdchlym n\u00e1stupom \u00fa\u010dinku. Tieto lieky s\u00fa \u00fa\u010dinn\u00e9 pre \u0161irok\u00e9 spektrum jedincov, vr\u00e1tane t\u00fdch, ktor\u00ed maj\u00fa cukrovku, kardiovaskul\u00e1rne ochorenia a po oper\u00e1cii prostaty. Napriek ich \u00fa\u010dinnosti by rozhodnutie o tom, ktor\u00fd liek na ED sa m\u00e1 pou\u017ei\u0165, malo by\u0165 zalo\u017een\u00e9 na individu\u00e1lnych zdravotn\u00fdch profiloch a na lek\u00e1rskych odpor\u00fa\u010daniach vzh\u013eadom na potenci\u00e1l interakci\u00ed s in\u00fdmi l\u00e1tkami.<\/p>\n<h2>\u00daloha alkoholu v liekov\u00fdch interakci\u00e1ch ED<\/h2>\n<p>Alkohol tlm\u00ed centr\u00e1lny nervov\u00fd syst\u00e9m, ktor\u00fd m\u00f4\u017ee naru\u0161i\u0165 erektiln\u00fa funkciu zn\u00ed\u017een\u00edm prietoku krvi do penisu a naru\u0161en\u00edm sign\u00e1lov potrebn\u00fdch na dosiahnutie erekcie. V kombin\u00e1cii s liekmi na ED m\u00f4\u017ee alkohol tieto \u00fa\u010dinky zhor\u0161i\u0165 a potenci\u00e1lne zn\u00ed\u017ei\u0165 \u00fa\u010dinnos\u0165 lieku. Okrem toho m\u00f4\u017ee alkohol zosilni\u0165 ved\u013eaj\u0161ie \u00fa\u010dinky, ako s\u00fa z\u00e1vraty, bolesti hlavy a n\u00edzky krvn\u00fd tlak.<\/p>\n<p>Zatia\u013e \u010do mierna konzum\u00e1cia alkoholu nemus\u00ed u niektor\u00fdch jedincov v\u00fdznamne ovplyvni\u0165 \u00fa\u010dinnos\u0165 liekov na ED, ve\u013ek\u00e9 alebo \u010dast\u00e9 pitie predstavuje v\u00e4\u010d\u0161ie riziko. Pacientom sa vo v\u0161eobecnosti odpor\u00fa\u010da obmedzi\u0165 pr\u00edjem alkoholu pri u\u017e\u00edvan\u00ed liekov na ED, aby sa zabezpe\u010dili optim\u00e1lne v\u00fdsledky a minimalizovali sa ne\u017eiaduce \u00fa\u010dinky. T\u00e1to \u00favaha je obzvl\u00e1\u0161\u0165 d\u00f4le\u017eit\u00e1 pre t\u00fdch, ktor\u00ed maj\u00fa z\u00e1kladn\u00e9 zdravotn\u00e9 probl\u00e9my, ktor\u00e9 m\u00f4\u017ee alkohol zhor\u0161i\u0165.<\/p>\n<h2>Ako dusi\u010dnany ovplyv\u0148uj\u00fa \u00fa\u010dinnos\u0165 liekov na ED<\/h2>\n<p>Dusi\u010dnany, be\u017ene predpisovan\u00e9 pri ang\u00edne a in\u00fdch srdcov\u00fdch ochoreniach, funguj\u00fa tak, \u017ee roz\u0161iruj\u00fa krvn\u00e9 cievy, zlep\u0161uj\u00fa prietok krvi a zni\u017euj\u00fa z\u00e1\u0165a\u017e srdca. Tento vazodilata\u010dn\u00fd \u00fa\u010dinok sa dosahuje uvo\u013e\u0148ovan\u00edm oxidu dusnat\u00e9ho, \u010do m\u00f4\u017ee vies\u0165 k nebezpe\u010dn\u00e9mu poklesu krvn\u00e9ho tlaku v kombin\u00e1cii s inhib\u00edtormi PDE5.<\/p>\n<p>S\u00fa\u010dasn\u00e9 u\u017e\u00edvanie nitr\u00e1tov a liekov proti ED je kontraindikovan\u00e9 kv\u00f4li riziku z\u00e1va\u017enej hypotenzie, ktor\u00e1 m\u00f4\u017ee ma\u0165 za n\u00e1sledok mdloby, m\u0155tvicu alebo dokonca srdcov\u00fd infarkt. Pacienti musia ozn\u00e1mi\u0165 v\u0161etky lieky svojmu poskytovate\u013eovi zdravotnej starostlivosti, aby sa vyhli tejto potenci\u00e1lne \u017eivot ohrozuj\u00facej interakcii. V pr\u00edpadoch, ke\u010f s\u00fa potrebn\u00e9 nitr\u00e1ty, by sa mala zv\u00e1\u017ei\u0165 alternat\u00edvna lie\u010dba ED.<\/p>\n<h2>Rizik\u00e1 kombin\u00e1cie alfa-blok\u00e1torov s liekmi na ED<\/h2>\n<p>Alfa-blok\u00e1tory, pou\u017e\u00edvan\u00e9 na lie\u010dbu stavov, ako je hypertenzia a ben\u00edgna hyperpl\u00e1zia prostaty, m\u00f4\u017eu tie\u017e ovplyvni\u0165 krvn\u00fd tlak uvo\u013enen\u00edm krvn\u00fdch ciev. Ak sa u\u017e\u00edva s liekmi na ED, kombinovan\u00fd \u00fa\u010dinok m\u00f4\u017ee vies\u0165 k v\u00fdznamn\u00e9mu poklesu krvn\u00e9ho tlaku, \u010do vedie k z\u00e1vratom, mdlob\u00e1m alebo palpit\u00e1ci\u00e1m.<\/p>\n<p>Na zmiernenie t\u00fdchto riz\u00edk poskytovatelia <a href=\"https:\/\/priamalekarne.org\/\">https:\/\/priamalekarne.org\/<\/a> zdravotnej starostlivosti \u010dasto odpor\u00fa\u010daj\u00fa za\u010da\u0165 s najni\u017e\u0161ou mo\u017enou d\u00e1vkou oboch liekov a postupne upravova\u0165 na z\u00e1klade odpovede pacienta. D\u00f4kladn\u00e9 sledovanie je nevyhnutn\u00e9, najm\u00e4 po\u010das inicia\u010dnej f\u00e1zy, aby sa zabezpe\u010dilo, \u017ee kombin\u00e1cia je bezpe\u010dn\u00e1 aj \u00fa\u010dinn\u00e1. Pacienti maj\u00fa by\u0165 upozornen\u00ed, aby okam\u017eite hl\u00e1sili ak\u00e9ko\u013evek nezvy\u010dajn\u00e9 pr\u00edznaky.<\/p>\n<h2>Potenci\u00e1lne ved\u013eaj\u0161ie \u00fa\u010dinky mie\u0161ania alkoholu s liekmi na ED<\/h2>\n<p>Kombin\u00e1cia alkoholu a liekov na ED m\u00f4\u017ee vies\u0165 k r\u00f4znym ved\u013eaj\u0161\u00edm \u00fa\u010dinkom. M\u00f4\u017eu zah\u0155\u0148a\u0165 zr\u00fdchlen\u00fd tep, n\u00e1valy hor\u00fa\u010davy, bolesti hlavy a z\u00e1vraty. Alkohol m\u00f4\u017ee tie\u017e zv\u00fd\u0161i\u0165 sedat\u00edvne \u00fa\u010dinky liekov na ED, \u010do vedie k ospalosti alebo zhor\u0161en\u00e9mu \u00fasudku.<\/p>\n<p>V niektor\u00fdch pr\u00edpadoch m\u00f4\u017ee nadmern\u00e1 konzum\u00e1cia alkoholu v kombin\u00e1cii s liekmi na ED vies\u0165 k z\u00e1va\u017enej\u0161\u00edm komplik\u00e1ci\u00e1m, ako s\u00fa kardiovaskul\u00e1rne probl\u00e9my. Preto sa vo v\u0161eobecnosti odpor\u00fa\u010da, aby jednotlivci u\u017e\u00edvaj\u00faci lieky na ED zmiernili pr\u00edjem alkoholu, aby sa predi\u0161lo t\u00fdmto ne\u017eiaducim \u00fa\u010dinkom. Pacienti by mali by\u0165 pou\u010den\u00ed o t\u00fdchto potenci\u00e1lnych interakci\u00e1ch a mali by by\u0165 povzbudzovan\u00ed, aby prediskutovali svoje n\u00e1vyky pri pit\u00ed alkoholu so svoj\u00edm poskytovate\u013eom zdravotnej starostlivosti.<\/p>\n<h2>Pokyny na bezpe\u010dn\u00e9 pou\u017e\u00edvanie liekov na ED s dusi\u010dnanmi<\/h2>\n<p>. Ak sa liek na ED pova\u017euje za potrebn\u00fd, poskytovatelia zdravotnej starostlivosti m\u00f4\u017eu zv\u00e1\u017ei\u0165 predpisovanie alternat\u00edv, ktor\u00e9 neinteraguj\u00fa s dusi\u010dnanmi. Je tie\u017e d\u00f4le\u017eit\u00e9, aby pacienti pochopili d\u00f4le\u017eitos\u0165 dodr\u017eiavania tohto usmernenia, aby sa predi\u0161lo \u0165a\u017ek\u00fdm hypotenzn\u00fdm epiz\u00f3dam.<\/p>\n<p>V n\u00fadzov\u00fdch situ\u00e1ci\u00e1ch, ke\u010f boli u\u017eit\u00e9 oba lieky, je rozhoduj\u00faca okam\u017eit\u00e1 lek\u00e1rska pomoc. Poskytovatelia zdravotnej starostlivosti zvy\u010dajne odpor\u00fa\u010daj\u00fa presta\u0165 u\u017e\u00edva\u0165 lieky na ED a pr\u00edpadne upravi\u0165 d\u00e1vkovanie dusi\u010dnanov. Pacienti maj\u00fa by\u0165 dobre informovan\u00ed o pr\u00edznakoch n\u00edzkeho krvn\u00e9ho tlaku a o d\u00f4le\u017eitosti vyh\u013eada\u0165 neodkladn\u00fa starostlivos\u0165, ak sa pr\u00edznaky objavia.<\/p>\n<h2>Riadenie krvn\u00e9ho tlaku: Alfa-blok\u00e1tory a lieky na ED<\/h2>\n<p>\u00da\u010dinn\u00e9 riadenie krvn\u00e9ho tlaku je nevyhnutn\u00e9 pri pou\u017e\u00edvan\u00ed alfa-blok\u00e1torov aj liekov na ED. . Pacienti by mali by\u0165 povzbudzovan\u00ed, aby si uchov\u00e1vali z\u00e1znamy o nameran\u00fdch hodnot\u00e1ch krvn\u00e9ho tlaku, ktor\u00e9 bud\u00fa zdie\u013ea\u0165 so svoj\u00edm poskytovate\u013eom zdravotnej starostlivosti.<\/p>\n<p>V niektor\u00fdch pr\u00edpadoch m\u00f4\u017ee u\u017e\u00edvanie liekov v r\u00f4znych \u010dasoch d\u0148a zn\u00ed\u017ei\u0165 riziko interakci\u00ed. Napr\u00edklad u\u017e\u00edvanie alfa-blok\u00e1tora r\u00e1no a ED lieku ve\u010der m\u00f4\u017ee pom\u00f4c\u0165 stabilizova\u0165 hladiny krvn\u00e9ho tlaku. O tomto postupnom pr\u00edstupe by sa malo rozhodn\u00fa\u0165 po konzult\u00e1cii s poskytovate\u013eom zdravotnej starostlivosti, aby sa zabezpe\u010dilo, \u017ee bude v s\u00falade s celkov\u00fdm pl\u00e1nom lie\u010dby pacienta.<\/p>\n<h2>Klinick\u00e9 \u0161t\u00fadie o liekov\u00fdch interakci\u00e1ch ED<\/h2>\n<p>Klinick\u00e9 \u0161t\u00fadie rozsiahle sk\u00famali interakcie medzi liekmi na ED a in\u00fdmi liekmi. V\u00fdskum neust\u00e1le ukazuje, \u017ee kombinovanie liekov na ED s dusi\u010dnanmi predstavuje zna\u010dn\u00e9 riziko, \u010d\u00edm sa posil\u0148uj\u00fa kontraindik\u00e1cie odpor\u00fa\u010dan\u00e9 zdravotn\u00edckymi org\u00e1nmi. Podobne \u0161t\u00fadie o konzum\u00e1cii alkoholu uk\u00e1zali, \u017ee zatia\u013e \u010do mierne u\u017e\u00edvanie m\u00f4\u017ee by\u0165 pre niektor\u00fdch bezpe\u010dn\u00e9, in\u00ed m\u00f4\u017eu zaznamena\u0165 zn\u00ed\u017een\u00fa \u00fa\u010dinnos\u0165 lieku a zv\u00fd\u0161en\u00e9 ved\u013eaj\u0161ie \u00fa\u010dinky.<\/p>\n<p>Prebiehaj\u00face \u0161t\u00fadie na\u010falej sk\u00famaj\u00fa nuansy t\u00fdchto interakci\u00ed s cie\u013eom vyvin\u00fa\u0165 presnej\u0161ie usmernenia, ktor\u00e9 zoh\u013ead\u0148uj\u00fa individu\u00e1lnu variabilitu. V\u00fdskum genetick\u00fdch faktorov a in\u00fdch determinantov osobn\u00e9ho zdravia m\u00f4\u017ee poskytn\u00fa\u0165 \u010fal\u0161ie inform\u00e1cie o tom, pre\u010do niektor\u00ed jedinci za\u017e\u00edvaj\u00fa z\u00e1va\u017enej\u0161ie interakcie ako in\u00ed.<\/p>\n<h2>Pr\u00edpadov\u00e9 \u0161t\u00fadie pacientov: scen\u00e1re interakcie v re\u00e1lnom \u017eivote<\/h2>\n<p>Pr\u00edpadov\u00e9 \u0161t\u00fadie z re\u00e1lneho \u017eivota poskytuj\u00fa cenn\u00e9 poznatky o tom, ako sa liekov\u00e9 interakcie ED prejavuj\u00fa v r\u00f4znych popul\u00e1ci\u00e1ch. Napr\u00edklad pacient s hypertenziou v anamn\u00e9ze poci\u0165oval siln\u00e9 z\u00e1vraty pri kombin\u00e1cii alfa-blok\u00e1tora so sildenafilom, \u010do viedlo k prehodnoteniu jeho lie\u010debn\u00e9ho re\u017eimu. Tak\u00e9to scen\u00e1re pod\u010diarkuj\u00fa d\u00f4le\u017eitos\u0165 personalizovan\u00fdch lie\u010debn\u00fdch pl\u00e1nov a d\u00f4kladn\u00e9ho monitorovania.<\/p>\n<p>\u010eal\u0161\u00ed pr\u00edpad sa t\u00fdkal pacienta, ktor\u00fd pravidelne konzumoval alkohol a hl\u00e1sil zn\u00ed\u017een\u00fa \u00fa\u010dinnos\u0165 tadalafilu. Umiernen\u00edm pr\u00edjmu alkoholu pacient zaznamenal zlep\u0161en\u00e9 v\u00fdsledky, \u010do ilustruje vplyv v\u00fdberu \u017eivotn\u00e9ho \u0161t\u00fdlu na \u00fa\u010dinnos\u0165 liekov. Tieto pr\u00edklady poukazuj\u00fa na potrebu komplexnej eduk\u00e1cie pacientov a otvorenej komunik\u00e1cie s poskytovate\u013emi zdravotnej starostlivosti.<\/p>\n<h2>Tipy na konzult\u00e1ciu: Diskutujte o liekov\u00fdch interakci\u00e1ch ED so svoj\u00edm lek\u00e1rom<\/h2>\n<p>Pri diskusii o liekov\u00fdch interakci\u00e1ch ED s lek\u00e1rom by pacienti mali by\u0165 otvoren\u00ed o v\u0161etk\u00fdch liekoch, ktor\u00e9 u\u017e\u00edvaj\u00fa, vr\u00e1tane vo\u013enopredajn\u00fdch liekov a doplnkov. Poskytnutie kompletnej anamn\u00e9zy m\u00f4\u017ee pom\u00f4c\u0165 poskytovate\u013eovi zdravotnej starostlivosti pos\u00fadi\u0165 potenci\u00e1lne rizik\u00e1 a v pr\u00edpade potreby navrhn\u00fa\u0165 vhodn\u00e9 alternat\u00edvy.<\/p>\n<p>Pacienti by sa mali tie\u017e informova\u0165 o ak\u00fdchko\u013evek \u0161pecifick\u00fdch \u00faprav\u00e1ch \u017eivotn\u00e9ho \u0161t\u00fdlu, ktor\u00e9 by mohli minimalizova\u0165 rizik\u00e1 interakcie a zv\u00fd\u0161i\u0165 \u00fa\u010dinnos\u0165 liekov. Je d\u00f4le\u017eit\u00e9, aby sa jednotlivci c\u00edtili opr\u00e1vnen\u00ed kl\u00e1s\u0165 ot\u00e1zky a h\u013eada\u0165 objasnenie ak\u00fdchko\u013evek ob\u00e1v, ktor\u00e9 m\u00f4\u017eu ma\u0165 v s\u00favislosti s pl\u00e1nom lie\u010dby.<\/p>\n<h2>\u00dapravy \u017eivotn\u00e9ho \u0161t\u00fdlu na minimaliz\u00e1ciu riz\u00edk interakcie<\/h2>\n<p>Osvojenie si n\u00e1vykov zdrav\u0161ieho \u017eivotn\u00e9ho \u0161t\u00fdlu m\u00f4\u017ee v\u00fdrazne zn\u00ed\u017ei\u0165 riziko ne\u017eiaducich interakci\u00ed s liekmi na ED. Obmedzenie konzum\u00e1cie alkoholu, udr\u017eiavanie vyv\u00e1\u017eenej stravy a pravideln\u00e1 fyzick\u00e1 aktivita m\u00f4\u017ee zlep\u0161i\u0165 celkov\u00e9 zdravie a zv\u00fd\u0161i\u0165 \u00fa\u010dinnos\u0165 liekov na ED.<\/p>\n<p>Odvykanie od faj\u010denia je \u010fal\u0161\u00edm kritick\u00fdm faktorom, preto\u017ee faj\u010denie m\u00f4\u017ee zhor\u0161i\u0165 krvn\u00fd obeh a zhor\u0161i\u0165 erektiln\u00fa dysfunkciu. Uskuto\u010dnen\u00edm t\u00fdchto \u00faprav m\u00f4\u017eu pacienti nielen zlep\u0161i\u0165 svoje sexu\u00e1lne zdravie, ale aj celkov\u00fa pohodu, zn\u00ed\u017ei\u0165 potrebu vy\u0161\u0161\u00edch d\u00e1vok liekov a minimalizova\u0165 potenci\u00e1lne ved\u013eaj\u0161ie \u00fa\u010dinky.<\/p>\n<h2>Alternat\u00edvna lie\u010dba ED, ke\u010f s\u00fa interakcie probl\u00e9mom<\/h2>\n<p>Pre pacientov, ktor\u00ed nem\u00f4\u017eu bezpe\u010dne pou\u017e\u00edva\u0165 lieky na ED kv\u00f4li interakci\u00e1m, s\u00fa dostupn\u00e9 alternat\u00edvne lie\u010dby. M\u00f4\u017eu to by\u0165 zariadenia na v\u00e1kuov\u00fa erekciu, peniln\u00e9 injekcie alebo uretr\u00e1lne \u010dap\u00edky, ktor\u00e9 pon\u00fakaj\u00fa \u00fa\u010dinn\u00e9 rie\u0161enia na dosiahnutie erekcie bez syst\u00e9mov\u00fdch \u00fa\u010dinkov.<\/p>\n<p>V niektor\u00fdch pr\u00edpadoch m\u00f4\u017eu \u00fapravy \u017eivotn\u00e9ho \u0161t\u00fdlu a psychologick\u00e9 poradenstvo rie\u0161i\u0165 z\u00e1kladn\u00e9 pr\u00ed\u010diny erektilnej dysfunkcie, zn\u00ed\u017ei\u0165 alebo odstr\u00e1ni\u0165 potrebu liekov. Pacienti by mali tieto mo\u017enosti prediskutova\u0165 so svoj\u00edm poskytovate\u013eom zdravotnej starostlivosti, aby ur\u010dili najvhodnej\u0161\u00ed pr\u00edstup na z\u00e1klade ich \u0161pecifick\u00fdch okolnost\u00ed.<\/p>\n<h2>Monitorovanie a riadenie ved\u013eaj\u0161\u00edch \u00fa\u010dinkov liekov\u00fdch interakci\u00ed ED<\/h2>\n<p>Pravideln\u00e9 sledovanie ved\u013eaj\u0161\u00edch \u00fa\u010dinkov je nevyhnutn\u00e9 u pacientov u\u017e\u00edvaj\u00facich lieky na ED, najm\u00e4 ak existuje riziko interakci\u00ed. \u010cast\u00e9 ved\u013eaj\u0161ie \u00fa\u010dinky, ako s\u00fa bolesti hlavy, n\u00e1valy hor\u00fa\u010davy alebo upchatie nosa, by mali by\u0165 hl\u00e1sen\u00e9 poskytovate\u013eovi zdravotnej starostlivosti, ktor\u00fd m\u00f4\u017ee poskytn\u00fa\u0165 usmernenia o strat\u00e9gi\u00e1ch lie\u010dby.<\/p>\n<p>V pr\u00edpadoch z\u00e1va\u017en\u00fdch alebo pretrv\u00e1vaj\u00facich ved\u013eaj\u0161\u00edch \u00fa\u010dinkov m\u00f4\u017ee by\u0165 potrebn\u00e9 prehodnotenie lie\u010debn\u00e9ho re\u017eimu. \u00daprava d\u00e1vkovania alebo prechod na alternat\u00edvnu lie\u010dbu m\u00f4\u017ee pom\u00f4c\u0165 zmierni\u0165 sympt\u00f3my pri zachovan\u00ed po\u017eadovan\u00fdch terapeutick\u00fdch \u00fa\u010dinkov. Pacienti by mali by\u0165 povzbudzovan\u00ed, aby udr\u017eiavali otvoren\u00fa komunik\u00e1ciu so svoj\u00edm poskytovate\u013eom zdravotnej starostlivosti, aby sa zabezpe\u010dilo optim\u00e1lne zvl\u00e1dnutie ich stavu.<\/p>\n<h2>Bud\u00face smery v\u00fdskumu v liekov\u00fdch interakci\u00e1ch ED<\/h2>\n<p>Oblas\u0165 liekov\u00fdch interakci\u00ed ED sa neust\u00e1le vyv\u00edja, pri\u010dom prebiehaj\u00faci v\u00fdskum sk\u00fama nov\u00e9 cesty pre bezpe\u010dnej\u0161ie a efekt\u00edvnej\u0161ie mo\u017enosti lie\u010dby. Bud\u00face \u0161t\u00fadie sa m\u00f4\u017eu zamera\u0165 na pr\u00edstupy personalizovanej medic\u00edny, pri\u010dom sa zoh\u013eadnia genetick\u00e9 faktory a profily jednotliv\u00fdch pacientov, aby sa presnej\u0161ie predpovedali rizik\u00e1 interakcie.<\/p>\n<p>Pokroky vo farmakogenomike by mohli vies\u0165 k v\u00fdvoju prisp\u00f4soben\u00fdch liekov proti ED, ktor\u00e9 minimalizuj\u00fa interak\u010dn\u00fd potenci\u00e1l a z\u00e1rove\u0148 maximalizuj\u00fa \u00fa\u010dinnos\u0165. Okrem toho v\u00fdskum nov\u00fdch syst\u00e9mov pod\u00e1vania liekov a nefarmakologick\u00fdch lie\u010debn\u00fdch postupov m\u00f4\u017ee poskytn\u00fa\u0165 nov\u00e9 rie\u0161enia pre jednotlivcov, ktor\u00ed nem\u00f4\u017eu bezpe\u010dne pou\u017e\u00edva\u0165 s\u00fa\u010dasn\u00e9 lieky na ED. Tak\u00e9to inov\u00e1cie s\u013eubuj\u00fa zlep\u0161enie kvality \u017eivota mnoh\u00fdch pacientov a roz\u0161\u00edrenie rozsahu dostupn\u00fdch mo\u017enost\u00ed lie\u010dby.<\/p>\n","protected":false},"excerpt":{"rendered":"<p>Je potrebn\u00e9 zv\u00e1\u017ei\u0165 liekov\u00e9 interakcie s liekmi na ED (alkohol, nitr\u00e1ty, alfa-blok\u00e1tory) Pochopenie zlo\u017eit\u00fdch interakci\u00ed medzi liekmi na erektiln\u00fa dysfunkciu (ED) a l\u00e1tkami, ako je alkohol, nitr\u00e1ty a alfa-blok\u00e1tory, je rozhoduj\u00face pre zabezpe\u010denie \u00fa\u010dinnosti aj bezpe\u010dnosti. Pochopenie ED drog a ich mechanizmu \u00fa\u010dinku Lieky na ED, ako je sildenafil (Viagra), tadalafil (Cialis) a vardenafil (Levitra), [&hellip;]<\/p>\n","protected":false},"author":1,"featured_media":0,"parent":0,"menu_order":0,"comment_status":"closed","ping_status":"closed","template":"","meta":{"footnotes":""},"class_list":["post-32447","page","type-page","status-publish","hentry"],"_links":{"self":[{"href":"https:\/\/mydainikkhabar.com\/index.php?rest_route=\/wp\/v2\/pages\/32447","targetHints":{"allow":["GET"]}}],"collection":[{"href":"https:\/\/mydainikkhabar.com\/index.php?rest_route=\/wp\/v2\/pages"}],"about":[{"href":"https:\/\/mydainikkhabar.com\/index.php?rest_route=\/wp\/v2\/types\/page"}],"author":[{"embeddable":true,"href":"https:\/\/mydainikkhabar.com\/index.php?rest_route=\/wp\/v2\/users\/1"}],"replies":[{"embeddable":true,"href":"https:\/\/mydainikkhabar.com\/index.php?rest_route=%2Fwp%2Fv2%2Fcomments&post=32447"}],"version-history":[{"count":1,"href":"https:\/\/mydainikkhabar.com\/index.php?rest_route=\/wp\/v2\/pages\/32447\/revisions"}],"predecessor-version":[{"id":32449,"href":"https:\/\/mydainikkhabar.com\/index.php?rest_route=\/wp\/v2\/pages\/32447\/revisions\/32449"}],"wp:attachment":[{"href":"https:\/\/mydainikkhabar.com\/index.php?rest_route=%2Fwp%2Fv2%2Fmedia&parent=32447"}],"curies":[{"name":"wp","href":"https:\/\/api.w.org\/{rel}","templated":true}]}}