{"id":32428,"date":"2026-03-25T00:21:28","date_gmt":"2026-03-25T00:21:28","guid":{"rendered":"https:\/\/mydainikkhabar.com\/?page_id=32428"},"modified":"2026-03-25T00:21:28","modified_gmt":"2026-03-25T00:21:28","slug":"hva-er-careprost-003-og-hvordan-fungerer-det","status":"publish","type":"page","link":"https:\/\/mydainikkhabar.com\/?page_id=32428","title":{"rendered":"Hva er Careprost 0.03% og hvordan fungerer det?"},"content":{"rendered":"<h1>Careprost 0.03% FAQ: topp 10 sp\u00f8rsm\u00e5l besvart<\/h1>\n<p>Careprost 0.03% er en popul\u00e6r oftalmisk l\u00f8sning som brukes for ulike \u00f8yerelaterte tilstander, og \u00e5 forst\u00e5 dens bruk, bruk og forholdsregler er avgj\u00f8rende for sikre og effektive resultater.<\/p>\n<h2>Hva er Careprost 0.03% og hvordan fungerer det?<\/h2>\n<p>Careprost 0.03 % er en oftalmisk l\u00f8sning som inneholder bimatoprost, et syntetisk prostamid. Det fungerer f\u00f8rst og fremst ved \u00e5 etterligne effekten av naturlig forekommende prostaglandiner i kroppen, som spiller en avgj\u00f8rende rolle i \u00e5 regulere v\u00e6skestr\u00f8mmen i \u00f8yet. Ved \u00e5 \u00f8ke utstr\u00f8mningen av vandig humor, reduserer Careprost effektivt intraokul\u00e6rt trykk, noe som er avgj\u00f8rende for \u00e5 h\u00e5ndtere tilstander som glaukom og okul\u00e6r hypertensjon.<\/p>\n<p>Bimatoprost, den aktive ingrediensen i Careprost, fremmer ogs\u00e5 veksten av \u00f8yevipper ved \u00e5 forlenge den anagene fasen av h\u00e5rvekstsyklusen. Denne doble handlingen gj\u00f8r den til et allsidig behandlingsalternativ, ikke bare for medisinske tilstander, men ogs\u00e5 for estetiske form\u00e5l.<\/p>\n<h2>Hva er de prim\u00e6re bruksomr\u00e5dene for Careprost 0.03 %?<\/h2>\n<p>Den prim\u00e6re medisinske bruken av Careprost 0.03 % er for \u00e5 redusere forh\u00f8yet intraokul\u00e6rt trykk hos personer diagnostisert med \u00e5penvinklet glaukom eller okul\u00e6r hypertensjon. Ved \u00e5 senke dette trykket hjelper Careprost med \u00e5 forhindre skade p\u00e5 synsnerven, som kan f\u00f8re til synstap hvis den ikke behandles. Dette gj\u00f8r det til en kritisk komponent i behandlingen av disse \u00f8yelidelsene.<\/p>\n<p>I tillegg Careprost 0.03% er mye brukt til kosmetiske form\u00e5l for \u00e5 forbedre \u00f8yevippeveksten. Mange mennesker s\u00f8ker lengre, tykkere og m\u00f8rkere \u00f8yevipper av estetiske \u00e5rsaker, og Careprost har vist seg \u00e5 v\u00e6re effektiv for \u00e5 oppfylle dette \u00f8nsket. Dette doble verkt\u00f8yet har bidratt til populariteten b\u00e5de innen medisinske og kosmetiske felt.<\/p>\n<h2>Hvordan b\u00f8r Careprost 0.03 % brukes?<\/h2>\n<p>For optimale resultater er det viktig \u00e5 bruke Careprost 0.03% riktig. N\u00e5r det brukes for \u00e5 senke intraokul\u00e6rt trykk, administreres det vanligvis som \u00e9n dr\u00e5pe i det\/de ber\u00f8rte \u00f8yet en gang daglig, helst om kvelden. Det er avgj\u00f8rende \u00e5 f\u00f8lge helsepersonells instruksjoner ang\u00e5ende n\u00f8yaktig dosering og tidspunkt.<\/p>\n<p>N\u00e5r den brukes for \u00e5 \u00f8ke \u00f8yevippeveksten, b\u00f8r en steril applikator brukes til \u00e5 p\u00e5f\u00f8re en liten mengde av l\u00f8sningen langs den \u00f8vre \u00f8yelokkkanten ved bunnen av \u00f8yevippene. Det b\u00f8r utvises forsiktighet for \u00e5 unng\u00e5 kontakt med nedre \u00f8yelokk og for \u00e5 sikre at oppl\u00f8sningen ikke kommer inn i \u00f8yet. Konsistens i applikasjonen er n\u00f8kkelen til \u00e5 oppn\u00e5 de \u00f8nskede resultatene.<\/p>\n<h2>Er det noen bivirkninger forbundet med Careprost 0.03 %?<\/h2>\n<p>Mens Careprost 0.03 % tolereres generelt <a href=\"https:\/\/apotek-direkte.net\/careprost-uten-resept\">https:\/\/apotek-direkte.net\/careprost-uten-resept<\/a> godt, noen brukere kan oppleve bivirkninger. Vanlige bivirkninger inkluderer r\u00f8dhet i \u00f8ynene, kl\u00f8e og t\u00f8rrhet. Disse symptomene er vanligvis milde og har en tendens til \u00e5 forsvinne over tid. Imidlertid b\u00f8r vedvarende ubehag rapporteres til helsepersonell.<\/p>\n<p>I sjeldne tilfeller kan brukere oppleve endringer i \u00f8yenfarge, spesielt hvis l\u00f8sningen kommer i direkte kontakt med \u00f8yet over lengre perioder. \u00d8kt pigmentering av iris er vanligvis permanent, mens endringer i \u00f8yenvippefarge og tykkelse er reversible ved seponering av produktet.<\/p>\n<h2>Hvem b\u00f8r unng\u00e5 \u00e5 bruke Careprost 0.03 %?<\/h2>\n<p>Personer med kjent allergi mot bimatoprost eller noen av de andre ingrediensene i Careprost b\u00f8r unng\u00e5 \u00e5 bruke denne l\u00f8sningen. I tillegg b\u00f8r de med \u00f8yeinfeksjoner, betennelse eller alvorlige \u00f8yesykdommer konsultere helsepersonell f\u00f8r du starter behandlingen.<\/p>\n<p>Gravide eller ammende kvinner b\u00f8r ogs\u00e5 s\u00f8ke lege f\u00f8r de bruker Careprost, siden effekten p\u00e5 et uf\u00f8dt eller ammende barn ikke er fullt ut forst\u00e5tt. Det er alltid tilr\u00e5delig \u00e5 diskutere potensielle risikoer og fordeler med en helsepersonell for \u00e5 sikre sikkerheten.<\/p>\n<h2>Kan Careprost 0.03 % brukes sammen med andre \u00f8yemedisiner?<\/h2>\n<p>Careprost 0.03% kan generelt brukes sammen med andre \u00f8yemedisiner, men det er viktig \u00e5 f\u00f8lge spesifikke retningslinjer for \u00e5 unng\u00e5 interaksjoner. Brukere b\u00f8r vente minst fem minutter mellom p\u00e5f\u00f8ring av forskjellige \u00f8yel\u00f8sninger for \u00e5 forhindre fortynning og sikre at hver medisin er effektiv.<\/p>\n<p>Det er viktig \u00e5 informere helsepersonell om alle medisiner du bruker for \u00f8yeblikket, inkludert reseptfrie \u00f8yedr\u00e5per og urtetilskudd, for \u00e5 unng\u00e5 u\u00f8nskede interaksjoner eller redusert effektivitet av behandlinger.<\/p>\n<h2>Hvor lang tid tar det \u00e5 se resultater med Careprost 0.03 %?<\/h2>\n<p>N\u00e5r det brukes til behandling av forh\u00f8yet intraokul\u00e6rt trykk, kan effekten av Careprost observeres relativt raskt, ofte innen noen f\u00e5 timer etter p\u00e5f\u00f8ring. Men for langsiktig behandling av tilstander som glaukom, er kontinuerlig bruk som foreskrevet avgj\u00f8rende for vedvarende fordeler.<\/p>\n<p>N\u00e5r det gjelder \u00f8yevippevekst, kan brukere begynne \u00e5 legge merke til endringer innen fire uker, med fullstendige resultater vanligvis synlige etter 12 til 16 uker med konsekvent bruk. Kontinuerlig p\u00e5f\u00f8ring er n\u00f8dvendig for \u00e5 opprettholde det forbedrede utseendet til \u00f8yevippene, siden seponering vil gradvis f\u00f8re dem tilbake til sin opprinnelige tilstand.<\/p>\n<h2>Hva skal jeg gj\u00f8re hvis jeg glemmer en dose Careprost 0.03 %?<\/h2>\n<p>Hvis du glemmer en dose Careprost 0.03 %, bruk det s\u00e5 snart du husker det, med mindre det nesten er tid for neste planlagte s\u00f8knad. I s\u00e5 fall, hopp over den glemte dosen og gjenoppta din vanlige doseringsplan. Det anbefales ikke \u00e5 doble dosene for \u00e5 gj\u00f8re opp for en ubesvart p\u00e5f\u00f8ring, da dette kan \u00f8ke risikoen for bivirkninger.<\/p>\n<p>Vedlikehold av en rutine og innstilling av p\u00e5minnelser kan bidra til \u00e5 sikre konsistent p\u00e5f\u00f8ring, noe som er avgj\u00f8rende for \u00e5 oppn\u00e5 de \u00f8nskede terapeutiske eller kosmetiske resultatene med Careprost 0.03 %.<\/p>\n<h2>Kreves en resept for \u00e5 kj\u00f8pe Careprost 0.03 %?<\/h2>\n<p>I mange land er Careprost 0.03 % er klassifisert som reseptbelagte medisiner, spesielt p\u00e5 grunn av dets bruk i behandling av glaukom og okul\u00e6r hypertensjon. En resept sikrer at helsepersonell har evaluert pasientens tilstand og bestemt at Careprost er et passende behandlingsalternativ.<\/p>\n<p>Men n\u00e5r det brukes til kosmetiske form\u00e5l, kan forskriftene variere, og det kan v\u00e6re tilgjengelig uten resept i visse regioner. Det er alltid tilr\u00e5delig \u00e5 konsultere en helsepersonell for \u00e5 diskutere de potensielle fordelene og risikoene forbundet med bruken.<\/p>\n<h2>Hvilke forholdsregler b\u00f8r tas n\u00e5r du bruker Careprost 0.03 %?<\/h2>\n<p>Mens du bruker Careprost 0.03 %, er det viktig \u00e5 opprettholde god hygiene, spesielt med applikatorer, for \u00e5 forhindre infeksjoner. Aldri gjenbruk eller del applikatorer, og s\u00f8rg for at hendene dine er rene f\u00f8r du h\u00e5ndterer l\u00f8sningen.<\/p>\n<p>Unng\u00e5 \u00e5 la pipettetuppen komme i kontakt med overflater, inkludert \u00f8yet eller fingrene, for \u00e5 forhindre kontaminering. Hvis du bruker kontaktlinser, fjern dem f\u00f8r p\u00e5f\u00f8ring og vent minst 15 minutter f\u00f8r du setter dem inn igjen. Regelmessige kontroller med helsepersonell vil hjelpe deg med \u00e5 overv\u00e5ke \u00f8yehelsen din og sikre behandlingens effektivitet.<\/p>\n<h2>Hvor kan jeg kj\u00f8pe Careprost 0.03 % trygt?<\/h2>\n<p>Careprost 0.03 % kan kj\u00f8pes gjennom lisensierte apotek og autoriserte nettforhandlere. Det er avgj\u00f8rende \u00e5 sikre at kilden er anerkjent for \u00e5 unng\u00e5 forfalskede produkter, som kan v\u00e6re ineffektive eller skadelige. \u00c5 se etter kundeanmeldelser og bekrefte legitimiteten til selgeren kan gi ytterligere sikkerhet.<\/p>\n<p>I noen regioner kan kj\u00f8p av Careprost kreve resept, s\u00e5 det er tilr\u00e5delig \u00e5 konsultere en helsepersonell som kan veilede deg om de beste og sikreste kj\u00f8psalternativene. Denne tiln\u00e6rmingen sikrer ikke bare kvaliteten p\u00e5 produktet, men st\u00f8tter ogs\u00e5 riktig bruk under medisinsk tilsyn.<\/p>\n","protected":false},"excerpt":{"rendered":"<p>Careprost 0.03% FAQ: topp 10 sp\u00f8rsm\u00e5l besvart Careprost 0.03% er en popul\u00e6r oftalmisk l\u00f8sning som brukes for ulike \u00f8yerelaterte tilstander, og \u00e5 forst\u00e5 dens bruk, bruk og forholdsregler er avgj\u00f8rende for sikre og effektive resultater. Hva er Careprost 0.03% og hvordan fungerer det? Careprost 0.03 % er en oftalmisk l\u00f8sning som inneholder bimatoprost, et syntetisk [&hellip;]<\/p>\n","protected":false},"author":1,"featured_media":0,"parent":0,"menu_order":0,"comment_status":"closed","ping_status":"closed","template":"","meta":{"footnotes":""},"class_list":["post-32428","page","type-page","status-publish","hentry"],"_links":{"self":[{"href":"https:\/\/mydainikkhabar.com\/index.php?rest_route=\/wp\/v2\/pages\/32428","targetHints":{"allow":["GET"]}}],"collection":[{"href":"https:\/\/mydainikkhabar.com\/index.php?rest_route=\/wp\/v2\/pages"}],"about":[{"href":"https:\/\/mydainikkhabar.com\/index.php?rest_route=\/wp\/v2\/types\/page"}],"author":[{"embeddable":true,"href":"https:\/\/mydainikkhabar.com\/index.php?rest_route=\/wp\/v2\/users\/1"}],"replies":[{"embeddable":true,"href":"https:\/\/mydainikkhabar.com\/index.php?rest_route=%2Fwp%2Fv2%2Fcomments&post=32428"}],"version-history":[{"count":1,"href":"https:\/\/mydainikkhabar.com\/index.php?rest_route=\/wp\/v2\/pages\/32428\/revisions"}],"predecessor-version":[{"id":32430,"href":"https:\/\/mydainikkhabar.com\/index.php?rest_route=\/wp\/v2\/pages\/32428\/revisions\/32430"}],"wp:attachment":[{"href":"https:\/\/mydainikkhabar.com\/index.php?rest_route=%2Fwp%2Fv2%2Fmedia&parent=32428"}],"curies":[{"name":"wp","href":"https:\/\/api.w.org\/{rel}","templated":true}]}}