{"id":32318,"date":"2026-03-24T23:54:34","date_gmt":"2026-03-24T23:54:34","guid":{"rendered":"https:\/\/mydainikkhabar.com\/?page_id=32318"},"modified":"2026-03-24T23:54:34","modified_gmt":"2026-03-24T23:54:34","slug":"zrozumienie-stromectolu-generic-przeglad","status":"publish","type":"page","link":"https:\/\/mydainikkhabar.com\/?page_id=32318","title":{"rendered":"Zrozumienie Stromectolu Generic: przegl\u0105d"},"content":{"rendered":"<h1>Stromectol Generic i alkohol\/\u017cywno\u015b\u0107: co jest bezpieczne, a co nie<\/h1>\n<p>Badaj\u0105c interakcje leku Stromectol Generic, alkoholu i \u017cywno\u015bci, w tym artykule przedstawiono wskaz\u00f3wki dotycz\u0105ce bezpiecznego stosowania i dostosowania stylu \u017cycia.<\/p>\n<h2>Zrozumienie Stromectolu Generic: przegl\u0105d<\/h2>\n<p>Stromectol Generic, znany naukowo jako iwermektyna, jest szeroko stosowany w leczeniu r\u00f3\u017cnych infekcji paso\u017cytniczych. Pierwotnie opracowany do zwalczania robak\u00f3w paso\u017cytniczych u zwierz\u0105t gospodarskich, uzyska\u0142 dopuszczenie do stosowania u ludzi w latach 80-tych. Obecnie odgrywa kluczow\u0105 rol\u0119 w leczeniu takich schorze\u0144, jak \u015blepota rzeczna i filarioza limfatyczna. Co wi\u0119cej, jego zakres rozszerzy\u0142 si\u0119 w miar\u0119 odkrywania przez badaczy jego potencja\u0142u w leczeniu innych schorze\u0144.<\/p>\n<p>Lek dzia\u0142a poprzez atakowanie okre\u015blonych paso\u017cyt\u00f3w w organizmie, zak\u0142\u00f3caj\u0105c ich uk\u0142ad nerwowy i prowadz\u0105c do ich ostatecznej \u015bmierci. Dzi\u0119ki swojej skuteczno\u015bci sta\u0142 si\u0119 podstaw\u0105 stosowania w wielu regionach dotkni\u0119tych chorobami paso\u017cytniczymi. Cz\u0119sto podawany doustnie, Stromectol Generic jest zazwyczaj dobrze tolerowany, ale jego interakcje z jedzeniem i alkoholem wymagaj\u0105 dok\u0142adnego rozwa\u017cenia.<\/p>\n<h2>Jak Stromectol Generic dzia\u0142a na organizm<\/h2>\n<p>Stromectol Generic dzia\u0142a poprzez wi\u0105zanie si\u0119 ze specyficznymi kana\u0142ami jonowymi paso\u017cyt\u00f3w, zwi\u0119kszaj\u0105c przepuszczalno\u015b\u0107 b\u0142ony kom\u00f3rkowej dla jon\u00f3w chlorkowych, co prowadzi do parali\u017cu i \u015bmierci paso\u017cyta. Mechanizm ten jest wysoce selektywny i oddzia\u0142uje wy\u0142\u0105cznie na paso\u017cyty, pozostawiaj\u0105c kom\u00f3rki ludzkie w du\u017cej mierze nietkni\u0119te. Dzia\u0142anie leku jest szybkie, cz\u0119sto rezultaty pojawiaj\u0105 si\u0119 w ci\u0105gu kilku dni od podania.<\/p>\n<p>Po spo\u017cyciu iwermektyna wch\u0142ania si\u0119 do krwiobiegu, gdzie jest rozprowadzana po ca\u0142ym organizmie. W\u0105troba odgrywa kluczow\u0105 rol\u0119 w metabolizowaniu leku, a metabolity s\u0105 wydalane z ka\u0142em. Okres p\u00f3\u0142trwania Stromectol Generic jest stosunkowo d\u0142ugi, co oznacza, \u017ce \u200b\u200blek pozostaje aktywny w organizmie przez d\u0142u\u017cszy okres, zapewniaj\u0105c d\u0142ugotrwa\u0142\u0105 ochron\u0119 przed infekcjami paso\u017cytniczymi.<\/p>\n<h2>Potencjalne skutki uboczne Stromectolu generycznego<\/h2>\n<p>Jak ka\u017cdy lek, Stromectol Generic mo\u017ce powodowa\u0107 dzia\u0142ania niepo\u017c\u0105dane, chocia\u017c og\u00f3lnie jest uwa\u017cany za bezpieczny, je\u015bli jest stosowany zgodnie z zaleceniami. Cz\u0119ste dzia\u0142ania niepo\u017c\u0105dane obejmuj\u0105 zawroty g\u0142owy, nudno\u015bci, \u0142agodn\u0105 wysypk\u0119 sk\u00f3rn\u0105 i b\u00f3le g\u0142owy. Objawy te s\u0105 zwykle przemijaj\u0105ce i ust\u0119puj\u0105 bez interwencji. Jednak\u017ce w rzadkich przypadkach mog\u0105 wyst\u0105pi\u0107 powa\u017cniejsze reakcje, takie jak zmiany widzenia lub ci\u0119\u017ckie reakcje sk\u00f3rne, wymagaj\u0105ce natychmiastowej pomocy lekarskiej.<\/p>\n<p>Pacjenci z chorobami w\u0105troby w wywiadzie lub przyjmuj\u0105cy inne leki wp\u0142ywaj\u0105ce na czynno\u015b\u0107 w\u0105troby powinni zachowa\u0107 ostro\u017cno\u015b\u0107. Nale\u017cy koniecznie monitorowa\u0107 wszelkie nowe objawy, kt\u00f3re pojawi\u0105 si\u0119 po rozpocz\u0119ciu leczenia i omawia\u0107 je z lekarzem, aby upewni\u0107 si\u0119, \u017ce nie wskazuj\u0105 one na powa\u017cniejszy stan.<\/p>\n<h2>Spo\u017cywanie alkoholu podczas stosowania leku Stromectol Generic: \u015brodki ostro\u017cno\u015bci<\/h2>\n<p>Chocia\u017c nie ma bezpo\u015brednich przeciwwskaza\u0144 do umiarkowanego spo\u017cycia alkoholu podczas stosowania leku Stromectol Generic, zaleca si\u0119 ostro\u017cno\u015b\u0107. Alkohol mo\u017ce zmienia\u0107 metabolizm lek\u00f3w w w\u0105trobie, potencjalnie wp\u0142ywaj\u0105c na przetwarzanie leku Stromectol Generic w organizmie. Ponadto sam alkohol mo\u017ce nasili\u0107 niekt\u00f3re dzia\u0142ania niepo\u017c\u0105dane zwi\u0105zane z lekiem, takie jak zawroty g\u0142owy i nudno\u015bci.<\/p>\n<p>Aby zminimalizowa\u0107 ryzyko, zaleca si\u0119 pacjentom ograniczenie spo\u017cycia alkoholu podczas stosowania leku Stromectol Generic. Je\u015bli nie mo\u017cna unikn\u0105\u0107 picia, najlepiej spo\u017cywa\u0107 alkohol z umiarem i monitorowa\u0107, czy nie wyst\u0119puj\u0105 nietypowe objawy. Zawsze rozwa\u017cnie jest skonsultowanie si\u0119 z pracownikiem s\u0142u\u017cby zdrowia w celu uzyskania spersonalizowanej porady dotycz\u0105cej spo\u017cycia alkoholu.<\/p>\n<h2>Interakcje pokarmowe ze Stromectolem Generic: czego nale\u017cy unika\u0107<\/h2>\n<p>Stromectol Generic najlepiej wch\u0142ania si\u0119 na czczo, poniewa\u017c pokarm mo\u017ce znacz\u0105co wp\u0142ywa\u0107 na szybko\u015b\u0107 wch\u0142aniania. Szczeg\u00f3lnie posi\u0142ki wysokot\u0142uszczowe mog\u0105 zwi\u0119ksza\u0107 biodost\u0119pno\u015b\u0107 leku, zmieniaj\u0105c jego skuteczno\u015b\u0107 i potencjalnie zwi\u0119kszaj\u0105c ryzyko wyst\u0105pienia dzia\u0142a\u0144 niepo\u017c\u0105danych. Og\u00f3lnie zaleca si\u0119 przyjmowanie leku co najmniej godzin\u0119 przed lub dwie godziny po posi\u0142ku.<\/p>\n<p>Pacjenci powinni by\u0107 \u015bwiadomi <a href=\"https:\/\/aptekaekspres.pl\/zamowienie-stromectol-generyczny-bez-recepty\">Stromectol Generyczny 12mg Cena<\/a> konkretnych produkt\u00f3w spo\u017cywczych, kt\u00f3re mog\u0105 wchodzi\u0107 w interakcje z lekiem. Chocia\u017c \u017caden konkretny pokarm nie jest \u015bci\u015ble zabroniony, \u015bwiadomo\u015b\u0107 wp\u0142ywu posi\u0142k\u00f3w na wch\u0142anianie leku mo\u017ce pom\u00f3c w zapewnieniu, \u017ce lek dzia\u0142a zgodnie z przeznaczeniem. Rozs\u0105dnym \u015brodkiem ostro\u017cno\u015bci jest unikanie zbyt t\u0142ustych posi\u0142k\u00f3w w okresie przyjmowania leku.<\/p>\n<h2>Bezpieczne praktyki dietetyczne podczas stosowania leku generycznego Stromectol<\/h2>\n<p>Podczas stosowania leku Stromectol Generic kluczowe znaczenie ma utrzymanie zbilansowanej diety. Dieta bogata w owoce, warzywa, chude bia\u0142ka i produkty pe\u0142noziarniste wspiera og\u00f3lny stan zdrowia i mo\u017ce pom\u00f3c w regeneracji organizmu po infekcjach paso\u017cytniczych. Odpowiednie nawodnienie jest r\u00f3wnie\u017c niezb\u0119dne, poniewa\u017c pomaga organizmowi przetwarza\u0107 leki i wyp\u0142ukiwa\u0107 toksyny.<\/p>\n<p>Pacjenci powinni skupi\u0107 si\u0119 na ustalaniu harmonogramu posi\u0142k\u00f3w zgodnie z wytycznymi dotycz\u0105cymi lek\u00f3w, upewniaj\u0105c si\u0119, \u017ce wch\u0142anianie leku nie jest zak\u0142\u00f3cane przez przyjmowanie pokarmu. Przestrzegaj\u0105c tych praktyk dietetycznych, mo\u017cna zoptymalizowa\u0107 skuteczno\u015b\u0107 leku Stromectol Generic, minimalizuj\u0105c jednocze\u015bnie potencjalne skutki uboczne.<\/p>\n<h2>Najcz\u0119stsze mity na temat leku generycznego Stromectol i alkoholu\/\u017cywno\u015bci<\/h2>\n<p>Istnieje kilka mit\u00f3w na temat Stromectolu Generic i jego interakcji z alkoholem i jedzeniem. Jednym z rozpowszechnionych mit\u00f3w jest to, \u017ce spo\u017cycie alkoholu mo\u017ce ca\u0142kowicie zniweczy\u0107 dzia\u0142anie leku. Chocia\u017c alkohol mo\u017ce wp\u0142ywa\u0107 na metabolizm leku, nie powoduje to, \u017ce staje si\u0119 on nieskuteczny.<\/p>\n<p>Innym b\u0142\u0119dnym przekonaniem jest to, \u017ce jakikolwiek pokarm spo\u017cyty w ci\u0105gu kilku godzin od za\u017cycia leku spowoduje powa\u017cne skutki uboczne. W rzeczywisto\u015bci bardziej krytycznymi kwestiami s\u0105 czas i sk\u0142ad posi\u0142k\u00f3w. Edukowanie pacjent\u00f3w na temat tych mit\u00f3w mo\u017ce pom\u00f3c w zmniejszeniu niepotrzebnego l\u0119ku i promowaniu przestrzegania protoko\u0142\u00f3w leczenia.<\/p>\n<h2>Zalecenia ekspert\u00f3w dotycz\u0105ce Stromectolu i wybor\u00f3w zwi\u0105zanych ze stylem \u017cycia<\/h2>\n<p>Pracownicy s\u0142u\u017cby zdrowia zalecaj\u0105 pacjentom przyj\u0119cie holistycznego podej\u015bcia podczas stosowania leku Stromectol Generic, bior\u0105c pod uwag\u0119 wyb\u00f3r stylu \u017cycia, kt\u00f3ry mo\u017ce mie\u0107 wp\u0142yw na wyniki leczenia. Obejmuje to monitorowanie spo\u017cycia alkoholu, utrzymywanie zbilansowanej diety i przestrzeganie zalecanych wytycznych dotycz\u0105cych stosowania lek\u00f3w.<\/p>\n<p>Eksperci podkre\u015blaj\u0105 tak\u017ce znaczenie otwartej komunikacji pomi\u0119dzy pacjentami a \u015bwiadczeniodawcami. Dzi\u0119ki temu mo\u017cna szybko zaj\u0105\u0107 si\u0119 wszelkimi potencjalnymi interakcjami lub w\u0105tpliwo\u015bciami, co pozwala na dostosowanie planu leczenia, je\u015bli to konieczne. Stosuj\u0105c si\u0119 do zalece\u0144 ekspert\u00f3w, pacjenci mog\u0105 zoptymalizowa\u0107 leczenie i osi\u0105gn\u0105\u0107 lepsze wyniki zdrowotne.<\/p>\n<h2>Zarz\u0105dzanie skutkami ubocznymi: wskaz\u00f3wki dla pacjent\u00f3w<\/h2>\n<p>Skuteczne zarz\u0105dzanie skutkami ubocznymi obejmuje po\u0142\u0105czenie proaktywnych \u015brodk\u00f3w i odpowiednich dzia\u0142a\u0144. Pacjenci powinni rozpocz\u0105\u0107 od zapoznania si\u0119 z potencjalnymi dzia\u0142aniami niepo\u017c\u0105danymi leku Stromectol Generic i dok\u0142adnego monitorowania wyst\u0119puj\u0105cych objaw\u00f3w. Prowadzenie dziennika objaw\u00f3w mo\u017ce pom\u00f3c w zidentyfikowaniu wzorc\u00f3w i czynnik\u00f3w wyzwalaj\u0105cych, u\u0142atwiaj\u0105c rozwi\u0105zywanie problem\u00f3w z lekarzem.<\/p>\n<p>W przypadku \u0142agodnych skutk\u00f3w ubocznych, takich jak b\u00f3le g\u0142owy lub nudno\u015bci, skuteczne mog\u0105 by\u0107 proste \u015brodki, takie jak nawodnienie, odpoczynek i dost\u0119pne bez recepty leki przeciwb\u00f3lowe. Je\u017celi jednak objawy s\u0105 powa\u017cniejsze lub uporczywe, nale\u017cy natychmiast zwr\u00f3ci\u0107 si\u0119 o pomoc lekarsk\u0105. Dobra informacja i przygotowanie umo\u017cliwiaj\u0105 pacjentom skuteczne radzenie sobie ze skutkami ubocznymi i utrzymanie jako\u015bci \u017cycia w trakcie leczenia.<\/p>\n<h2>Stromectol generyczny w po\u0142\u0105czeniu z innymi lekami<\/h2>\n<p>Stosowanie leku Stromectol Generic w po\u0142\u0105czeniu z innymi lekami wymaga starannego rozwa\u017cenia. Niekt\u00f3re leki mog\u0105 wchodzi\u0107 w interakcje z iwermektyn\u0105, wp\u0142ywaj\u0105c na jej skuteczno\u015b\u0107 lub zwi\u0119kszaj\u0105c ryzyko wyst\u0105pienia dzia\u0142a\u0144 niepo\u017c\u0105danych. Na przyk\u0142ad leki przetwarzane przez w\u0105trob\u0119 mog\u0105 konkurowa\u0107 ze Stromectolem Generic w zakresie metabolizmu, co prowadzi do zmiany poziomu leku w organizmie.<\/p>\n<p>Pacjenci powinni przekaza\u0107 lekarzom pe\u0142n\u0105 list\u0119 wszystkich przyjmowanych lek\u00f3w i suplement\u00f3w. Informacje te s\u0105 kluczowe dla identyfikacji potencjalnych interakcji i odpowiedniego dostosowania plan\u00f3w leczenia. Regularne kontrole i otwarta komunikacja ze \u015bwiadczeniodawcami mog\u0105 pom\u00f3c w skutecznym zarz\u0105dzaniu tymi interakcjami.<\/p>\n<h2>Monitorowanie stanu zdrowia podczas stosowania leku Stromectol Generic<\/h2>\n<p>Ci\u0105g\u0142e monitorowanie stanu zdrowia podczas stosowania leku Stromectol Generic jest niezb\u0119dne, aby zapewni\u0107 powodzenie leczenia i zminimalizowa\u0107 ryzyko. Regularne kontrole lekarskie pozwalaj\u0105 podmiotom \u015bwiadcz\u0105cym opiek\u0119 zdrowotn\u0105 \u015bledzi\u0107 post\u0119p leczenia i wprowadza\u0107 niezb\u0119dne korekty. Mo\u017cna przeprowadzi\u0107 badania krwi w celu monitorowania czynno\u015bci w\u0105troby, szczeg\u00f3lnie u pacjent\u00f3w z istniej\u0105cymi wcze\u015bniej chorobami w\u0105troby.<\/p>\n<p>Pacjenci powinni zachowa\u0107 czujno\u015b\u0107 w przypadku jakichkolwiek nowych lub nasilaj\u0105cych si\u0119 objaw\u00f3w i niezw\u0142ocznie je zg\u0142asza\u0107. To proaktywne podej\u015bcie pomaga we wczesnym wykrywaniu potencjalnych powik\u0142a\u0144, umo\u017cliwiaj\u0105c wczesn\u0105 interwencj\u0119. Pozostaj\u0105c na bie\u017c\u0105co i anga\u017cuj\u0105c si\u0119 w opiek\u0119 zdrowotn\u0105, pacjenci mog\u0105 osi\u0105gn\u0105\u0107 lepsze wyniki podczas stosowania leku Stromectol Generic.<\/p>\n<h2>Do\u015bwiadczenia pacjent\u00f3w: Stromectol generyczny i zmiany stylu \u017cycia<\/h2>\n<p>Wielu pacjent\u00f3w podzieli\u0142o si\u0119 swoimi do\u015bwiadczeniami ze stosowaniem leku Stromectol Generic, oferuj\u0105c cenne informacje na temat zmian w stylu \u017cycia, kt\u00f3re mog\u0105 poprawi\u0107 wyniki leczenia. Wsp\u00f3lne tematy obejmuj\u0105 znaczenie przestrzegania wytycznych dietetycznych i umiarkowanego spo\u017cycia alkoholu. Pacjenci cz\u0119sto zg\u0142aszaj\u0105 popraw\u0119 w leczeniu objaw\u00f3w, je\u015bli \u015bci\u015ble przestrzegaj\u0105 przepisanych wytycznych.<\/p>\n<p>Dzielenie si\u0119 do\u015bwiadczeniami z r\u00f3wie\u015bnikami lub za po\u015brednictwem grup wsparcia mo\u017ce r\u00f3wnie\u017c zapewni\u0107 zach\u0119t\u0119 i praktyczne wskaz\u00f3wki. Narracje te podkre\u015blaj\u0105 znaczenie personalizacji dostosowania stylu \u017cycia do indywidualnych potrzeb, przy jednoczesnym zachowaniu szerszych zalece\u0144 wydawanych przez pracownik\u00f3w s\u0142u\u017cby zdrowia.<\/p>\n<h2>Konsultacje z pracownikami s\u0142u\u017cby zdrowia: kiedy szuka\u0107 porady<\/h2>\n<p>Zawsze, gdy pacjenci maj\u0105 pytania lub w\u0105tpliwo\u015bci dotycz\u0105ce leczenia lekiem Stromectol Generic, niezb\u0119dna jest konsultacja z personelem medycznym. Szybka porada mo\u017ce zapobiec powik\u0142aniom i zapewni\u0107 skuteczno\u015b\u0107 leczenia. Pacjenci powinni zasi\u0119gn\u0105\u0107 porady, je\u015bli do\u015bwiadcz\u0105 nieoczekiwanych skutk\u00f3w ubocznych, je\u015bli nie s\u0105 pewni interakcji lek\u00f3w lub planuj\u0105 wprowadzenie znacz\u0105cych zmian w stylu \u017cycia.<\/p>\n<p>\u015awiadczeniodawcy mog\u0105 zaoferowa\u0107 dostosowane porady w oparciu o histori\u0119 medyczn\u0105 pacjenta i aktualny stan zdrowia. Regularne konsultacje pozwalaj\u0105 na monitorowanie post\u0119p\u00f3w leczenia i ewentualne korekty. Utrzymuj\u0105c otwart\u0105 komunikacj\u0119 z zespo\u0142em medycznym, pacjenci mog\u0105 bez obaw przechodzi\u0107 przez ca\u0142\u0105 drog\u0119 leczenia.<\/p>\n<h2>D\u0142ugoterminowe stosowanie leku generycznego Stromectol: wzgl\u0119dy bezpiecze\u0144stwa<\/h2>\n<p>Chocia\u017c Stromectol Generic jest zwykle stosowany w kr\u00f3tkotrwa\u0142ym leczeniu infekcji paso\u017cytniczych, w niekt\u00f3rych przypadkach mo\u017ce by\u0107 konieczne d\u0142ugotrwa\u0142e stosowanie. D\u0142ugotrwa\u0142e stosowanie wymaga starannego rozwa\u017cenia bezpiecze\u0144stwa i skuteczno\u015bci. Regularne monitorowanie czynno\u015bci w\u0105troby i innych parametr\u00f3w zdrowotnych ma kluczowe znaczenie dla zapobiegania potencjalnym powik\u0142aniom.<\/p>\n<p>Pacjenci leczeni d\u0142ugoterminowo powinni zachowa\u0107 czujno\u015b\u0107 w przestrzeganiu zalece\u0144 dotycz\u0105cych diety i stylu \u017cycia, aby wspiera\u0107 ich og\u00f3lny stan zdrowia. Ci\u0105g\u0142a komunikacja z podmiotami \u015bwiadcz\u0105cymi opiek\u0119 zdrowotn\u0105 gwarantuje szybkie rozwi\u0105zanie wszelkich pojawiaj\u0105cych si\u0119 problem\u00f3w, co pozwala na bezpieczne i skuteczne leczenie.<\/p>\n<h2>Przysz\u0142e kierunki bada\u0144 nad stromektolem i interakcjami dietetycznymi<\/h2>\n<p>Przysz\u0142e badania nad Stromectol Generic maj\u0105 na celu g\u0142\u0119bsze zbadanie jego interakcji z diet\u0105 i czynnikami stylu \u017cycia. Obecne badania badaj\u0105 dok\u0142adne mechanizmy, dzi\u0119ki kt\u00f3rym \u017cywno\u015b\u0107 i alkohol wp\u0142ywaj\u0105 na metabolizm leku, maj\u0105c na celu udoskonalenie istniej\u0105cych wytycznych w zakresie bezpieczniejszego stosowania.<\/p>\n<p>Istnieje nadzieja, \u017ce \u200b\u200bw miar\u0119 pojawiania si\u0119 nowych danych mo\u017cliwe b\u0119dzie opracowanie bardziej spersonalizowanych protoko\u0142\u00f3w leczenia, zwi\u0119kszaj\u0105cych skuteczno\u015b\u0107 leku i minimalizuj\u0105cych ryzyko. Trwaj\u0105ce badania przyczyni\u0105 si\u0119 do szerszego zrozumienia, w jaki spos\u00f3b Stromectol Generic mo\u017ce by\u0107 optymalnie stosowany w r\u00f3\u017cnych populacjach pacjent\u00f3w, toruj\u0105c drog\u0119 do poprawy wynik\u00f3w zdrowotnych na ca\u0142ym \u015bwiecie.<\/p>\n","protected":false},"excerpt":{"rendered":"<p>Stromectol Generic i alkohol\/\u017cywno\u015b\u0107: co jest bezpieczne, a co nie Badaj\u0105c interakcje leku Stromectol Generic, alkoholu i \u017cywno\u015bci, w tym artykule przedstawiono wskaz\u00f3wki dotycz\u0105ce bezpiecznego stosowania i dostosowania stylu \u017cycia. Zrozumienie Stromectolu Generic: przegl\u0105d Stromectol Generic, znany naukowo jako iwermektyna, jest szeroko stosowany w leczeniu r\u00f3\u017cnych infekcji paso\u017cytniczych. Pierwotnie opracowany do zwalczania robak\u00f3w paso\u017cytniczych u [&hellip;]<\/p>\n","protected":false},"author":1,"featured_media":0,"parent":0,"menu_order":0,"comment_status":"closed","ping_status":"closed","template":"","meta":{"footnotes":""},"class_list":["post-32318","page","type-page","status-publish","hentry"],"_links":{"self":[{"href":"https:\/\/mydainikkhabar.com\/index.php?rest_route=\/wp\/v2\/pages\/32318","targetHints":{"allow":["GET"]}}],"collection":[{"href":"https:\/\/mydainikkhabar.com\/index.php?rest_route=\/wp\/v2\/pages"}],"about":[{"href":"https:\/\/mydainikkhabar.com\/index.php?rest_route=\/wp\/v2\/types\/page"}],"author":[{"embeddable":true,"href":"https:\/\/mydainikkhabar.com\/index.php?rest_route=\/wp\/v2\/users\/1"}],"replies":[{"embeddable":true,"href":"https:\/\/mydainikkhabar.com\/index.php?rest_route=%2Fwp%2Fv2%2Fcomments&post=32318"}],"version-history":[{"count":1,"href":"https:\/\/mydainikkhabar.com\/index.php?rest_route=\/wp\/v2\/pages\/32318\/revisions"}],"predecessor-version":[{"id":32320,"href":"https:\/\/mydainikkhabar.com\/index.php?rest_route=\/wp\/v2\/pages\/32318\/revisions\/32320"}],"wp:attachment":[{"href":"https:\/\/mydainikkhabar.com\/index.php?rest_route=%2Fwp%2Fv2%2Fmedia&parent=32318"}],"curies":[{"name":"wp","href":"https:\/\/api.w.org\/{rel}","templated":true}]}}