{"id":29989,"date":"2026-03-24T11:00:56","date_gmt":"2026-03-24T11:00:56","guid":{"rendered":"https:\/\/mydainikkhabar.com\/?page_id=29989"},"modified":"2026-03-24T11:00:56","modified_gmt":"2026-03-24T11:00:56","slug":"intelegerea-reglementarilor-online-de-prescriptie-medicala-din-marea-britanie","status":"publish","type":"page","link":"https:\/\/mydainikkhabar.com\/?page_id=29989","title":{"rendered":"\u00cen\u021belegerea reglement\u0103rilor online de prescrip\u021bie medical\u0103 din Marea Britanie"},"content":{"rendered":"<h1>Cum s\u0103 cump\u0103ra\u021bi medicamente pe baz\u0103 de re\u021bet\u0103 \u00een siguran\u021b\u0103 de la farmacia noastr\u0103 online (Marea Britanie): ce s\u0103 \u0219ti\u021bi \u00eenainte de a comanda online<\/h1>\n<p>Navigarea \u00een lumea farmaciilor online poate fi descurajant\u0103, dar \u00een\u021belegerea aspectelor cheie asigur\u0103 achizi\u021bii sigure \u0219i sigure de medicamente eliberate pe baz\u0103 de re\u021bet\u0103 \u00een Marea Britanie.<\/p>\n<h2>\u00cen\u021belegerea reglement\u0103rilor online de prescrip\u021bie medical\u0103 din Marea Britanie<\/h2>\n<p>\u00cen Regatul Unit, v\u00e2nzarea online de medicamente eliberate pe baz\u0103 de re\u021bet\u0103 este guvernat\u0103 de reglement\u0103ri stricte pentru a proteja consumatorii. Agen\u021bia de Reglementare a Medicamentelor \u0219i a Produselor de S\u0103n\u0103tate (MHRA) joac\u0103 un rol esen\u021bial \u00een asigurarea faptului c\u0103 farmaciile online respect\u0103 cadrele legale necesare. Aceste reglement\u0103ri impun farmaciilor s\u0103 verifice dac\u0103 re\u021betele sunt eliberate de un medic \u00eenregistrat \u00eenainte de a elibera orice medicament.<\/p>\n<p>\u00cen plus, farmaciile online trebuie s\u0103 se \u00eenregistreze la Consiliul Farmaceutic General (GPhC) \u0219i s\u0103 afi\u0219eze sigla comun\u0103 a UE pe site-urile lor web. Acest logo \u00eenseamn\u0103 c\u0103 farmacia este autorizat\u0103 s\u0103 v\u00e2nd\u0103 medicamente online, asigur\u00e2ndu-se c\u0103 consumatorii cump\u0103r\u0103 dintr-o surs\u0103 legitim\u0103. \u00cen\u021belegerea acestor reglement\u0103ri \u00eei ajut\u0103 pe consumatori s\u0103 identifice farmaciile de \u00eencredere \u0219i s\u0103 evite produsele ilegale sau substandard.<\/p>\n<h2>Cum se verific\u0103 legitimitatea unei farmacii online<\/h2>\n<p>Pentru a verifica legitimitatea unei farmacii online, consumatorii ar trebui s\u0103 verifice mai \u00eent\u00e2i num\u0103rul de \u00eenregistrare GPhC. Acest num\u0103r poate fi \u00eencruci\u0219at cu registrul online al GPhC pentru a confirma legitimitatea farmaciei. \u00cen plus, prezen\u021ba logo-ului comun al UE, care se g\u0103se\u0219te de obicei pe pagina de pornire, este un alt indiciu al autenticit\u0103\u021bii.<\/p>\n<p>De asemenea, consumatorii ar trebui s\u0103 caute informa\u021bii de contact clare, inclusiv o adres\u0103 fizic\u0103 \u0219i un num\u0103r de telefon, care sugereaz\u0103 c\u0103 farmacia este transparent\u0103 \u0219i responsabil\u0103. Recenziile \u0219i m\u0103rturiile de la al\u021bi clien\u021bi pot oferi informa\u021bii despre fiabilitatea \u0219i calitatea serviciilor farmaciei, de\u0219i acestea ar trebui s\u0103 provin\u0103 de la platforme de recenzii reputate pentru a evita feedback-ul manipulat.<\/p>\n<h2>Rolul Consiliului General Farmaceutic<\/h2>\n<p>Consiliul Farmaceutic General (GPhC) este organismul de reglementare responsabil cu supravegherea farmaci\u0219tilor, tehnicienilor de farmacie \u0219i a sediilor farmaciilor din Marea Britanie. Rolul lor este de a se asigura c\u0103 farmaciile func\u021bioneaz\u0103 conform standardelor profesionale \u0219i cerin\u021belor legale, protej\u00e2nd astfel s\u0103n\u0103tatea public\u0103.<\/p>\n<p>Pentru farmaciile online, GPhC ofer\u0103 un cadru pentru practica etic\u0103 \u0219i monitorizeaz\u0103 conformitatea prin inspec\u021bii \u0219i audituri. Supravegherea GPhC ajut\u0103 la men\u021binerea \u00eencrederii consumatorilor \u00een serviciile farmaceutice online, asigur\u00e2ndu-se c\u0103 medicamentele sunt eliberate \u00een siguran\u021b\u0103 \u0219i \u00een mod adecvat.<\/p>\n<h2>Beneficiile achizi\u021bion\u0103rii online de medicamente pe baz\u0103 de prescrip\u021bie medical\u0103<\/h2>\n<p>Achizi\u021bionarea online de medicamente eliberate pe baz\u0103 de re\u021bet\u0103 ofer\u0103 mai multe avantaje, \u00een principal confort \u0219i accesibilitate. Pentru persoanele cu probleme de mobilitate sau pentru cei care locuiesc \u00een zone \u00eendep\u0103rtate, farmaciile online ofer\u0103 un serviciu vital care le permite s\u0103 ob\u021bin\u0103 medicamentele necesare f\u0103r\u0103 a fi nevoie s\u0103 c\u0103l\u0103toreasc\u0103.<\/p>\n<p>Farmaciile online ofer\u0103 adesea pre\u021buri competitive \u0219i reduceri exclusive, f\u0103c\u00e2ndu-le o op\u021biune atractiv\u0103 pentru consumatorii aten\u021bi la costuri. \u00cen plus, capacitatea de a compara produse \u0219i de a citi informa\u021bii detaliate online \u00eei d\u0103 pacien\u021bilor putere s\u0103 ia decizii \u00een cuno\u0219tin\u021b\u0103 de cauz\u0103 cu privire la nevoile lor de asisten\u021b\u0103 medical\u0103.<\/p>\n<h2>Recunoa\u0219terea steaguri ro\u0219ii \u00een farmaciile online<\/h2>\n<p>Anumite semne de avertizare pot indica <a href=\"https:\/\/solutiisanatate.com\/\">https:\/\/solutiisanatate.com\/<\/a> faptul c\u0103 o farmacie online nu este legitim\u0103. Un semnal ro\u0219u major este absen\u021ba unei cerin\u021be pentru o re\u021bet\u0103. Farmaciile legitime din Regatul Unit vor solicita \u00eentotdeauna o re\u021bet\u0103 valabil\u0103 de la un furnizor de asisten\u021b\u0103 medical\u0103 \u00eenregistrat \u00eenainte de a elibera medicamente.<\/p>\n<p>Alte semne de urm\u0103rit includ pre\u021buri care par prea bune pentru a fi adev\u0103rate, lipsa adresei fizice sau a informa\u021biilor de contact \u0219i securitatea slab\u0103 a site-ului. Consumatorii ar trebui s\u0103 evite farmaciile care se angajeaz\u0103 \u00een tactici de marketing agresive sau e-mailurile nesolicitate care ofer\u0103 medicamente eliberate pe baz\u0103 de re\u021bet\u0103.<\/p>\n<h2>Cum s\u0103 v\u0103 asigura\u021bi c\u0103 datele dvs. personale sunt \u00een siguran\u021b\u0103<\/h2>\n<p>Securitatea datelor este o preocupare primordial\u0103 atunci c\u00e2nd cump\u0103ra\u021bi medicamente online. Consumatorii trebuie s\u0103 se asigure c\u0103 site-ul farmaciei folose\u0219te tehnologie de criptare securizat\u0103, indicat\u0103 printr-un simbol de lac\u0103t \u0219i &quot;https&quot; \u00een adresa URL. Acest lucru asigur\u0103 c\u0103 informa\u021biile personale \u0219i de plat\u0103 sunt transmise \u00een siguran\u021b\u0103.<\/p>\n<p>De asemenea, este recomandabil s\u0103 folosi\u021bi parole puternice \u0219i unice pentru conturile de farmacie online \u0219i s\u0103 monitoriza\u021bi \u00een mod regulat extrasele bancare pentru orice tranzac\u021bie neautorizat\u0103. A fi vigilent cu privire la securitatea datelor poate proteja \u00eempotriva furtului de identitate \u0219i a fraudei financiare.<\/p>\n<h2>Sfaturi pentru compararea pre\u021burilor \u0219i ofertelor online<\/h2>\n<p>Compararea pre\u021burilor \u0219i ofertelor din diferite farmacii online poate duce la economii semnificative. Consumatorii ar trebui s\u0103 priveasc\u0103 dincolo de pre\u021bul medicamentului \u00een sine \u0219i s\u0103 ia \u00een considerare factori suplimentari, cum ar fi costurile de transport, termenele de livrare \u0219i politicile de returnare.<\/p>\n<p>Abonarea la buletine informative de la farmacii de renume poate oferi actualiz\u0103ri despre oferte speciale \u0219i reduceri. Cu toate acestea, este important s\u0103 r\u0103m\u00e2ne\u021bi precaut \u0219i s\u0103 verifica\u021bi legitimitatea oric\u0103ror oferte care par excesiv de generoase, deoarece acestea pot fi asociate cu opera\u021biuni frauduloase.<\/p>\n<h2>\u00cen\u021belegerea cerin\u021belor de prescrip\u021bie pentru comenzile online<\/h2>\n<p>\u00cen Marea Britanie, este necesar\u0103 o re\u021bet\u0103 valabil\u0103 pentru achizi\u021bionarea online de medicamente eliberate pe baz\u0103 de re\u021bet\u0103. Aceast\u0103 re\u021bet\u0103 trebuie s\u0103 fie eliberat\u0103 de un profesionist din domeniul s\u0103n\u0103t\u0103\u021bii \u00eenregistrat, cum ar fi un medic de familie sau un specialist, \u0219i trebuie prezentat\u0103 la farmacie fie ca copie pe h\u00e2rtie, fie electronic.<\/p>\n<p>Farmaciile online solicit\u0103 adesea clien\u021bilor s\u0103 \u00ee\u0219i creeze un cont \u0219i s\u0103-\u0219i \u00eencarce re\u021beta \u00eenainte de a procesa o comand\u0103. Acest proces asigur\u0103 c\u0103 farmacia elibereaz\u0103 medicamente \u00een mod responsabil \u0219i \u00een conformitate cu standardele legale.<\/p>\n<h2>Cum s\u0103 depozita\u021bi \u0219i s\u0103 arunca\u021bi \u00een siguran\u021b\u0103 medicamentele acas\u0103<\/h2>\n<p>Depozitarea adecvat\u0103 a medicamentelor la domiciliu este crucial\u0103 pentru men\u021binerea eficacit\u0103\u021bii \u0219i siguran\u021bei acestora. Medicamentele trebuie p\u0103strate \u00eentr-un loc r\u0103coros, uscat, ferit de lumina direct\u0103 a soarelui \u0219i la \u00eendem\u00e2na copiilor \u0219i a animalelor de companie. Unele medicamente pot necesita refrigerare; este important s\u0103 urma\u021bi instruc\u021biunile de p\u0103strare furnizate de farmacie sau furnizorul de asisten\u021b\u0103 medical\u0103.<\/p>\n<p>Eliminarea medicamentelor neutilizate sau expirate trebuie f\u0103cut\u0103 \u00een mod responsabil pentru a preveni ingestia accidental\u0103 sau deteriorarea mediului. Multe farmacii ofer\u0103 programe de preluare \u00een care consumatorii pot returna medicamentele nedorite pentru eliminarea \u00een siguran\u021b\u0103. Alternativ, serviciile locale de gestionare a de\u0219eurilor pot oferi \u00eendrum\u0103ri cu privire la op\u021biunile de eliminare.<\/p>\n<h2>Cum s\u0103 rezolvi problemele cu comenzile de farmacie online<\/h2>\n<p>Ocazional, pot ap\u0103rea probleme cu comenzile de farmacie online, cum ar fi primirea de medicamente gre\u0219ite sau \u00eent\u00e2rzieri. Contactarea direct\u0103 a farmaciei este de obicei primul pas pentru rezolvarea acestor probleme. Majoritatea farmaciilor de renume au echipe de servicii pentru clien\u021bi care pot asista cu \u00eentreb\u0103ri \u0219i pot corecta erorile.<\/p>\n<p>Dac\u0103 nu se ajunge la o solu\u021bie satisf\u0103c\u0103toare, consumatorii pot solicita asisten\u021b\u0103 de la GPhC sau de la alte organiza\u021bii de protec\u021bie a consumatorilor. Documentarea comunic\u0103rilor \u0219i p\u0103strarea chitan\u021belor pot sprijini orice preten\u021bii sau dispute care pot ap\u0103rea.<\/p>\n<h2>Importan\u021ba consult\u0103rii cu profesioni\u0219tii din domeniul s\u0103n\u0103t\u0103\u021bii<\/h2>\n<p>\u00cen timp ce farmaciile online ofer\u0103 confort, consultarea profesioni\u0219tilor din domeniul s\u0103n\u0103t\u0103\u021bii r\u0103m\u00e2ne esen\u021bial\u0103. Medicii, farmaci\u0219tii \u0219i al\u021bi furnizori de asisten\u021b\u0103 medical\u0103 pot oferi sfaturi personalizate, pot evalua oportunitatea unui medicament \u0219i pot discuta poten\u021biale efecte secundare sau interac\u021biuni.<\/p>\n<p>Pacien\u021bii trebuie s\u0103 men\u021bin\u0103 o comunicare deschis\u0103 cu echipa lor de asisten\u021b\u0103 medical\u0103 \u0219i s\u0103 raporteze orice reac\u021bii adverse sau \u00eengrijor\u0103ri legate de medica\u021bia lor. Aceast\u0103 abordare de colaborare asigur\u0103 c\u0103 pacien\u021bii primesc \u00eengrijire cuprinz\u0103toare \u0219i iau decizii informate cu privire la s\u0103n\u0103tatea lor.<\/p>\n<h2>Cum s\u0103 raportezi farmaciile online suspecte<\/h2>\n<p>Dac\u0103 o farmacie online pare suspect\u0103, raportarea acesteia c\u0103tre autorit\u0103\u021bile competente este crucial\u0103 pentru protejarea altor consumatori. MHRA ofer\u0103 canale pentru raportarea farmaciilor online ilegale, iar GPhC poate investiga farmaciile \u00eenregistrate care ar putea \u00eenc\u0103lca standardele.<\/p>\n<p>Consumatorii pot raporta, de asemenea, activit\u0103\u021bile frauduloase c\u0103tre Action Fraud, centrul na\u021bional de raportare a fraudelor \u0219i criminalit\u0103\u021bii cibernetice din Regatul Unit. Prin raportarea activit\u0103\u021bilor suspecte, consumatorii contribuie la efortul mai larg de a combate practicile farmaceutice ilegale \u0219i de a spori siguran\u021ba pie\u021bei online.<\/p>\n<h2>Tendin\u021be viitoare \u00een serviciile de farmacie online \u00een Marea Britanie<\/h2>\n<p>Peisajul serviciilor de farmacie online din Marea Britanie evolueaz\u0103 continuu, tendin\u021bele viitoare care se vor concentra probabil pe progresele tehnologice \u0219i pe experien\u021be \u00eembun\u0103t\u0103\u021bite ale clien\u021bilor. Se a\u0219teapt\u0103 ca inova\u021bii precum telemedicina \u0219i medicina personalizat\u0103 bazat\u0103 pe inteligen\u021b\u0103 artificial\u0103 s\u0103 se integreze \u00een continuare cu serviciile de farmacie online, oferind solu\u021bii de asisten\u021b\u0103 medical\u0103 mai cuprinz\u0103toare.<\/p>\n<p>\u00cen plus, accentul tot mai mare pe practicile durabile poate duce la ambalaje \u0219i op\u021biuni de livrare mai ecologice. Pe m\u0103sur\u0103 ce solu\u021biile de s\u0103n\u0103tate digital\u0103 se extind, farmaciile online sunt gata s\u0103 joace un rol esen\u021bial \u00een viitorul furniz\u0103rii de servicii medicale, oferind o mai mare accesibilitate \u0219i confort pacien\u021bilor din Marea Britanie.<\/p>\n","protected":false},"excerpt":{"rendered":"<p>Cum s\u0103 cump\u0103ra\u021bi medicamente pe baz\u0103 de re\u021bet\u0103 \u00een siguran\u021b\u0103 de la farmacia noastr\u0103 online (Marea Britanie): ce s\u0103 \u0219ti\u021bi \u00eenainte de a comanda online Navigarea \u00een lumea farmaciilor online poate fi descurajant\u0103, dar \u00een\u021belegerea aspectelor cheie asigur\u0103 achizi\u021bii sigure \u0219i sigure de medicamente eliberate pe baz\u0103 de re\u021bet\u0103 \u00een Marea Britanie. \u00cen\u021belegerea reglement\u0103rilor online [&hellip;]<\/p>\n","protected":false},"author":1,"featured_media":0,"parent":0,"menu_order":0,"comment_status":"closed","ping_status":"closed","template":"","meta":{"footnotes":""},"class_list":["post-29989","page","type-page","status-publish","hentry"],"_links":{"self":[{"href":"https:\/\/mydainikkhabar.com\/index.php?rest_route=\/wp\/v2\/pages\/29989","targetHints":{"allow":["GET"]}}],"collection":[{"href":"https:\/\/mydainikkhabar.com\/index.php?rest_route=\/wp\/v2\/pages"}],"about":[{"href":"https:\/\/mydainikkhabar.com\/index.php?rest_route=\/wp\/v2\/types\/page"}],"author":[{"embeddable":true,"href":"https:\/\/mydainikkhabar.com\/index.php?rest_route=\/wp\/v2\/users\/1"}],"replies":[{"embeddable":true,"href":"https:\/\/mydainikkhabar.com\/index.php?rest_route=%2Fwp%2Fv2%2Fcomments&post=29989"}],"version-history":[{"count":1,"href":"https:\/\/mydainikkhabar.com\/index.php?rest_route=\/wp\/v2\/pages\/29989\/revisions"}],"predecessor-version":[{"id":29991,"href":"https:\/\/mydainikkhabar.com\/index.php?rest_route=\/wp\/v2\/pages\/29989\/revisions\/29991"}],"wp:attachment":[{"href":"https:\/\/mydainikkhabar.com\/index.php?rest_route=%2Fwp%2Fv2%2Fmedia&parent=29989"}],"curies":[{"name":"wp","href":"https:\/\/api.w.org\/{rel}","templated":true}]}}