{"id":29700,"date":"2026-03-24T08:17:50","date_gmt":"2026-03-24T08:17:50","guid":{"rendered":"https:\/\/mydainikkhabar.com\/?page_id=29700"},"modified":"2026-03-24T08:17:50","modified_gmt":"2026-03-24T08:17:50","slug":"pochopenie-cialis-generic-a-jeho-pouzitia","status":"publish","type":"page","link":"https:\/\/mydainikkhabar.com\/?page_id=29700","title":{"rendered":"Pochopenie Cialis Generic a jeho pou\u017eitia"},"content":{"rendered":"<h1>Cialis Generic: pokyny, recenzie a tipy lek\u00e1rov<\/h1>\n<p>Cialis Generic pon\u00faka n\u00e1kladovo efekt\u00edvnu alternat\u00edvu na lie\u010dbu erektilnej dysfunkcie, ale pochopenie jej pou\u017eitia, \u00fa\u010dinkov a \u00favah je pre pou\u017e\u00edvate\u013eov k\u013e\u00fa\u010dov\u00e9.<\/p>\n<h2>Pochopenie Cialis Generic a jeho pou\u017eitia<\/h2>\n<p>Cialis Generic je liek, ktor\u00fd sa prim\u00e1rne pou\u017e\u00edva na lie\u010dbu erektilnej dysfunkcie (ED) a v niektor\u00fdch pr\u00edpadoch aj ben\u00edgnej hyperpl\u00e1zie prostaty (BPH). Ako generick\u00e1 forma tadalafilu funguje tak, \u017ee zvy\u0161uje prietok krvi do \u0161pecifick\u00fdch oblast\u00ed tela, najm\u00e4 do penisu, \u010d\u00edm pom\u00e1ha udr\u017eiava\u0165 erekciu. Liek si z\u00edskal popularitu v\u010faka svojej cenovej dostupnosti v porovnan\u00ed so zna\u010dkovou verziou Cialis, v\u010faka \u010domu je dostupn\u00fd \u0161ir\u0161iemu okruhu pacientov.<\/p>\n<p>Zatia\u013e \u010do jeho prim\u00e1rne pou\u017eitie zost\u00e1va pri lie\u010dbe ED, Cialis Generic mo\u017eno predp\u00edsa\u0165 aj na rie\u0161enie sympt\u00f3mov BPH, ako s\u00fa \u0165a\u017ekosti s mo\u010den\u00edm, zv\u00fd\u0161en\u00e1 frekvencia a nutkanie na mo\u010denie. Jeho v\u0161estrannos\u0165 pri lie\u010dbe t\u00fdchto stavov z neho rob\u00ed cenn\u00fa mo\u017enos\u0165 pre jednotlivcov, ktor\u00ed h\u013eadaj\u00fa komplexn\u00fa starostlivos\u0165 o urologick\u00e9 probl\u00e9my.<\/p>\n<h2>Ako Cialis Generic p\u00f4sob\u00ed v tele<\/h2>\n<p>Cialis Generic p\u00f4sob\u00ed inhib\u00edciou enz\u00fdmu fosfodiester\u00e1zy typu 5 (PDE5), ktor\u00fd sa nach\u00e1dza v bunk\u00e1ch hladk\u00e9ho svalstva penisu. Tento \u00fa\u010dinok zabra\u0148uje rozkladu cyklick\u00e9ho guanoz\u00ednmonofosf\u00e1tu (cGMP), molekuly, ktor\u00e1 ovplyv\u0148uje prietok krvi a svalov\u00fa relax\u00e1ciu. Udr\u017eiavan\u00edm vy\u0161\u0161\u00edch hlad\u00edn cGMP sa krvn\u00e9 cievy v penise roz\u0161iruj\u00fa, \u010do u\u013eah\u010duje erekciu ako odpove\u010f na sexu\u00e1lnu stimul\u00e1ciu.<\/p>\n<p>\u00da\u010dinky Cialis Generic m\u00f4\u017eu trva\u0165 a\u017e 36 hod\u00edn, \u010d\u00edm si vysl\u00fa\u017eili prez\u00fdvku &quot;v\u00edkendov\u00e1 tabletka.&quot; Toto pred\u013a\u017een\u00e9 trvanie je v\u00fdznamnou v\u00fdhodou oproti in\u00fdm liekom na ED, \u010do umo\u017e\u0148uje v\u00e4\u010d\u0161iu spont\u00e1nnos\u0165 v sexu\u00e1lnej aktivite. Je v\u0161ak nevyhnutn\u00e9 poznamena\u0165, \u017ee sexu\u00e1lne vzru\u0161enie je st\u00e1le potrebn\u00e9, aby liek fungoval efekt\u00edvne.<\/p>\n<h2>N\u00e1vod na d\u00e1vkovanie Cialis Generic<\/h2>\n<p>Pri u\u017e\u00edvan\u00ed Cialis Generic je d\u00f4le\u017eit\u00e9 dodr\u017eiava\u0165 predp\u00edsan\u00e9 d\u00e1vkovanie, aby bola zaisten\u00e1 bezpe\u010dnos\u0165 a \u00fa\u010dinnos\u0165. Zvy\u010dajne je liek dostupn\u00fd v d\u00e1vkach 2.5 mg, 5 mg, 10 mg a 20 mg. Pre v\u00e4\u010d\u0161inu mu\u017eov sa odpor\u00fa\u010da \u00favodn\u00e1 d\u00e1vka 10 mg, ktor\u00e1 sa u\u017e\u00edva najmenej 30 min\u00fat pred sexu\u00e1lnou aktivitou. Poskytovate\u013e zdravotnej starostlivosti m\u00f4\u017ee d\u00e1vku upravi\u0165 na z\u00e1klade individu\u00e1lnej odpovede a tolerancie.<\/p>\n<p>Na ka\u017edodenn\u00e9 pou\u017eitie ni\u017e\u0161ia d\u00e1vka 2.5 mg alebo 5 mg mo\u017eno predp\u00edsa\u0165 na udr\u017eanie pripravenosti na sexu\u00e1lnu aktivitu kedyko\u013evek. Je d\u00f4le\u017eit\u00e9 neprekra\u010dova\u0165 odpor\u00fa\u010dan\u00fa d\u00e1vku alebo neu\u017e\u00edva\u0165 liek \u010dastej\u0161ie, ako sa odpor\u00fa\u010da, preto\u017ee to m\u00f4\u017ee zv\u00fd\u0161i\u0165 riziko ne\u017eiaducich \u00fa\u010dinkov.<\/p>\n<h2>Potenci\u00e1lne ved\u013eaj\u0161ie \u00fa\u010dinky Cialis Generic<\/h2>\n<p>Tak ako v\u0161etky lieky, aj Cialis Generic m\u00f4\u017ee sp\u00f4sobova\u0165 ved\u013eaj\u0161ie \u00fa\u010dinky, hoci sa neprejavia u ka\u017ed\u00e9ho. \u010cast\u00e9 ved\u013eaj\u0161ie \u00fa\u010dinky zah\u0155\u0148aj\u00fa bolesti hlavy, s\u010dervenanie tv\u00e1re, upchat\u00fd nos a poruchy tr\u00e1venia. Tieto s\u00fa zvy\u010dajne mierne a maj\u00fa tendenciu klesa\u0165, ke\u010f sa telo prisp\u00f4sobuje lieku.<\/p>\n<p>Z\u00e1va\u017enej\u0161ie ved\u013eaj\u0161ie \u00fa\u010dinky, hoci s\u00fa zriedkav\u00e9, m\u00f4\u017eu zah\u0155\u0148a\u0165 n\u00e1hlu stratu zraku alebo sluchu, erekciu trvaj\u00facu viac ako \u0161tyri hodiny (priapizmus) a boles\u0165 na hrudn\u00edku. Ak sa niektor\u00fd z nich vyskytne, je potrebn\u00e1 okam\u017eit\u00e1 lek\u00e1rska pomoc. Pacienti by si mali by\u0165 vedom\u00ed toho, ako ich telo reaguje na liek, a ak sa u nich vyskytn\u00fa nejak\u00e9 nezvy\u010dajn\u00e9 pr\u00edznaky, mali by sa poradi\u0165 s lek\u00e1rom.<\/p>\n<h2>Porovnanie Cialis Generic a Cialis zna\u010dky Cialis<\/h2>\n<p>Jedn\u00fdm z hlavn\u00fdch rozdielov medzi Cialis Generic a zna\u010dkou Cialis je cena. Generick\u00e9 verzie s\u00fa vo v\u0161eobecnosti lacnej\u0161ie kv\u00f4li nedostatku marketingov\u00fdch a v\u00fdvojov\u00fdch n\u00e1kladov. Oba v\u0161ak obsahuj\u00fa rovnak\u00fa \u00fa\u010dinn\u00fa l\u00e1tku, tadalafil, a pova\u017euj\u00fa sa za rovnako \u00fa\u010dinn\u00e9 pri lie\u010dbe ED.<\/p>\n<p>Pacienti si m\u00f4\u017eu v\u0161imn\u00fa\u0165 rozdiely v balen\u00ed <a href=\"https:\/\/slovenskolekaren.com\/kupit-cialis-genericke-online-bez-lekarskeho-predpisu\">https:\/\/slovenskolekaren.com\/kupit-cialis-genericke-online-bez-lekarskeho-predpisu<\/a> alebo neakt\u00edvnych zlo\u017ek\u00e1ch, ale terapeutick\u00e9 \u00fa\u010dinky zost\u00e1vaj\u00fa rovnak\u00e9. V\u010faka tejto rovnocennosti je Cialis Generic ob\u013e\u00fabenou vo\u013ebou medzi pacientmi, ktor\u00ed h\u013eadaj\u00fa \u00fa\u010dinn\u00fa lie\u010dbu ED bez finan\u010dnej z\u00e1\u0165a\u017ee zna\u010dkov\u00fdch mo\u017enost\u00ed.<\/p>\n<h2>Recenzie a sk\u00fasenosti pacientov s Cialis Generic<\/h2>\n<p>Recenzie pacientov na Cialis Generic s\u00fa vo v\u0161eobecnosti pozit\u00edvne, pri\u010dom mnoh\u00ed pou\u017e\u00edvatelia uv\u00e1dzaj\u00fa spokojnos\u0165 s cenovou dostupnos\u0165ou a \u00fa\u010dinnos\u0165ou lieku. Pred\u013a\u017een\u00e1 doba p\u00f4sobenia je \u010dasto zd\u00f4raz\u0148ovan\u00e1 ako k\u013e\u00fa\u010dov\u00e1 v\u00fdhoda, ktor\u00e1 poskytuje flexibilitu a zni\u017euje tlak z \u010dasov\u00fdch obmedzen\u00ed po\u010das int\u00edmnych chv\u00ed\u013e.<\/p>\n<p>Niektor\u00ed pacienti zaznamenali po\u010diato\u010dn\u00e9 ved\u013eaj\u0161ie \u00fa\u010dinky, ako s\u00fa mierne bolesti hlavy alebo nevo\u013enos\u0165, ale tieto \u010dasto ust\u00fapia pri \u010fal\u0161om u\u017e\u00edvan\u00ed. .<\/p>\n<h2>D\u00f4le\u017eit\u00e9 \u00favahy pred u\u017eit\u00edm Cialis Generic<\/h2>\n<p>Pred za\u010dat\u00edm u\u017e\u00edvania Cialis Generic by sa pacienti mali podrobi\u0165 d\u00f4kladn\u00e9mu lek\u00e1rskemu vy\u0161etreniu, aby sa zabezpe\u010dilo, \u017ee liek je vhodn\u00fd pre ich stav. Je d\u00f4le\u017eit\u00e9 zverejni\u0165 ak\u00e9ko\u013evek existuj\u00face zdravotn\u00e9 \u0165a\u017ekosti, ako s\u00fa srdcov\u00e9 probl\u00e9my alebo ochorenie pe\u010dene, preto\u017ee m\u00f4\u017eu ovplyvni\u0165 vhodnos\u0165 lieku.<\/p>\n<p>Okrem toho by pacienti mali informova\u0165 svojho poskytovate\u013ea zdravotnej starostlivosti o ak\u00fdchko\u013evek in\u00fdch liekoch alebo doplnkoch, ktor\u00e9 u\u017e\u00edvaj\u00fa, preto\u017ee by sa mohli vyskytn\u00fa\u0165 interakcie. Tento proakt\u00edvny pr\u00edstup pom\u00e1ha predch\u00e1dza\u0165 ne\u017eiaducim reakci\u00e1m a zais\u0165uje bezpe\u010dn\u00e9 pou\u017e\u00edvanie Cialis Generic.<\/p>\n<h2>Lek\u00e1rske tipy na maximaliz\u00e1ciu generickej \u00fa\u010dinnosti Cialisu<\/h2>\n<p>Lek\u00e1ri \u010dasto odpor\u00fa\u010daj\u00fa pacientom u\u017e\u00edva\u0165 Cialis Generic na pr\u00e1zdny \u017eal\u00fadok alebo po \u013eahkom jedle, aby sa zv\u00fd\u0161ila absorpcia a \u00fa\u010dinnos\u0165. D\u00f4slednos\u0165 v na\u010dasovan\u00ed m\u00f4\u017ee tie\u017e pom\u00f4c\u0165 telu prisp\u00f4sobi\u0165 sa lieku, \u010d\u00edm sa \u010dasom zlep\u0161\u00ed \u00fa\u010dinnos\u0165.<\/p>\n<p>Udr\u017eiavanie zdrav\u00e9ho \u017eivotn\u00e9ho \u0161t\u00fdlu vr\u00e1tane pravideln\u00e9ho cvi\u010denia a vyv\u00e1\u017eenej stravy m\u00f4\u017ee \u010falej podpori\u0165 \u00fa\u010dinnos\u0165 lieku. Zn\u00ed\u017eenie spotreby alkoholu a vyh\u00fdbanie sa neleg\u00e1lnym drog\u00e1m m\u00f4\u017ee tie\u017e zmierni\u0165 potenci\u00e1lne negat\u00edvne interakcie s Cialis Generic.<\/p>\n<h2>Interakcie medzi generikom Cialis a in\u00fdmi liekmi<\/h2>\n<p>Cialis Generic m\u00f4\u017ee interagova\u0165 s r\u00f4znymi liekmi, \u010do m\u00f4\u017ee zmeni\u0165 jeho \u00fa\u010dinnos\u0165 alebo zv\u00fd\u0161i\u0165 riziko ne\u017eiaducich \u00fa\u010dinkov. Najm\u00e4 dusi\u010dnany pou\u017e\u00edvan\u00e9 pri srdcov\u00fdch ochoreniach m\u00f4\u017eu sp\u00f4sobi\u0165 nebezpe\u010dn\u00fd pokles krvn\u00e9ho tlaku v kombin\u00e1cii s Cialis Generic. Preto sa tejto kombin\u00e1cii treba vyhn\u00fa\u0165.<\/p>\n<p>In\u00e9 lieky, ako s\u00fa alfa-blok\u00e1tory, antimykotik\u00e1 a niektor\u00e9 antibiotik\u00e1, m\u00f4\u017eu tie\u017e interagova\u0165 s Cialis Generic. Pacienti by sa mali v\u017edy poradi\u0165 so svoj\u00edm poskytovate\u013eom zdravotnej starostlivosti, aby skontrolovali svoj zoznam liekov a ubezpe\u010dili sa, \u017ee neexistuj\u00fa \u017eiadne kontraindik\u00e1cie.<\/p>\n<h2>Cialis Generic pre erektiln\u00fa dysfunkciu: Komplexn\u00fd sprievodca<\/h2>\n<p>Erektiln\u00e1 dysfunkcia m\u00f4\u017ee v\u00fdznamne ovplyvni\u0165 kvalitu \u017eivota jednotlivca, ovplyvni\u0165 seba\u00factu a int\u00edmne vz\u0165ahy. Cialis Generic pon\u00faka spo\u013eahliv\u00e9 rie\u0161enie, ktor\u00e9 pom\u00e1ha obnovi\u0165 sexu\u00e1lne funkcie a sebavedomie. Je nevyhnutn\u00e9, aby pacienti pochopili, ako liek spr\u00e1vne pou\u017e\u00edva\u0165, a aby si boli vedom\u00ed jeho \u00fa\u010dinkov a mo\u017en\u00fdch ved\u013eaj\u0161\u00edch \u00fa\u010dinkov.<\/p>\n<p>Pravideln\u00e9 konzult\u00e1cie s poskytovate\u013eom zdravotnej starostlivosti m\u00f4\u017eu pom\u00f4c\u0165 prisp\u00f4sobi\u0165 pl\u00e1n lie\u010dby potreb\u00e1m pacienta a zabezpe\u010di\u0165 optim\u00e1lne v\u00fdsledky. Rie\u0161en\u00edm z\u00e1kladn\u00fdch zdravotn\u00fdch probl\u00e9mov a prijat\u00edm holistick\u00e9ho pr\u00edstupu m\u00f4\u017ee by\u0165 Cialis Generic \u00fa\u010dinn\u00fdm n\u00e1strojom na efekt\u00edvnu lie\u010dbu ED.<\/p>\n<h2>Pr\u00e1vne a bezpe\u010dnostn\u00e9 aspekty n\u00e1kupu Cialis Generic online<\/h2>\n<p>Pohodlie n\u00e1kupu Cialis Generic online z neho urobilo atrakt\u00edvnu mo\u017enos\u0165 pre mnoh\u00fdch pacientov. Je v\u0161ak d\u00f4le\u017eit\u00e9 zabezpe\u010di\u0165, aby bol zdroj legit\u00edmny, aby sa predi\u0161lo fal\u0161ovan\u00fdm v\u00fdrobkom, ktor\u00e9 m\u00f4\u017eu by\u0165 ne\u00fa\u010dinn\u00e9 alebo \u0161kodliv\u00e9. Pacienti by mali vyh\u013eada\u0165 renomovan\u00e9 online lek\u00e1rne, ktor\u00e9 vy\u017eaduj\u00fa lek\u00e1rsky predpis a s\u00fa overen\u00e9 regula\u010dn\u00fdmi org\u00e1nmi.<\/p>\n<p>Opatrnos\u0165ou a n\u00e1kupom z d\u00f4veryhodn\u00fdch zdrojov m\u00f4\u017eu pacienti bezpe\u010dne z\u00edska\u0165 Cialis Generic online a z\u00e1rove\u0148 \u0165a\u017ei\u0165 z \u00faspory n\u00e1kladov a pohodlia lieku.<\/p>\n<h2>Cenov\u00e1 efekt\u00edvnos\u0165 Cialis Generic v porovnan\u00ed s alternat\u00edvami<\/h2>\n<p>Cialis Generic je \u010dasto chv\u00e1len\u00fd pre svoju n\u00e1kladov\u00fa efekt\u00edvnos\u0165 v porovnan\u00ed so zna\u010dkov\u00fdmi alternat\u00edvami. Zn\u00ed\u017een\u00e1 cena m\u00f4\u017ee v\u00fdrazne zmierni\u0165 finan\u010dn\u00fa z\u00e1\u0165a\u017e pre pacientov vy\u017eaduj\u00facich dlhodob\u00fa lie\u010dbu erektilnej dysfunkcie. T\u00e1to cenov\u00e1 dostupnos\u0165 umo\u017enila v\u00e4\u010d\u0161iemu po\u010dtu jednotlivcov pr\u00edstup k \u00fa\u010dinnej lie\u010dbe bez kompromisov v oblasti kvality.<\/p>\n<p>Pri hodnoten\u00ed n\u00e1kladovej efekt\u00edvnosti je nevyhnutn\u00e9 zv\u00e1\u017ei\u0165 celkov\u00fa hodnotu vr\u00e1tane trvania a \u00fa\u010dinnosti lieku. Pre mnoh\u00fdch poskytuje roz\u0161\u00edren\u00fd \u00fa\u010dinok Cialis Generic vynikaj\u00faci pomer n\u00e1kladov a v\u00fdnosov v porovnan\u00ed s in\u00fdmi lie\u010dbami ED.<\/p>\n<h2>Zmeny \u017eivotn\u00e9ho \u0161t\u00fdlu na zv\u00fd\u0161enie \u00fa\u010dinkov Cialis Generic<\/h2>\n<p>Okrem u\u017e\u00edvania Cialis Generic, zmeny \u017eivotn\u00e9ho \u0161t\u00fdlu m\u00f4\u017eu hra\u0165 z\u00e1sadn\u00fa \u00falohu pri zvy\u0161ovan\u00ed jeho \u00fa\u010dinkov. Pravideln\u00e1 fyzick\u00e1 aktivita zlep\u0161uje kardiovaskul\u00e1rne zdravie, \u010do je k\u013e\u00fa\u010dov\u00e9 pre udr\u017eanie erektilnej funkcie. Strava bohat\u00e1 na ovocie, zeleninu a chud\u00e9 bielkoviny podporuje celkov\u00e9 zdravie a m\u00f4\u017ee dop\u013a\u0148a\u0165 v\u00fdhody liekov.<\/p>\n<p>Zn\u00ed\u017eenie stresu prostredn\u00edctvom prakt\u00edk v\u0161\u00edmavosti alebo terapie m\u00f4\u017ee tie\u017e zlep\u0161i\u0165 sexu\u00e1lne zdravie zn\u00ed\u017een\u00edm psychologick\u00fdch prek\u00e1\u017eok intimity. Prijat\u00edm t\u00fdchto zmien \u017eivotn\u00e9ho \u0161t\u00fdlu m\u00f4\u017eu pacienti maximalizova\u0165 v\u00fdhody Cialis Generic a zlep\u0161i\u0165 svoju celkov\u00fa pohodu.<\/p>\n<h2>\u010casto kladen\u00e9 ot\u00e1zky o generickom pou\u017e\u00edvan\u00ed Cialisu<\/h2>\n<p>Pacienti maj\u00fa \u010dasto ot\u00e1zky t\u00fdkaj\u00face sa u\u017e\u00edvania Cialis Generic, vr\u00e1tane n\u00e1stupu \u00fa\u010dinku, trvania a potenci\u00e1lnych interakci\u00ed. Pochopenie t\u00fdchto aspektov je nevyhnutn\u00e9 pre optim\u00e1lne vyu\u017eitie. Zvy\u010dajne liek za\u010dne \u00fa\u010dinkova\u0165 do 30 min\u00fat a\u017e hodiny, pri\u010dom \u00fa\u010dinky trvaj\u00fa a\u017e 36 hod\u00edn.<\/p>\n<p>Je tie\u017e be\u017en\u00e9, \u017ee sa pacienti p\u00fdtaj\u00fa na bezpe\u010dnos\u0165 dlhodob\u00e9ho u\u017e\u00edvania. Hoci sa v\u0161eobecne pova\u017euje za bezpe\u010dn\u00e9, odpor\u00fa\u010da sa nepretr\u017eit\u00e9 monitorovanie zdravotn\u00edckym pracovn\u00edkom, aby sa zabezpe\u010dila trval\u00e1 vhodnos\u0165 a aby sa zvl\u00e1dli ak\u00e9ko\u013evek ved\u013eaj\u0161ie \u00fa\u010dinky, ktor\u00e9 sa m\u00f4\u017eu vyskytn\u00fa\u0165.<\/p>\n<h2>Bud\u00facnos\u0165 Cialis Generic v lie\u010dbe erektilnej dysfunkcie<\/h2>\n<p>Ako v\u00fdskum pokra\u010duje, \u00faloha Cialis Generic v lie\u010dbe erektilnej dysfunkcie sa m\u00f4\u017ee roz\u0161irova\u0165, s potenci\u00e1lnymi nov\u00fdmi aplik\u00e1ciami a pr\u00edpravkami na obzore. Pokrok vo farmaceutickej technol\u00f3gii by mohol vies\u0165 k vylep\u0161en\u00fdm verzi\u00e1m lieku, zv\u00fd\u0161eniu jeho \u00fa\u010dinnosti a zn\u00ed\u017eeniu ved\u013eaj\u0161\u00edch \u00fa\u010dinkov.<\/p>\n<p>Pokra\u010duj\u00face zameranie na dostupnos\u0165 a cenov\u00fa dostupnos\u0165 zabezpe\u010duje, \u017ee Cialis Generic zostane \u017eivotne d\u00f4le\u017eitou mo\u017enos\u0165ou pre t\u00fdch, ktor\u00ed h\u013eadaj\u00fa lie\u010dbu ED. Ke\u010f\u017ee si viac poskytovate\u013eov zdravotnej starostlivosti a pacienti uvedomuj\u00fa jeho v\u00fdhody, pou\u017e\u00edvanie Cialis Generic sa pravdepodobne zv\u00fd\u0161i, \u010do prispeje k lep\u0161\u00edm v\u00fdsledkom v lie\u010dbe sexu\u00e1lneho zdravia.<\/p>\n","protected":false},"excerpt":{"rendered":"<p>Cialis Generic: pokyny, recenzie a tipy lek\u00e1rov Cialis Generic pon\u00faka n\u00e1kladovo efekt\u00edvnu alternat\u00edvu na lie\u010dbu erektilnej dysfunkcie, ale pochopenie jej pou\u017eitia, \u00fa\u010dinkov a \u00favah je pre pou\u017e\u00edvate\u013eov k\u013e\u00fa\u010dov\u00e9. Pochopenie Cialis Generic a jeho pou\u017eitia Cialis Generic je liek, ktor\u00fd sa prim\u00e1rne pou\u017e\u00edva na lie\u010dbu erektilnej dysfunkcie (ED) a v niektor\u00fdch pr\u00edpadoch aj ben\u00edgnej hyperpl\u00e1zie prostaty [&hellip;]<\/p>\n","protected":false},"author":1,"featured_media":0,"parent":0,"menu_order":0,"comment_status":"closed","ping_status":"closed","template":"","meta":{"footnotes":""},"class_list":["post-29700","page","type-page","status-publish","hentry"],"_links":{"self":[{"href":"https:\/\/mydainikkhabar.com\/index.php?rest_route=\/wp\/v2\/pages\/29700","targetHints":{"allow":["GET"]}}],"collection":[{"href":"https:\/\/mydainikkhabar.com\/index.php?rest_route=\/wp\/v2\/pages"}],"about":[{"href":"https:\/\/mydainikkhabar.com\/index.php?rest_route=\/wp\/v2\/types\/page"}],"author":[{"embeddable":true,"href":"https:\/\/mydainikkhabar.com\/index.php?rest_route=\/wp\/v2\/users\/1"}],"replies":[{"embeddable":true,"href":"https:\/\/mydainikkhabar.com\/index.php?rest_route=%2Fwp%2Fv2%2Fcomments&post=29700"}],"version-history":[{"count":1,"href":"https:\/\/mydainikkhabar.com\/index.php?rest_route=\/wp\/v2\/pages\/29700\/revisions"}],"predecessor-version":[{"id":29702,"href":"https:\/\/mydainikkhabar.com\/index.php?rest_route=\/wp\/v2\/pages\/29700\/revisions\/29702"}],"wp:attachment":[{"href":"https:\/\/mydainikkhabar.com\/index.php?rest_route=%2Fwp%2Fv2%2Fmedia&parent=29700"}],"curies":[{"name":"wp","href":"https:\/\/api.w.org\/{rel}","templated":true}]}}