{"id":29650,"date":"2026-03-24T07:03:06","date_gmt":"2026-03-24T07:03:06","guid":{"rendered":"https:\/\/mydainikkhabar.com\/?page_id=29650"},"modified":"2026-03-24T07:03:06","modified_gmt":"2026-03-24T07:03:06","slug":"pochopenie-acikloviroveho-kremu-5-a-jeho-pouzitia-2","status":"publish","type":"page","link":"https:\/\/mydainikkhabar.com\/?page_id=29650","title":{"rendered":"Pochopenie Aciklovirov\u00e9ho kr\u00e9mu 5% a jeho pou\u017eitia"},"content":{"rendered":"<h1>N\u00e1kup Aciclovir Cream 5% online: opr\u00e1vnenos\u0165 a skladovanie<\/h1>\n<p>Z\u00edskanie Aciklovir Cream 5% online zah\u0155\u0148a pochopenie jeho pou\u017eitia, ur\u010denie vhodnosti, splnenie po\u017eiadaviek na predpis a zabezpe\u010denie spr\u00e1vneho skladovania a manipul\u00e1cie.<\/p>\n<h2>Pochopenie Aciklovirov\u00e9ho kr\u00e9mu 5% a jeho pou\u017eitia<\/h2>\n<p>Aciclovir Cream 5% je antiv\u00edrusov\u00fd liek prim\u00e1rne pou\u017e\u00edvan\u00fd na lie\u010dbu infekci\u00ed sp\u00f4soben\u00fdch v\u00edrusom herpes simplex, vr\u00e1tane oparov a genit\u00e1lneho herpesu. Funguje tak, \u017ee inhibuje replik\u00e1ciu v\u00edrusu, \u010d\u00edm zni\u017euje z\u00e1va\u017enos\u0165 a trvanie prepuknutia. Aj ke\u010f to nie je liek, d\u00f4sledn\u00e9 pou\u017e\u00edvanie m\u00f4\u017ee v\u00fdrazne zmierni\u0165 pr\u00edznaky a zabr\u00e1ni\u0165 \u0161\u00edreniu v\u00edrusu na ostatn\u00fdch.<\/p>\n<p>Okrem prim\u00e1rneho pou\u017eitia sa Aciklovir Cream 5% niekedy predpisuje aj na in\u00e9 ochorenia, ktor\u00e9 ur\u010d\u00ed poskytovate\u013e zdravotnej starostlivosti. T\u00e1to topick\u00e1 formul\u00e1cia je uprednost\u0148ovan\u00e1 pre svoju lokalizovan\u00fa aplik\u00e1ciu, ktor\u00e1 umo\u017e\u0148uje akt\u00edvnej zlo\u017eke zacieli\u0165 priamo na postihnut\u00e9 oblasti bez syst\u00e9mov\u00fdch ved\u013eaj\u0161\u00edch \u00fa\u010dinkov. Pou\u017e\u00edvatelia by v\u0161ak mali pr\u00edsne dodr\u017eiava\u0165 svoj predp\u00edsan\u00fd re\u017eim, aby maximalizovali \u00fa\u010dinnos\u0165.<\/p>\n<h2>Ako ur\u010di\u0165 n\u00e1rok na 5% aciklovirov\u00fd kr\u00e9m online n\u00e1kup<\/h2>\n<p>Na ur\u010denie opr\u00e1vnenosti na n\u00e1kup Aciklovir Cream 5% online sa potenci\u00e1lni kupuj\u00faci musia najsk\u00f4r poradi\u0165 so zdravotn\u00edckym pracovn\u00edkom, aby potvrdili nevyhnutnos\u0165 a vhodnos\u0165 tejto lie\u010dby. \u010casto sa vy\u017eaduje presk\u00famanie anamn\u00e9zy, aby sa zabezpe\u010dilo, \u017ee Aciklovir je vhodn\u00fd, najm\u00e4 pre jedincov s u\u017e existuj\u00facimi zdravotn\u00fdmi probl\u00e9mami alebo alergiami.<\/p>\n<p>Online lek\u00e1rne m\u00f4\u017eu na overenie opr\u00e1vnenosti vy\u017eadova\u0165 vyplnenie zdravotn\u00e9ho dotazn\u00edka. Tento proces zabezpe\u010duje, \u017ee liek je vydan\u00fd len t\u00fdm, pre ktor\u00fdch je bezpe\u010dn\u00fd a vhodn\u00fd. Tak\u00e9to kroky s\u00fa k\u013e\u00fa\u010dov\u00e9 pre zachovanie integrity a bezpe\u010dnosti online farmaceutick\u00fdch slu\u017eieb.<\/p>\n<h2>Po\u017eiadavky na predpis na n\u00e1kup aciklovirov\u00e9ho kr\u00e9mu 5% online<\/h2>\n<p>V\u00e4\u010d\u0161ina renomovan\u00fdch online lek\u00e1rn\u00ed vy\u017eaduje platn\u00fd predpis od licencovan\u00e9ho poskytovate\u013ea zdravotnej starostlivosti pred v\u00fddajom Aciclovir Cream 5%. T\u00e1to po\u017eiadavka sl\u00fa\u017ei ako z\u00e1ruka, \u017ee liek je pou\u017e\u00edvan\u00fd spr\u00e1vne a len pacientmi, ktor\u00ed ho skuto\u010dne potrebuj\u00fa.<\/p>\n<p>Z\u00edskanie receptu zvy\u010dajne zah\u0155\u0148a konzult\u00e1ciu s poskytovate\u013eom zdravotnej starostlivosti, a to bu\u010f osobne, alebo prostredn\u00edctvom telezdravotn\u00fdch slu\u017eieb. Akon\u00e1hle je recept zabezpe\u010den\u00fd, m\u00f4\u017ee by\u0165 odoslan\u00fd do online lek\u00e1rne prostredn\u00edctvom nahr\u00e1vania, e-mailu alebo faxu, v z\u00e1vislosti od konkr\u00e9tnych postupov lek\u00e1rne. T\u00fdm je zabezpe\u010den\u00fd s\u00falad s pr\u00e1vnymi a bezpe\u010dnostn\u00fdmi normami.<\/p>\n<h2>Porovnanie online lek\u00e1rn\u00ed pre kr\u00e9m s aciklovirom 5 %<\/h2>\n<p>Pri online n\u00e1kupe Aciclovir Cream 5% je v\u00fdhodn\u00e9 porovna\u0165 r\u00f4zne online lek\u00e1rne. Faktory, ktor\u00e9 je potrebn\u00e9 zv\u00e1\u017ei\u0165, zah\u0155\u0148aj\u00fa ceny, mo\u017enosti dopravy, dodacie lehoty a pohotovos\u0165 z\u00e1kazn\u00edckeho servisu. Okrem toho by sa legit\u00edmnos\u0165 lek\u00e1rne mala overi\u0165 kontrolou riadneho licencovania a certifik\u00e1cie.<\/p>\n<p>Z\u00e1kazn\u00edcke recenzie a hodnotenia m\u00f4\u017eu poskytn\u00fa\u0165 preh\u013ead o spo\u013eahlivosti a kvalite slu\u017eieb, ktor\u00e9 pon\u00faka online lek\u00e1re\u0148. Porovnanie t\u00fdchto aspektov m\u00f4\u017ee pom\u00f4c\u0165 zabezpe\u010di\u0165 hladk\u00fd a uspokojiv\u00fd z\u00e1\u017eitok z n\u00e1kupu, ako aj pokoj v du\u0161i, pokia\u013e ide o pravos\u0165 prijat\u00e9ho lieku.<\/p>\n<h2>Orient\u00e1cia v pr\u00e1vnych aspektoch n\u00e1kupov online<\/h2>\n<p>N\u00e1kup liekov online zah\u0155\u0148a orient\u00e1ciu v nieko\u013ek\u00fdch pr\u00e1vnych aspektoch, aby sa zabezpe\u010dil s\u00falad s miestnymi a medzin\u00e1rodn\u00fdmi predpismi. Spotrebitelia by si mali overi\u0165, \u017ee lek\u00e1re\u0148 online m\u00e1 licenciu a funguje v r\u00e1mci pr\u00e1vneho r\u00e1mca ich krajiny. To zah\u0155\u0148a zabezpe\u010denie toho, aby lek\u00e1re\u0148 dodr\u017eiavala po\u017eiadavky na predpis a z\u00e1kony o ochrane s\u00fakromia.<\/p>\n<p>R\u00f4zne krajiny maj\u00fa r\u00f4zne predpisy t\u00fdkaj\u00face <a href=\"https:\/\/rychla-lekarne.net\/aciklovir-krem-online-bez-predpisu\">https:\/\/rychla-lekarne.net\/aciklovir-krem-online-bez-predpisu<\/a> sa dovozu liekov. Kupuj\u00faci by si mali by\u0165 vedom\u00ed t\u00fdchto nariaden\u00ed, aby sa vyhli mo\u017en\u00fdm pr\u00e1vnym probl\u00e9mom, ako s\u00fa coln\u00e9 ome\u0161kania alebo konfi\u0161k\u00e1cia. Zosta\u0165 informovan\u00fd o t\u00fdchto z\u00e1konoch chr\u00e1ni spotrebite\u013eov pred potenci\u00e1lnymi podvodmi a zabezpe\u010duje legit\u00edmnu transakciu.<\/p>\n<h2>Hodnotenie n\u00e1kladov na kr\u00e9m Aciklovir 5% online<\/h2>\n<p>Cena Aciklovirov\u00e9ho kr\u00e9mu 5 % sa m\u00f4\u017ee v jednotliv\u00fdch lek\u00e1r\u0148ach online v\u00fdrazne l\u00ed\u0161i\u0165 v z\u00e1vislosti od faktorov, ako s\u00fa zna\u010dka, poplatky za dopravu a propaga\u010dn\u00e9 z\u013eavy. Spotrebite\u013eom sa odpor\u00fa\u010da porovn\u00e1va\u0165 ceny pri zva\u017eovan\u00ed celkov\u00fdch n\u00e1kladov vr\u00e1tane ak\u00fdchko\u013evek skryt\u00fdch poplatkov.<\/p>\n<p>Niektor\u00e9 lek\u00e1rne pon\u00fakaj\u00fa generick\u00e9 verzie Aciclovir Cream 5%, \u010do m\u00f4\u017ee by\u0165 cenovo v\u00fdhodnej\u0161ia mo\u017enos\u0165 bez zn\u00ed\u017eenia \u00fa\u010dinnosti. Vyhodnotenie t\u00fdchto mo\u017enost\u00ed umo\u017e\u0148uje spotrebite\u013eom prij\u00edma\u0165 informovan\u00e9 rozhodnutia, ktor\u00e9 s\u00fa v s\u00falade s ich rozpo\u010dtom a potrebami zdravotnej starostlivosti.<\/p>\n<h2>Zabezpe\u010denie bezpe\u010dn\u00fdch online transakci\u00ed pri n\u00e1kupoch liekov<\/h2>\n<p>Bezpe\u010dnos\u0165 pri online transakci\u00e1ch je prvorad\u00e1, najm\u00e4 pri n\u00e1kupe liekov. Spotrebitelia by mali zabezpe\u010di\u0165, aby lek\u00e1re\u0148 online vyu\u017e\u00edvala bezpe\u010dn\u00e9 sp\u00f4soby platby, ako s\u00fa \u0161ifrovan\u00e9 transakcie, na ochranu citliv\u00fdch finan\u010dn\u00fdch inform\u00e1ci\u00ed.<\/p>\n<p>Renomovan\u00e9 lek\u00e1rne poskytuj\u00fa jasn\u00e9 kontaktn\u00e9 inform\u00e1cie a pon\u00fakaj\u00fa z\u00e1kazn\u00edcku podporu pri rie\u0161en\u00ed ak\u00fdchko\u013evek probl\u00e9mov, ktor\u00e9 m\u00f4\u017eu vznikn\u00fa\u0165 po\u010das procesu n\u00e1kupu. Okrem toho kontrola bezpe\u010dnostn\u00fdch certifik\u00e1ci\u00ed a pe\u010dat\u00ed m\u00f4\u017ee poskytn\u00fa\u0165 \u010fal\u0161iu z\u00e1ruku bezpe\u010dn\u00e9ho transak\u010dn\u00e9ho prostredia.<\/p>\n<h2>Spr\u00e1vne techniky skladovania aciklovirov\u00e9ho kr\u00e9mu 5%<\/h2>\n<p>Spr\u00e1vne skladovanie Aciclovir Cream 5% je nevyhnutn\u00e9 na udr\u017eanie jeho \u00fa\u010dinnosti. Kr\u00e9m by sa mal skladova\u0165 pri izbovej teplote, mimo priameho slne\u010dn\u00e9ho \u017eiarenia a vlhkosti, ktor\u00e1 m\u00f4\u017ee znehodnoti\u0165 jeho \u00fa\u010dinn\u00e9 l\u00e1tky.<\/p>\n<p>Pou\u017e\u00edvatelia by mali tie\u017e zabezpe\u010di\u0165, aby bol obal po ka\u017edom pou\u017eit\u00ed tesne uzavret\u00fd, aby sa zabr\u00e1nilo kontamin\u00e1cii. Zachovanie celistvosti kr\u00e9mu predl\u017euje jeho trvanlivos\u0165 a zais\u0165uje, \u017ee zostane \u00fa\u010dinn\u00fd po cel\u00fa dobu jeho pou\u017e\u00edvania.<\/p>\n<h2>Pochopenie d\u00e1tumov exspir\u00e1cie a doby pou\u017eite\u013enosti Aciklovirov\u00e9ho kr\u00e9mu 5%<\/h2>\n<p>D\u00e1tumy exspir\u00e1cie farmaceutick\u00fdch produktov, ako je Aciklovir Cream 5%, ozna\u010duj\u00fa obdobie, po\u010das ktor\u00e9ho sa o\u010dak\u00e1va, \u017ee liek zostane \u00fa\u010dinn\u00fd a bezpe\u010dn\u00fd. Pou\u017e\u00edvanie kr\u00e9mu po d\u00e1tume exspir\u00e1cie m\u00f4\u017ee ma\u0165 za n\u00e1sledok zn\u00ed\u017een\u00fa \u00fa\u010dinnos\u0165 a potenci\u00e1lne bezpe\u010dnostn\u00e9 rizik\u00e1.<\/p>\n<p>Je d\u00f4le\u017eit\u00e9, aby spotrebitelia pravidelne kontrolovali d\u00e1tum spotreby a pl\u00e1novali kr\u00e9m pou\u017ei\u0165 v r\u00e1mci jeho trvanlivosti. Zodpovedn\u00e1 likvid\u00e1cia expirovan\u00fdch liekov chr\u00e1ni jednotliv\u00fdch u\u017e\u00edvate\u013eov aj \u017eivotn\u00e9 prostredie pred mo\u017en\u00fdm po\u0161koden\u00edm.<\/p>\n<h2>Rozpoznanie pr\u00edznakov naru\u0161en\u00e9ho aciklovirov\u00e9ho kr\u00e9mu 5 %<\/h2>\n<p>Pou\u017e\u00edvatelia by si mali d\u00e1va\u0165 pozor na pr\u00edznaky, \u017ee Aciklovir Cream 5 % mohol by\u0165 ohrozen\u00fd. Zmeny farby, konzistencie alebo z\u00e1pachu m\u00f4\u017eu nazna\u010dova\u0165 po\u0161kodenie alebo kontamin\u00e1ciu. Ak s\u00fa tieto pr\u00edznaky pr\u00edtomn\u00e9, v\u00fdrobok by sa nemal pou\u017e\u00edva\u0165.<\/p>\n<p>Okrem toho, ak sa zd\u00e1, \u017ee obal je po\u0161koden\u00fd alebo poru\u0161en\u00fd, je vhodn\u00e9 kontaktova\u0165 lek\u00e1re\u0148 so \u017eiados\u0165ou o v\u00fdmenu. Rozpoznanie t\u00fdchto pr\u00edznakov pom\u00e1ha zaisti\u0165, \u017ee pou\u017e\u00edvan\u00e9 lieky s\u00fa bezpe\u010dn\u00e9 a \u00fa\u010dinn\u00e9.<\/p>\n<h2>Tipy na udr\u017eanie integrity aciklovirov\u00e9ho kr\u00e9mu 5 %<\/h2>\n<p>Aby sa zachovala integrita Aciklovir Cream 5 %, pou\u017e\u00edvatelia by mali dodr\u017eiava\u0165 najlep\u0161ie postupy pri manipul\u00e1cii a skladovan\u00ed. To zah\u0155\u0148a um\u00fdvanie r\u00fak pred a po aplik\u00e1cii, aby sa zabr\u00e1nilo kontamin\u00e1cii a zaistenie bezpe\u010dn\u00e9ho nasadenia uz\u00e1veru po pou\u017eit\u00ed.<\/p>\n<p>Navy\u0161e, uchov\u00e1vanie kr\u00e9mu v p\u00f4vodnom obale pom\u00e1ha chr\u00e1ni\u0165 ho pred environment\u00e1lnymi faktormi, ktor\u00e9 by mohli zhor\u0161i\u0165 jeho kvalitu. Dodr\u017eiavan\u00edm t\u00fdchto pokynov m\u00f4\u017eu u\u017e\u00edvatelia maximalizova\u0165 v\u00fdhody svojich liekov.<\/p>\n<h2>V\u00fdhody n\u00e1kupu aciklovirov\u00e9ho kr\u00e9mu 5% online<\/h2>\n<p>N\u00e1kup Aciclovir Cream 5% online pon\u00faka nieko\u013eko v\u00fdhod vr\u00e1tane pohodlia, dostupnosti a potenci\u00e1lne ni\u017e\u0161\u00edch cien. Online lek\u00e1rne poskytuj\u00fa jednoduch\u00e9 objedn\u00e1vanie z domu, \u010do m\u00f4\u017ee by\u0165 v\u00fdhodn\u00e9 najm\u00e4 pre t\u00fdch, ktor\u00ed maj\u00fa probl\u00e9my s mobilitou alebo maj\u00fa zanepr\u00e1zdnen\u00fd program.<\/p>\n<p>Konkuren\u010dn\u00e1 povaha online trhov \u010dasto vedie k lep\u0161\u00edm cen\u00e1m a propaga\u010dn\u00fdm akci\u00e1m, \u010do spotrebite\u013eom umo\u017e\u0148uje u\u0161etri\u0165 na v\u00fddavkoch na zdravotn\u00fa starostlivos\u0165. Okrem toho mo\u017enos\u0165 porovn\u00e1va\u0165 r\u00f4zne lek\u00e1rne a \u010d\u00edta\u0165 recenzie umo\u017e\u0148uje spotrebite\u013eom robi\u0165 informovan\u00e9 rozhodnutia.<\/p>\n<h2>Rie\u0161enie be\u017en\u00fdch ob\u00e1v z n\u00e1kupu liekov online<\/h2>\n<p>Be\u017en\u00e9 obavy t\u00fdkaj\u00face sa n\u00e1kupu liekov online zah\u0155\u0148aj\u00fa pravos\u0165 produktov a bezpe\u010dnos\u0165 osobn\u00fdch \u00fadajov. Spotrebitelia m\u00f4\u017eu zmierni\u0165 tieto obavy v\u00fdberom certifikovan\u00fdch online lek\u00e1rn\u00ed so spo\u013eahlivos\u0165ou a transparentnos\u0165ou.<\/p>\n<p>Zabezpe\u010denie toho, \u017ee lek\u00e1re\u0148 vy\u017eaduje legit\u00edmny predpis a poskytuje z\u00e1kazn\u00edcku podporu, m\u00f4\u017ee tie\u017e zmierni\u0165 obavy o bezpe\u010dnos\u0165 a \u00fa\u010dinnos\u0165 produktu. Prijat\u00edm t\u00fdchto prevent\u00edvnych opatren\u00ed sa spotrebitelia m\u00f4\u017eu chr\u00e1ni\u0165 a zabezpe\u010di\u0165 si pozit\u00edvnu sk\u00fasenos\u0165.<\/p>\n<h2>Z\u00e1kazn\u00edcka podpora a pomoc pre pou\u017e\u00edvate\u013eov online lek\u00e1rn\u00ed<\/h2>\n<p>Kvalitn\u00e1 z\u00e1kazn\u00edcka podpora je kritick\u00fdm aspektom uspokojiv\u00e9ho z\u00e1\u017eitku z online lek\u00e1rne. Renomovan\u00e9 lek\u00e1rne pon\u00fakaj\u00fa viacero kan\u00e1lov pre z\u00e1kazn\u00edcku asistenciu, vr\u00e1tane mo\u017enost\u00ed telef\u00f3nu, e-mailu a \u017eiv\u00e9ho chatu, aby mohli efekt\u00edvne rie\u0161i\u0165 ak\u00e9ko\u013evek ot\u00e1zky alebo probl\u00e9my.<\/p>\n<p>Responz\u00edvna z\u00e1kazn\u00edcka podpora m\u00f4\u017ee poskytn\u00fa\u0165 objasnenie po\u017eiadaviek na predpis, stav objedn\u00e1vky a \u010fal\u0161ie, \u010d\u00edm zlep\u0161\u00ed celkov\u00fa pou\u017e\u00edvate\u013esk\u00fa sk\u00fasenos\u0165. Pr\u00edstup k spo\u013eahlivej pomoci zais\u0165uje, \u017ee spotrebitelia dostan\u00fa svoje lieky bez zbyto\u010dn\u00e9ho stresu alebo komplik\u00e1ci\u00ed.<\/p>\n<h2>Sledovanie z\u00e1sob Acikloviru 5 % a ich objedn\u00e1vania<\/h2>\n<p>Riadenie dod\u00e1vky Aciklovir Cream 5% zah\u0155\u0148a sledovanie spotreby a pl\u00e1novanie pre objedn\u00e1vky vopred. Nastavenie pripomenutia, kedy je potrebn\u00e9 zmeni\u0165 objedn\u00e1vku, m\u00f4\u017ee zabr\u00e1ni\u0165 v\u00fdpadkom v lie\u010dbe, \u010do je obzvl\u00e1\u0161\u0165 d\u00f4le\u017eit\u00e9 pre efekt\u00edvne zvl\u00e1dnutie v\u00edrusov\u00fdch prepuknutia.<\/p>\n<p>Online lek\u00e1rne \u010dasto pon\u00fakaj\u00fa slu\u017eby predplatn\u00e9ho alebo mo\u017enosti automatick\u00e9ho dop\u013a\u0148ania, \u010d\u00edm u\u013eah\u010duj\u00fa st\u00e1lu dostupnos\u0165 liekov. Proakt\u00edvnym riaden\u00edm dod\u00e1vok m\u00f4\u017eu pou\u017e\u00edvatelia bez preru\u0161enia udr\u017eiava\u0165 svoj lie\u010debn\u00fd re\u017eim.<\/p>\n","protected":false},"excerpt":{"rendered":"<p>N\u00e1kup Aciclovir Cream 5% online: opr\u00e1vnenos\u0165 a skladovanie Z\u00edskanie Aciklovir Cream 5% online zah\u0155\u0148a pochopenie jeho pou\u017eitia, ur\u010denie vhodnosti, splnenie po\u017eiadaviek na predpis a zabezpe\u010denie spr\u00e1vneho skladovania a manipul\u00e1cie. Pochopenie Aciklovirov\u00e9ho kr\u00e9mu 5% a jeho pou\u017eitia Aciclovir Cream 5% je antiv\u00edrusov\u00fd liek prim\u00e1rne pou\u017e\u00edvan\u00fd na lie\u010dbu infekci\u00ed sp\u00f4soben\u00fdch v\u00edrusom herpes simplex, vr\u00e1tane oparov a genit\u00e1lneho [&hellip;]<\/p>\n","protected":false},"author":1,"featured_media":0,"parent":0,"menu_order":0,"comment_status":"closed","ping_status":"closed","template":"","meta":{"footnotes":""},"class_list":["post-29650","page","type-page","status-publish","hentry"],"_links":{"self":[{"href":"https:\/\/mydainikkhabar.com\/index.php?rest_route=\/wp\/v2\/pages\/29650","targetHints":{"allow":["GET"]}}],"collection":[{"href":"https:\/\/mydainikkhabar.com\/index.php?rest_route=\/wp\/v2\/pages"}],"about":[{"href":"https:\/\/mydainikkhabar.com\/index.php?rest_route=\/wp\/v2\/types\/page"}],"author":[{"embeddable":true,"href":"https:\/\/mydainikkhabar.com\/index.php?rest_route=\/wp\/v2\/users\/1"}],"replies":[{"embeddable":true,"href":"https:\/\/mydainikkhabar.com\/index.php?rest_route=%2Fwp%2Fv2%2Fcomments&post=29650"}],"version-history":[{"count":1,"href":"https:\/\/mydainikkhabar.com\/index.php?rest_route=\/wp\/v2\/pages\/29650\/revisions"}],"predecessor-version":[{"id":29652,"href":"https:\/\/mydainikkhabar.com\/index.php?rest_route=\/wp\/v2\/pages\/29650\/revisions\/29652"}],"wp:attachment":[{"href":"https:\/\/mydainikkhabar.com\/index.php?rest_route=%2Fwp%2Fv2%2Fmedia&parent=29650"}],"curies":[{"name":"wp","href":"https:\/\/api.w.org\/{rel}","templated":true}]}}