{"id":29432,"date":"2026-03-24T05:13:29","date_gmt":"2026-03-24T05:13:29","guid":{"rendered":"https:\/\/mydainikkhabar.com\/?page_id=29432"},"modified":"2026-03-24T05:13:29","modified_gmt":"2026-03-24T05:13:29","slug":"pochopenie-tadapox-zlozenie-a-pouzitie-2","status":"publish","type":"page","link":"https:\/\/mydainikkhabar.com\/?page_id=29432","title":{"rendered":"Pochopenie Tadapox: Zlo\u017eenie a pou\u017eitie"},"content":{"rendered":"<h1>Tadapox a n\u00edzky testoster\u00f3n: m\u00f4\u017eete ho pou\u017ei\u0165?<\/h1>\n<p>Sk\u00famanie potenci\u00e1lu Tadapoxu pri zvl\u00e1dan\u00ed n\u00edzkych hlad\u00edn testoster\u00f3nu, jeho pr\u00ednosy, rizik\u00e1 a ako sa porovn\u00e1va s in\u00fdmi lie\u010dbami.<\/p>\n<h2>Pochopenie Tadapox: Zlo\u017eenie a pou\u017eitie<\/h2>\n<p>Tadapox je farmaceutick\u00fd pr\u00edpravok, ktor\u00fd kombinuje dve akt\u00edvne zlo\u017eky: tadalafil a dapoxet\u00edn. Tadalafil je v\u0161eobecne zn\u00e1my pre svoje pou\u017eitie pri lie\u010dbe erektilnej dysfunkcie zv\u00fd\u0161en\u00edm prietoku krvi do ur\u010dit\u00fdch oblast\u00ed tela. Dapoxet\u00edn je na druhej strane selekt\u00edvny inhib\u00edtor sp\u00e4tn\u00e9ho vychyt\u00e1vania seroton\u00ednu (SSRI), ktor\u00fd sa pou\u017e\u00edva predov\u0161etk\u00fdm na lie\u010dbu pred\u010dasnej ejakul\u00e1cie. T\u00e1to kombin\u00e1cia je zameran\u00e1 na rie\u0161enie viacer\u00fdch aspektov mu\u017esk\u00e9ho sexu\u00e1lneho zdravia v jednom lieku.<\/p>\n<p>Zatia\u013e \u010do Tadapox je prim\u00e1rne predp\u00edsan\u00fd na sexu\u00e1lnu dysfunkciu, je d\u00f4le\u017eit\u00e9 pochopi\u0165 jeho \u0161ir\u0161ie d\u00f4sledky. Obe zlo\u017eky maj\u00fa odli\u0161n\u00e9 mechanizmy, ktor\u00e9 by mohli potenci\u00e1lne ovplyvni\u0165 in\u00e9 zdravotn\u00e9 stavy. Napr\u00edklad \u00fa\u010dinky tadalafilu na krvn\u00fd obeh by mohli teoreticky ovplyvni\u0165 stavy s\u00favisiace s vaskul\u00e1rnym zdrav\u00edm, zatia\u013e \u010do vplyv dapoxet\u00ednu na hladiny seroton\u00ednu by mohol ovplyvni\u0165 n\u00e1ladu a energiu.<\/p>\n<h2>\u010co je n\u00edzky testoster\u00f3n?<\/h2>\n<p>N\u00edzky testoster\u00f3n, medic\u00ednsky zn\u00e1my ako hypogonadizmus, ozna\u010duje abnorm\u00e1lne n\u00edzku hladinu testoster\u00f3nu v krvnom obehu. Testoster\u00f3n je prim\u00e1rny mu\u017esk\u00fd pohlavn\u00fd horm\u00f3n zodpovedn\u00fd za regul\u00e1ciu mnoh\u00fdch telesn\u00fdch funkci\u00ed, vr\u00e1tane svalovej a kostnej hmoty, distrib\u00facie tuku a tvorby \u010derven\u00fdch krviniek. Tie\u017e hr\u00e1 rozhoduj\u00facu \u00falohu pri mu\u017eskom libide a celkovej n\u00e1lade.<\/p>\n<p>Hladiny testoster\u00f3nu prirodzene klesaj\u00fa s vekom, zvy\u010dajne za\u010d\u00ednaj\u00fa okolo 30. roku \u017eivota. V\u00fdrazn\u00e9 poklesy v\u0161ak m\u00f4\u017eu vies\u0165 k r\u00f4znym zdravotn\u00fdm probl\u00e9mom. Pochopenie rozdielu medzi norm\u00e1lnym starnut\u00edm a patologicky n\u00edzkou hladinou testoster\u00f3nu je rozhoduj\u00face pre vhodn\u00fa lie\u010dbu, najm\u00e4 pri zva\u017eovan\u00ed liekov, ako je Tadapox.<\/p>\n<h2>Pr\u00edznaky a pr\u00ed\u010diny n\u00edzkej hladiny testoster\u00f3nu<\/h2>\n<p>Pr\u00edznaky n\u00edzkej hladiny testoster\u00f3nu sa m\u00f4\u017eu zna\u010dne l\u00ed\u0161i\u0165, ale zvy\u010dajne zah\u0155\u0148aj\u00fa \u00fanavu, depresiu, zn\u00ed\u017een\u00e9 libido a probl\u00e9my so s\u00fastreden\u00edm. Fyzick\u00e9 sympt\u00f3my m\u00f4\u017eu zah\u0155\u0148a\u0165 zv\u00fd\u0161en\u00fd telesn\u00fd tuk, zn\u00ed\u017een\u00fa svalov\u00fa hmotu a dokonca aj v\u00fdvoj prsn\u00e9ho tkaniva u mu\u017eov, zn\u00e1my ako gynekomastia. Tak\u00e9to pr\u00edznaky m\u00f4\u017eu v\u00fdrazne ovplyvni\u0165 kvalitu \u017eivota mu\u017ea.<\/p>\n<p>Pr\u00ed\u010diny n\u00edzkej hladiny testoster\u00f3nu s\u00fa mnohostrann\u00e9. Starnutie je prim\u00e1rnym faktorom, ale \u010fal\u0161ie pr\u00ed\u010diny zah\u0155\u0148aj\u00fa zdravotn\u00e9 stavy, ako je cukrovka, obezita a hormon\u00e1lne poruchy. Niektor\u00e9 lieky a faktory \u017eivotn\u00e9ho \u0161t\u00fdlu, ako je nadmern\u00e1 konzum\u00e1cia alkoholu a stres, m\u00f4\u017eu tie\u017e prispie\u0165 k zn\u00ed\u017eeniu hladiny testoster\u00f3nu.<\/p>\n<h2>Ako Tadapox ovplyv\u0148uje hladiny testoster\u00f3nu<\/h2>\n<p>Vz\u0165ah medzi hladinami Tadapoxu a testoster\u00f3nu nie je jednoduch\u00fd. Tadalafil, jedna z k\u013e\u00fa\u010dov\u00fdch zlo\u017eiek, priamo neovplyv\u0148uje produkciu testoster\u00f3nu. Zlep\u0161en\u00edm erektilnej funkcie v\u0161ak m\u00f4\u017ee nepriamo zlep\u0161i\u0165 mu\u017esk\u00fd pocit pohody a sexu\u00e1lneho zdravia, \u010do m\u00f4\u017ee vies\u0165 k vn\u00edman\u00e9mu zlep\u0161eniu sympt\u00f3mov spojen\u00fdch s n\u00edzkou hladinou testoster\u00f3nu.<\/p>\n<p>\u00daloha dapoxet\u00ednu je e\u0161te menej priama, pokia\u013e ide o testoster\u00f3n. Ako SSRI prim\u00e1rne ovplyv\u0148uje hladiny seroton\u00ednu a nie je zn\u00e1me, \u017ee by mal v\u00fdznamn\u00fd vplyv na produkciu testoster\u00f3nu. Napriek tomu by psychologick\u00e9 v\u00fdhody zlep\u0161enej sexu\u00e1lnej v\u00fdkonnosti mohli vies\u0165 k sekund\u00e1rnym \u00fa\u010dinkom na celkov\u00fa hormon\u00e1lnu rovnov\u00e1hu.<\/p>\n<h2>Potenci\u00e1lne v\u00fdhody Tadapox pre n\u00edzky testoster\u00f3n<\/h2>\n<p>Pre jednotlivcov, ktor\u00ed trpia erektilnou dysfunkciou a n\u00edzkym testoster\u00f3nom, m\u00f4\u017ee Tadapox pon\u00faknu\u0165 pohodln\u00e9 rie\u0161enie t\u00fdm, \u017ee rie\u0161i oba probl\u00e9my s\u00fa\u010dasne. Zlep\u0161enie sexu\u00e1lnych funkci\u00ed m\u00f4\u017ee vies\u0165 k lep\u0161iemu psychick\u00e9mu zdraviu, \u010do m\u00f4\u017ee nepriamo podporova\u0165 vy\u0161\u0161ie hladiny testoster\u00f3nu.<\/p>\n<p>Okrem toho sa u\u017e\u00edvanie tadalafilu <a href=\"https:\/\/lieky-domov.org\/objednavka-tadapox-online-bez-predpisu\">Tadapox 80mg N\u00e1klady<\/a> sp\u00e1jalo so zlep\u0161enou funkciou endotelu, \u010do by mohlo prospie\u0165 kardiovaskul\u00e1rnemu zdraviu \u2013 faktor \u010dasto ohrozen\u00fd u mu\u017eov s n\u00edzkou hladinou testoster\u00f3nu. Aj ke\u010f s\u00fa tieto v\u00fdhody nepriame, pod\u010diarkuj\u00fa potenci\u00e1lne holistick\u00e9 v\u00fdhody pou\u017e\u00edvania Tadapoxu v ur\u010dit\u00fdch popul\u00e1ci\u00e1ch.<\/p>\n<h2>Rizik\u00e1 a ved\u013eaj\u0161ie \u00fa\u010dinky pou\u017e\u00edvania Tadapox<\/h2>\n<p>Napriek potenci\u00e1lnym v\u00fdhod\u00e1m Tadapox nie je bez riz\u00edk. \u010cast\u00e9 ved\u013eaj\u0161ie \u00fa\u010dinky zah\u0155\u0148aj\u00fa bolesti hlavy, n\u00e1valy hor\u00fa\u010davy a tr\u00e1viace poruchy v d\u00f4sledku \u00fa\u010dinn\u00fdch l\u00e1tok. Z\u00e1va\u017enej\u0161ie rizik\u00e1 zah\u0155\u0148aj\u00fa kardiovaskul\u00e1rne komplik\u00e1cie, najm\u00e4 u jedincov s u\u017e existuj\u00facimi srdcov\u00fdmi chorobami.<\/p>\n<p>Okrem toho kombin\u00e1cia tadalafilu a dapoxet\u00ednu m\u00f4\u017ee interagova\u0165 s in\u00fdmi liekmi, \u010do vedie k ne\u017eiaducim \u00fa\u010dinkom. Je d\u00f4le\u017eit\u00e9, aby sa jednotlivci poradili s poskytovate\u013emi zdravotnej starostlivosti, aby sa vyhli \u0161kodliv\u00fdm interakci\u00e1m, najm\u00e4 s liekmi, ktor\u00e9 ovplyv\u0148uj\u00fa krvn\u00fd tlak a hladiny seroton\u00ednu.<\/p>\n<h2>Porovnanie Tadapoxu s in\u00fdmi sp\u00f4sobmi lie\u010dby n\u00edzkeho testoster\u00f3nu<\/h2>\n<p>Pri zva\u017eovan\u00ed lie\u010dby n\u00edzkej hladiny testoster\u00f3nu sa Tadapox predstavuje ako mo\u017enos\u0165 medzi r\u00f4znymi alternat\u00edvami, ako je substitu\u010dn\u00e1 lie\u010dba testoster\u00f3nom (TRT), zmeny \u017eivotn\u00e9ho \u0161t\u00fdlu a in\u00e9 lieky zameran\u00e9 na \u0161pecifick\u00e9 sympt\u00f3my. TRT napr\u00edklad priamo rie\u0161i n\u00edzke hladiny testoster\u00f3nu, ale nerie\u0161i erektiln\u00fa dysfunkciu, pokia\u013e dysfunkcia priamo nes\u00favis\u00ed s nedostatkom horm\u00f3nov.<\/p>\n<p>Na druhej strane z\u00e1sahy do \u017eivotn\u00e9ho \u0161t\u00fdlu, ako je chudnutie, cvi\u010denie a zmeny stravovania, m\u00f4\u017eu ma\u0165 siln\u00fd vplyv na hladiny testoster\u00f3nu bez ved\u013eaj\u0161\u00edch \u00fa\u010dinkov spojen\u00fdch s liekmi. V porovnan\u00ed s t\u00fdm m\u00f4\u017ee Tadapox pon\u00faknu\u0165 bezprostrednej\u0161ie rie\u0161enie na zmiernenie sympt\u00f3mov, ale ch\u00fdba mu priamy \u00fa\u010dinok TRT na zv\u00fd\u0161enie horm\u00f3nov alebo holistick\u00e9 v\u00fdhody modifik\u00e1ci\u00ed \u017eivotn\u00e9ho \u0161t\u00fdlu.<\/p>\n<h2>Lek\u00e1rske pokyny pre pou\u017eitie Tadapox<\/h2>\n<p>Lek\u00e1rske pokyny pre pou\u017e\u00edvanie Tadapox zd\u00f4raz\u0148uj\u00fa d\u00f4le\u017eitos\u0165 odbornej lek\u00e1rskej rady. Tadapox sa m\u00e1 pou\u017e\u00edva\u0165 opatrne, najm\u00e4 u jedincov s kardiovaskul\u00e1rnymi probl\u00e9mami, preto\u017ee tadalafil aj dapoxet\u00edn m\u00f4\u017eu ovplyvni\u0165 srdcov\u00fa frekvenciu a krvn\u00fd tlak.<\/p>\n<p>Pacientom sa zvy\u010dajne odpor\u00fa\u010da dodr\u017eiava\u0165 predp\u00edsan\u00e9 d\u00e1vky a vyh\u00fdba\u0165 sa pou\u017e\u00edvaniu Tadapoxu v spojen\u00ed s nitr\u00e1tmi alebo in\u00fdmi liekmi, ktor\u00e9 ovplyv\u0148uj\u00fa seroton\u00edn. Odpor\u00fa\u010da sa pravideln\u00e9 monitorovanie a konzult\u00e1cie s poskytovate\u013emi zdravotnej starostlivosti, aby sa zabezpe\u010dilo, \u017ee pr\u00ednosy prev\u00e1\u017eia potenci\u00e1lne rizik\u00e1.<\/p>\n<h2>Tadapox a interakcia s in\u00fdmi liekmi<\/h2>\n<p>Pochopenie potenci\u00e1lnych liekov\u00fdch interakci\u00ed je rozhoduj\u00face pre ka\u017ed\u00e9ho, kto zva\u017euje Tadapox. Interakcie tadalafilu s nitr\u00e1tmi, be\u017ene pou\u017e\u00edvan\u00fdmi pri ang\u00edne, m\u00f4\u017eu vies\u0165 k nebezpe\u010dn\u00fdm poklesom krvn\u00e9ho tlaku. Podobne m\u00f4\u017ee dapoxet\u00edn interagova\u0165 s in\u00fdmi SSRI, \u010do vedie k seroton\u00ednov\u00e9mu syndr\u00f3mu, potenci\u00e1lne \u017eivot ohrozuj\u00facemu stavu.<\/p>\n<p>Pacienti by mali svojmu poskytovate\u013eovi zdravotnej starostlivosti poskytn\u00fa\u0165 \u00fapln\u00fd zoznam v\u0161etk\u00fdch liekov a doplnkov, ktor\u00e9 u\u017e\u00edvaj\u00fa, aby sa tieto rizik\u00e1 zmiernili. Toto opatrenie pom\u00e1ha bezpe\u010dne prisp\u00f4sobi\u0165 pou\u017e\u00edvanie Tadapoxu v kontexte celkov\u00e9ho lie\u010debn\u00e9ho re\u017eimu jednotlivca.<\/p>\n<h2>\u00dapravy \u017eivotn\u00e9ho \u0161t\u00fdlu na doplnenie Tadapoxu<\/h2>\n<p>Za\u010dlenenie \u00faprav \u017eivotn\u00e9ho \u0161t\u00fdlu m\u00f4\u017ee zv\u00fd\u0161i\u0165 \u00fa\u010dinnos\u0165 Tadapoxu. Pravideln\u00e1 fyzick\u00e1 aktivita, vyv\u00e1\u017een\u00e1 strava a dostato\u010dn\u00fd sp\u00e1nok s\u00fa z\u00e1kladn\u00fdmi strat\u00e9giami, ktor\u00e9 m\u00f4\u017eu podpori\u0165 sexu\u00e1lne funkcie aj hladinu testoster\u00f3nu. Zn\u00ed\u017eenie stresu prostredn\u00edctvom v\u0161\u00edmavosti alebo medita\u010dn\u00fdch prakt\u00edk m\u00f4\u017ee tie\u017e optimalizova\u0165 hormon\u00e1lnu rovnov\u00e1hu.<\/p>\n<p>Vyh\u00fdbanie sa nadmern\u00e9mu po\u017e\u00edvaniu alkoholu a odvykanie od faj\u010denia s\u00fa \u010fal\u0161ie kroky, ktor\u00e9 m\u00f4\u017eu zlep\u0161i\u0165 celkov\u00e9 zdravie a potenci\u00e1lne zv\u00fd\u0161i\u0165 terapeutick\u00e9 \u00fa\u010dinky Tadapoxu. Tieto zmeny nielen dop\u013a\u0148aj\u00fa lieky, ale prispievaj\u00fa aj k dlhodob\u00fdm zdravotn\u00fdm pr\u00ednosom.<\/p>\n<h2>Pred pou\u017eit\u00edm sa pora\u010fte s odborn\u00edkmi v oblasti zdravotnej starostlivosti<\/h2>\n<p>Pred za\u010dat\u00edm u\u017e\u00edvania Tadapoxu je nevyhnutn\u00e1 konzult\u00e1cia so zdravotn\u00edckym pracovn\u00edkom, aby ste sa uistili, \u017ee je vhodn\u00fd pre va\u0161e \u0161pecifick\u00e9 zdravotn\u00e9 potreby. T\u00e1to konzult\u00e1cia by mala zah\u0155\u0148a\u0165 d\u00f4kladn\u00e9 presk\u00famanie anamn\u00e9zy vr\u00e1tane ak\u00fdchko\u013evek u\u017e existuj\u00facich stavov a s\u00fa\u010dasn\u00fdch liekov.<\/p>\n<p>Poskytovatelia zdravotnej starostlivosti m\u00f4\u017eu poskytn\u00fa\u0165 cenn\u00e9 rady o mo\u017en\u00fdch rizik\u00e1ch a pr\u00ednosoch na z\u00e1klade individu\u00e1lnych zdravotn\u00fdch profilov. T\u00e1to rada zais\u0165uje, \u017ee pou\u017e\u00edvanie Tadapoxu je bezpe\u010dn\u00e9 a \u00fa\u010dinn\u00e9, prisp\u00f4soben\u00e9 osobn\u00fdm zdravotn\u00fdm okolnostiam.<\/p>\n<h2>Osobn\u00e9 sk\u00fasenosti a referencie<\/h2>\n<p>Osobn\u00e9 sk\u00fasenosti s Tadapoxom sa zna\u010dne l\u00ed\u0161ia, pri\u010dom niektor\u00ed jedinci uv\u00e1dzaj\u00fa v\u00fdznamn\u00e9 zlep\u0161enie sexu\u00e1lnych funkci\u00ed a celkovej kvality \u017eivota. Svedectv\u00e1 \u010dasto zd\u00f4raz\u0148uj\u00fa pohodlie rie\u0161enia viacer\u00fdch sympt\u00f3mov jedn\u00fdm liekom.<\/p>\n<p>Nie v\u0161etky sk\u00fasenosti s\u00fa v\u0161ak pozit\u00edvne. Niektor\u00ed pou\u017e\u00edvatelia uv\u00e1dzaj\u00fa ved\u013eaj\u0161ie \u00fa\u010dinky, ktor\u00e9 preva\u017euj\u00fa nad v\u00fdhodami, \u010d\u00edm zd\u00f4raz\u0148uj\u00fa d\u00f4le\u017eitos\u0165 personalizovanej lek\u00e1rskej rady. Tieto posudky poskytuj\u00fa neofici\u00e1lne poznatky, ale mali by sa zv\u00e1\u017ei\u0165 spolu s klinick\u00fdmi d\u00f4kazmi a odborn\u00fdm veden\u00edm.<\/p>\n<h2>Bud\u00faci v\u00fdskum tadapoxu a testoster\u00f3nu<\/h2>\n<p>Bud\u00faci v\u00fdskum Tadapox by mohol poskytn\u00fa\u0165 hlb\u0161\u00ed poh\u013ead na jeho potenci\u00e1lne \u00fa\u010dinky na hladiny testoster\u00f3nu a \u0161ir\u0161ie zdravotn\u00e9 v\u00fdsledky. S\u00fa\u010dasn\u00e9 \u0161t\u00fadie sa prim\u00e1rne zameriavaj\u00fa na jeho \u00fa\u010dinnos\u0165 pri lie\u010dbe erektilnej dysfunkcie a pred\u010dasnej ejakul\u00e1cie, \u010d\u00edm zanech\u00e1vaj\u00fa medzeru v ch\u00e1pan\u00ed jeho \u00falohy v hormon\u00e1lnej regul\u00e1cii.<\/p>\n<p>Dlhodob\u00e9 \u0161t\u00fadie by mohli presk\u00fama\u0165 interak\u010dn\u00e9 \u00fa\u010dinky zlo\u017eiek Tadapoxu na testoster\u00f3n a in\u00e9 horm\u00f3ny, \u010do pon\u00faka komplexnej\u0161ie pochopenie jeho v\u00fdhod a riz\u00edk. Tak\u00fdto v\u00fdskum by bol neocenite\u013en\u00fd pri usmer\u0148ovan\u00ed klinick\u00e9ho pou\u017eitia a v\u00fdvoji zlep\u0161en\u00fdch lie\u010debn\u00fdch protokolov.<\/p>\n<h2>Pr\u00e1vne a etick\u00e9 \u00favahy<\/h2>\n<p>Pr\u00e1vne a etick\u00e9 \u00favahy t\u00fdkaj\u00face sa pou\u017e\u00edvania Tadapoxu zah\u0155\u0148aj\u00fa zabezpe\u010denie toho, aby bol predp\u00edsan\u00fd a pou\u017e\u00edvan\u00fd v s\u00falade s lek\u00e1rskymi usmerneniami. Ako pri ka\u017edom lieku, aj tu existuje mo\u017enos\u0165 nespr\u00e1vneho pou\u017eitia alebo pou\u017eitia mimo schv\u00e1lenia, \u010do m\u00f4\u017ee vies\u0165 k etick\u00fdm obav\u00e1m t\u00fdkaj\u00facim sa bezpe\u010dnosti pacienta a informovan\u00e9ho s\u00fahlasu.<\/p>\n<p>Poskytovatelia zdravotnej starostlivosti musia starostlivo vzdel\u00e1va\u0165 pacientov o spr\u00e1vnom pou\u017e\u00edvan\u00ed Tadapoxu vr\u00e1tane potenci\u00e1lnych riz\u00edk a d\u00f4le\u017eitosti dodr\u017eiavania predp\u00edsan\u00fdch d\u00e1vok. Zabezpe\u010denie informovan\u00e9ho v\u00fdberu pacienta je z\u00e1kladn\u00fdm kame\u0148om etickej lek\u00e1rskej praxe.<\/p>\n<h2>Z\u00e1ver: Je Tadapox pre v\u00e1s ten prav\u00fd?<\/h2>\n<p>Rozhodnutie, \u010di je Tadapox spr\u00e1vnou vo\u013ebou, zah\u0155\u0148a starostliv\u00e9 zhodnotenie jeho potenci\u00e1lnych pr\u00ednosov a riz\u00edk v kontexte individu\u00e1lnych zdravotn\u00fdch potrieb. Aj ke\u010f pon\u00faka mnohostrann\u00fd pr\u00edstup k lie\u010dbe sexu\u00e1lnej dysfunkcie, jej nepriame \u00fa\u010dinky na hladiny testoster\u00f3nu si vy\u017eaduj\u00fa \u010fal\u0161ie sk\u00famanie.<\/p>\n<p>V kone\u010dnom d\u00f4sledku by sa rozhodnutie malo urobi\u0165 po konzult\u00e1cii s poskytovate\u013eom zdravotnej starostlivosti, pri\u010dom sa zv\u00e1\u017ei osobn\u00fd zdravotn\u00fd stav, faktory \u017eivotn\u00e9ho \u0161t\u00fdlu a ciele lie\u010dby. Zv\u00e1\u017een\u00edm t\u00fdchto faktorov m\u00f4\u017eu jednotlivci robi\u0165 informovan\u00e9 rozhodnutia o za\u010dlenen\u00ed Tadapoxu do svojho re\u017eimu zdravotnej starostlivosti.<\/p>\n","protected":false},"excerpt":{"rendered":"<p>Tadapox a n\u00edzky testoster\u00f3n: m\u00f4\u017eete ho pou\u017ei\u0165? Sk\u00famanie potenci\u00e1lu Tadapoxu pri zvl\u00e1dan\u00ed n\u00edzkych hlad\u00edn testoster\u00f3nu, jeho pr\u00ednosy, rizik\u00e1 a ako sa porovn\u00e1va s in\u00fdmi lie\u010dbami. Pochopenie Tadapox: Zlo\u017eenie a pou\u017eitie Tadapox je farmaceutick\u00fd pr\u00edpravok, ktor\u00fd kombinuje dve akt\u00edvne zlo\u017eky: tadalafil a dapoxet\u00edn. Tadalafil je v\u0161eobecne zn\u00e1my pre svoje pou\u017eitie pri lie\u010dbe erektilnej dysfunkcie zv\u00fd\u0161en\u00edm prietoku [&hellip;]<\/p>\n","protected":false},"author":1,"featured_media":0,"parent":0,"menu_order":0,"comment_status":"closed","ping_status":"closed","template":"","meta":{"footnotes":""},"class_list":["post-29432","page","type-page","status-publish","hentry"],"_links":{"self":[{"href":"https:\/\/mydainikkhabar.com\/index.php?rest_route=\/wp\/v2\/pages\/29432","targetHints":{"allow":["GET"]}}],"collection":[{"href":"https:\/\/mydainikkhabar.com\/index.php?rest_route=\/wp\/v2\/pages"}],"about":[{"href":"https:\/\/mydainikkhabar.com\/index.php?rest_route=\/wp\/v2\/types\/page"}],"author":[{"embeddable":true,"href":"https:\/\/mydainikkhabar.com\/index.php?rest_route=\/wp\/v2\/users\/1"}],"replies":[{"embeddable":true,"href":"https:\/\/mydainikkhabar.com\/index.php?rest_route=%2Fwp%2Fv2%2Fcomments&post=29432"}],"version-history":[{"count":1,"href":"https:\/\/mydainikkhabar.com\/index.php?rest_route=\/wp\/v2\/pages\/29432\/revisions"}],"predecessor-version":[{"id":29434,"href":"https:\/\/mydainikkhabar.com\/index.php?rest_route=\/wp\/v2\/pages\/29432\/revisions\/29434"}],"wp:attachment":[{"href":"https:\/\/mydainikkhabar.com\/index.php?rest_route=%2Fwp%2Fv2%2Fmedia&parent=29432"}],"curies":[{"name":"wp","href":"https:\/\/api.w.org\/{rel}","templated":true}]}}