{"id":29391,"date":"2026-03-24T05:03:00","date_gmt":"2026-03-24T05:03:00","guid":{"rendered":"https:\/\/mydainikkhabar.com\/?page_id=29391"},"modified":"2026-03-24T05:03:00","modified_gmt":"2026-03-24T05:03:00","slug":"a-xenical-generic-gyakori-mellekhatasai-2","status":"publish","type":"page","link":"https:\/\/mydainikkhabar.com\/?page_id=29391","title":{"rendered":"A Xenical Generic gyakori mell\u00e9khat\u00e1sai"},"content":{"rendered":"<h1>Mell\u00e9khat\u00e1sok \u00e9s azok kezel\u00e9se a Xenical Generic-en<\/h1>\n<p>A Xenical Generic mell\u00e9khat\u00e1sainak \u00e9s azok hat\u00e9kony kezel\u00e9s\u00e9nek meg\u00e9rt\u00e9se kulcsfontoss\u00e1g\u00fa azon betegek sz\u00e1m\u00e1ra, akik ezt a gy\u00f3gyszert fogy\u00e1s c\u00e9lj\u00e1b\u00f3l haszn\u00e1lj\u00e1k.<\/p>\n<h2>A Xenical Generic gyakori mell\u00e9khat\u00e1sai<\/h2>\n<p>A Xenical Generic, egy sz\u00e9les k\u00f6rben haszn\u00e1lt tests\u00falycs\u00f6kkent\u0151 gy\u00f3gyszer, arr\u00f3l ismert, hogy hat\u00e9konyan g\u00e1tolja az \u00e9tkez\u00e9si zs\u00edrok felsz\u00edv\u00f3d\u00e1s\u00e1t. Azonban sz\u00e1mos gyakori mell\u00e9khat\u00e1ssal j\u00e1r. A legt\u00f6bb felhaszn\u00e1l\u00f3 enyhe gyomor-b\u00e9lrendszeri probl\u00e9m\u00e1kat tapasztal, amelyek \u00e1ltal\u00e1ban kezelhet\u0151k. Ezek a mell\u00e9khat\u00e1sok a gy\u00f3gyszer hat\u00e1smechanizmus\u00e1nak k\u00f6zvetlen k\u00f6vetkezm\u00e9nyei, mivel korl\u00e1tozza a zs\u00edrok felsz\u00edv\u00f3d\u00e1s\u00e1t, amelyeket azt\u00e1n a szervezet kiv\u00e1laszt.<\/p>\n<p>A betegek gyakran sz\u00e1molnak be olajos sz\u00e9kletr\u0151l, fokozott sz\u00e9klet\u00fcr\u00edt\u00e9sr\u0151l \u00e9s puffad\u00e1sr\u00f3l. B\u00e1r ezek a t\u00fcnetek kellemetlenek lehetnek, azt jelzik, hogy a gy\u00f3gyszer a rendeltet\u00e9sszer\u0171en m\u0171k\u00f6dik. Az eg\u00e9szs\u00e9g\u00fcgyi szakemberek gyakran azt tan\u00e1csolj\u00e1k a betegeknek, hogy tarts\u00e1k be az alacsony zs\u00edrtartalm\u00fa \u00e9trendet, hogy enyh\u00edts\u00e9k ezeket a hat\u00e1sokat. Az \u00e9trend m\u00f3dos\u00edt\u00e1sa nemcsak a mell\u00e9khat\u00e1sok kezel\u00e9s\u00e9ben seg\u00edt, hanem a gy\u00f3gyszer hat\u00e9konys\u00e1g\u00e1t is fokozza.<\/p>\n<h2>Em\u00e9szt\u0151rendszeri t\u00fcnetek \u00e9s kezel\u00e9s<\/h2>\n<p>A Xenical Generic-hez kapcsol\u00f3d\u00f3 gyomor-b\u00e9lrendszeri t\u00fcnetek nagyr\u00e9szt az em\u00e9szt\u0151rendszeren \u00e1thalad\u00f3 fel nem sz\u00edv\u00f3d\u00f3 zs\u00edroknak k\u00f6sz\u00f6nhet\u0151ek. Ez k\u00e9nyelmetlens\u00e9get \u00e9s sz\u00e9gyen\u00e9rzetet okozhat a betegek sz\u00e1m\u00e1ra. Ezeknek a t\u00fcneteknek a meg\u00e9rt\u00e9se \u00e9s kezel\u00e9se azonban jelent\u0151sen jav\u00edthatja a kezel\u00e9si \u00e9lm\u00e9nyt.<\/p>\n<p>E t\u00fcnetek hat\u00e9kony kezel\u00e9se \u00e9rdek\u00e9ben a betegeket arra biztatj\u00e1k, hogy gondosan k\u00f6vess\u00e9k figyelemmel \u00e9trendj\u00fcket. Az alacsonyabb zs\u00edrtartalm\u00fa \u00e9telek fogyaszt\u00e1sa cs\u00f6kkentheti a gyomor-b\u00e9lrendszeri t\u00fcnetek s\u00falyoss\u00e1g\u00e1t. Ezen t\u00falmen\u0151en, ha a napi zs\u00edrbevitelt t\u00f6bb \u00e9tkez\u00e9sre osztjuk fel ahelyett, hogy egyszerre fogyasztan\u00e1nk el, az is seg\u00edthet ezeken a probl\u00e9m\u00e1kon.<\/p>\n<h2>A zs\u00edros sz\u00e9klet \u00e9s a puffad\u00e1s kezel\u00e9se<\/h2>\n<p>A zs\u00edros sz\u00e9klet \u00e9s a puffad\u00e1s a Xenical Generic felhaszn\u00e1l\u00f3in\u00e1l tapasztalt leggyakoribb mell\u00e9khat\u00e1sok k\u00f6z\u00e9 tartozik. Ezek a t\u00fcnetek eleinte nyugtalan\u00edt\u00f3ak lehetnek, de megfelel\u0151 \u00e9trend-m\u00f3dos\u00edt\u00e1ssal \u00e9s \u00e9letm\u00f3dv\u00e1lt\u00e1ssal kezelhet\u0151k. A zs\u00edr mennyis\u00e9g\u00e9nek cs\u00f6kkent\u00e9se minden \u00e9tkez\u00e9sn\u00e9l \u00e9szrevehet\u0151en cs\u00f6kkentheti ezeket a t\u00fcneteket.<\/p>\n<p>A betegeknek azt tan\u00e1csoljuk, hogy figyeljenek a magas zs\u00edrtartalm\u00fa \u00e9telek fogyaszt\u00e1s\u00e1ra, mivel ezek s\u00falyosb\u00edthatj\u00e1k a mell\u00e9khat\u00e1sokat. Az \u00e9tkez\u00e9si napl\u00f3 vezet\u00e9se hasznos eszk\u00f6z lehet az \u00e9tkez\u00e9si szok\u00e1sok nyomon k\u00f6vet\u00e9s\u00e9re \u00e9s a kiv\u00e1lt\u00f3 t\u00e9nyez\u0151k azonos\u00edt\u00e1s\u00e1ra. Ha ezek a t\u00fcnetek az \u00e9trendi v\u00e1ltoztat\u00e1sok ellen\u00e9re is fenn\u00e1llnak, az eg\u00e9szs\u00e9g\u00fcgyi szakemberrel val\u00f3 konzult\u00e1ci\u00f3 tov\u00e1bbi kezel\u00e9si strat\u00e9gi\u00e1kat k\u00edn\u00e1lhat.<\/p>\n<h2>Ritka, de s\u00falyos mell\u00e9khat\u00e1sok<\/h2>\n<p>M\u00edg a Xenical Generic legt\u00f6bb mell\u00e9khat\u00e1sa enyhe \u00e9s kezelhet\u0151, vannak ritka, de s\u00falyos mell\u00e9khat\u00e1sok, amelyekkel a betegeknek tiszt\u00e1ban kell lenni\u00fck. Ezek k\u00f6z\u00e9 tartozik a s\u00falyos m\u00e1jk\u00e1rosod\u00e1s, a vesek\u00f6vek \u00e9s a hasny\u00e1lmirigy-gyullad\u00e1s. B\u00e1r ezek az \u00e1llapotok nem gyakoriak, azonnali orvosi ell\u00e1t\u00e1st ig\u00e9nyelnek, ha el\u0151fordulnak.<\/p>\n<p>A s\u00falyos mell\u00e9khat\u00e1sok jelei k\u00f6z\u00e9 tartozik a s\u00falyos hasi f\u00e1jdalom, s\u00e1rgas\u00e1g \u00e9s s\u00f6t\u00e9t vizelet. Az ilyen t\u00fcneteket tapasztal\u00f3 betegeknek azonnali orvosi vizsg\u00e1latot kell k\u00e9rni\u00fck. Az eg\u00e9szs\u00e9g\u00fcgyi szolg\u00e1ltat\u00f3 rendszeres ellen\u0151rz\u00e9se seg\u00edthet a lehets\u00e9ges sz\u00f6v\u0151dm\u00e9nyek korai felismer\u00e9s\u00e9ben \u00e9s kezel\u00e9s\u00e9ben.<\/p>\n<h2>Allergi\u00e1s reakci\u00f3k a Xenical Genericre<\/h2>\n<p>A Xenical Generic-re adott allergi\u00e1s reakci\u00f3k ritk\u00e1k, de lehets\u00e9gesek. Az allergi\u00e1s reakci\u00f3 t\u00fcnetei az enyhe b\u0151rirrit\u00e1ci\u00f3t\u00f3l a s\u00falyosabb megnyilv\u00e1nul\u00e1sokig terjedhetnek, mint p\u00e9ld\u00e1ul l\u00e9gz\u00e9si neh\u00e9zs\u00e9g vagy az arc \u00e9s a torok duzzanata. E t\u00fcnetek korai felismer\u00e9se kulcsfontoss\u00e1g\u00fa a betegek biztons\u00e1ga szempontj\u00e1b\u00f3l.<\/p>\n<p>Ha allergi\u00e1s reakci\u00f3ra utal\u00f3 jelek jelentkeznek, <a href=\"https:\/\/web-patika.com\/xenical-generikus-ar-veny-nelkul\">Xenical Generikus 120mg<\/a> a betegeknek abba kell hagyniuk a kezel\u00e9st, \u00e9s azonnal orvoshoz kell fordulniuk. A lehets\u00e9ges mell\u00e9khat\u00e1sok megel\u0151z\u00e9se \u00e9rdek\u00e9ben fontos, hogy a betegek t\u00e1j\u00e9koztass\u00e1k eg\u00e9szs\u00e9g\u00fcgyi szolg\u00e1ltat\u00f3ikat minden ismert allergi\u00e1r\u00f3l a Xenical Generic szed\u00e9s\u00e9nek megkezd\u00e9se el\u0151tt.<\/p>\n<h2>A vitaminok felsz\u00edv\u00f3d\u00e1s\u00e1ra \u00e9s oldataira gyakorolt \u200b\u200bhat\u00e1s<\/h2>\n<p>A Xenical Generic hat\u00e1smechanizmusa megzavarhatja a zs\u00edrban old\u00f3d\u00f3 vitaminok, p\u00e9ld\u00e1ul A, D, E \u00e9s K felsz\u00edv\u00f3d\u00e1s\u00e1t. Ez hi\u00e1nyoss\u00e1gokhoz vezethet, ha nem kezelik megfelel\u0151en. Az eg\u00e9szs\u00e9g\u00fcgyi szolg\u00e1ltat\u00f3k gyakran javasolj\u00e1k a betegeknek, hogy vegyenek be napi multivitamin-kieg\u00e9sz\u00edt\u0151t ennek a hat\u00e1snak az ellens\u00falyoz\u00e1s\u00e1ra.<\/p>\n<p>A vitamin-kieg\u00e9sz\u00edt\u0151k bevitel\u00e9nek id\u0151z\u00edt\u00e9se kulcsfontoss\u00e1g\u00fa; azokat legal\u00e1bb k\u00e9t \u00f3r\u00e1val a Xenical Generic adag bead\u00e1sa el\u0151tt vagy ut\u00e1n kell bevenni az optim\u00e1lis felsz\u00edv\u00f3d\u00e1s biztos\u00edt\u00e1sa \u00e9rdek\u00e9ben. Rendszeres v\u00e9rvizsg\u00e1latok javasoltak a vitaminszint monitoroz\u00e1sa \u00e9s a p\u00f3tl\u00e1s sz\u00fcks\u00e9g szerinti m\u00f3dos\u00edt\u00e1sa \u00e9rdek\u00e9ben.<\/p>\n<h2>\u00c9trend-m\u00f3dos\u00edt\u00e1sok a mell\u00e9khat\u00e1sok minimaliz\u00e1l\u00e1sa \u00e9rdek\u00e9ben<\/h2>\n<p>A Xenical Generic-hez kapcsol\u00f3d\u00f3 mell\u00e9khat\u00e1sok minimaliz\u00e1l\u00e1sa \u00e9rdek\u00e9ben az \u00e9trend m\u00f3dos\u00edt\u00e1sa kulcsfontoss\u00e1g\u00fa szerepet j\u00e1tszik. A gy\u00fcm\u00f6lcs\u00f6kben, z\u00f6lds\u00e9gekben \u00e9s sov\u00e1ny feh\u00e9rj\u00e9kben gazdag kiegyens\u00falyozott \u00e9trend hangs\u00falyoz\u00e1sa seg\u00edthet a mell\u00e9khat\u00e1sok kezel\u00e9s\u00e9ben, mik\u00f6zben t\u00e1mogatja a fogy\u00e1s c\u00e9ljait.<\/p>\n<p>A betegeknek korl\u00e1tozniuk kell a magas zs\u00edrtartalm\u00fa \u00e9telek bevitel\u00e9t, ami s\u00falyosb\u00edthatja a gyomor-b\u00e9lrendszeri t\u00fcneteket. Ehelyett a term\u00e9szetesen alacsonyabb zs\u00edrtartalm\u00fa \u00e9telekre val\u00f3 \u00f6sszpontos\u00edt\u00e1s enyh\u00edtheti a mell\u00e9khat\u00e1sokat. Az \u00e9tkez\u00e9s megtervez\u00e9se \u00e9s elk\u00e9sz\u00edt\u00e9se seg\u00edthet abban is, hogy betartsuk a gy\u00f3gyszer hat\u00e1sait kieg\u00e9sz\u00edt\u0151 \u00e9trendet.<\/p>\n<h2>K\u00f6lcs\u00f6nhat\u00e1s m\u00e1s gy\u00f3gyszerekkel<\/h2>\n<p>A Xenical Generic k\u00f6lcs\u00f6nhat\u00e1sba l\u00e9phet m\u00e1s gy\u00f3gyszerekkel, potenci\u00e1lisan megv\u00e1ltoztatva azok hat\u00e9konys\u00e1g\u00e1t. P\u00e9ld\u00e1ul befoly\u00e1solhatja bizonyos gy\u00f3gyszerek, p\u00e9ld\u00e1ul a ciklosporin \u00e9s a levotiroxin felsz\u00edv\u00f3d\u00e1s\u00e1t. A betegeknek t\u00e1j\u00e9koztatniuk kell eg\u00e9szs\u00e9g\u00fcgyi szolg\u00e1ltat\u00f3ikat az \u00e1ltaluk szedett \u00f6sszes gy\u00f3gyszerr\u0151l, hogy elker\u00fclj\u00e9k a lehets\u00e9ges k\u00f6lcs\u00f6nhat\u00e1sokat.<\/p>\n<p>Az eg\u00e9szs\u00e9g\u00fcgyi szakemberek m\u00f3dos\u00edthatj\u00e1k az adagol\u00e1si \u00fctemtervet, vagy alternat\u00edv gy\u00f3gyszereket javasolhatnak az interakci\u00f3s kock\u00e1zatok cs\u00f6kkent\u00e9se \u00e9rdek\u00e9ben. Az eg\u00e9szs\u00e9g\u00fcgyi szolg\u00e1ltat\u00f3val folytatott rendszeres kommunik\u00e1ci\u00f3 biztos\u00edtja, hogy a gy\u00f3gyszeres kezel\u00e9si rend minden v\u00e1ltoz\u00e1s\u00e1t megfelel\u0151en kezelj\u00e9k.<\/p>\n<h2>Mikor forduljon eg\u00e9szs\u00e9g\u00fcgyi szakemberhez<\/h2>\n<p>Az eg\u00e9szs\u00e9g\u00fcgyi szakemberrel val\u00f3 konzult\u00e1ci\u00f3 d\u00f6nt\u0151 fontoss\u00e1g\u00fa, ha a Xenical Generic tart\u00f3s vagy s\u00falyos mell\u00e9khat\u00e1sait tapasztalja. B\u00e1r az enyhe mell\u00e9khat\u00e1sok gyakoriak, a s\u00falyos mell\u00e9khat\u00e1sok minden jele azonnali orvosi ell\u00e1t\u00e1st ig\u00e9nyel.<\/p>\n<p>A betegeknek akkor is tan\u00e1csot kell k\u00e9rni\u00fck, ha v\u00e1ratlan t\u00fcneteket tapasztalnak, vagy ha a gy\u00f3gyszer nem t\u0171nik hat\u00e1sosnak. A rendszeres ellen\u0151rz\u00e9sek lehet\u0151v\u00e9 teszik az eg\u00e9szs\u00e9g\u00fcgyi szolg\u00e1ltat\u00f3k sz\u00e1m\u00e1ra, hogy nyomon k\u00f6vess\u00e9k az el\u0151rehalad\u00e1st, \u00e9s elv\u00e9gezz\u00e9k a kezel\u00e9si terv sz\u00fcks\u00e9ges m\u00f3dos\u00edt\u00e1sait.<\/p>\n<h2>A Xenical Generic hossz\u00fa t\u00e1v\u00fa haszn\u00e1lata: mire sz\u00e1m\u00edthatunk<\/h2>\n<p>A Xenical Generic hossz\u00fa t\u00e1v\u00fa alkalmaz\u00e1sa gondos kezel\u00e9st \u00e9s monitoroz\u00e1st ig\u00e9nyel. M\u00edg a gy\u00f3gyszer hat\u00e1sos lehet a tart\u00f3s fogy\u00e1sban, az eredm\u00e9nyek meg\u0151rz\u00e9se \u00e9rdek\u00e9ben \u00e9letm\u00f3dbeli v\u00e1ltoztat\u00e1soknak \u00e9s \u00e9trendi m\u00f3dos\u00edt\u00e1soknak kell k\u00eds\u00e9rni\u00fck.<\/p>\n<p>A betegeknek tiszt\u00e1ban kell lenni\u00fck a vitaminszint \u00e9s a lehets\u00e9ges mell\u00e9khat\u00e1sok folyamatos monitoroz\u00e1s\u00e1nak sz\u00fcks\u00e9gess\u00e9g\u00e9vel. A Xenical Generic hossz\u00fa t\u00e1v\u00fa sikere egy \u00e1tfog\u00f3 megk\u00f6zel\u00edt\u00e9sen alapul, amely mag\u00e1ban foglalja a rendszeres fizikai aktivit\u00e1st, a kiegyens\u00falyozott \u00e9trendet \u00e9s az eg\u00e9szs\u00e9g\u00fcgyi szolg\u00e1ltat\u00f3kkal val\u00f3 k\u00f6vetkezetes nyomon k\u00f6vet\u00e9st.<\/p>\n<h2>\u00c9letm\u00f3dv\u00e1lt\u00e1sok a Xenical generikus haszn\u00e1lat\u00e1nak t\u00e1mogat\u00e1s\u00e1ra<\/h2>\n<p>Az \u00e9letm\u00f3dbeli v\u00e1ltoztat\u00e1sok be\u00e9p\u00edt\u00e9se elengedhetetlen a Xenical Generic hat\u00e9konys\u00e1g\u00e1nak n\u00f6vel\u00e9s\u00e9hez. A rendszeres testmozg\u00e1s nemcsak a fogy\u00e1sban seg\u00edt, hanem jav\u00edtja az \u00e1ltal\u00e1nos eg\u00e9szs\u00e9get \u00e9s k\u00f6z\u00e9rzetet is. Az \u00e9lvezetes tev\u00e9kenys\u00e9gek megv\u00e1laszt\u00e1sa n\u00f6velheti a ragaszkod\u00e1st, \u00e9s fenntarthat\u00f3 szok\u00e1ss\u00e1 teheti a testmozg\u00e1st.<\/p>\n<p>Ezenk\u00edv\u00fcl a stresszkezel\u00e9si technik\u00e1k, p\u00e9ld\u00e1ul az \u00e9ber figyelem \u00e9s a relax\u00e1ci\u00f3s gyakorlatok t\u00e1mogathatj\u00e1k a ment\u00e1lis eg\u00e9szs\u00e9get a fogy\u00e1s sor\u00e1n. Ezek az \u00e9letm\u00f3dbeli v\u00e1ltoz\u00e1sok a gy\u00f3gyszeres kezel\u00e9ssel kombin\u00e1lva jobb eredm\u00e9nyeket \u00e9s eg\u00e9szs\u00e9gesebb \u00e9letm\u00f3dot eredm\u00e9nyezhetnek.<\/p>\n<h2>A halad\u00e1s nyomon k\u00f6vet\u00e9se \u00e9s a kezel\u00e9s m\u00f3dos\u00edt\u00e1sa<\/h2>\n<p>A Xenical Generic szed\u00e9se sor\u00e1n l\u00e9tfontoss\u00e1g\u00fa a halad\u00e1s rendszeres nyomon k\u00f6vet\u00e9se. A betegeknek nyomon kell k\u00f6vetni\u00fck fogy\u00e1sukat, \u00e9trendj\u00fck betart\u00e1s\u00e1t \u00e9s a tapasztalt mell\u00e9khat\u00e1sokat. Ez az inform\u00e1ci\u00f3 felbecs\u00fclhetetlen \u00e9rt\u00e9k\u0171 lehet az eg\u00e9szs\u00e9g\u00fcgyi szolg\u00e1ltat\u00f3kkal folytatott konzult\u00e1ci\u00f3 sor\u00e1n.<\/p>\n<p>Az el\u0151rehalad\u00e1s \u00e9s a mell\u00e9khat\u00e1sok alapj\u00e1n az eg\u00e9szs\u00e9g\u00fcgyi szakemberek m\u00f3dos\u00edthatj\u00e1k a kezel\u00e9si tervet az eredm\u00e9nyek optimaliz\u00e1l\u00e1sa \u00e9rdek\u00e9ben. Ez mag\u00e1ban foglalhatja az adag m\u00f3dos\u00edt\u00e1s\u00e1t vagy tov\u00e1bbi strat\u00e9gi\u00e1k bevezet\u00e9s\u00e9t a kezel\u00e9s sor\u00e1n felmer\u00fcl\u0151 kih\u00edv\u00e1sok kezel\u00e9s\u00e9re.<\/p>\n<h2>A betegek tapasztalatai \u00e9s besz\u00e1mol\u00f3i<\/h2>\n<p>Sok beteg megosztotta pozit\u00edv tapasztalatait a Xenical Generic-kel, jelent\u0151s s\u00falycs\u00f6kken\u00e9st \u00e9s javul\u00f3 eg\u00e9szs\u00e9g\u00fcgyi eredm\u00e9nyeket jegyezve meg. A besz\u00e1mol\u00f3k gyakran kiemelik az \u00e9trendi ir\u00e1nyelvek betart\u00e1s\u00e1nak \u00e9s az eg\u00e9szs\u00e9g\u00fcgyi szolg\u00e1ltat\u00f3k t\u00e1mogat\u00e1s\u00e1nak fontoss\u00e1g\u00e1t a siker el\u00e9r\u00e9se \u00e9rdek\u00e9ben.<\/p>\n<p>B\u00e1r az egy\u00e9ni tapasztalatok elt\u00e9r\u0151ek, a k\u00f6z\u00f6s t\u00e9m\u00e1k k\u00f6z\u00e9 tartozik az \u00e9letm\u00f3dv\u00e1lt\u00e1s ir\u00e1nti elk\u00f6telezetts\u00e9g sz\u00fcks\u00e9gess\u00e9ge \u00e9s a rendszeres ut\u00f3gondoz\u00e1s el\u0151nyei. A betegek gyakran el\u00e9gedettek az eredm\u00e9nnyel, amikor a gy\u00f3gyszert egy \u00e1tfog\u00f3 tests\u00falykezel\u00e9si terv r\u00e9szek\u00e9nt alkalmazz\u00e1k.<\/p>\n<h2>Gyakran ism\u00e9telt k\u00e9rd\u00e9sek a Xenical \u00e1ltal\u00e1nos mell\u00e9khat\u00e1sair\u00f3l<\/h2>\n<p>A betegek gyakran \u00e9rdekl\u0151dnek a Xenical Generic mell\u00e9khat\u00e1sainak kezel\u00e9s\u00e9r\u0151l. A gyakori k\u00e9rd\u00e9sek k\u00f6z\u00e9 tartozik az \u00e9trend m\u00f3dos\u00edt\u00e1sa, a mell\u00e9khat\u00e1sok \u00e9szlel\u00e9s\u00e9nek \u00fctemez\u00e9se \u00e9s a minimaliz\u00e1l\u00e1si strat\u00e9gi\u00e1k. Ezen szempontok meg\u00e9rt\u00e9se k\u00e9pess\u00e9 teheti a betegeket a kezel\u00e9s hat\u00e9kony ir\u00e1ny\u00edt\u00e1s\u00e1ra.<\/p>\n<p>Az eg\u00e9szs\u00e9g\u00fcgyi szolg\u00e1ltat\u00f3k kiv\u00e1l\u00f3 forr\u00e1st jelentenek ezeknek a k\u00e9rd\u00e9seknek a megv\u00e1laszol\u00e1s\u00e1hoz, \u00e9s szem\u00e9lyre szabott tan\u00e1csokat k\u00edn\u00e1lnak a betegek egy\u00e9ni ig\u00e9nyei alapj\u00e1n. A t\u00e1mogat\u00f3 csoportokkal vagy online f\u00f3rumokkal val\u00f3 egy\u00fcttm\u0171k\u00f6d\u00e9s tov\u00e1bbi betekint\u00e9st \u00e9s m\u00e1s betegek megosztott tapasztalatait is ny\u00fajthatja.<\/p>\n<h2>Tov\u00e1bbi t\u00e1mogat\u00e1si \u00e9s inform\u00e1ci\u00f3forr\u00e1sok<\/h2>\n<p>A Xenical Generic term\u00e9kkel kapcsolatos tov\u00e1bbi t\u00e1mogat\u00e1st \u00e9s inform\u00e1ci\u00f3t keres\u0151 betegek sz\u00e1m\u00e1ra sz\u00e1mos forr\u00e1s \u00e1ll rendelkez\u00e9sre. Az eg\u00e9szs\u00e9g\u00fcgyi szolg\u00e1ltat\u00f3k az \u00fatmutat\u00e1s els\u0151dleges forr\u00e1sai, \u00e9s szem\u00e9lyre szabott tan\u00e1csokat \u00e9s t\u00e1mogat\u00e1st k\u00edn\u00e1lhatnak a kezel\u00e9si folyamat sor\u00e1n.<\/p>\n<p>Ezenk\u00edv\u00fcl j\u00f3 h\u00edr\u0171 eg\u00e9szs\u00e9g\u00fcgyi szervezetek \u00e9s betegek \u00e9rdekk\u00e9pviseleti csoportjai oktat\u00e1si anyagokat \u00e9s t\u00e1mogat\u00f3 h\u00e1l\u00f3zatokat biztos\u00edthatnak. Ezek a forr\u00e1sok \u00e9rt\u00e9kes inform\u00e1ci\u00f3kat k\u00edn\u00e1lnak a mell\u00e9khat\u00e1sok kezel\u00e9s\u00e9r\u0151l, az \u00e9trendi aj\u00e1nl\u00e1sokr\u00f3l \u00e9s az \u00e9letm\u00f3dbeli v\u00e1ltoztat\u00e1sokr\u00f3l a kezel\u00e9s siker\u00e9nek jav\u00edt\u00e1sa \u00e9rdek\u00e9ben.<\/p>\n","protected":false},"excerpt":{"rendered":"<p>Mell\u00e9khat\u00e1sok \u00e9s azok kezel\u00e9se a Xenical Generic-en A Xenical Generic mell\u00e9khat\u00e1sainak \u00e9s azok hat\u00e9kony kezel\u00e9s\u00e9nek meg\u00e9rt\u00e9se kulcsfontoss\u00e1g\u00fa azon betegek sz\u00e1m\u00e1ra, akik ezt a gy\u00f3gyszert fogy\u00e1s c\u00e9lj\u00e1b\u00f3l haszn\u00e1lj\u00e1k. A Xenical Generic gyakori mell\u00e9khat\u00e1sai A Xenical Generic, egy sz\u00e9les k\u00f6rben haszn\u00e1lt tests\u00falycs\u00f6kkent\u0151 gy\u00f3gyszer, arr\u00f3l ismert, hogy hat\u00e9konyan g\u00e1tolja az \u00e9tkez\u00e9si zs\u00edrok felsz\u00edv\u00f3d\u00e1s\u00e1t. Azonban sz\u00e1mos gyakori mell\u00e9khat\u00e1ssal j\u00e1r. [&hellip;]<\/p>\n","protected":false},"author":1,"featured_media":0,"parent":0,"menu_order":0,"comment_status":"closed","ping_status":"closed","template":"","meta":{"footnotes":""},"class_list":["post-29391","page","type-page","status-publish","hentry"],"_links":{"self":[{"href":"https:\/\/mydainikkhabar.com\/index.php?rest_route=\/wp\/v2\/pages\/29391","targetHints":{"allow":["GET"]}}],"collection":[{"href":"https:\/\/mydainikkhabar.com\/index.php?rest_route=\/wp\/v2\/pages"}],"about":[{"href":"https:\/\/mydainikkhabar.com\/index.php?rest_route=\/wp\/v2\/types\/page"}],"author":[{"embeddable":true,"href":"https:\/\/mydainikkhabar.com\/index.php?rest_route=\/wp\/v2\/users\/1"}],"replies":[{"embeddable":true,"href":"https:\/\/mydainikkhabar.com\/index.php?rest_route=%2Fwp%2Fv2%2Fcomments&post=29391"}],"version-history":[{"count":1,"href":"https:\/\/mydainikkhabar.com\/index.php?rest_route=\/wp\/v2\/pages\/29391\/revisions"}],"predecessor-version":[{"id":29393,"href":"https:\/\/mydainikkhabar.com\/index.php?rest_route=\/wp\/v2\/pages\/29391\/revisions\/29393"}],"wp:attachment":[{"href":"https:\/\/mydainikkhabar.com\/index.php?rest_route=%2Fwp%2Fv2%2Fmedia&parent=29391"}],"curies":[{"name":"wp","href":"https:\/\/api.w.org\/{rel}","templated":true}]}}