{"id":28952,"date":"2026-03-24T03:12:36","date_gmt":"2026-03-24T03:12:36","guid":{"rendered":"https:\/\/mydainikkhabar.com\/?page_id=28952"},"modified":"2026-03-24T03:12:36","modified_gmt":"2026-03-24T03:12:36","slug":"zrozumienie-leku-przed-wydajnoscia-i-zaburzen-erekcji-2","status":"publish","type":"page","link":"https:\/\/mydainikkhabar.com\/?page_id=28952","title":{"rendered":"Zrozumienie l\u0119ku przed wydajno\u015bci\u0105 i zaburze\u0144 erekcji"},"content":{"rendered":"<h1>L\u0119k przed wydajno\u015bci\u0105 i zaburzenia erekcji: strategie poznawcze i behawioralne<\/h1>\n<p>Badaj\u0105c powi\u0105zania mi\u0119dzy l\u0119kiem zwi\u0105zanym z wydajno\u015bci\u0105 a zaburzeniami erekcji, w tym artykule zag\u0142\u0119biamy si\u0119 w strategie poznawcze i behawioralne umo\u017cliwiaj\u0105ce skuteczne leczenie i leczenie.<\/p>\n<h2>Zrozumienie l\u0119ku przed wydajno\u015bci\u0105 i zaburze\u0144 erekcji<\/h2>\n<p>L\u0119k przed wydajno\u015bci\u0105 i zaburzenia erekcji (ED) s\u0105 cz\u0119sto ze sob\u0105 powi\u0105zane, tworz\u0105c cykl, kt\u00f3ry mo\u017ce by\u0107 trudny do przerwania. L\u0119k przed wyst\u0119pami odnosi si\u0119 do uczucia nerwowo\u015bci i obaw o to, czy poradzisz sobie w danej sytuacji, cz\u0119sto prowadz\u0105c do reakcji fizjologicznych, kt\u00f3re mog\u0105 hamowa\u0107 sprawno\u015b\u0107 seksualn\u0105. Z kolei zaburzenia erekcji to niemo\u017cno\u015b\u0107 osi\u0105gni\u0119cia lub utrzymania erekcji wystarczaj\u0105cej do satysfakcjonuj\u0105cej aktywno\u015bci seksualnej. Presja na wykonanie mo\u017ce zaostrzy\u0107 zaburzenia erekcji, tworz\u0105c samonap\u0119dzaj\u0105c\u0105 si\u0119 p\u0119tl\u0119 l\u0119ku i dysfunkcji seksualnych.<\/p>\n<p>Zrozumienie zawi\u0142o\u015bci tej relacji jest kluczowe. L\u0119k wyzwala reakcj\u0119 organizmu na walk\u0119 lub ucieczk\u0119, odwracaj\u0105c krew od nieistotnych funkcji, takich jak podniecenie seksualne. W rezultacie ta reakcja fizjologiczna mo\u017ce utrudnia\u0107 erekcj\u0119. Co wi\u0119cej, presja spo\u0142eczna i osobiste oczekiwania mog\u0105 nasili\u0107 te uczucia, czyni\u0105c zaburzenia erekcji znacz\u0105cym \u017ar\u00f3d\u0142em stresu i jeszcze bardziej utrwalaj\u0105c niepok\u00f3j zwi\u0105zany z wydajno\u015bci\u0105.<\/p>\n<h2>Psychologiczny wp\u0142yw l\u0119ku przed wydajno\u015bci\u0105 na zaburzenia erekcji<\/h2>\n<p>Psychologiczne konsekwencje l\u0119ku przed wydajno\u015bci\u0105 w przypadku zaburze\u0144 erekcji s\u0105 g\u0142\u0119bokie. M\u0119\u017cczy\u017ani do\u015bwiadczaj\u0105cy tych problem\u00f3w mog\u0105 mie\u0107 negatywny obraz siebie, mie\u0107 obni\u017cone poczucie w\u0142asnej warto\u015bci i do\u015bwiadcza\u0107 zwi\u0119kszonego poziomu stresu. Strach przed niemo\u017cno\u015bci\u0105 wyst\u0119pu mo\u017ce przy\u0107mi\u0107 relacje intymne i prowadzi\u0107 do ca\u0142kowitego unikania kontakt\u00f3w seksualnych, co jeszcze bardziej komplikuje dynamik\u0119 osobist\u0105.<\/p>\n<p>L\u0119k przed wydajno\u015bci\u0105 mo\u017ce r\u00f3wnie\u017c prowadzi\u0107 do cyklu l\u0119ku antycypacyjnego, w kt\u00f3rym przesz\u0142e do\u015bwiadczenia zwi\u0105zane z zaburzeniami erekcji powoduj\u0105 strach przed przysz\u0142ymi zdarzeniami. To oczekiwanie cz\u0119sto skutkuje nerwami przed wyst\u0119pem, kt\u00f3re wyzwalaj\u0105 zaburzenia erekcji, wzmacniaj\u0105c cykl. Obci\u0105\u017cenie psychiczne tego cyklu mo\u017ce by\u0107 wyniszczaj\u0105ce i wp\u0142ywa\u0107 nie tylko na zdrowie seksualne, ale tak\u017ce na og\u00f3lne samopoczucie psychiczne.<\/p>\n<h2>Strategie poznawcze przezwyci\u0119\u017cania l\u0119ku przed wydajno\u015bci\u0105<\/h2>\n<p>Strategie poznawcze s\u0105 niezb\u0119dnymi narz\u0119dziami w walce z l\u0119kiem przed wydajno\u015bci\u0105. Na przyk\u0142ad restrukturyzacja poznawcza polega na identyfikowaniu i kwestionowaniu nieprzydatnych my\u015bli i przekona\u0144 na temat sprawno\u015bci seksualnej. Przekszta\u0142caj\u0105c negatywne my\u015bli w pozytywne lub neutralne, ludzie mog\u0105 zmniejszy\u0107 l\u0119k, kt\u00f3ry przyczynia si\u0119 do zaburze\u0144 erekcji.<\/p>\n<p>Kolejn\u0105 skuteczn\u0105 strategi\u0105 poznawcz\u0105 jest wykorzystanie technik wizualizacji. Wyobra\u017canie sobie udanych spotka\u0144 seksualnych mo\u017ce pom\u00f3c w budowaniu pewno\u015bci siebie i zmniejszeniu l\u0119ku. Praktyka ta pozwala jednostkom mentalnie \u0107wiczy\u0107 pozytywne wyniki, kt\u00f3re mog\u0105 prze\u0142o\u017cy\u0107 si\u0119 na popraw\u0119 wynik\u00f3w w \u015bwiecie rzeczywistym.<\/p>\n<h2>Techniki behawioralne w leczeniu objaw\u00f3w zaburze\u0144 erekcji<\/h2>\n<p>Techniki behawioralne mog\u0105 odgrywa\u0107 kluczow\u0105 rol\u0119 w leczeniu objaw\u00f3w zaburze\u0144 erekcji. Na przyk\u0142ad regularne \u0107wiczenia fizyczne poprawiaj\u0105 zdrowie uk\u0142adu kr\u0105\u017cenia, kt\u00f3re jest kluczowe dla funkcji seksualnych. \u0106wiczenia uwalniaj\u0105 r\u00f3wnie\u017c endorfiny, zmniejszaj\u0105c poziom stresu i niepokoju, pomagaj\u0105c w ten spos\u00f3b przerwa\u0107 cykl l\u0119ku przed wydajno\u015bci\u0105 i zaburze\u0144 erekcji.<\/p>\n<p>Korzystne mo\u017ce by\u0107 r\u00f3wnie\u017c praktykowanie metod relaksacyjnych, takich jak \u0107wiczenia g\u0142\u0119bokiego oddychania. Techniki te pomagaj\u0105 uspokoi\u0107 umys\u0142 i zmniejszy\u0107 niepok\u00f3j podczas aktywno\u015bci seksualnej, pozwalaj\u0105c na lepsz\u0105 koncentracj\u0119 i lepsze do\u015bwiadczenia seksualne. Stopniowe odczulanie, podczas kt\u00f3rego powoli zwi\u0119ksza si\u0119 nara\u017cenie na sytuacje wywo\u0142uj\u0105ce l\u0119k, mo\u017ce r\u00f3wnie\u017c pom\u00f3c osobom poczu\u0107 si\u0119 bardziej komfortowo i pewnie.<\/p>\n<h2>Rola uwa\u017cno\u015bci w zmniejszaniu l\u0119ku przed wydajno\u015bci\u0105<\/h2>\n<p>Uwa\u017cno\u015b\u0107 okaza\u0142a si\u0119 pot\u0119\u017cnym narz\u0119dziem zmniejszaj\u0105cym l\u0119k przed wydajno\u015bci\u0105. Rozwijaj\u0105c nieoceniaj\u0105c\u0105 \u015bwiadomo\u015b\u0107 chwili obecnej, praktyki uwa\u017cno\u015bci mog\u0105 pom\u00f3c jednostkom skoncentrowa\u0107 si\u0119 na doznaniach i do\u015bwiadczeniach, a nie na l\u0119kach i oczekiwaniach. Ta zmiana ostro\u015bci mo\u017ce z\u0142agodzi\u0107 ci\u015bnienie, kt\u00f3re zaostrza zaburzenia erekcji.<\/p>\n<p>\u0106wiczenia uwa\u017cno\u015bci, takie jak <a href=\"https:\/\/aptekaekspres.pl\/\">Apteka Ekspres<\/a> uwa\u017cne oddychanie i skanowanie cia\u0142a, mog\u0105 pom\u00f3c osobom zachowa\u0107 spok\u00f3j i obecno\u015b\u0107 podczas aktywno\u015bci seksualnej. Praktyki te zach\u0119caj\u0105 do g\u0142\u0119bszego po\u0142\u0105czenia z w\u0142asnym cia\u0142em i doznaniami, sprzyjaj\u0105c relaksowi i zmniejszaj\u0105c wp\u0142yw l\u0119ku przed wyst\u0119pem na funkcje seksualne.<\/p>\n<h2>Terapia poznawczo-behawioralna w leczeniu zaburze\u0144 erekcji i l\u0119ku zwi\u0105zanego z wydajno\u015bci\u0105<\/h2>\n<p>Terapia poznawczo-behawioralna (CBT) to ustrukturyzowana, ograniczona w czasie terapia, kt\u00f3ra wykaza\u0142a skuteczno\u015b\u0107 w leczeniu zar\u00f3wno zaburze\u0144 erekcji, jak i l\u0119ku przed wydajno\u015bci\u0105. Terapia poznawczo-behawioralna pomaga jednostkom identyfikowa\u0107 i zmienia\u0107 negatywne wzorce my\u015blenia i zachowania, kt\u00f3re przyczyniaj\u0105 si\u0119 do ich l\u0119ku i dysfunkcji. Koncentruj\u0105c si\u0119 na tera\u017aniejszo\u015bci i kwestionuj\u0105c zniekszta\u0142cone przekonania, terapia poznawczo-behawioralna mo\u017ce prowadzi\u0107 do znacznej poprawy zdrowia seksualnego.<\/p>\n<p>Terapia zazwyczaj polega na wyznaczaniu realistycznych cel\u00f3w i nauce strategii radzenia sobie z l\u0119kiem. Dzi\u0119ki terapii poznawczo-behawioralnej jednostki mog\u0105 rozwin\u0105\u0107 bardziej pozytywny obraz siebie i zyska\u0107 pewno\u015b\u0107 siebie niezb\u0119dn\u0105 do pokonania wyzwa\u0144 zwi\u0105zanych z wynikami.<\/p>\n<h2>Techniki relaksacyjne \u0142agodz\u0105ce zaburzenia erekcji zwi\u0105zane z l\u0119kiem<\/h2>\n<p>Techniki relaksacyjne s\u0105 nieocenione w \u0142agodzeniu zaburze\u0144 erekcji zwi\u0105zanych ze stanami l\u0119kowymi. Techniki takie jak stopniowe rozlu\u017anianie mi\u0119\u015bni, podczas kt\u00f3rych ludzie napinaj\u0105, a nast\u0119pnie powoli rozlu\u017aniaj\u0105 ka\u017cd\u0105 grup\u0119 mi\u0119\u015bni, mog\u0105 pom\u00f3c zmniejszy\u0107 og\u00f3lne napi\u0119cie cia\u0142a i poziom niepokoju. Ten relaks pomaga w promowaniu spokojnego stanu sprzyjaj\u0105cego aktywno\u015bci seksualnej.<\/p>\n<p>Skuteczny mo\u017ce by\u0107 tak\u017ce trening autogenny, polegaj\u0105cy na powtarzaniu sobie uspokajaj\u0105cych fraz. Technika ta sprzyja poczuciu wewn\u0119trznego spokoju i kontroli, zmniejszaj\u0105c niepok\u00f3j oraz poprawiaj\u0105c zdolno\u015b\u0107 do osi\u0105gni\u0119cia i utrzymania erekcji.<\/p>\n<h2>Budowanie pewno\u015bci siebie poprzez pozytywn\u0105 rozmow\u0119 z samym sob\u0105<\/h2>\n<p>Pozytywna rozmowa sama ze sob\u0105 to prosta, ale skuteczna strategia budowania pewno\u015bci siebie w obliczu l\u0119ku przed wynikami. \u015awiadomie zast\u0119puj\u0105c negatywne my\u015bli afirmacjami i pozytywnymi stwierdzeniami, jednostki mog\u0105 zmieni\u0107 sw\u00f3j spos\u00f3b my\u015blenia i zwi\u0119kszy\u0107 poczucie w\u0142asnej warto\u015bci. Ta zmiana mo\u017ce mie\u0107 ogromny wp\u0142yw na zmniejszenie l\u0119ku i popraw\u0119 sprawno\u015bci seksualnej.<\/p>\n<p>Regularne \u0107wiczenie pozytywnego m\u00f3wienia do siebie mo\u017ce pom\u00f3c jednostkom w przyswojeniu bardziej optymistycznego spojrzenia na swoje umiej\u0119tno\u015bci. Praktyka ta nie tylko zwi\u0119ksza pewno\u015b\u0107 siebie podczas kontakt\u00f3w seksualnych, ale tak\u017ce przyczynia si\u0119 do og\u00f3lnego dobrostanu psychicznego.<\/p>\n<h2>Wp\u0142yw zmian stylu \u017cycia na zaburzenia erekcji i l\u0119k<\/h2>\n<p>Zmiany stylu \u017cycia mog\u0105 znacz\u0105co wp\u0142ywa\u0107 zar\u00f3wno na zaburzenia erekcji, jak i l\u0119k przed wydajno\u015bci\u0105. Na przyk\u0142ad przyj\u0119cie zdrowej diety wspiera optymalne funkcjonowanie organizmu, w tym zdrowie seksualne. Pokarmy bogate w przeciwutleniacze i kwasy t\u0142uszczowe omega-3 mog\u0105 poprawi\u0107 przep\u0142yw krwi i zmniejszy\u0107 stany zapalne, kt\u00f3re s\u0105 niezb\u0119dne dla erekcji.<\/p>\n<p>Kluczowe znaczenie ma tak\u017ce odpowiedni sen i radzenie sobie ze stresem. Z\u0142y sen mo\u017ce nasila\u0107 stany l\u0119kowe i upo\u015bledza\u0107 funkcje seksualne, natomiast przewlek\u0142y stres mo\u017ce prowadzi\u0107 do braku r\u00f3wnowagi hormonalnej, co pogarsza zaburzenia erekcji. W\u0142\u0105czenie procedur relaksacyjnych i zapewnienie wystarczaj\u0105cego odpoczynku to istotne kroki w kierunku poprawy zdrowia fizycznego i psychicznego.<\/p>\n<h2>Umiej\u0119tno\u015bci komunikacyjne zmniejszaj\u0105ce l\u0119k w zwi\u0105zkach intymnych<\/h2>\n<p>Skuteczna komunikacja jest niezb\u0119dna w zmniejszaniu l\u0119ku w relacjach intymnych. Otwarte dyskusje na temat problem\u00f3w seksualnych mog\u0105 z\u0142agodzi\u0107 nieporozumienia i stworzy\u0107 wspieraj\u0105ce \u015brodowisko. Partnerzy, kt\u00f3rzy komunikuj\u0105 si\u0119 otwarcie, cz\u0119\u015bciej rozumiej\u0105 wzajemne potrzeby i wsp\u00f3\u0142pracuj\u0105, aby pokona\u0107 wyzwania takie jak zaburzenia erekcji.<\/p>\n<p>\u0106wiczenie aktywnego s\u0142uchania i wyra\u017canie empatii mo\u017ce r\u00f3wnie\u017c wzmocni\u0107 wi\u0119\u017a emocjonaln\u0105 mi\u0119dzy partnerami. To po\u0142\u0105czenie mo\u017ce zmniejszy\u0107 presj\u0119 na wydajno\u015b\u0107 i stworzy\u0107 bardziej zrelaksowan\u0105 atmosfer\u0119, poprawiaj\u0105c do\u015bwiadczenia seksualne i zmniejszaj\u0105c niepok\u00f3j.<\/p>\n<h2>Korzy\u015bci z profesjonalnej pomocy w przypadku l\u0119ku przed wydajno\u015bci\u0105<\/h2>\n<p>Poszukiwanie profesjonalnej pomocy w przypadku l\u0119ku przed wydajno\u015bci\u0105 mo\u017ce zapewni\u0107 osobom indywidualne strategie i wsparcie dostosowane do indywidualnych potrzeb. Terapeuci specjalizuj\u0105cy si\u0119 w zdrowiu seksualnym mog\u0105 zaoferowa\u0107 spostrze\u017cenia i techniki specjalnie zaprojektowane, aby sprosta\u0107 wyj\u0105tkowym wyzwaniom zwi\u0105zanym z l\u0119kiem przed wydajno\u015bci\u0105 i zaburzeniami erekcji.<\/p>\n<p>Profesjonalne poradnictwo mo\u017ce r\u00f3wnie\u017c pom\u00f3c w rozwi\u0105zaniu wszelkich podstawowych problem\u00f3w psychologicznych przyczyniaj\u0105cych si\u0119 do l\u0119ku. Dzi\u0119ki terapii jednostki mog\u0105 g\u0142\u0119biej zrozumie\u0107 swoje l\u0119ki i opracowa\u0107 skuteczne mechanizmy radzenia sobie, co ostatecznie prowadzi do poprawy satysfakcji seksualnej i og\u00f3lnego dobrostanu.<\/p>\n<h2>Leki i terapia: podej\u015bcie \u0142\u0105czone<\/h2>\n<p>\u0141\u0105czone podej\u015bcie do leczenia i terapii mo\u017ce by\u0107 bardzo skuteczne w leczeniu l\u0119ku zwi\u0105zanego z wydajno\u015bci\u0105 i zaburze\u0144 erekcji. Leki, takie jak inhibitory fosfodiesterazy, mog\u0105 pom\u00f3c w osi\u0105gni\u0119ciu erekcji poprzez zwi\u0119kszenie przep\u0142ywu krwi do pr\u0105cia. S\u0105 one cz\u0119sto stosowane w po\u0142\u0105czeniu z terapi\u0105, aby zaj\u0105\u0107 si\u0119 psychologicznymi aspektami zaburze\u0144 erekcji.<\/p>\n<p>Terapia, zw\u0142aszcza terapia poznawczo-behawioralna, mo\u017ce uzupe\u0142nia\u0107 dzia\u0142anie lek\u00f3w, pomagaj\u0105c jednostkom w opracowaniu strategii radzenia sobie z l\u0119kiem i poprawy pewno\u015bci seksualnej. To holistyczne podej\u015bcie cz\u0119sto daje lepsze wyniki ni\u017c same leki lub terapia, poniewa\u017c uwzgl\u0119dnia zar\u00f3wno fizyczne, jak i psychologiczne elementy zaburze\u0144 erekcji.<\/p>\n<h2>Historie sukcesu: przezwyci\u0119\u017canie l\u0119ku przed wydajno\u015bci\u0105 i zaburze\u0144 erekcji<\/h2>\n<p>Wiele os\u00f3b skutecznie przezwyci\u0119\u017cy\u0142o l\u0119k przed wydajno\u015bci\u0105 i zaburzenia erekcji dzi\u0119ki po\u0142\u0105czeniu strategii. Na przyk\u0142ad jeden z klient\u00f3w zg\u0142osi\u0142 znaczn\u0105 popraw\u0119 po zaanga\u017cowaniu si\u0119 w terapi\u0119 poznawczo-behawioraln\u0105 i \u0107wiczeniu uwa\u017cno\u015bci, co pomog\u0142o mu skupi\u0107 si\u0119 na doznaniach, a nie na l\u0119kach podczas kontakt\u00f3w seksualnych.<\/p>\n<p>Inna osoba znalaz\u0142a ulg\u0119 dzi\u0119ki zmianom stylu \u017cycia, takim jak regularne \u0107wiczenia i dostosowanie diety, co poprawi\u0142o jego og\u00f3lny stan zdrowia i funkcje seksualne. Te historie sukcesu podkre\u015blaj\u0105 skuteczno\u015b\u0107 wieloaspektowego podej\u015bcia do radzenia sobie z l\u0119kiem zwi\u0105zanym z wydajno\u015bci\u0105 i zaburzeniami erekcji.<\/p>\n<h2>D\u0142ugoterminowe strategie utrzymania zdrowia seksualnego<\/h2>\n<p>Utrzymanie zdrowia seksualnego w d\u0142u\u017cszej perspektywie wymaga zaanga\u017cowania w ci\u0105g\u0142\u0105 samoopiek\u0119 i komunikacj\u0119. Regularne \u0107wiczenia, zbilansowana dieta i radzenie sobie ze stresem to podstawowe elementy. Ponadto utrzymywanie otwartej komunikacji z partnerem ma kluczowe znaczenie dla szybkiego i skutecznego rozwi\u0105zywania wszelkich problem\u00f3w.<\/p>\n<p>Kontynuowanie praktyk takich jak uwa\u017cno\u015b\u0107 i pozytywny dialog ze sob\u0105 mo\u017ce r\u00f3wnie\u017c wspiera\u0107 d\u0142ugoterminowe zdrowie seksualne. Strategie te nie tylko pomagaj\u0105 radzi\u0107 sobie z l\u0119kiem, ale tak\u017ce promuj\u0105 zdrowy obraz siebie i pewno\u015b\u0107 siebie we w\u0142asnych zdolno\u015bciach seksualnych.<\/p>\n<h2>Kiedy szuka\u0107 pomocy w przypadku l\u0119ku przed wydajno\u015bci\u0105 i zaburze\u0144 erekcji<\/h2>\n<p>Rozpoznanie, kiedy szuka\u0107 pomocy w przypadku l\u0119ku przed wydajno\u015bci\u0105 i zaburze\u0144 erekcji, ma kluczowe znaczenie dla skutecznego leczenia. Je\u015bli l\u0119k i zaburzenia erekcji utrzymuj\u0105 si\u0119 pomimo stosowania strategii samopomocy i zaczynaj\u0105 wp\u0142ywa\u0107 na jako\u015b\u0107 \u017cycia lub relacji, by\u0107 mo\u017ce nadszed\u0142 czas, aby skonsultowa\u0107 si\u0119 z pracownikiem s\u0142u\u017cby zdrowia.<\/p>\n<p>Wczesna interwencja mo\u017ce zapobiec eskalacji objaw\u00f3w i poprawi\u0107 wyniki leczenia. Specjali\u015bci mog\u0105 zaoferowa\u0107 dostosowane plany leczenia, kt\u00f3re uwzgl\u0119dniaj\u0105 zar\u00f3wno psychologiczne, jak i fizjologiczne aspekty zaburze\u0144 erekcji, pomagaj\u0105c pacjentom odzyska\u0107 kontrol\u0119 nad swoim zdrowiem seksualnym i og\u00f3lnym samopoczuciem.<\/p>\n","protected":false},"excerpt":{"rendered":"<p>L\u0119k przed wydajno\u015bci\u0105 i zaburzenia erekcji: strategie poznawcze i behawioralne Badaj\u0105c powi\u0105zania mi\u0119dzy l\u0119kiem zwi\u0105zanym z wydajno\u015bci\u0105 a zaburzeniami erekcji, w tym artykule zag\u0142\u0119biamy si\u0119 w strategie poznawcze i behawioralne umo\u017cliwiaj\u0105ce skuteczne leczenie i leczenie. Zrozumienie l\u0119ku przed wydajno\u015bci\u0105 i zaburze\u0144 erekcji L\u0119k przed wydajno\u015bci\u0105 i zaburzenia erekcji (ED) s\u0105 cz\u0119sto ze sob\u0105 powi\u0105zane, tworz\u0105c [&hellip;]<\/p>\n","protected":false},"author":1,"featured_media":0,"parent":0,"menu_order":0,"comment_status":"closed","ping_status":"closed","template":"","meta":{"footnotes":""},"class_list":["post-28952","page","type-page","status-publish","hentry"],"_links":{"self":[{"href":"https:\/\/mydainikkhabar.com\/index.php?rest_route=\/wp\/v2\/pages\/28952","targetHints":{"allow":["GET"]}}],"collection":[{"href":"https:\/\/mydainikkhabar.com\/index.php?rest_route=\/wp\/v2\/pages"}],"about":[{"href":"https:\/\/mydainikkhabar.com\/index.php?rest_route=\/wp\/v2\/types\/page"}],"author":[{"embeddable":true,"href":"https:\/\/mydainikkhabar.com\/index.php?rest_route=\/wp\/v2\/users\/1"}],"replies":[{"embeddable":true,"href":"https:\/\/mydainikkhabar.com\/index.php?rest_route=%2Fwp%2Fv2%2Fcomments&post=28952"}],"version-history":[{"count":1,"href":"https:\/\/mydainikkhabar.com\/index.php?rest_route=\/wp\/v2\/pages\/28952\/revisions"}],"predecessor-version":[{"id":28954,"href":"https:\/\/mydainikkhabar.com\/index.php?rest_route=\/wp\/v2\/pages\/28952\/revisions\/28954"}],"wp:attachment":[{"href":"https:\/\/mydainikkhabar.com\/index.php?rest_route=%2Fwp%2Fv2%2Fmedia&parent=28952"}],"curies":[{"name":"wp","href":"https:\/\/api.w.org\/{rel}","templated":true}]}}