{"id":26518,"date":"2026-03-23T17:14:39","date_gmt":"2026-03-23T17:14:39","guid":{"rendered":"https:\/\/mydainikkhabar.com\/?page_id=26518"},"modified":"2026-03-23T17:14:39","modified_gmt":"2026-03-23T17:14:39","slug":"pozytywne-rezultaty-stosowania-zyrtec-generic","status":"publish","type":"page","link":"https:\/\/mydainikkhabar.com\/?page_id=26518","title":{"rendered":"Pozytywne rezultaty stosowania Zyrtec Generic"},"content":{"rendered":"<h1>Historie pacjent\u00f3w: co ludzie zg\u0142aszaj\u0105 na temat Zyrtec Generic<\/h1>\n<p>Badanie osobistych do\u015bwiadcze\u0144 os\u00f3b stosuj\u0105cych Zyrtec Generic w celu z\u0142agodzenia alergii, w tym korzy\u015bci, skutk\u00f3w ubocznych i og\u00f3lnej satysfakcji.<\/p>\n<h2>Wprowadzenie do Zyrtec Generic i jego zastosowa\u0144<\/h2>\n<p>Zyrtec Generic, znany chemicznie jako cetyryzyna, jest szeroko stosowanym lekiem przeciwhistaminowym przeznaczonym do \u0142agodzenia objaw\u00f3w zwi\u0105zanych z reakcjami alergicznymi, takimi jak kichanie, sw\u0119dzenie, \u0142zawienie oczu i katar. Dost\u0119pny bez recepty, stanowi op\u0142acaln\u0105 alternatyw\u0119 dla swojego markowego odpowiednika Zyrtec. Wiele os\u00f3b zwraca si\u0119 do Zyrtec Generic w celu leczenia zar\u00f3wno alergii sezonowych, takich jak katar sienny, jak i alergii ca\u0142orocznych, kt\u00f3re mog\u0105 wyst\u0119powa\u0107 przez ca\u0142y rok.<\/p>\n<p>Lek dzia\u0142a poprzez blokowanie histaminy \u2013 naturalnej substancji wyst\u0119puj\u0105cej w organizmie, kt\u00f3ra wywo\u0142uje objawy alergiczne. Ze wzgl\u0119du na swoje w\u0142a\u015bciwo\u015bci nie uspokajaj\u0105ce, Zyrtec Generic jest preferowany przez osoby potrzebuj\u0105ce ulgi bez uczucia senno\u015bci, cz\u0119sto kojarzonego z wcze\u015bniejszymi generacjami lek\u00f3w przeciwhistaminowych. To sprawia, \u017ce \u200b\u200bjest to atrakcyjna opcja dla os\u00f3b prowadz\u0105cych aktywny tryb \u017cycia, kt\u00f3re nie mog\u0105 sobie pozwoli\u0107 na spowolnienie przez objawy alergii lub leki.<\/p>\n<h2>Wsp\u00f3lne do\u015bwiadczenia z Zyrtec Generic<\/h2>\n<p>Wielu u\u017cytkownik\u00f3w Zyrtec Generic zg\u0142asza szybki pocz\u0105tek ulgi, cz\u0119sto w ci\u0105gu godziny od przyj\u0119cia leku. To szybkie dzia\u0142anie jest szczeg\u00f3lnie korzystne w przypadku nag\u0142ych zaostrze\u0144 alergii. U\u017cytkownicy cz\u0119sto opisuj\u0105 swoje do\u015bwiadczenia jako niezmiennie pozytywne, a wi\u0119kszo\u015b\u0107 osi\u0105gn\u0119\u0142a znaczn\u0105 redukcj\u0119 objaw\u00f3w.<\/p>\n<p>Pomimo jego skuteczno\u015bci, niekt\u00f3re osoby zauwa\u017caj\u0105 niewielkie skutki uboczne, takie jak sucho\u015b\u0107 w ustach lub lekkie zawroty g\u0142owy. Jednak\u017ce s\u0105 one og\u00f3lnie uwa\u017cane za \u0142agodne i przewa\u017caj\u0105 nad nimi korzy\u015bci. Wygoda dozowania raz dziennie r\u00f3wnie\u017c przemawia do u\u017cytkownik\u00f3w, u\u0142atwiaj\u0105c w\u0142\u0105czenie go do codziennej rutyny bez konieczno\u015bci stosowania wielokrotnych dawek.<\/p>\n<h2>Pozytywne rezultaty stosowania Zyrtec Generic<\/h2>\n<p>W przypadku wielu pacjent\u00f3w Zyrtec Generic okaza\u0142 si\u0119 rewolucyjny, umo\u017cliwiaj\u0105c im aktywno\u015b\u0107 na \u015bwie\u017cym powietrzu bez obawy, \u017ce wywo\u0142aj\u0105 objawy alergii. Kilka os\u00f3b podzieli\u0142o si\u0119 historiami cieszenia si\u0119 wiosennymi ogrodami i jesiennymi w\u0119dr\u00f3wkami \u2013 zaj\u0119ciami, kt\u00f3re wcze\u015bniej by\u0142y niedost\u0119pne ze wzgl\u0119du na powa\u017cne reakcje alergiczne.<\/p>\n<p>Rodzice dzieci cierpi\u0105cych na alergie r\u00f3wnie\u017c zg\u0142aszaj\u0105 pozytywne wyniki, zauwa\u017caj\u0105c, \u017ce lek pom\u00f3g\u0142 ich dzieciom ucz\u0119szcza\u0107 do szko\u0142y i uczestniczy\u0107 w zaj\u0119ciach sportowych bez przerw. Mo\u017cliwo\u015b\u0107 skutecznej kontroli objaw\u00f3w alergii poprawi\u0142a jako\u015b\u0107 \u017cycia tych rodzin, zapewniaj\u0105c spok\u00f3j ducha i wi\u0119ksz\u0105 swobod\u0119 w codziennych czynno\u015bciach.<\/p>\n<h2>Skutki uboczne zg\u0142aszane przez u\u017cytkownik\u00f3w lek\u00f3w generycznych Zyrtec<\/h2>\n<p>Chocia\u017c wielu u\u017cytkownik\u00f3w dobrze toleruje Zyrtec Generic, niekt\u00f3rzy zg\u0142aszali wyst\u0119powanie skutk\u00f3w ubocznych. Do najcz\u0119stszych dolegliwo\u015bci nale\u017cy senno\u015b\u0107, chocia\u017c wyst\u0119puje ona rzadziej ni\u017c w przypadku starszych lek\u00f3w przeciwhistaminowych. Inne dzia\u0142ania niepo\u017c\u0105dane mog\u0105 obejmowa\u0107 b\u00f3le g\u0142owy i dyskomfort \u017co\u0142\u0105dkowo-jelitowy, chocia\u017c s\u0105 one zazwyczaj \u0142agodne i przemijaj\u0105ce.<\/p>\n<p>Wa\u017cne jest, aby poszczeg\u00f3lne osoby monitorowa\u0142y swoje reakcje i konsultowa\u0142y si\u0119 z podmiotami \u015bwiadcz\u0105cymi opiek\u0119 zdrowotn\u0105, je\u015bli dzia\u0142ania niepo\u017c\u0105dane utrzymuj\u0105 si\u0119 lub nasilaj\u0105. W przypadku os\u00f3b odczuwaj\u0105cych znaczny dyskomfort mo\u017ce by\u0107 zalecana zmiana dawkowania lub zmiana leku na inny.<\/p>\n<h2>Por\u00f3wnanie Zyrtec Generic z mark\u0105 Zyrtec<\/h2>\n<p>Por\u00f3wnuj\u0105c Zyrtec Generic z jego markow\u0105 wersj\u0105, wielu u\u017cytkownik\u00f3w stwierdza niewielk\u0105 lub \u017cadn\u0105 r\u00f3\u017cnic\u0119 w skuteczno\u015bci. Obydwa preparaty zawieraj\u0105 t\u0119 sam\u0105 substancj\u0119 czynn\u0105, cetyryzyn\u0119, i zapewniaj\u0105 por\u00f3wnywalne efekty w \u0142agodzeniu objaw\u00f3w alergii. Podstawowa r\u00f3\u017cnica polega na koszcie, przy czym wersja generyczna zapewnia ta\u0144sz\u0105 opcj\u0119.<\/p>\n<p>Niekt\u00f3rzy pacjenci wyra\u017caj\u0105 zaniepokojenie dostrzeganymi r\u00f3\u017cnicami w <a href=\"https:\/\/dostawa-lekow.pl\/kupic-zyrtec-generyczny-bez-recepty\">https:\/\/dostawa-lekow.pl\/kupic-zyrtec-generyczny-bez-recepty<\/a> jako\u015bci lek\u00f3w generycznych i markowych, jednak badania wykaza\u0142y, \u017ce leki generyczne musz\u0105 spe\u0142nia\u0107 te same rygorystyczne standardy okre\u015blone przez organy regulacyjne. W zwi\u0105zku z tym Zyrtec Generic jest uwa\u017cany za r\u00f3wnie bezpieczny i skuteczny, jak jego markowy odpowiednik.<\/p>\n<h2>Konta osobiste dotycz\u0105ce \u0142agodzenia alergii dzi\u0119ki Zyrtec Generic<\/h2>\n<p>Liczne osobiste historie podkre\u015blaj\u0105 ulg\u0119, jak\u0105 zapewnia Zyrtec Generic. Jeden z u\u017cytkownik\u00f3w opowiada, jak lek pozwoli\u0142 im po raz pierwszy od lat cieszy\u0107 si\u0119 ogrodnictwem, a inny opisuje mo\u017cliwo\u015b\u0107 uczestniczenia w spotkaniach rodzinnych bez ci\u0105g\u0142ego strachu przed atakami alergii.<\/p>\n<p>Historie te podkre\u015blaj\u0105 wp\u0142yw skutecznego leczenia alergii na dobre samopoczucie i uczestnictwo w \u017cyciu spo\u0142ecznym. Zdolno\u015b\u0107 do pe\u0142nego zaanga\u017cowania si\u0119 w \u017cycie bez przeszk\u00f3d w postaci alergii jest cz\u0119stym tematem w opiniach pacjent\u00f3w, co odzwierciedla szerok\u0105 atrakcyjno\u015b\u0107 Zyrtec Generic w\u015br\u00f3d alergik\u00f3w.<\/p>\n<h2>D\u0142ugoterminowe stosowanie leku generycznego Zyrtec: Perspektywa pacjenta<\/h2>\n<p>Pacjenci, kt\u00f3rzy stosowali Zyrtec Generic przez d\u0142u\u017cszy czas, cz\u0119sto zg\u0142aszaj\u0105 trwa\u0142\u0105 skuteczno\u015b\u0107 w leczeniu objaw\u00f3w alergii. U\u017cytkownicy d\u0142ugoterminowi doceniaj\u0105 przewidywalno\u015b\u0107 leku, zauwa\u017caj\u0105c, \u017ce zapewnia on niezawodn\u0105 ulg\u0119 bez utraty skuteczno\u015bci.<\/p>\n<p>Niekt\u00f3rzy pacjenci wyra\u017caj\u0105 jednak obawy dotycz\u0105ce potencjalnych d\u0142ugoterminowych skutk\u00f3w ubocznych, chocia\u017c obecne badania sugeruj\u0105, \u017ce cetyryzyna jest bezpieczna przy d\u0142ugotrwa\u0142ym stosowaniu. Regularne konsultacje z podmiotami \u015bwiadcz\u0105cymi opiek\u0119 zdrowotn\u0105 mog\u0105 pom\u00f3c upewni\u0107 si\u0119, \u017ce korzy\u015bci wynikaj\u0105ce z d\u0142ugotrwa\u0142ego stosowania przewy\u017cszaj\u0105 wszelkie ryzyko.<\/p>\n<h2>Zyrtec Generic na alergie sezonowe: opinie u\u017cytkownik\u00f3w<\/h2>\n<p>Sezonowi alergicy cz\u0119sto zwracaj\u0105 si\u0119 do Zyrtec Generic ze wzgl\u0119du na szybk\u0105 i trwa\u0142\u0105 ulg\u0119. U\u017cytkownicy cz\u0119sto dziel\u0105 si\u0119 pozytywnymi recenzjami, powo\u0142uj\u0105c si\u0119 na jego zdolno\u015b\u0107 do \u0142agodzenia objaw\u00f3w w szczytowych sezonach alergicznych. Ta skuteczno\u015b\u0107 pozwala cieszy\u0107 si\u0119 sezonowymi zmianami bez dyskomfortu.<\/p>\n<p>\u0141atwo\u015b\u0107 obs\u0142ugi jest szczeg\u00f3lnie doceniana w pracowitych miesi\u0105cach wiosennych i jesiennych, kiedy ilo\u015b\u0107 py\u0142k\u00f3w jest wysoka. Wielu u\u017cytkownik\u00f3w uwa\u017ca, \u017ce \u200b\u200bpojedyncza dawka dzienna wystarczy, aby powstrzyma\u0107 objawy, zwi\u0119kszaj\u0105c ich zdolno\u015b\u0107 do cieszenia si\u0119 zaj\u0119ciami na \u015bwie\u017cym powietrzu w tym czasie.<\/p>\n<h2>Zarz\u0105dzanie skutkami ubocznymi: wskaz\u00f3wki od u\u017cytkownik\u00f3w Zyrtec Generic<\/h2>\n<p>Do\u015bwiadczeni u\u017cytkownicy Zyrtec Generic oferuj\u0105 kilka strategii radzenia sobie z \u0142agodnymi skutkami ubocznymi. Utrzymywanie nawodnienia mo\u017ce z\u0142agodzi\u0107 sucho\u015b\u0107 w ustach, a przyjmowanie leku z jedzeniem mo\u017ce zmniejszy\u0107 problemy \u017co\u0142\u0105dkowo-jelitowe. W przypadku os\u00f3b do\u015bwiadczaj\u0105cych senno\u015bci niekt\u00f3rzy u\u017cytkownicy sugeruj\u0105 przyjmowanie dawki wieczorem.<\/p>\n<p>Te praktyczne wskaz\u00f3wki, zebrane na podstawie osobistego do\u015bwiadczenia, mog\u0105 pom\u00f3c nowym u\u017cytkownikom z\u0142agodzi\u0107 dyskomfort i zmaksymalizowa\u0107 korzy\u015bci Zyrtec Generic. Dzielenie si\u0119 strategiami w obr\u0119bie spo\u0142eczno\u015bci mo\u017ce pom\u00f3c jednostkom w skuteczniejszym zarz\u0105dzaniu swoim zdrowiem.<\/p>\n<h2>Historie przej\u015bcia z innych lek\u00f3w przeciwhistaminowych na Zyrtec Generic<\/h2>\n<p>Wielu pacjent\u00f3w przesz\u0142o na Zyrtec Generic z innych lek\u00f3w przeciwhistaminowych, cz\u0119sto pod wp\u0142ywem ch\u0119ci zmniejszenia senno\u015bci i lepszej kontroli objaw\u00f3w. U\u017cytkownicy cz\u0119sto zg\u0142aszaj\u0105 popraw\u0119 og\u00f3lnego do\u015bwiadczenia, z mniejsz\u0105 liczb\u0105 skutk\u00f3w ubocznych i bardziej sta\u0142\u0105 ulg\u0105.<\/p>\n<p>Historie te podkre\u015blaj\u0105 znaczenie znalezienia odpowiedniego leku przeciwhistaminowego. Niekt\u00f3rym Zyrtec Generic zapewnia r\u00f3wnowag\u0119, kt\u00f3rej szukaj\u0105 pomi\u0119dzy skutecznym leczeniem objaw\u00f3w a minimalnymi skutkami ubocznymi, co czyni go preferowanym wyborem w por\u00f3wnaniu ze starszymi lekami przeciwhistaminowymi.<\/p>\n<h2>Zyrtec Generic: wp\u0142yw na \u017cycie codzienne i czynno\u015bci<\/h2>\n<p>Wp\u0142yw Zyrtec Generic na \u017cycie codzienne jest znacz\u0105cy, o czym \u015bwiadcz\u0105 historie pacjent\u00f3w. Od poprawy koncentracji w pracy po wi\u0119ksz\u0105 rado\u015b\u0107 z sp\u0119dzania wolnego czasu, wp\u0142yw leku wykracza poza zwyk\u0142e \u0142agodzenie objaw\u00f3w. U\u017cytkownicy cz\u0119sto zg\u0142aszaj\u0105, \u017ce czuj\u0105 si\u0119 bardziej energiczni i mniej obci\u0105\u017ceni alergiami.<\/p>\n<p>Ta poprawa og\u00f3lnej jako\u015bci \u017cycia jest powracaj\u0105cym tematem w\u015br\u00f3d u\u017cytkownik\u00f3w Zyrtec Generic, kt\u00f3rzy ceni\u0105 sobie mo\u017cliwo\u015b\u0107 skupienia si\u0119 na swoich czynno\u015bciach bez rozpraszania si\u0119 objawami alergii. Takie do\u015bwiadczenia podkre\u015blaj\u0105 rol\u0119 leku w poprawie codziennego samopoczucia.<\/p>\n<h2>Zyrtec Generic i jego skuteczno\u015b\u0107 u dzieci<\/h2>\n<p>Rodzice dzieci z alergiami cz\u0119sto wybieraj\u0105 Zyrtec Generic ze wzgl\u0119du na jego skuteczno\u015b\u0107 i profil bezpiecze\u0144stwa. Lek jest zatwierdzony do stosowania u dzieci w wieku od dw\u00f3ch lat, zapewniaj\u0105c ulg\u0119 w przypadku alergen\u00f3w wyst\u0119puj\u0105cych zar\u00f3wno w pomieszczeniach, jak i na zewn\u0105trz.<\/p>\n<p>Z raport\u00f3w rodzic\u00f3w wynika, \u017ce \u200b\u200bZyrtec Generic jest dobrze tolerowany przez dzieci i powoduje minimalne skutki uboczne. Dzi\u0119ki temu jest to niezawodna opcja leczenia alergii u dzieci, umo\u017cliwiaj\u0105ca dzieciom pe\u0142ne uczestnictwo w szkole i zabawie bez przeszkadzania przez objawy.<\/p>\n<h2>Porady dla pacjent\u00f3w dotycz\u0105ce dawkowania i podawania leku generycznego Zyrtec<\/h2>\n<p>Pacjenci zalecaj\u0105 dok\u0142adne przestrzeganie zalecanych dawek, aby zmaksymalizowa\u0107 korzy\u015bci ze stosowania leku Zyrtec Generic. Doro\u015bli zazwyczaj przyjmuj\u0105 dawk\u0119 10 mg na dob\u0119, natomiast dawki u dzieci r\u00f3\u017cni\u0105 si\u0119 w zale\u017cno\u015bci od wieku i masy cia\u0142a, co podkre\u015bla znaczenie konsultacji z lekarzem.<\/p>\n<p>Podkre\u015blono r\u00f3wnie\u017c sp\u00f3jno\u015b\u0107 w podawaniu, a u\u017cytkownicy zauwa\u017caj\u0105, \u017ce przyjmowanie leku o tej samej porze ka\u017cdego dnia pomaga w utrzymaniu sta\u0142ej kontroli objaw\u00f3w. Taka procedura zapewnia optymaln\u0105 skuteczno\u015b\u0107, szczeg\u00f3lnie w szczytowym okresie alergii.<\/p>\n<h2>Wyzwania i rozwi\u0105zania z \u017cycia codziennego podczas stosowania Zyrtec Generic<\/h2>\n<p>Chocia\u017c Zyrtec Generic jest w du\u017cej mierze skuteczny, niekt\u00f3rzy u\u017cytkownicy borykaj\u0105 si\u0119 z wyzwaniami, takimi jak prze\u0142omowe objawy podczas du\u017cej liczby py\u0142k\u00f3w lub pocz\u0105tkowa senno\u015b\u0107. Rozwi\u0105zania cz\u0119sto obejmuj\u0105 dostosowanie czasu podawania dawek lub po\u0142\u0105czenie leku z innymi strategiami leczenia alergii, takimi jak aerozole do nosa lub kontrola \u015brodowiska.<\/p>\n<p>Nawi\u0105zanie kontaktu ze \u015bwiadczeniodawcami w celu uzyskania spersonalizowanych porad mo\u017ce pom\u00f3c w rozwi\u0105zaniu tych problem\u00f3w. Dostosowuj\u0105c swoje podej\u015bcie, pacjenci mog\u0105 pokona\u0107 przeszkody i uzyska\u0107 lepsz\u0105 kontrol\u0119 nad objawami alergii.<\/p>\n<h2>Wniosek: Og\u00f3lne zadowolenie pacjent\u00f3w ze stosowania leku Zyrtec Generic<\/h2>\n<p>Og\u00f3lnie rzecz bior\u0105c, zadowolenie pacjent\u00f3w ze stosowania Zyrtec Generic jest wysokie, a wielu u\u017cytkownik\u00f3w chwali jego skuteczno\u015b\u0107 i przyst\u0119pn\u0105 cen\u0119. Zdolno\u015b\u0107 leku do zapewnienia szybkiej i trwa\u0142ej ulgi w alergii sprawia, \u017ce \u200b\u200bjest to preferowany wyb\u00f3r dla wielu os\u00f3b, poprawiaj\u0105cy jako\u015b\u0107 \u017cycia i u\u0142atwiaj\u0105cy aktywne uczestnictwo w codziennych czynno\u015bciach.<\/p>\n<p>Chocia\u017c zg\u0142aszane s\u0105 pewne dzia\u0142ania niepo\u017c\u0105dane, s\u0105 one na og\u00f3\u0142 \u0142agodne i mo\u017cliwe do opanowania. Pozytywne do\u015bwiadczenia u\u017cytkownik\u00f3w podkre\u015blaj\u0105 warto\u015b\u0107 Zyrtec Generic w leczeniu alergii, oferuj\u0105c niezawodne rozwi\u0105zanie dla os\u00f3b poszukuj\u0105cych ulgi w uci\u0105\u017cliwych objawach.<\/p>\n","protected":false},"excerpt":{"rendered":"<p>Historie pacjent\u00f3w: co ludzie zg\u0142aszaj\u0105 na temat Zyrtec Generic Badanie osobistych do\u015bwiadcze\u0144 os\u00f3b stosuj\u0105cych Zyrtec Generic w celu z\u0142agodzenia alergii, w tym korzy\u015bci, skutk\u00f3w ubocznych i og\u00f3lnej satysfakcji. Wprowadzenie do Zyrtec Generic i jego zastosowa\u0144 Zyrtec Generic, znany chemicznie jako cetyryzyna, jest szeroko stosowanym lekiem przeciwhistaminowym przeznaczonym do \u0142agodzenia objaw\u00f3w zwi\u0105zanych z reakcjami alergicznymi, takimi [&hellip;]<\/p>\n","protected":false},"author":1,"featured_media":0,"parent":0,"menu_order":0,"comment_status":"closed","ping_status":"closed","template":"","meta":{"footnotes":""},"class_list":["post-26518","page","type-page","status-publish","hentry"],"_links":{"self":[{"href":"https:\/\/mydainikkhabar.com\/index.php?rest_route=\/wp\/v2\/pages\/26518","targetHints":{"allow":["GET"]}}],"collection":[{"href":"https:\/\/mydainikkhabar.com\/index.php?rest_route=\/wp\/v2\/pages"}],"about":[{"href":"https:\/\/mydainikkhabar.com\/index.php?rest_route=\/wp\/v2\/types\/page"}],"author":[{"embeddable":true,"href":"https:\/\/mydainikkhabar.com\/index.php?rest_route=\/wp\/v2\/users\/1"}],"replies":[{"embeddable":true,"href":"https:\/\/mydainikkhabar.com\/index.php?rest_route=%2Fwp%2Fv2%2Fcomments&post=26518"}],"version-history":[{"count":1,"href":"https:\/\/mydainikkhabar.com\/index.php?rest_route=\/wp\/v2\/pages\/26518\/revisions"}],"predecessor-version":[{"id":26520,"href":"https:\/\/mydainikkhabar.com\/index.php?rest_route=\/wp\/v2\/pages\/26518\/revisions\/26520"}],"wp:attachment":[{"href":"https:\/\/mydainikkhabar.com\/index.php?rest_route=%2Fwp%2Fv2%2Fmedia&parent=26518"}],"curies":[{"name":"wp","href":"https:\/\/api.w.org\/{rel}","templated":true}]}}