{"id":26429,"date":"2026-03-23T16:59:45","date_gmt":"2026-03-23T16:59:45","guid":{"rendered":"https:\/\/mydainikkhabar.com\/?page_id=26429"},"modified":"2026-03-23T16:59:45","modified_gmt":"2026-03-23T16:59:45","slug":"ingredientul-activ-tadalafil-explicat","status":"publish","type":"page","link":"https:\/\/mydainikkhabar.com\/?page_id=26429","title":{"rendered":"Ingredientul activ: Tadalafil explicat"},"content":{"rendered":"<h1>Cum func\u021bioneaz\u0103 Apcalis SX Oral Jelly pentru ED: mecanism, debut, durat\u0103<\/h1>\n<p>Acest articol exploreaz\u0103 complexit\u0103\u021bile modului \u00een care func\u021bioneaz\u0103 Apcalis SX Oral Jelly \u00een tratarea disfunc\u021biei erectile, examin\u00e2nd mecanismul, debutul \u0219i durata de ac\u021biune a acesteia.<\/p>\n<h2>\u00cen\u021belegerea disfunc\u021biei erectile \u0219i provoc\u0103rile acesteia<\/h2>\n<p>Disfunc\u021bia erectil\u0103 (DE) este o afec\u021biune comun\u0103 care afecteaz\u0103 milioane de b\u0103rba\u021bi din \u00eentreaga lume, caracterizat\u0103 prin incapacitatea de a ob\u021bine sau de a men\u021bine o erec\u021bie suficient\u0103 pentru o performan\u021b\u0103 sexual\u0103 satisf\u0103c\u0103toare. Este adesea asociat at\u00e2t cu factori psihologici, c\u00e2t \u0219i cu factori fiziologici, inclusiv stresul, anxietatea \u0219i condi\u021biile de s\u0103n\u0103tate precum diabetul \u0219i bolile cardiovasculare. Pe m\u0103sur\u0103 ce b\u0103rba\u021bii \u00eemb\u0103tr\u00e2nesc, probabilitatea de a experimenta ED cre\u0219te, f\u0103c\u00e2ndu-l o \u00eengrijorare semnificativ\u0103 pentru mul\u021bi.<\/p>\n<p>Provoc\u0103rile ED se extind dincolo de simptomele fizice, influen\u021b\u00e2nd bun\u0103starea emo\u021bional\u0103 \u0219i rela\u021biile intime. B\u0103rba\u021bii pot experimenta sentimente de inadecvare sau jen\u0103, ceea ce poate exacerba \u0219i mai mult starea. Este vital s\u0103 \u00een\u021belegem c\u0103 ED este o problem\u0103 medical\u0103, iar tratamente eficiente sunt disponibile pentru a ajuta la gestionarea \u0219i dep\u0103\u0219irea acesteia.<\/p>\n<h2>Introducere \u00een Apcalis SX Oral Jelly<\/h2>\n<p>Apcalis SX Oral Jelly este o solu\u021bie modern\u0103 pentru ED, oferind o alternativ\u0103 convenabil\u0103 la tabletele tradi\u021bionale. Este conceput pentru a fi administrat pe cale oral\u0103, cu o rat\u0103 de absorb\u021bie mai rapid\u0103 datorit\u0103 formei sale de jeleu, f\u0103c\u00e2ndu-l o alegere preferat\u0103 pentru cei c\u0103rora le este dificil s\u0103 \u00eenghit\u0103 pastile. Aceast\u0103 formul\u0103 inovatoare \u00ee\u0219i propune s\u0103 ofere o u\u0219urare rapid\u0103 \u0219i s\u0103 \u00eembun\u0103t\u0103\u021beasc\u0103 experien\u021ba sexual\u0103 pentru b\u0103rba\u021bii care sufer\u0103 de ED.<\/p>\n<p>Acest medicament face parte dintr-o clas\u0103 de medicamente cunoscute sub numele de inhibitori ai fosfodiesterazei de tip 5 (PDE5). Ac\u021bioneaz\u0103 prin \u00eembun\u0103t\u0103\u021birea func\u021biei erectile prin cre\u0219terea fluxului de s\u00e2nge c\u0103tre penis, permi\u021b\u00e2nd astfel b\u0103rba\u021bilor s\u0103 ob\u021bin\u0103 \u0219i s\u0103 men\u021bin\u0103 o erec\u021bie atunci c\u00e2nd sunt stimula\u021bi sexual. Fiind o alegere popular\u0103 printre tratamentele ED, este important s\u0103 \u00een\u021belege\u021bi cum func\u021bioneaz\u0103 Apcalis SX Oral Jelly \u0219i ce \u00eel face eficient.<\/p>\n<h2>Ingredientul activ: Tadalafil explicat<\/h2>\n<p>Ingredientul activ cheie din Apcalis SX Oral Jelly este Tadalafilul, un cunoscut inhibitor al PDE5. Tadalafilul este renumit pentru efectele sale de lung\u0103 durat\u0103 \u00een compara\u021bie cu alte medicamente similare, oferind utilizatorilor o fereastr\u0103 mai larg\u0103 de oportunit\u0103\u021bi pentru activitate sexual\u0103. Acest atribut \u00eel face o op\u021biune atractiv\u0103 pentru mul\u021bi care caut\u0103 un tratament flexibil pentru ED.<\/p>\n<p>Tadalafilul func\u021bioneaz\u0103 prin relaxarea mu\u0219chilor netezi din vasele de s\u00e2nge, \u00eembun\u0103t\u0103\u021bind astfel fluxul de s\u00e2nge c\u0103tre anumite zone ale corpului, inclusiv penisul. Acest flux sanguin crescut este crucial pentru ob\u021binerea unei erec\u021bii ca r\u0103spuns la stimularea sexual\u0103. Prin abordarea aspectului fiziologic de baz\u0103 al DE, Tadalafilul s-a dovedit a fi un tratament de \u00eencredere pentru mul\u021bi b\u0103rba\u021bi.<\/p>\n<h2>Mecanismul celular de ac\u021biune \u00een disfunc\u021bia erectil\u0103<\/h2>\n<p>Mecanismul celular de ac\u021biune pentru inhibitorii PDE5 cum ar fi Tadalafilul implic\u0103 calea guanozin monofosfatului ciclic (cGMP). \u00cen timpul excit\u0103rii sexuale, oxidul nitric este eliberat \u00een corpul cavernos al penisului, ceea ce duce la o cre\u0219tere a nivelurilor cGMP. Aceast\u0103 molecul\u0103 face ca mu\u0219chii netezi s\u0103 se relaxeze \u0219i vasele de s\u00e2nge s\u0103 se dilate, permi\u021b\u00e2nd un flux sanguin crescut \u00een penis.<\/p>\n<p>La persoanele cu DE, descompunerea cGMP este accelerat\u0103 de enzima PDE5, ceea ce duce la dificult\u0103\u021bi de a ob\u021bine o erec\u021bie. Tadalafilul inhib\u0103 PDE5, prevenind degradarea cGMP \u0219i sus\u021bin\u00e2nd astfel efectele acestuia. Acest proces asigur\u0103 men\u021binerea condi\u021biilor fiziologice necesare pentru o erec\u021bie, sus\u021bin\u00e2nd activitatea sexual\u0103.<\/p>\n<h2>Cum Apcalis SX Oral Jelly \u00eembun\u0103t\u0103\u021be\u0219te fluxul de s\u00e2nge<\/h2>\n<p>Apcalis SX Oral Jelly \u00eembun\u0103t\u0103\u021be\u0219te fluxul sanguin prin valorificarea propriet\u0103\u021bilor tadalafilului pentru a inhiba enzima PDE5. Aceast\u0103 inhibare este crucial\u0103 deoarece asigur\u0103 c\u0103 cGMP nu este defalcat prematur, permi\u021b\u00e2nd dilatarea prelungit\u0103 a vaselor de s\u00e2nge din penis. Rezultatul este o capacitate \u00eembun\u0103t\u0103\u021bit\u0103 de a ob\u021bine \u0219i sus\u021bine o erec\u021bie atunci c\u00e2nd se dore\u0219te.<\/p>\n<p>Formularea de jeleu a Apcalis SX ofer\u0103 <a href=\"https:\/\/medicamenteacasa.net\/comanda-apcalis-sx-gel-oral-fara-reteta\">https:\/\/medicamenteacasa.net\/comanda-apcalis-sx-gel-oral-fara-reteta<\/a> un avantaj suplimentar, facilit\u00e2nd absorb\u021bia mai rapid\u0103 \u00een fluxul sanguin. Acest atribut poate duce la un debut mai rapid al ac\u021biunii \u00een compara\u021bie cu tabletele tradi\u021bionale, oferind un r\u0103spuns mai imediat la excitarea sexual\u0103. Pentru mul\u021bi utilizatori, acest lucru se traduce printr-o experien\u021b\u0103 sexual\u0103 mai spontan\u0103 \u0219i mai satisf\u0103c\u0103toare.<\/p>\n<h2>Debutul ac\u021biunii: c\u00e2t de rapid func\u021bioneaz\u0103 Apcalis SX?<\/h2>\n<p>Unul dintre aspectele atr\u0103g\u0103toare ale Apcalis SX Oral Jelly este debutul s\u0103u relativ rapid de ac\u021biune. Datorit\u0103 formei sale de jeleu, poate \u00eencepe s\u0103 func\u021bioneze la 15 p\u00e2n\u0103 la 30 de minute dup\u0103 ingerare, comparativ cu o or\u0103 sau mai mult pentru unele forme de tablete. Acest timp de r\u0103spuns rapid poate fi deosebit de benefic pentru cei care caut\u0103 spontaneitate \u00een \u00eent\u00e2lnirile lor sexuale.<\/p>\n<p>Rata de absorb\u021bie poate varia \u00een func\u021bie de mai mul\u021bi factori, inclusiv dac\u0103 medicamentul este luat pe stomacul gol sau dup\u0103 mas\u0103. \u00cen general, luarea jeleului f\u0103r\u0103 alimente \u00eei poate spori viteza de ac\u021biune, f\u0103c\u00e2ndu-l o op\u021biune versatil\u0103 pentru o varietate de situa\u021bii.<\/p>\n<h2>Durata eficacit\u0103\u021bii: C\u00e2t dureaz\u0103?<\/h2>\n<p>Apcalis SX Oral Jelly se remarc\u0103 prin durata extins\u0103 de eficacitate, cu efecte care dureaz\u0103 p\u00e2n\u0103 la 36 de ore. Aceast\u0103 ac\u021biune prelungit\u0103 permite un grad mai mare de flexibilitate \u0219i u\u0219urin\u021b\u0103, deoarece utilizatorii nu trebuie s\u0103 \u00ee\u0219i cronometreze activit\u0103\u021bile la fel de precis ca \u00een cazul medicamentelor cu ac\u021biune mai scurt\u0103.<\/p>\n<p>Durata extins\u0103 \u00eenseamn\u0103, de asemenea, c\u0103 poate sus\u021bine mai multe acte sexuale \u00een acest interval de timp, \u00een cazul \u00een care apare oportunitatea. Aceast\u0103 caracteristic\u0103 distinge tratamentele pe baz\u0103 de Tadalafil de alte medicamente pentru disfunc\u021bionalitate, oferind utilizatorilor o experien\u021b\u0103 mai relaxat\u0103 \u0219i mai pu\u021bin sub presiune.<\/p>\n<h2>Apcalis SX Oral Jelly vs. Tablete tradi\u021bionale<\/h2>\n<p>C\u00e2nd se compar\u0103 Apcalis SX Oral Jelly cu tabletele tradi\u021bionale ED, mai multe diferen\u021be devin evidente. Cea mai semnificativ\u0103 este forma de administrare; jeleul oral este conceput pentru cei care pot avea dificult\u0103\u021bi \u00een \u00eenghi\u021birea pastilelor, oferind o alternativ\u0103 mai u\u0219or de utilizat.<\/p>\n<p>Mai mult, debutul ac\u021biunii pentru jeleu este de obicei mai rapid, ceea ce poate fi un factor crucial pentru cei care caut\u0103 efecte imediate. Cu toate acestea, ambele forme con\u021bin acela\u0219i ingredient activ, Tadalafil, \u0219i \u00een cele din urm\u0103 ofer\u0103 rezultate terapeutice similare. Alegerea dintre jeleu \u0219i tablete se rezum\u0103 adesea la preferin\u021bele personale \u0219i la stilul de via\u021b\u0103.<\/p>\n<h2>Factori care influen\u021beaz\u0103 eficacitatea Apcalis SX<\/h2>\n<p>Mai mul\u021bi factori pot influen\u021ba eficacitatea Apcalis SX Oral Jelly, inclusiv s\u0103n\u0103tatea general\u0103 a unei persoane, v\u00e2rsta \u0219i prezen\u021ba altor afec\u021biuni medicale. De exemplu, b\u0103rba\u021bii cu diabet zaharat sau probleme cardiovasculare pot g\u0103si varia\u021bii \u00een ceea ce prive\u0219te efectul medicamentului.<\/p>\n<p>\u00cen plus, factorii stilului de via\u021b\u0103, cum ar fi dieta, consumul de alcool \u0219i fumatul, pot afecta, de asemenea, eficacitatea jeleului. Este esen\u021bial ca utilizatorii s\u0103 ia \u00een considerare aceste elemente \u0219i s\u0103 discute eventualele probleme cu furnizorul lor de asisten\u021b\u0103 medical\u0103 pentru a asigura rezultate optime.<\/p>\n<h2>Efecte secundare poten\u021biale \u0219i considera\u021bii de siguran\u021b\u0103<\/h2>\n<p>Ca toate medicamentele, Apcalis SX Oral Jelly poate avea reac\u021bii adverse, de\u0219i nu toat\u0103 lumea le va experimenta. Reac\u021biile adverse frecvente includ dureri de cap, \u00eenro\u0219ire, indigestie \u0219i congestie nazal\u0103. Aceste simptome sunt \u00een general u\u0219oare \u0219i temporare, rezolv\u00e2ndu-se de la sine.<\/p>\n<p>Efectele secundare grave sunt rare, dar pot include pierderea brusc\u0103 a vederii, modific\u0103ri ale auzului sau o erec\u021bie care dureaz\u0103 mai mult de patru ore, cunoscut\u0103 sub numele de priapism. Dac\u0103 apar reac\u021bii severe, este imperativ s\u0103 solicita\u021bi imediat asisten\u021b\u0103 medical\u0103. Pacien\u021bii trebuie, de asemenea, s\u0103-\u0219i informeze furnizorul de asisten\u021b\u0103 medical\u0103 cu privire la orice afec\u021biuni subiacente sau alte medicamente pe care le iau pentru a evita interac\u021biunile d\u0103un\u0103toare.<\/p>\n<h2>Dozare optim\u0103 \u0219i instruc\u021biuni de administrare<\/h2>\n<p>Doza optim\u0103 de Apcalis SX Oral Jelly este de obicei de 20 mg, luat\u0103 dup\u0103 cum este necesar \u00eenainte de activitatea sexual\u0103 anticipat\u0103. Se recomand\u0103 s\u0103 nu dep\u0103\u0219i\u021bi o doz\u0103 \u00eentr-o perioad\u0103 de 24 de ore. Jeleul trebuie luat cu cel pu\u021bin 15 minute \u00eenainte de actul sexual pentru cele mai bune rezultate.<\/p>\n<p>Pacien\u021bii trebuie s\u0103 urmeze doza prescris\u0103 \u0219i s\u0103 nu o modifice f\u0103r\u0103 a consulta furnizorul lor de asisten\u021b\u0103 medical\u0103. Luarea mai mult dec\u00e2t cea recomandat\u0103 nu cre\u0219te eficacitatea \u0219i poate duce la cre\u0219terea riscului de reac\u021bii adverse. Respectarea ghidurilor asigur\u0103 utilizarea sigur\u0103 \u0219i eficient\u0103 a medicamentului.<\/p>\n<h2>Experien\u021bele pacien\u021bilor \u0219i recenziile utilizatorilor<\/h2>\n<p>Recenziile \u0219i experien\u021bele utilizatorilor cu Apcalis SX Oral Jelly sunt \u00een general pozitive, mul\u021bi raport\u00e2nd satisfac\u021bie fa\u021b\u0103 de u\u0219urin\u021ba de utilizare \u0219i eficacitatea acestuia. Debutul rapid \u0219i durata lung\u0103 de ac\u021biune sunt adesea eviden\u021biate ca beneficii cheie, permi\u021b\u00e2nd \u00eent\u00e2lniri sexuale mai naturale \u0219i f\u0103r\u0103 stres.<\/p>\n<p>Cu toate acestea, ca \u0219i \u00een cazul oric\u0103rui medicament, experien\u021bele individuale variaz\u0103 \u0219i unii utilizatori pot \u00eent\u00e2mpina efecte secundare. Este esen\u021bial ca utilizatorii poten\u021biali s\u0103 ia \u00een considerare aceste m\u0103rturii al\u0103turi de sfaturi medicale profesionale pentru a lua o decizie informat\u0103 cu privire la tratamentul lor.<\/p>\n<h2>Compara\u021bii cu alte tratamente ED<\/h2>\n<p>Apcalis SX Oral Jelly este una dintre numeroasele op\u021biuni de tratament disponibile pentru ED. Comparativ cu al\u021bi inhibitori PDE5 precum Viagra (Sildenafil) sau Levitra (Vardenafil), Tadalafilul se remarc\u0103 prin durata de ac\u021biune mai lung\u0103. Acesta poate fi un factor decisiv pentru cei care caut\u0103 un tratament care s\u0103 permit\u0103 mai mult\u0103 spontaneitate.<\/p>\n<p>De\u0219i fiecare medicament are avantajele sale, alegerea depinde adesea de preferin\u021bele individuale, de stilul de via\u021b\u0103 \u0219i de considerente specifice de s\u0103n\u0103tate. Consultarea cu un furnizor de asisten\u021b\u0103 medical\u0103 poate ajuta la determinarea celui mai potrivit tratament pe baza nevoilor personale \u0219i a istoricului medical.<\/p>\n<h2>Consulta\u021bie \u0219i prescrip\u021bie: No\u021biuni introductive cu Apcalis SX<\/h2>\n<p>\u00cenainte de a \u00eencepe Apcalis SX Oral Jelly, este esen\u021bial\u0103 o consultare cu un furnizor de asisten\u021b\u0103 medical\u0103 pentru a v\u0103 asigura c\u0103 este op\u021biunea de tratament potrivit\u0103. Furnizorul va evalua istoricul medical, medicamentele curente \u0219i orice poten\u021biale interac\u021biuni medicamentoase sau contraindica\u021bii.<\/p>\n<p>Pentru a ob\u021bine Apcalis SX este necesar\u0103 o re\u021bet\u0103, deoarece este un medicament reglementat. \u00cen urma unei evalu\u0103ri am\u0103nun\u021bite, furnizorul va elibera o re\u021bet\u0103, dac\u0103 consider\u0103 c\u0103 este adecvat, \u0219i va oferi \u00eendrum\u0103ri cu privire la modul de utilizare eficient \u0219i \u00een siguran\u021b\u0103 a medicamentului.<\/p>\n<h2>Evolu\u021bii viitoare \u00een tratamentele ED \u0219i inova\u021bii<\/h2>\n<p>Domeniul tratamentelor ED continu\u0103 s\u0103 evolueze, cu cercet\u0103ri \u0219i inova\u021bii continue care se str\u0103duiesc s\u0103 \u00eembun\u0103t\u0103\u021beasc\u0103 terapiile existente \u0219i s\u0103 dezvolte altele noi. Tratamentele emergente includ terapia genic\u0103, abord\u0103ri de medicin\u0103 regenerativ\u0103 \u0219i sisteme noi de administrare a medicamentelor care vizeaz\u0103 \u00eembun\u0103t\u0103\u021birea eficacit\u0103\u021bii \u0219i reducerea efectelor secundare.<\/p>\n<p>Progresele \u00een tehnologie \u0219i cercetarea medical\u0103 sunt promi\u021b\u0103toare pentru tratamente ED mai personalizate \u0219i mai eficiente \u00een viitor. Pe m\u0103sur\u0103 ce \u00een\u021belegerea noastr\u0103 asupra st\u0103rii se ad\u00e2nce\u0219te, la fel cre\u0219te \u0219i poten\u021bialul pentru solu\u021bii inovatoare care r\u0103spund nevoilor \u0219i preferin\u021belor individuale.<\/p>\n","protected":false},"excerpt":{"rendered":"<p>Cum func\u021bioneaz\u0103 Apcalis SX Oral Jelly pentru ED: mecanism, debut, durat\u0103 Acest articol exploreaz\u0103 complexit\u0103\u021bile modului \u00een care func\u021bioneaz\u0103 Apcalis SX Oral Jelly \u00een tratarea disfunc\u021biei erectile, examin\u00e2nd mecanismul, debutul \u0219i durata de ac\u021biune a acesteia. \u00cen\u021belegerea disfunc\u021biei erectile \u0219i provoc\u0103rile acesteia Disfunc\u021bia erectil\u0103 (DE) este o afec\u021biune comun\u0103 care afecteaz\u0103 milioane de b\u0103rba\u021bi din [&hellip;]<\/p>\n","protected":false},"author":1,"featured_media":0,"parent":0,"menu_order":0,"comment_status":"closed","ping_status":"closed","template":"","meta":{"footnotes":""},"class_list":["post-26429","page","type-page","status-publish","hentry"],"_links":{"self":[{"href":"https:\/\/mydainikkhabar.com\/index.php?rest_route=\/wp\/v2\/pages\/26429","targetHints":{"allow":["GET"]}}],"collection":[{"href":"https:\/\/mydainikkhabar.com\/index.php?rest_route=\/wp\/v2\/pages"}],"about":[{"href":"https:\/\/mydainikkhabar.com\/index.php?rest_route=\/wp\/v2\/types\/page"}],"author":[{"embeddable":true,"href":"https:\/\/mydainikkhabar.com\/index.php?rest_route=\/wp\/v2\/users\/1"}],"replies":[{"embeddable":true,"href":"https:\/\/mydainikkhabar.com\/index.php?rest_route=%2Fwp%2Fv2%2Fcomments&post=26429"}],"version-history":[{"count":1,"href":"https:\/\/mydainikkhabar.com\/index.php?rest_route=\/wp\/v2\/pages\/26429\/revisions"}],"predecessor-version":[{"id":26431,"href":"https:\/\/mydainikkhabar.com\/index.php?rest_route=\/wp\/v2\/pages\/26429\/revisions\/26431"}],"wp:attachment":[{"href":"https:\/\/mydainikkhabar.com\/index.php?rest_route=%2Fwp%2Fv2%2Fmedia&parent=26429"}],"curies":[{"name":"wp","href":"https:\/\/api.w.org\/{rel}","templated":true}]}}