{"id":26424,"date":"2026-03-23T16:59:17","date_gmt":"2026-03-23T16:59:17","guid":{"rendered":"https:\/\/mydainikkhabar.com\/?page_id=26424"},"modified":"2026-03-23T16:59:17","modified_gmt":"2026-03-23T16:59:17","slug":"prednosti-telemedicine-za-paciente-in-izvajalce-zdravstvenih-storitev","status":"publish","type":"page","link":"https:\/\/mydainikkhabar.com\/?page_id=26424","title":{"rendered":"Prednosti telemedicine za paciente in izvajalce zdravstvenih storitev"},"content":{"rendered":"<h1>Telemedicina: spletna posvetovanja in preverjanje upravi\u010denosti<\/h1>\n<p>Telemedicina predstavlja revolucionaren premik v zagotavljanju zdravstvenega varstva, saj ponuja spletna posvetovanja in preverjanje upravi\u010denosti za izbolj\u0161anje dostopnosti in u\u010dinkovitosti pacientov.<\/p>\n<h2>Razumevanje telemedicine: sodoben pristop k zdravstvenemu varstvu<\/h2>\n<p>Telemedicina spreminja na\u010din zagotavljanja zdravstvene oskrbe, tako da zdravstvenim delavcem omogo\u010da posvetovanje z bolniki na daljavo. Ta sodoben pristop uporablja digitalne komunikacijske tehnologije, kot so video klici in mobilne aplikacije, za zagotavljanje zdravstvenih storitev brez potrebe po osebnih obiskih. Ponuja priro\u010dno re\u0161itev za bolnike, ki imajo morda te\u017eave z dostopom do tradicionalnih zdravstvenih ustanov zaradi geografskih omejitev ali te\u017eav z mobilnostjo.<\/p>\n<p>Sprva se je telemedicina uporabljala predvsem za doseganje bolnikov na pode\u017eelskih obmo\u010djih brez zdravstvene infrastrukture. Vendar pa je z napredkom tehnologije in vse ve\u010djim prodorom internetnega dostopa telemedicina postala izvedljiva mo\u017enost tudi za mestno in primestno prebivalstvo. Priro\u010dnost, u\u010dinkovitost in stro\u0161kovna u\u010dinkovitost telemedicine so klju\u010dni dejavniki, ki spodbujajo njeno \u0161iroko uporabo v zdravstvenih sistemih po vsem svetu.<\/p>\n<h2>Razvoj spletnih zdravstvenih posvetovanj<\/h2>\n<p>Spletna medicinska svetovanja so se v zadnjih nekaj desetletjih mo\u010dno razvila. V zgodnjih letih je bila telemedicina ve\u010dinoma omejena na telefonske klice med zdravniki in bolniki. Pojav videokonferen\u010dne tehnologije je od takrat omogo\u010dil obse\u017enej\u0161e virtualne posvete, kjer lahko zdravniki vizualno ocenijo paciente in razpravljajo o njihovem stanju v realnem \u010dasu.<\/p>\n<p>Pandemija COVID-19 je pospe\u0161ila sprejetje spletnih zdravni\u0161kih posvetovanj, saj so si zdravstveni sistemi po vsem svetu prizadevali zmanj\u0161ati \u0161irjenje virusa. \u0160tevilni ponudniki zdravstvenih storitev so hitro raz\u0161irili svoje telemedicinske storitve in pacienti so se hitro prilagodili temu novemu na\u010dinu posvetovanja. Posledi\u010dno je tisto, kar je neko\u010d veljalo za ni\u0161no storitev, zdaj postalo sestavni del splo\u0161nega zdravstvenega varstva.<\/p>\n<h2>Prednosti telemedicine za paciente in izvajalce zdravstvenih storitev<\/h2>\n<p>Telemedicina ponuja \u0161tevilne prednosti tako za bolnike kot za zdravstvene delavce. Za bolnike je glavna prednost udobje. Lahko se posvetujejo s svojimi izvajalci zdravstvenih storitev iz udobja svojega doma, s \u010dimer odpravijo potrebo po potovanju in skraj\u0161ajo \u010das, ko so odsotni z dela ali dru\u017eine. Ta prilagodljivost je \u0161e posebej koristna za posameznike s kroni\u010dnimi boleznimi, ki zahtevajo redno spremljanje.<\/p>\n<p>Ponudniki zdravstvenih storitev imajo tudi koristi od telemedicine, saj lahko dose\u017eejo \u0161ir\u0161o bazo bolnikov in optimizirajo svoje urnike. Telemedicina lahko pomaga zmanj\u0161ati obremenitev zdravstvenih ustanov z zmanj\u0161anjem \u0161tevila osebnih obiskov, kar ponudnikom omogo\u010da u\u010dinkovitej\u0161o razporeditev sredstev. Poleg tega lahko telemedicina prispeva k bolj\u0161im izidom bolnikov, tako da olaj\u0161a pravo\u010dasen dostop do oskrbe in omogo\u010di stalno spremljanje in spremljanje.<\/p>\n<h2>Kako potekajo telemedicinska posvetovanja: vodnik po korakih<\/h2>\n<p>Za\u010detek posveta o telemedicini se obi\u010dajno za\u010dne z naro\u010danjem termina prek spletnega mesta ponudnika zdravstvenih storitev ali specializirane platforme za telemedicino. Od pacientov se lahko zahteva, da izpolnijo predhodne zdravstvene vpra\u0161alnike in obrazce za soglasje, da zagotovijo, da so vse pomembne informacije na voljo izvajalcu zdravstvenih storitev pred posvetovanjem.<\/p>\n<p>Med svetovanjem se pacient prek varne spletne platforme pove\u017ee z izvajalcem zdravstvenih storitev. To virtualno sre\u010danje lahko vklju\u010duje razpravo o simptomih, pregled zdravstvene zgodovine in morebitno skupno rabo digitalnih slik ali dokumentov, kot so rezultati testov. Ponudnik bo nato ponudil diagnozo, priporo\u010dil mo\u017enosti zdravljenja in po mo\u017enosti predpisal zdravila, ki jih je pogosto mogo\u010de poslati neposredno v lekarno po izbiri bolnika.<\/p>\n<h2>Preverjanje primernosti: zagotavljanje varne in u\u010dinkovite telemedicine<\/h2>\n<p>Preverjanje primernosti je klju\u010dna sestavina telemedicine, ki zagotavlja, da bolniki, ki se odlo\u010dijo za spletna posvetovanja, prejmejo ustrezno in varno oskrbo. Vseh zdravstvenih stanj ni mogo\u010de u\u010dinkovito obvladati s pomo\u010djo telemedicine, zato presejanje pomaga ugotoviti, ali je ta metoda primerna za vsakega bolnika. Stanja, ki zahtevajo fizi\u010dne preglede ali takoj\u0161nje posege, morda niso upravi\u010dena do storitev telemedicine.<\/p>\n<p>Ponudniki zdravstvenega varstva izvajajo preglede <a href=\"https:\/\/lekarnaslovenije.com\/\">https:\/\/lekarnaslovenije.com\/<\/a> primernosti tako, da ocenijo bolnikovo zdravstveno anamnezo, trenutne simptome in zapletenost njihovega stanja. Ta postopek presejanja pomaga ponudnikom zdravstvenega varstva prepoznati primere, ki jih je mogo\u010de upravljati na daljavo, in tiste, ki zahtevajo osebno posvetovanje, s \u010dimer se ohrani varnost pacientov in hkrati raz\u0161iri dostop do oskrbe.<\/p>\n<h2>Pogosta stanja, zdravljena s telemedicinskimi posvetovanji<\/h2>\n<p>Telemedicinska posvetovanja so zelo primerna za obvladovanje razli\u010dnih obi\u010dajnih stanj. Kroni\u010dne bolezni, kot so sladkorna bolezen, hipertenzija in astma, je mogo\u010de u\u010dinkovito spremljati in obvladovati z rednimi virtualnimi termini. Telemedicina prav tako olaj\u0161a obvladovanje te\u017eav z du\u0161evnim zdravjem, vklju\u010dno z anksioznostjo in depresijo, prek spletnih terapevtskih sej.<\/p>\n<p>Poleg tega se telemedicina pogosto uporablja za akutna stanja, ki niso nujna, kot so prehladi, gripa, oku\u017ebe ko\u017ee in manj\u0161e po\u0161kodbe. Ta stanja je pogosto mogo\u010de diagnosticirati in u\u010dinkovito zdraviti z virtualnimi posvetovanji, pri \u010demer pacientom prihranimo potrebo po obisku zdravstvene ustanove, razen \u010de je potreben nadaljnji poseg.<\/p>\n<h2>Vloga tehnologije v telemedicinskih storitvah<\/h2>\n<p>Tehnologija je hrbtenica telemedicine, ki omogo\u010da brezhibno zagotavljanje zdravstvenih storitev na daljavo. Visokohitrostni internet, uporabniku prijazne platforme in varni komunikacijski kanali so bistveni sestavni deli, ki omogo\u010dajo u\u010dinkovita telemedicinska svetovanja. Orodja za videokonference, elektronski zdravstveni zapisi in mobilne zdravstvene aplikacije so med tehnologijami, ki so bile integrirane v telemedicinske sisteme.<\/p>\n<p>Napredek na podro\u010dju umetne inteligence (AI) in strojnega u\u010denja prav tako za\u010denja izbolj\u0161evati storitve telemedicine. Orodja, ki jih poganja umetna inteligenca, lahko pomagajo pri diagnosticiranju stanj, priporo\u010danju zdravljenja in prilagajanju oskrbe pacientov, medtem ko lahko analitika podatkov pomaga izbolj\u0161ati rezultate zdravstvenega varstva in racionalizirati delovanje znotraj telemedicinskih platform.<\/p>\n<h2>Pomisleki glede zasebnosti in varnosti pri spletnih posvetovanjih<\/h2>\n<p>Zasebnost in varnost sta najpomembnej\u0161i v telemedicini, saj prenos ob\u010dutljivih podatkov o bolnikih prek digitalnih omre\u017eij predstavlja potencialna tveganja. Ponudniki zdravstvenega varstva morajo zagotoviti, da so platforme, ki jih uporabljajo, skladne s predpisi o varstvu podatkov, kot je Splo\u0161na uredba o varstvu podatkov (GDPR) v Evropi, da za\u0161\u010ditijo zaupnost pacientov.<\/p>\n<p>\u0160ifriranje, varni protokoli za prijavo in redne varnostne revizije so bistvene prakse za za\u0161\u010dito podatkov pacientov med telemedicinskimi posvetovanji. Ponudniki morajo tudi pou\u010diti paciente o pomenu za\u0161\u010dite njihovih osebnih naprav in uporabe varnih internetnih povezav za dodatno izbolj\u0161anje varnosti spletnih zdravstvenih interakcij.<\/p>\n<h2>Regulativni in pravni vidiki v telemedicini<\/h2>\n<p>Telemedicina je predmet zapletene mre\u017ee regulativnih in pravnih vidikov, ki se med regijami in dr\u017eavami razlikujejo. Ti predpisi urejajo vidike, kot so zahteve za licenciranje, politike povra\u010dil in \u010dezmejna posvetovanja. Ponudniki zdravstvenih storitev se morajo zavedati pravnih okvirov, ki veljajo za njihovo prakso, in jih upo\u0161tevati, da zagotovijo legitimnost svojih telemedicinskih storitev.<\/p>\n<p>V mnogih jurisdikcijah morajo zdravstveni delavci imeti licence v regiji, kjer se nahaja pacient, kar lahko omeji obseg telemedicinskih storitev prek dr\u017eavnih ali nacionalnih meja. Poleg tega se politike povra\u010dila stro\u0161kov za storitve telemedicine razlikujejo, saj nekateri ponudniki zavarovanj ponujajo kritje za spletna posvetovanja, drugi pa ne.<\/p>\n<h2>Telemedicina in dostopnost pacientov: premo\u0161\u010danje vrzeli<\/h2>\n<p>Telemedicina ima potencial za premostitev znatnih vrzeli v dostopnosti pacientov, zlasti za posameznike v oddaljenih ali slabo pokritih obmo\u010djih. Z odpravljanjem geografskih ovir telemedicina zagotavlja, da lahko bolniki prejmejo pravo\u010dasen zdravni\u0161ki nasvet in zdravljenje, kar pomaga zmanj\u0161ati zdravstvene razlike.<\/p>\n<p>Za paciente z omejeno mobilnostjo ali tiste, ki se soo\u010dajo z izzivi pri dostopu do prevoza, telemedicina zagotavlja izvedljivo alternativo tradicionalnim obiskom zdravstvenega varstva. Z nadaljnjim razvojem telemedicine se bo njena vloga pri izbolj\u0161anju dostopnosti pacientov verjetno pove\u010dala, kar bo dodatno prispevalo k pravi\u010dnemu zagotavljanju zdravstvene oskrbe.<\/p>\n<h2>Integracija telemedicine s tradicionalnimi zdravstvenimi sistemi<\/h2>\n<p>Integracija telemedicine s tradicionalnimi zdravstvenimi sistemi je bistvenega pomena za ustvarjanje kohezivnega in celovitega modela zagotavljanja zdravstvene oskrbe. Telemedicina bi morala dopolnjevati in ne nadome\u0161\u010dati osebne oskrbe ter ponujati hibridni pristop, ki maksimira prednosti obeh na\u010dinov.<\/p>\n<p>Uspe\u0161na integracija zahteva sodelovanje med ponudniki zdravstvenega varstva, razvijalci tehnologije in oblikovalci politik, da se zagotovi neopazno vpletanje telemedicinskih storitev v obstoje\u010de zdravstvene infrastrukture. Ta integracija lahko privede do izbolj\u0161anega usklajevanja oskrbe, bolj\u0161ega dodeljevanja sredstev in bolj\u0161ih rezultatov pri bolnikih.<\/p>\n<h2>Prihodnji trendi v telemedicini in spletni zdravstveni oskrbi<\/h2>\n<p>Prihodnost telemedicine je pripravljena na znatno rast in inovacije. Ker tehnologija \u0161e naprej napreduje, se pri\u010dakuje, da bodo telemedicinske storitve postale bolj izpopolnjene, z izbolj\u0161animi zmogljivostmi za diagnostiko na daljavo in prilagojeno oskrbo. Integracija nosljivih naprav in senzorjev za spremljanje zdravja bo verjetno igrala klju\u010dno vlogo v prihodnosti telemedicine, saj bo omogo\u010dala neprekinjeno spremljanje pacientov in proaktivno upravljanje zdravstvene oskrbe.<\/p>\n<p>Poleg tega bo stalen razvoj umetne inteligence in strojnega u\u010denja \u0161e izbolj\u0161al telemedicinske prakse, ponudil napovedno analitiko in orodja za podporo odlo\u010danju za ponudnike zdravstvenih storitev. Ko postaja telemedicina vse bolj raz\u0161irjena, se pri\u010dakuje, da se bodo regulativni okviri razvili v podporo njeni \u0161iritvi in \u200b\u200bintegraciji v globalne sisteme zdravstvenega varstva.<\/p>\n<h2>Zgodbe o uspehu v telemedicini: \u0161tudije primerov in pri\u010devanja<\/h2>\n<p>Telemedicina je prinesla \u0161tevilne zgodbe o uspehu, ki dokazujejo njen potencial za preoblikovanje oskrbe bolnikov. En pomemben primer je vklju\u010deval pode\u017eelsko skupnost z omejenim dostopom do specialisti\u010dne oskrbe. S pomo\u010djo telemedicine so se pacienti lahko posvetovali s strokovnjaki iz mestnih sredi\u0161\u010d, kar je bistveno izbolj\u0161alo njihove zdravstvene rezultate in zmanj\u0161alo potrebo po dragih potovanjih.<\/p>\n<p>Pri\u010devanja pacientov, ki so imeli koristi od telemedicine, pogosto poudarjajo priro\u010dnost in dostopnost spletnih posvetovanj. Na primer, posamezniki s kroni\u010dnimi boleznimi izra\u017eajo zadovoljstvo nad zmo\u017enostjo vzdr\u017eevanja rednih stikov s svojimi izvajalci zdravstvenih storitev brez potrebe po pogostih osebnih obiskih, kar vodi k bolj\u0161emu upravljanju njihovega zdravja.<\/p>\n<h2>Izzivi in \u200b\u200bomejitve telemedicinskih praks<\/h2>\n<p>Kljub \u0161tevilnim prednostim se telemedicina soo\u010da s \u0161tevilnimi izzivi in \u200b\u200bomejitvami. Ena od pomembnih te\u017eav je digitalni razkorak, kjer lahko razlike v dostopu do interneta in tehnolo\u0161ki pismenosti ovirajo sprejemanje telemedicinskih storitev, zlasti na obmo\u010djih z nizkimi dohodki in na pode\u017eelju.<\/p>\n<p>Poleg tega niso vsa zdravstvena stanja primerna za posvetovanje na daljavo, saj nekatera zahtevajo fizi\u010dni pregled ali takoj\u0161njo intervencijo. Zagotavljanje kakovosti oskrbe v telemedicini je \u0161e ena skrb, saj lahko pomanjkanje fizi\u010dne interakcije omeji izvajal\u010devo sposobnost postavljanja natan\u010dnih diagnoz in odlo\u010ditev o zdravljenju.<\/p>\n<h2>Izbira pravega ponudnika telemedicine: kaj iskati<\/h2>\n<p>Pri izbiri ponudnika telemedicine morajo bolniki upo\u0161tevati ve\u010d dejavnikov, da zagotovijo visokokakovostno oskrbo. Klju\u010dni vidiki vklju\u010dujejo ugled ponudnika, obseg ponujenih storitev in tehnolo\u0161ko platformo, ki se uporablja za posvetovanja. Ponudniki morajo biti akreditirani in skladni z ustreznimi regulativnimi standardi, da zagotovijo varnost bolnikov in varnost podatkov.<\/p>\n<p>Pacienti morajo oceniti tudi ponudnikov pristop k oskrbi pacientov, vklju\u010dno z razpolo\u017eljivostjo nadaljnje podpore in zmo\u017enostjo nemotenega prehoda na osebno oskrbo, \u010de je potrebno. S skrbnim vrednotenjem teh dejavnikov lahko bolniki izberejo ponudnika telemedicine, ki izpolnjuje njihove zdravstvene potrebe in pri\u010dakovanja.<\/p>\n","protected":false},"excerpt":{"rendered":"<p>Telemedicina: spletna posvetovanja in preverjanje upravi\u010denosti Telemedicina predstavlja revolucionaren premik v zagotavljanju zdravstvenega varstva, saj ponuja spletna posvetovanja in preverjanje upravi\u010denosti za izbolj\u0161anje dostopnosti in u\u010dinkovitosti pacientov. Razumevanje telemedicine: sodoben pristop k zdravstvenemu varstvu Telemedicina spreminja na\u010din zagotavljanja zdravstvene oskrbe, tako da zdravstvenim delavcem omogo\u010da posvetovanje z bolniki na daljavo. Ta sodoben pristop uporablja digitalne [&hellip;]<\/p>\n","protected":false},"author":1,"featured_media":0,"parent":0,"menu_order":0,"comment_status":"closed","ping_status":"closed","template":"","meta":{"footnotes":""},"class_list":["post-26424","page","type-page","status-publish","hentry"],"_links":{"self":[{"href":"https:\/\/mydainikkhabar.com\/index.php?rest_route=\/wp\/v2\/pages\/26424","targetHints":{"allow":["GET"]}}],"collection":[{"href":"https:\/\/mydainikkhabar.com\/index.php?rest_route=\/wp\/v2\/pages"}],"about":[{"href":"https:\/\/mydainikkhabar.com\/index.php?rest_route=\/wp\/v2\/types\/page"}],"author":[{"embeddable":true,"href":"https:\/\/mydainikkhabar.com\/index.php?rest_route=\/wp\/v2\/users\/1"}],"replies":[{"embeddable":true,"href":"https:\/\/mydainikkhabar.com\/index.php?rest_route=%2Fwp%2Fv2%2Fcomments&post=26424"}],"version-history":[{"count":1,"href":"https:\/\/mydainikkhabar.com\/index.php?rest_route=\/wp\/v2\/pages\/26424\/revisions"}],"predecessor-version":[{"id":26426,"href":"https:\/\/mydainikkhabar.com\/index.php?rest_route=\/wp\/v2\/pages\/26424\/revisions\/26426"}],"wp:attachment":[{"href":"https:\/\/mydainikkhabar.com\/index.php?rest_route=%2Fwp%2Fv2%2Fmedia&parent=26424"}],"curies":[{"name":"wp","href":"https:\/\/api.w.org\/{rel}","templated":true}]}}