{"id":26386,"date":"2026-03-23T16:53:07","date_gmt":"2026-03-23T16:53:07","guid":{"rendered":"https:\/\/mydainikkhabar.com\/?page_id=26386"},"modified":"2026-03-23T16:53:07","modified_gmt":"2026-03-23T16:53:07","slug":"porownanie-skutecznosci-sildenafil-vs-tadalafil-vs-vardenafil","status":"publish","type":"page","link":"https:\/\/mydainikkhabar.com\/?page_id=26386","title":{"rendered":"Por\u00f3wnanie skuteczno\u015bci: Sildenafil vs Tadalafil vs Vardenafil"},"content":{"rendered":"<h1>Inhibitory PDE5 wyja\u015bni\u0142y: jak dzia\u0142aj\u0105 sildenafil, tadalafil i wardenafil: zamawianie i dostawa krok po kroku<\/h1>\n<p>W tym artykule om\u00f3wiono dzia\u0142anie, zastosowania i nabywanie inhibitor\u00f3w PDE5, takich jak sildenafil, tadalafil i wardenafil, dostarczaj\u0105c jednocze\u015bnie informacji na temat bezpiecznego stosowania i opcji podawania.<\/p>\n<h2>Wprowadzenie do inhibitor\u00f3w PDE5<\/h2>\n<p>Inhibitory PDE5 to klasa lek\u00f3w stosowanych g\u0142\u00f3wnie w leczeniu zaburze\u0144 erekcji (ED) i t\u0119tniczego nadci\u015bnienia p\u0142ucnego. Inhibitory te zrewolucjonizowa\u0142y leczenie zaburze\u0144 erekcji od ko\u0144ca lat 90. XX wieku, zapewniaj\u0105c nieinwazyjn\u0105 opcj\u0119 leczenia, kt\u00f3ra znacz\u0105co poprawia jako\u015b\u0107 \u017cycia milion\u00f3w m\u0119\u017cczyzn na ca\u0142ym \u015bwiecie. Ich rozw\u00f3j oznacza\u0142 znaczn\u0105 zmian\u0119 w leczeniu zaburze\u0144 erekcji, odchodz\u0105c od urz\u0105dze\u0144 mechanicznych i zastrzyk\u00f3w na rzecz lek\u00f3w doustnych.<\/p>\n<p>Do kluczowych lek\u00f3w w tej kategorii nale\u017c\u0105 sildenafil (powszechnie znany pod mark\u0105 Viagra), tadalafil (Cialis) i wardenafil (Levitra). Ka\u017cdy z tych lek\u00f3w dzia\u0142a na rzecz u\u0142atwienia erekcji poprzez zwi\u0119kszenie przep\u0142ywu krwi do pr\u0105cia, ale s\u0105 one r\u00f3wnie\u017c stosowane w innych kontekstach medycznych. Zrozumienie sposobu dzia\u0142ania tych lek\u00f3w i ich odpowiedniego zastosowania ma kluczowe znaczenie dla bezpiecznego i skutecznego stosowania.<\/p>\n<h2>Mechanizm dzia\u0142ania sildenafilu, tadalafilu i wardenafilu<\/h2>\n<p>Inhibitory PDE5 dzia\u0142aj\u0105 poprzez blokowanie enzymu fosfodiesterazy typu 5 (PDE5), kt\u00f3ry wyst\u0119puje w r\u00f3\u017cnych tkankach ca\u0142ego cia\u0142a, w tym w pr\u0105ciu. Hamuj\u0105c ten enzym, leki te zapobiegaj\u0105 rozk\u0142adowi cyklicznego monofosforanu guanozyny (cGMP), cz\u0105steczki, kt\u00f3ra pomaga rozlu\u017ani\u0107 kom\u00f3rki mi\u0119\u015bni g\u0142adkich i zwi\u0119kszy\u0107 przep\u0142yw krwi. Mechanizm ten ma kluczowe znaczenie dla osi\u0105gni\u0119cia i utrzymania erekcji w odpowiedzi na stymulacj\u0119 seksualn\u0105.<\/p>\n<p>Chocia\u017c syldenafil, tadalafil i wardenafil maj\u0105 ten sam podstawowy mechanizm, r\u00f3\u017cni\u0105 si\u0119 farmakokinetyk\u0105. Na przyk\u0142ad tadalafil ma d\u0142u\u017cszy czas dzia\u0142ania, wynosz\u0105cy do 36 godzin, w por\u00f3wnaniu z sildenafilem i wardenafilem, kt\u00f3re zwykle dzia\u0142aj\u0105 przez oko\u0142o 4 do 6 godzin. To przed\u0142u\u017cone dzia\u0142anie pozwala na wi\u0119ksz\u0105 spontaniczno\u015b\u0107 w czynno\u015bciach seksualnych, co jest cech\u0105, kt\u00f3ra dla wielu jest atrakcyjna.<\/p>\n<h2>Por\u00f3wnanie skuteczno\u015bci: Sildenafil vs Tadalafil vs Vardenafil<\/h2>\n<p>Por\u00f3wnuj\u0105c skuteczno\u015b\u0107 tych lek\u00f3w, nale\u017cy wzi\u0105\u0107 pod uwag\u0119 zar\u00f3wno ich skuteczno\u015b\u0107, jak i czas dzia\u0142ania. Badania kliniczne wykaza\u0142y, \u017ce wszystkie trzy leki s\u0105 bardzo skuteczne, a wska\u017anik powodzenia w leczeniu zaburze\u0144 erekcji waha si\u0119 od 60% do 80%. Jednak indywidualne reakcje mog\u0105 si\u0119 r\u00f3\u017cni\u0107 i to, co b\u0119dzie najlepsze dla jednej osoby, mo\u017ce nie by\u0107 idealnym wyborem dla innej.<\/p>\n<p>Sildenafil jest cz\u0119sto lekiem pierwszego rzutu ze wzgl\u0119du na dobrze udokumentowany profil bezpiecze\u0144stwa i skuteczno\u015b\u0107. Tadalafil ze swoim d\u0142u\u017cszym okresem p\u00f3\u0142trwania jest preferowany przez tych, kt\u00f3rzy pragn\u0105 opcji mniej ograniczonej czasowo. Wardenafil charakteryzuje si\u0119 szybkim dzia\u0142aniem i czasami jest wybierany przez osoby, kt\u00f3re potrzebuj\u0105 szybszych rezultat\u00f3w. Ostatecznie przy wyborze mi\u0119dzy tymi lekami nale\u017cy kierowa\u0107 si\u0119 osobistymi preferencjami, potrzebami zwi\u0105zanymi ze stylem \u017cycia i porad\u0105 lekarsk\u0105.<\/p>\n<h2>Typowe zastosowania i zalety inhibitor\u00f3w PDE5<\/h2>\n<p>Poza leczeniem zaburze\u0144 erekcji, inhibitory PDE5 s\u0105 stosowane w leczeniu innych schorze\u0144. Na przyk\u0142ad tadalafil jest zatwierdzony do leczenia \u0142agodnego rozrostu prostaty (BPH), stanu charakteryzuj\u0105cego si\u0119 powi\u0119kszeniem prostaty. Ponadto syldenafil i tadalafil stosuje si\u0119 w leczeniu t\u0119tniczego nadci\u015bnienia p\u0142ucnego, poprawiaj\u0105c wydolno\u015b\u0107 wysi\u0142kow\u0105 i op\u00f3\u017aniaj\u0105c post\u0119p choroby.<\/p>\n<p>Korzy\u015bci ze stosowania inhibitor\u00f3w PDE5 wykraczaj\u0105 poza ich podstawowe zastosowania medyczne. Leki te mog\u0105 przywr\u00f3ci\u0107 pewno\u015b\u0107 siebie i poprawi\u0107 relacje intymne, poprawiaj\u0105c w ten spos\u00f3b og\u00f3ln\u0105 jako\u015b\u0107 \u017cycia. Ponadto badania sugeruj\u0105, \u017ce regularne stosowanie inhibitor\u00f3w PDE5 mo\u017ce mie\u0107 korzy\u015bci ze strony uk\u0142adu sercowo-naczyniowego, chocia\u017c ustalenia te wymagaj\u0105 dalszych bada\u0144.<\/p>\n<h2>Potencjalne skutki uboczne inhibitor\u00f3w PDE5<\/h2>\n<p>Chocia\u017c inhibitory PDE5 s\u0105 na og\u00f3\u0142 dobrze tolerowane, mog\u0105 powodowa\u0107 dzia\u0142ania niepo\u017c\u0105dane, z kt\u00f3rych niekt\u00f3re mog\u0105 by\u0107 powa\u017cne. Cz\u0119ste dzia\u0142ania niepo\u017c\u0105dane obejmuj\u0105 b\u00f3le g\u0142owy, uderzenia gor\u0105ca, przekrwienie nosa i niestrawno\u015b\u0107. S\u0105 one zwykle \u0142agodne i przemijaj\u0105ce i ust\u0119puj\u0105 bez konieczno\u015bci interwencji medycznej.<\/p>\n<p>Powa\u017cniejsze dzia\u0142ania niepo\u017c\u0105dane, cho\u0107 <a href=\"https:\/\/bezpieczna-apteka.com\/\">https:\/\/bezpieczna-apteka.com\/<\/a> rzadkie, mog\u0105 obejmowa\u0107 nag\u0142\u0105 utrat\u0119 wzroku, utrat\u0119 s\u0142uchu i priapizm, czyli przed\u0142u\u017con\u0105 i bolesn\u0105 erekcj\u0119 wymagaj\u0105c\u0105 natychmiastowej pomocy lekarskiej. Ze wzgl\u0119du na te potencjalne ryzyko wa\u017cne jest, aby u\u017cytkownicy byli \u015bwiadomi w\u0142asnego stanu zdrowia i skonsultowali si\u0119 z pracownikami s\u0142u\u017cby zdrowia przed rozpocz\u0119ciem leczenia inhibitorami PDE5.<\/p>\n<h2>Przewodnik krok po kroku dotycz\u0105cy zamawiania inhibitor\u00f3w PDE5 przez Internet<\/h2>\n<p>Zamawianie inhibitor\u00f3w PDE5 przez Internet zapewnia wygod\u0119 i prywatno\u015b\u0107, co czyni je atrakcyjn\u0105 opcj\u0105 dla wielu os\u00f3b. Pierwszym krokiem jest upewnienie si\u0119, \u017ce kupujesz w renomowanej i licencjonowanej aptece internetowej. Poszukaj aptek, kt\u00f3re wymagaj\u0105 recepty i maj\u0105 zweryfikowane opinie klient\u00f3w.<\/p>\n<p>Po wybraniu godnego zaufania us\u0142ugodawcy zazwyczaj b\u0119dziesz musia\u0142 wype\u0142ni\u0107 kwestionariusz medyczny lub przedstawi\u0107 recept\u0119 od podmiotu \u015bwiadcz\u0105cego opiek\u0119 zdrowotn\u0105. Pomaga to upewni\u0107 si\u0119, \u017ce lek jest odpowiedni dla Twojego stanu zdrowia. Po przetworzeniu zam\u00f3wienia otrzymasz potwierdzenie i szacunkowy czas dostawy.<\/p>\n<h2>Wzgl\u0119dy prawne i wymagania dotycz\u0105ce recepty<\/h2>\n<p>W wi\u0119kszo\u015bci jurysdykcji inhibitory PDE5 wymagaj\u0105 recepty ze wzgl\u0119du na potrzeb\u0119 profesjonalnego nadzoru nad ich stosowaniem. Dzi\u0119ki temu mo\u017cna mie\u0107 pewno\u015b\u0107, \u017ce pacjent przyjmuje lek bezpiecznie i skutecznie, bior\u0105c pod uwag\u0119 potencjalne przeciwwskazania i interakcje z innymi lekami.<\/p>\n<p>Zamawiaj\u0105c te leki przez Internet, nale\u017cy pami\u0119ta\u0107 o lokalnych przepisach, poniewa\u017c przepisy mog\u0105 si\u0119 znacznie r\u00f3\u017cni\u0107 w zale\u017cno\u015bci od kraju. Zakupy z nielicencjonowanego \u017ar\u00f3d\u0142a nie tylko stwarzaj\u0105 ryzyko prawne, ale tak\u017ce zwi\u0119kszaj\u0105 ryzyko otrzymania podrobionych lub niebezpiecznych produkt\u00f3w.<\/p>\n<h2>Opcje dostawy i harmonogramy dla inhibitor\u00f3w PDE5<\/h2>\n<p>Opcje dostawy inhibitor\u00f3w PDE5 mog\u0105 si\u0119 r\u00f3\u017cni\u0107 w zale\u017cno\u015bci od apteki i lokalizacji. Standardowa dostawa trwa zazwyczaj kilka dni, ale dla os\u00f3b, kt\u00f3re potrzebuj\u0105 leku pilniej, cz\u0119sto dost\u0119pne s\u0105 opcje ekspresowe. Niekt\u00f3re us\u0142ugi mog\u0105 oferowa\u0107 dostaw\u0119 tego samego dnia na obszarach miejskich, co zwi\u0119ksza wygod\u0119.<\/p>\n<p>Aby unikn\u0105\u0107 potencjalnych op\u00f3\u017anie\u0144, zaleca si\u0119 zamawianie z du\u017cym wyprzedzeniem, szczeg\u00f3lnie w godzinach szczytu, takich jak \u015bwi\u0119ta. \u015aledzenie zam\u00f3wienia mo\u017ce r\u00f3wnie\u017c zapewni\u0107 spok\u00f3j ducha i pom\u00f3c w odpowiednim zaplanowaniu jego dostawy.<\/p>\n<h2>Wskaz\u00f3wki dotycz\u0105ce bezpiecze\u0144stwa stosowania inhibitor\u00f3w PDE5<\/h2>\n<p>Aby bezpiecznie stosowa\u0107 inhibitory PDE5, post\u0119puj zgodnie z zalecanymi instrukcjami dotycz\u0105cymi dawkowania i czasu. Nale\u017cy unika\u0107 przyjmowania wi\u0119cej ni\u017c jednej dawki w ci\u0105gu 24 godzin, chyba \u017ce zaleci to pracownik s\u0142u\u017cby zdrowia. \u0141\u0105czenie tych lek\u00f3w z azotanami lub niekt\u00f3rymi lekami na ci\u015bnienie krwi mo\u017ce prowadzi\u0107 do niebezpiecznych spadk\u00f3w ci\u015bnienia krwi.<\/p>\n<p>Dodatkowo nale\u017cy pami\u0119ta\u0107 o potencjalnych interakcjach z alkoholem, kt\u00f3re mog\u0105 zaostrzy\u0107 skutki uboczne. Wa\u017cne jest r\u00f3wnie\u017c, aby poinformowa\u0107 lekarza o wszystkich przyjmowanych lekach i suplementach, aby unikn\u0105\u0107 niepo\u017c\u0105danych interakcji.<\/p>\n<h2>Jak przechowywa\u0107 i obchodzi\u0107 si\u0119 z inhibitorami PDE5<\/h2>\n<p>W\u0142a\u015bciwe przechowywanie inhibitor\u00f3w PDE5 zapewnia ich skuteczno\u015b\u0107 i bezpiecze\u0144stwo. Leki te nale\u017cy przechowywa\u0107 w oryginalnym opakowaniu, z dala od wilgoci i bezpo\u015bredniego \u015bwiat\u0142a s\u0142onecznego oraz w temperaturze pokojowej. Zawsze przechowuj je poza zasi\u0119giem dzieci i zwierz\u0105t.<\/p>\n<p>Je\u017celi zauwa\u017cysz jakiekolwiek zmiany w wygl\u0105dzie tabletek, takie jak przebarwienie lub kruszenie si\u0119, przed u\u017cyciem skonsultuj si\u0119 z farmaceut\u0105. Aby zapobiec przypadkowemu po\u0142kni\u0119ciu, przeterminowany lek nale\u017cy usun\u0105\u0107 zgodnie z lokalnymi wytycznymi.<\/p>\n<h2>Zrozumienie dawkowania i podawania<\/h2>\n<p>Dawkowanie inhibitor\u00f3w PDE5 r\u00f3\u017cni si\u0119 w zale\u017cno\u015bci od konkretnego leku i leczonego stanu. W przypadku zaburze\u0144 erekcji syldenafil cz\u0119sto rozpoczyna si\u0119 od dawki 50 mg, tadalafil od 10 mg, a wardenafil od 10 mg. Koniecznie post\u0119puj zgodnie z instrukcjami lekarza, poniewa\u017c mo\u017ce on dostosowa\u0107 dawkowanie w oparciu o Twoj\u0105 reakcj\u0119 i ewentualne skutki uboczne.<\/p>\n<p>Podawanie zazwyczaj polega na popijaniu tabletki wod\u0105 na oko\u0142o 30 do 60 minut przed aktywno\u015bci\u0105 seksualn\u0105. Tadalafil mo\u017cna przyjmowa\u0107 raz dziennie, co zapewnia wi\u0119ksz\u0105 elastyczno\u015b\u0107. Aby zmaksymalizowa\u0107 skuteczno\u015b\u0107 i zminimalizowa\u0107 ryzyko, nale\u017cy zawsze przestrzega\u0107 przepisanych instrukcji.<\/p>\n<h2>Interakcje z innymi lekami<\/h2>\n<p>Inhibitory PDE5 mog\u0105 wchodzi\u0107 w interakcje z wieloma innymi lekami, co mo\u017ce prowadzi\u0107 do potencjalnie szkodliwych skutk\u00f3w. Warto zauwa\u017cy\u0107, \u017ce nie nale\u017cy ich stosowa\u0107 z lekami zawieraj\u0105cymi azotany, poniewa\u017c takie po\u0142\u0105czenie mo\u017ce powodowa\u0107 znaczny spadek ci\u015bnienia krwi. Mog\u0105 wyst\u0105pi\u0107 inne interakcje z alfa-blokerami stosowanymi w leczeniu wysokiego ci\u015bnienia krwi lub chor\u00f3b prostaty, kt\u00f3re mog\u0105 r\u00f3wnie\u017c prowadzi\u0107 do niedoci\u015bnienia.<\/p>\n<p>Wa\u017cne jest, aby dostarczy\u0107 lekarzowi pe\u0142n\u0105 list\u0119 wszystkich lek\u00f3w, w tym lek\u00f3w dost\u0119pnych bez recepty i suplement\u00f3w zio\u0142owych, aby zapobiec niepo\u017c\u0105danym interakcjom. Regularne przegl\u0105dy lekarskie mog\u0105 pom\u00f3c w skutecznym zarz\u0105dzaniu tym ryzykiem.<\/p>\n<h2>Alternatywy dla inhibitor\u00f3w PDE5<\/h2>\n<p>Dla tych, kt\u00f3rzy nie mog\u0105 przyjmowa\u0107 inhibitor\u00f3w PDE5 lub uwa\u017caj\u0105 je za nieskuteczne, dost\u0119pnych jest kilka alternatyw. Nale\u017c\u0105 do nich zmiany stylu \u017cycia, takie jak \u0107wiczenia i modyfikacje diety, kt\u00f3re mog\u0105 poprawi\u0107 erekcj\u0119. Pomoc psychologiczna mo\u017ce by\u0107 r\u00f3wnie\u017c korzystna, zw\u0142aszcza gdy zaburzenia erekcji maj\u0105 pod\u0142o\u017ce psychologiczne.<\/p>\n<p>Inne metody leczenia obejmuj\u0105 urz\u0105dzenia do erekcji pr\u00f3\u017cniowej, zastrzyki pr\u0105cia i opcje chirurgiczne, takie jak implanty pr\u0105cia. Ka\u017cda alternatywa ma swoje zalety i ograniczenia, a lekarz mo\u017ce pom\u00f3c w okre\u015bleniu najodpowiedniejszej opcji w oparciu o indywidualne okoliczno\u015bci.<\/p>\n<h2>Cz\u0119sto zadawane pytania dotycz\u0105ce inhibitor\u00f3w PDE5<\/h2>\n<p>Inhibitory PDE5 zmieni\u0142y spos\u00f3b leczenia zaburze\u0144 erekcji, ale rodz\u0105 te\u017c pytania. Cz\u0119ste zapytania obejmuj\u0105 obawy dotycz\u0105ce d\u0142ugotrwa\u0142ego stosowania, skuteczno\u015bci i potencjalnych zagro\u017ce\u0144 dla zdrowia. Og\u00f3lnie rzecz bior\u0105c, leki te s\u0105 uwa\u017cane za bezpieczne do d\u0142ugotrwa\u0142ego stosowania pod nadzorem lekarza, pod warunkiem, \u017ce u\u017cytkownicy przestrzegaj\u0105 przepisanych dawek i s\u0105 regularnie monitorowani pod k\u0105tem skutk\u00f3w ubocznych.<\/p>\n<p>Kolejne cz\u0119ste pytanie dotyczy zgodno\u015bci stylu \u017cycia. Wielu u\u017cytkownik\u00f3w zastanawia si\u0119, czy podczas stosowania tych lek\u00f3w mog\u0105 nadal spo\u017cywa\u0107 alkohol lub wykonywa\u0107 okre\u015blone czynno\u015bci. Chocia\u017c umiarkowane spo\u017cycie alkoholu jest zazwyczaj bezpieczne, nadmierne picie mo\u017ce zmniejszy\u0107 skuteczno\u015b\u0107 i zwi\u0119kszy\u0107 skutki uboczne.<\/p>\n<h2>Wniosek: maksymalizacja korzy\u015bci i minimalizacja ryzyka<\/h2>\n<p>Inhibitory PDE5, takie jak sildenafil, tadalafil i wardenafil, oferuj\u0105 znaczne korzy\u015bci osobom cierpi\u0105cym na zaburzenia erekcji i powi\u0105zane schorzenia. Rozumiej\u0105c ich mechanizm, w\u0142a\u015bciwe u\u017cycie i potencjalne ryzyko, jednostki mog\u0105 podejmowa\u0107 \u015bwiadome decyzje, kt\u00f3re poprawiaj\u0105 ich zdrowie i styl \u017cycia.<\/p>\n<p>Zapewnienie bezpiecznego stosowania obejmuje przestrzeganie porad lekarskich, \u015bwiadomo\u015b\u0107 wymog\u00f3w prawnych i wybieranie renomowanych \u017ar\u00f3de\u0142 lek\u00f3w. W ten spos\u00f3b u\u017cytkownicy mog\u0105 czerpa\u0107 korzy\u015bci ze stosowania tych lek\u00f3w, minimalizuj\u0105c jednocze\u015bnie zwi\u0105zane z nimi ryzyko, co prowadzi do poprawy jako\u015bci \u017cycia i dobrego samopoczucia osobistego.<\/p>\n","protected":false},"excerpt":{"rendered":"<p>Inhibitory PDE5 wyja\u015bni\u0142y: jak dzia\u0142aj\u0105 sildenafil, tadalafil i wardenafil: zamawianie i dostawa krok po kroku W tym artykule om\u00f3wiono dzia\u0142anie, zastosowania i nabywanie inhibitor\u00f3w PDE5, takich jak sildenafil, tadalafil i wardenafil, dostarczaj\u0105c jednocze\u015bnie informacji na temat bezpiecznego stosowania i opcji podawania. Wprowadzenie do inhibitor\u00f3w PDE5 Inhibitory PDE5 to klasa lek\u00f3w stosowanych g\u0142\u00f3wnie w leczeniu zaburze\u0144 [&hellip;]<\/p>\n","protected":false},"author":1,"featured_media":0,"parent":0,"menu_order":0,"comment_status":"closed","ping_status":"closed","template":"","meta":{"footnotes":""},"class_list":["post-26386","page","type-page","status-publish","hentry"],"_links":{"self":[{"href":"https:\/\/mydainikkhabar.com\/index.php?rest_route=\/wp\/v2\/pages\/26386","targetHints":{"allow":["GET"]}}],"collection":[{"href":"https:\/\/mydainikkhabar.com\/index.php?rest_route=\/wp\/v2\/pages"}],"about":[{"href":"https:\/\/mydainikkhabar.com\/index.php?rest_route=\/wp\/v2\/types\/page"}],"author":[{"embeddable":true,"href":"https:\/\/mydainikkhabar.com\/index.php?rest_route=\/wp\/v2\/users\/1"}],"replies":[{"embeddable":true,"href":"https:\/\/mydainikkhabar.com\/index.php?rest_route=%2Fwp%2Fv2%2Fcomments&post=26386"}],"version-history":[{"count":1,"href":"https:\/\/mydainikkhabar.com\/index.php?rest_route=\/wp\/v2\/pages\/26386\/revisions"}],"predecessor-version":[{"id":26388,"href":"https:\/\/mydainikkhabar.com\/index.php?rest_route=\/wp\/v2\/pages\/26386\/revisions\/26388"}],"wp:attachment":[{"href":"https:\/\/mydainikkhabar.com\/index.php?rest_route=%2Fwp%2Fv2%2Fmedia&parent=26386"}],"curies":[{"name":"wp","href":"https:\/\/api.w.org\/{rel}","templated":true}]}}