{"id":26254,"date":"2026-03-23T16:26:21","date_gmt":"2026-03-23T16:26:21","guid":{"rendered":"https:\/\/mydainikkhabar.com\/?page_id=26254"},"modified":"2026-03-23T16:26:21","modified_gmt":"2026-03-23T16:26:21","slug":"mecanismul-de-actiune-al-kamagra-oral-jelly","status":"publish","type":"page","link":"https:\/\/mydainikkhabar.com\/?page_id=26254","title":{"rendered":"Mecanismul de ac\u021biune al Kamagra Oral Jelly"},"content":{"rendered":"<h1>C\u00e2nd este prescris Kamagra Oral Jelly \u0219i cum func\u021bioneaz\u0103<\/h1>\n<p>Kamagra Oral Jelly, un tratament popular pentru disfunc\u021bia erectil\u0103 (DE), este prescris pentru a ajuta la \u00eembun\u0103t\u0103\u021birea performan\u021bei sexuale prin \u00eembun\u0103t\u0103\u021birea fluxului de s\u00e2nge c\u0103tre penis.<\/p>\n<h2>Prezentare general\u0103 a Kamagra Oral Jelly<\/h2>\n<p>Kamagra Oral Jelly este un medicament conceput pentru a trata disfunc\u021bia erectil\u0103, cunoscut sub numele de ED. Spre deosebire de tabletele tradi\u021bionale, acest medicament vine sub form\u0103 de jeleu, care poate fi mai gustos \u0219i mai u\u0219or de ingerat pentru mul\u021bi pacien\u021bi. Este fabricat de Ajanta Pharma, o companie farmaceutic\u0103 indian\u0103 cunoscut\u0103 pentru producerea unei variet\u0103\u021bi de medicamente generice.<\/p>\n<p>Disponibil \u00eentr-o gam\u0103 larg\u0103 de arome, Kamagra Oral Jelly este adesea preferat de cei c\u0103rora le este greu s\u0103 \u00eenghit\u0103 tabletele. Este de obicei consumat pe cale oral\u0103 \u0219i este cunoscut pentru debutul s\u0103u rapid de ac\u021biune, ceea ce \u00eel face o op\u021biune convenabil\u0103 pentru multe persoane care caut\u0103 o ameliorare rapid\u0103 a simptomelor ED.<\/p>\n<h2>Afec\u021biuni obi\u0219nuite tratate cu Kamagra Oral Jelly<\/h2>\n<p>Condi\u021bia principal\u0103 tratat\u0103 cu Kamagra Oral Jelly este disfunc\u021bia erectil\u0103, o problem\u0103 comun\u0103 care afecteaz\u0103 mul\u021bi b\u0103rba\u021bi din \u00eentreaga lume. ED poate proveni dintr-o varietate de cauze, inclusiv factori psihologici, cum ar fi stresul sau anxietatea, precum \u0219i condi\u021biile fizice precum diabetul sau bolile cardiovasculare.<\/p>\n<p>Kamagra Oral Jelly poate fi, de asemenea, utilizat \u00een afara etichetei pentru alte afec\u021biuni determinate de un furnizor de asisten\u021b\u0103 medical\u0103. Cu toate acestea, eficacitatea \u0219i siguran\u021ba sa pentru astfel de utiliz\u0103ri sunt mai pu\u021bin bine documentate \u0219i este prescris \u00een primul r\u00e2nd pentru utilizarea inten\u021bionat\u0103 a \u00eembun\u0103t\u0103\u021birii func\u021biei erectile.<\/p>\n<h2>Mecanismul de ac\u021biune al Kamagra Oral Jelly<\/h2>\n<p>Kamagra Oral Jelly ac\u021bioneaz\u0103 prin inhibarea unei enzime cunoscut\u0103 sub numele de fosfodiesteraza de tip 5 (PDE5). Aceast\u0103 enzim\u0103 joac\u0103 un rol crucial \u00een reglarea fluxului sanguin \u00een penis. Prin inhibarea PDE5, Kamagra Oral Jelly faciliteaz\u0103 relaxarea vaselor de s\u00e2nge, cresc\u00e2nd astfel fluxul de s\u00e2nge c\u0103tre penis \u00een timpul stimul\u0103rii sexuale.<\/p>\n<p>Acest flux sanguin sporit are ca rezultat o erec\u021bie suficient\u0103 pentru activitatea sexual\u0103. Este important de men\u021bionat c\u0103 Kamagra Oral Jelly nu provoac\u0103 o erec\u021bie f\u0103r\u0103 excitare sexual\u0103; doar ajut\u0103 la r\u0103spunsul natural erectil.<\/p>\n<h2>Ingrediente active din Kamagra Oral Jelly<\/h2>\n<p>Ingredientul activ din Kamagra Oral Jelly este citratul de sildenafil, care apar\u021bine unei clase de medicamente numite inhibitori ai fosfodiesterazei de tip 5. Sildenafilul este acela\u0219i ingredient activ care se g\u0103se\u0219te \u00een Viagra, care este probabil cel mai cunoscut medicament pentru ED la nivel global.<\/p>\n<p>Pe l\u00e2ng\u0103 citratul de sildenafil, Kamagra Oral Jelly con\u021bine ingrediente inactive care contribuie la forma \u0219i aroma sa de jeleu. Aceste ingrediente variaz\u0103 \u00een func\u021bie de aroma aleas\u0103, dar includ \u00een general \u00eendulcitori, arome \u0219i conservan\u021bi pentru a-\u0219i men\u021bine consisten\u021ba \u0219i gustul.<\/p>\n<h2>Debutul \u0219i durata efectelor Kamagra Oral Jelly<\/h2>\n<p>Unul dintre avantajele principale ale Kamagra Oral Jelly este debutul rapid de ac\u021biune. \u00cen mod obi\u0219nuit, \u00eencepe s\u0103 func\u021bioneze \u00een 15 p\u00e2n\u0103 la 30 de minute de la ingestie, oferind o alternativ\u0103 mai rapid\u0103 la tabletele tradi\u021bionale ED. Acest lucru \u00eel face o op\u021biune atractiv\u0103 pentru cei care caut\u0103 spontaneitate \u00een activit\u0103\u021bile lor sexuale.<\/p>\n<p>Efectele Kamagra Oral Jelly pot dura <a href=\"https:\/\/farmacie-online-24.com\/cumpara-kamagra-gel-oral-fara-reteta\">https:\/\/farmacie-online-24.com\/cumpara-kamagra-gel-oral-fara-reteta<\/a> aproximativ patru p\u00e2n\u0103 la \u0219ase ore, de\u0219i acest lucru poate varia \u00een func\u021bie de factori individuali, cum ar fi metabolismul, v\u00e2rsta \u0219i starea general\u0103 de s\u0103n\u0103tate. Se recomand\u0103 s\u0103 lua\u021bi jeleul doar o dat\u0103 pe zi pentru a evita poten\u021bialele efecte adverse cauzate de consumul excesiv.<\/p>\n<h2>Ghid de dozare pentru Kamagra Oral Jelly<\/h2>\n<p>Doza recomandat\u0103 pentru Kamagra Oral Jelly este de obicei un plic, care con\u021bine 100 mg citrat de sildenafil. Cu toate acestea, furnizorii de servicii medicale pot ajusta doza \u00een func\u021bie de nevoile individuale \u0219i istoricul medical. Pentru unii, o doz\u0103 mai mic\u0103 poate fi suficient\u0103, \u00een timp ce al\u021bii ar putea necesita 100 mg.<\/p>\n<p>Este esen\u021bial s\u0103 respecta\u021bi doza prescris\u0103 \u0219i s\u0103 nu dep\u0103\u0219i\u021bi un plic pe zi. Supradozajul poate cre\u0219te riscul de efecte secundare \u0219i nu spore\u0219te eficacitatea medicamentului. Pacien\u021bii sunt sf\u0103tui\u021bi s\u0103 ia medicamentul pe stomacul gol sau dup\u0103 o mas\u0103 u\u0219oar\u0103 pentru a asigura o absorb\u021bie optim\u0103.<\/p>\n<h2>Efecte secundare poten\u021biale ale Kamagra Oral Jelly<\/h2>\n<p>La fel ca toate medicamentele, Kamagra Oral Jelly poate provoca reac\u021bii adverse, de\u0219i nu toat\u0103 lumea le experimenteaz\u0103. Reac\u021biile adverse frecvente includ dureri de cap, \u00eenro\u0219ire, indigestie, congestie nazal\u0103 \u0219i ame\u021beli. Acestea sunt \u00een general u\u0219oare \u0219i tind s\u0103 scad\u0103 pe m\u0103sur\u0103 ce organismul se adapteaz\u0103 la medicamente.<\/p>\n<p>Reac\u021biile adverse mai grave sunt rare, dar pot ap\u0103rea. Acestea includ pierderea brusc\u0103 a vederii, modific\u0103ri ale auzului sau o erec\u021bie care dureaz\u0103 mai mult de patru ore, cunoscut\u0103 sub numele de priapism. Dac\u0103 apar reac\u021bii adverse severe, este esen\u021bial s\u0103 solicita\u021bi imediat asisten\u021b\u0103 medical\u0103.<\/p>\n<h2>Contraindica\u021bii pentru utilizarea Kamagra Oral Jelly<\/h2>\n<p>Kamagra Oral Jelly este contraindicat persoanelor care iau nitra\u021bi pentru dureri \u00een piept sau probleme cardiace, deoarece combina\u021bia poate duce la o sc\u0103dere periculoas\u0103 a tensiunii arteriale. De asemenea, nu este recomandat persoanelor cu insuficien\u021b\u0103 hepatic\u0103 sau renal\u0103 sever\u0103, antecedente recente de accident vascular cerebral sau atac de cord sau celor cu tensiune arterial\u0103 sc\u0103zut\u0103.<\/p>\n<p>Pacien\u021bii cu anumite afec\u021biuni ale ochilor, cum ar fi retinita pigmentar\u0103, ar trebui s\u0103 evite acest medicament. Este vital s\u0103 discuta\u021bi cu un furnizor de asisten\u021b\u0103 medical\u0103 toate istoria medical\u0103 \u0219i medicamentele curente \u00eenainte de a \u00eencepe Kamagra Oral Jelly.<\/p>\n<h2>Kamagra Oral Jelly versus alte tratamente ED<\/h2>\n<p>Kamagra Oral Jelly iese \u00een eviden\u021b\u0103 fa\u021b\u0103 de alte tratamente ED datorit\u0103 formei sale unice de jeleu, care ofer\u0103 o absorb\u021bie \u0219i un \u00eenceput de ac\u021biune mai rapid. Acest lucru poate fi deosebit de atr\u0103g\u0103tor pentru cei care caut\u0103 imediat \u00een tratamentul lor. Cu toate acestea, alte medicamente ED, cum ar fi Viagra sau Cialis, ofer\u0103 diferite beneficii, cum ar fi o durat\u0103 mai lung\u0103 de ac\u021biune sau o inciden\u021b\u0103 mai mic\u0103 a efectelor secundare.<\/p>\n<p>Alegerea dintre Kamagra Oral Jelly \u0219i alte tratamente depinde adesea de preferin\u021bele individuale, istoricul medical \u0219i modul \u00een care organismul r\u0103spunde la medicamente. Consultarea unui furnizor de servicii medicale poate ajuta la determinarea celei mai potrivite op\u021biuni pentru fiecare individ.<\/p>\n<h2>Cum s\u0103 p\u0103stra\u021bi corect Kamagra Oral Jelly<\/h2>\n<p>Depozitarea adecvat\u0103 a Kamagra Oral Jelly este esen\u021bial\u0103 pentru a-\u0219i men\u021bine eficacitatea \u0219i siguran\u021ba. Trebuie p\u0103strat \u00eentr-un loc r\u0103coros, uscat, ferit de lumina direct\u0103 a soarelui. Temperatura ideal\u0103 de depozitare este \u00eentre 15\u00b0C \u0219i 30\u00b0C.<\/p>\n<p>Ca \u0219i \u00een cazul tuturor medicamentelor, Kamagra Oral Jelly trebuie \u021binut la \u00eendem\u00e2na copiilor \u0219i a animalelor de companie. De asemenea, este important s\u0103 verifica\u021bi data de expirare \u00eenainte de utilizare \u0219i s\u0103 arunca\u021bi \u00een mod corespunz\u0103tor orice plicule\u021be expirate.<\/p>\n<h2>Interac\u021biunile Kamagra Oral Jelly cu alte medicamente<\/h2>\n<p>Kamagra Oral Jelly poate interac\u021biona cu anumite medicamente, modific\u00e2ndu-i poten\u021bial eficacitatea sau cresc\u00e2nd riscul de efecte adverse. Interac\u021biunile medicamentoase obi\u0219nuite includ cele cu nitra\u021bi, alfa-blocante \u0219i alte medicamente utilizate pentru a trata hipertensiunea arterial\u0103 sau afec\u021biunile cardiace.<\/p>\n<p>\u00cen plus, interac\u021biunile cu anumite antibiotice, antifungice \u0219i inhibitori de proteaz\u0103 HIV pot cre\u0219te nivelurile de sildenafil din s\u00e2nge, ceea ce duce la efecte sporite \u0219i efecte secundare. Este esen\u021bial s\u0103 informa\u021bi furnizorii de asisten\u021b\u0103 medical\u0103 cu privire la toate medicamentele \u0219i suplimentele luate \u00eenainte de a \u00eencepe Kamagra Oral Jelly.<\/p>\n<h2>Experien\u021bele \u0219i recenziile pacien\u021bilor despre Kamagra Oral Jelly<\/h2>\n<p>Experien\u021bele pacien\u021bilor cu Kamagra Oral Jelly variaz\u0103, mul\u021bi raport\u00e2nd rezultate pozitive \u00een ceea ce prive\u0219te \u00eembun\u0103t\u0103\u021birea func\u021biei erectile \u0219i satisfac\u021bia \u00een timpul activit\u0103\u021bii sexuale. U\u0219urin\u021ba de utilizare \u0219i debutul rapid sunt l\u0103udate \u00een mod obi\u0219nuit, \u00een special printre cei care prefer\u0103 s\u0103 nu \u00eenghit\u0103 tablete.<\/p>\n<p>Cu toate acestea, unii utilizatori raporteaz\u0103 c\u0103 au reac\u021bii adverse u\u0219oare, cum ar fi dureri de cap sau ame\u021beli. \u00cen general, recenziile pacien\u021bilor sugereaz\u0103 c\u0103 Kamagra Oral Jelly poate fi un tratament eficient pentru ED, cu beneficii dep\u0103\u0219ind dezavantajele pentru multe persoane.<\/p>\n<h2>Statutul legal \u0219i de reglementare al Kamagra Oral Jelly \u00een Marea Britanie<\/h2>\n<p>\u00cen Marea Britanie, Kamagra Oral Jelly nu este licen\u021biat pentru v\u00e2nzare \u0219i nu este disponibil prin Serviciul Na\u021bional de S\u0103n\u0103tate (NHS). Este clasificat ca un medicament f\u0103r\u0103 licen\u021b\u0103, ceea ce \u00eenseamn\u0103 c\u0103 nu a trecut prin procesul riguros de aprobare necesar pentru medicamentele licen\u021biate.<\/p>\n<p>\u00cen ciuda acestui fapt, Kamagra Oral Jelly poate fi achizi\u021bionat online, de\u0219i cump\u0103r\u0103torii ar trebui s\u0103 fie precau\u021bi \u0219i s\u0103 se asigure c\u0103 cump\u0103r\u0103 dintr-o surs\u0103 de renume. Statutul juridic al Kamagra subliniaz\u0103 importan\u021ba consult\u0103rii cu un profesionist din domeniul s\u0103n\u0103t\u0103\u021bii \u00eenainte de a-l folosi.<\/p>\n<h2>Alternative la Kamagra Oral Jelly pentru disfunc\u021bia erectil\u0103<\/h2>\n<p>Exist\u0103 mai multe alternative la Kamagra Oral Jelly pentru tratarea disfunc\u021biei erectile, inclusiv medicamente binecunoscute precum Viagra, Cialis \u0219i Levitra. Aceste medicamente apar\u021bin, de asemenea, clasei de inhibitori PDE5 \u0219i au mecanisme de ac\u021biune similare.<\/p>\n<p>Op\u021biunile non-farmacologice, cum ar fi schimb\u0103rile stilului de via\u021b\u0103, terapia \u0219i dispozitivele de erec\u021bie cu vid, pot fi, de asemenea, eficiente pentru unele persoane. Cea mai bun\u0103 op\u021biune de tratament depinde de cauza subiacent\u0103 a DE \u0219i de preferin\u021bele individuale, a\u0219a c\u0103 se recomand\u0103 o evaluare cuprinz\u0103toare de c\u0103tre un furnizor de asisten\u021b\u0103 medical\u0103.<\/p>\n<h2>Consultare \u0219i proces de prescrip\u021bie pentru Kamagra Oral Jelly<\/h2>\n<p>De\u0219i Kamagra Oral Jelly nu este autorizat \u00een Marea Britanie, este esen\u021bial s\u0103 v\u0103 consulta\u021bi cu un furnizor de asisten\u021b\u0103 medical\u0103 \u00eenainte de utilizare. O evaluare am\u0103nun\u021bit\u0103 poate determina dac\u0103 este adecvat\u0103 pe baza istoricului medical \u0219i a st\u0103rilor actuale. Aceast\u0103 consulta\u021bie poate ajuta la identificarea oric\u0103ror poten\u021biale contraindica\u021bii sau interac\u021biuni cu alte medicamente.<\/p>\n<p>Dac\u0103 un furnizor de asisten\u021b\u0103 medical\u0103 stabile\u0219te c\u0103 Kamagra Oral Jelly este potrivit, acesta poate oferi \u00eendrum\u0103ri despre cum s\u0103-l ob\u021bine\u021bi \u00een siguran\u021b\u0103 \u0219i \u00een mod responsabil. Acest proces asigur\u0103 utilizarea corect\u0103 a medicamentului, maximiz\u00e2nd beneficiile \u0219i minimiz\u00e2nd riscurile.<\/p>\n","protected":false},"excerpt":{"rendered":"<p>C\u00e2nd este prescris Kamagra Oral Jelly \u0219i cum func\u021bioneaz\u0103 Kamagra Oral Jelly, un tratament popular pentru disfunc\u021bia erectil\u0103 (DE), este prescris pentru a ajuta la \u00eembun\u0103t\u0103\u021birea performan\u021bei sexuale prin \u00eembun\u0103t\u0103\u021birea fluxului de s\u00e2nge c\u0103tre penis. Prezentare general\u0103 a Kamagra Oral Jelly Kamagra Oral Jelly este un medicament conceput pentru a trata disfunc\u021bia erectil\u0103, cunoscut sub [&hellip;]<\/p>\n","protected":false},"author":1,"featured_media":0,"parent":0,"menu_order":0,"comment_status":"closed","ping_status":"closed","template":"","meta":{"footnotes":""},"class_list":["post-26254","page","type-page","status-publish","hentry"],"_links":{"self":[{"href":"https:\/\/mydainikkhabar.com\/index.php?rest_route=\/wp\/v2\/pages\/26254","targetHints":{"allow":["GET"]}}],"collection":[{"href":"https:\/\/mydainikkhabar.com\/index.php?rest_route=\/wp\/v2\/pages"}],"about":[{"href":"https:\/\/mydainikkhabar.com\/index.php?rest_route=\/wp\/v2\/types\/page"}],"author":[{"embeddable":true,"href":"https:\/\/mydainikkhabar.com\/index.php?rest_route=\/wp\/v2\/users\/1"}],"replies":[{"embeddable":true,"href":"https:\/\/mydainikkhabar.com\/index.php?rest_route=%2Fwp%2Fv2%2Fcomments&post=26254"}],"version-history":[{"count":1,"href":"https:\/\/mydainikkhabar.com\/index.php?rest_route=\/wp\/v2\/pages\/26254\/revisions"}],"predecessor-version":[{"id":26256,"href":"https:\/\/mydainikkhabar.com\/index.php?rest_route=\/wp\/v2\/pages\/26254\/revisions\/26256"}],"wp:attachment":[{"href":"https:\/\/mydainikkhabar.com\/index.php?rest_route=%2Fwp%2Fv2%2Fmedia&parent=26254"}],"curies":[{"name":"wp","href":"https:\/\/api.w.org\/{rel}","templated":true}]}}