{"id":26141,"date":"2026-03-23T16:04:16","date_gmt":"2026-03-23T16:04:16","guid":{"rendered":"https:\/\/mydainikkhabar.com\/?page_id=26141"},"modified":"2026-03-23T16:04:16","modified_gmt":"2026-03-23T16:04:16","slug":"zpusoby-a-vyhody-aplikace-minoxidilu","status":"publish","type":"page","link":"https:\/\/mydainikkhabar.com\/?page_id=26141","title":{"rendered":"Zp\u016fsoby a v\u00fdhody aplikace minoxidilu"},"content":{"rendered":"<h1>L\u00e9\u010dby proti vypad\u00e1v\u00e1n\u00ed vlas\u016f, kter\u00e9 prod\u00e1v\u00e1me: finasterid, minoxidil rutiny: bezpe\u010dnostn\u00ed kontroln\u00ed seznam p\u0159ed n\u00e1kupem<\/h1>\n<p>Tato p\u0159\u00edru\u010dka, kter\u00e1 zkoum\u00e1 nuance l\u00e9\u010dby finasteridem a minoxidilem, poskytuje komplexn\u00ed bezpe\u010dnostn\u00ed kontroln\u00ed seznam pro potenci\u00e1ln\u00ed kupce.<\/p>\n<h2>Porozum\u011bn\u00ed Finasteridu a Minoxidilu<\/h2>\n<p>Finasterid a minoxidil jsou dva z nej\u010dast\u011bji pou\u017e\u00edvan\u00fdch zp\u016fsob\u016f l\u00e9\u010dby vypad\u00e1v\u00e1n\u00ed vlas\u016f, z nich\u017e ka\u017ed\u00fd funguje prost\u0159ednictv\u00edm jedine\u010dn\u00fdch mechanism\u016f v boji proti tomuto v\u0161udyp\u0159\u00edtomn\u00e9mu probl\u00e9mu. Bylo zji\u0161t\u011bno, \u017ee finasterid, p\u016fvodn\u011b vyvinut\u00fd k l\u00e9\u010db\u011b probl\u00e9m\u016f s prostatou, m\u00e1 vedlej\u0161\u00ed \u00fa\u010dinek op\u011btovn\u00e9ho r\u016fstu chloupk\u016f, a proto je p\u0159em\u011bn\u011bn na l\u00e9\u010dbu mu\u017esk\u00e9 ple\u0161atosti. Minoxidil byl na druh\u00e9 stran\u011b zpo\u010d\u00e1tku pou\u017e\u00edv\u00e1n jako l\u00e9k na hypertenzi, p\u0159i\u010dem\u017e r\u016fst vlas\u016f byl tak\u00e9 zn\u00e1m\u00fdm vedlej\u0161\u00edm \u00fa\u010dinkem. Pochopen\u00ed t\u011bchto p\u016fvod\u016f poskytuje pohled na to, jak byly tyto l\u00e9\u010dby objeveny a na v\u00fdvoj jejich pou\u017eit\u00ed v boji proti vypad\u00e1v\u00e1n\u00ed vlas\u016f.<\/p>\n<p>Zat\u00edmco oba l\u00e9ky jsou schv\u00e1leny zdravotnick\u00fdmi \u00fa\u0159ady, jako je FDA, pro l\u00e9\u010dbu vypad\u00e1v\u00e1n\u00ed vlas\u016f, vyhovuj\u00ed r\u016fzn\u00fdm pot\u0159eb\u00e1m a f\u00e1z\u00edm vypad\u00e1v\u00e1n\u00ed vlas\u016f. Finasterid je typicky p\u0159edepisov\u00e1n mu\u017e\u016fm s androgenn\u00ed alopeci\u00ed, zat\u00edmco minoxidil mohou u\u017e\u00edvat mu\u017ei i \u017eeny. Volba mezi t\u011bmito zp\u016fsoby l\u00e9\u010dby \u010dasto z\u00e1vis\u00ed na individu\u00e1ln\u00edch pot\u0159eb\u00e1ch, anamn\u00e9ze a rad\u00e1ch zdravotn\u00edka, co\u017e podtrhuje d\u016fle\u017eitost l\u00e9\u010debn\u00fdch pl\u00e1n\u016f na m\u00edru.<\/p>\n<h2>Jak Finasterid p\u016fsob\u00ed proti vypad\u00e1v\u00e1n\u00ed vlas\u016f<\/h2>\n<p>Finasterid p\u016fsob\u00ed inhibic\u00ed enzymu 5-alfa-redukt\u00e1zy, kter\u00fd je zodpov\u011bdn\u00fd za p\u0159em\u011bnu testosteronu na dihydrotestosteron (DHT). Je zn\u00e1mo, \u017ee zv\u00fd\u0161en\u00e9 hladiny DHT v poko\u017ece hlavy zmen\u0161uj\u00ed vlasov\u00e9 folikuly, co\u017e vede k \u0159\u00eddnut\u00ed vlas\u016f a p\u0159\u00edpadn\u00e9mu vypad\u00e1v\u00e1n\u00ed vlas\u016f. Sn\u00ed\u017een\u00edm hladin DHT pom\u00e1h\u00e1 finasterid zastavit vypad\u00e1v\u00e1n\u00ed vlas\u016f a v mnoha p\u0159\u00edpadech podporuje op\u011btovn\u00fd r\u016fst vlas\u016f v posti\u017een\u00fdch oblastech.<\/p>\n<p>Klinick\u00e9 studie prok\u00e1zaly, \u017ee finasterid m\u016f\u017ee v\u00fdznamn\u011b sn\u00ed\u017eit vypad\u00e1v\u00e1n\u00ed vlas\u016f a dokonce zvr\u00e1tit proces ple\u0161at\u011bn\u00ed u mnoha mu\u017e\u016f. \u00da\u010dinky jsou obvykle pozorovateln\u00e9 po n\u011bkolika m\u011bs\u00edc\u00edch st\u00e1l\u00e9ho pou\u017e\u00edv\u00e1n\u00ed, p\u0159i\u010dem\u017e zlep\u0161en\u00ed vrchol\u00ed kolem jednoho roku. Je v\u0161ak d\u016fle\u017eit\u00e9 si uv\u011bdomit, \u017ee p\u0159eru\u0161en\u00edm u\u017e\u00edv\u00e1n\u00ed finasteridu se jeho p\u0159\u00ednosy postupn\u011b zm\u011bn\u00ed, proto\u017ee se hladiny DHT vr\u00e1t\u00ed na \u00farove\u0148 p\u0159ed l\u00e9\u010dbou.<\/p>\n<h2>Zp\u016fsoby a v\u00fdhody aplikace minoxidilu<\/h2>\n<p>Minoxidil se aplikuje lok\u00e1ln\u011b p\u0159\u00edmo na poko\u017eku hlavy ve form\u011b p\u011bny nebo tekutiny. U\u017eivatel\u016fm se obecn\u011b doporu\u010duje aplikovat p\u0159\u00edpravek dvakr\u00e1t denn\u011b na posti\u017een\u00e1 m\u00edsta, aby bylo dosa\u017eeno nejlep\u0161\u00edch v\u00fdsledk\u016f. O\u0161et\u0159en\u00ed je navr\u017eeno tak, aby zv\u00fd\u0161ilo pr\u016ftok krve do vlasov\u00fdch folikul\u016f, \u010d\u00edm\u017e se zv\u011bt\u0161ila velikost folikul\u016f a pr\u016fm\u011br vlasov\u00e9ho stvolu, co\u017e vede k siln\u011bj\u0161\u00edm vlas\u016fm.<\/p>\n<p>Jednou z kl\u00ed\u010dov\u00fdch v\u00fdhod minoxidilu je jeho dostupnost, kter\u00e1 je voln\u011b prodejn\u00e1 bez l\u00e9ka\u0159sk\u00e9ho p\u0159edpisu. D\u00edky tomu je p\u0159ita\u017elivou volbou pro ty, kte\u0159\u00ed hledaj\u00ed okam\u017eit\u00e9 \u0159e\u0161en\u00ed \u0159\u00eddnut\u00ed vlas\u016f. Nav\u00edc se minoxidil snadno pou\u017e\u00edv\u00e1 a p\u0159i d\u016fsledn\u00e9 aplikaci mnoho u\u017eivatel\u016f zaznamen\u00e1 viditeln\u00e9 v\u00fdsledky b\u011bhem t\u0159\u00ed a\u017e \u0161esti m\u011bs\u00edc\u016f. Stejn\u011b jako u finasteridu v\u0161ak \u00fa\u010dinky minoxidilu nejsou trval\u00e9 a vy\u017eaduj\u00ed neust\u00e1lou aplikaci pro udr\u017een\u00ed r\u016fstu vlas\u016f.<\/p>\n<h2>Kl\u00ed\u010dov\u00e1 bezpe\u010dnostn\u00ed hlediska pro Finasterid<\/h2>\n<p>I kdy\u017e je finasterid obecn\u011b dob\u0159e sn\u00e1\u0161en, p\u0159ed zah\u00e1jen\u00edm l\u00e9\u010dby je t\u0159eba zv\u00e1\u017eit mo\u017en\u00e9 ne\u017e\u00e1douc\u00ed \u00fa\u010dinky. N\u011bkte\u0159\u00ed u\u017eivatel\u00e9 mohou zaznamenat sexu\u00e1ln\u00ed vedlej\u0161\u00ed \u00fa\u010dinky, jako je sn\u00ed\u017een\u00e9 libido nebo erektiln\u00ed dysfunkce. A\u010dkoli jsou tyto vedlej\u0161\u00ed \u00fa\u010dinky relativn\u011b vz\u00e1cn\u00e9, mohou b\u00fdt pro n\u011bkter\u00e9 u\u017eivatele znepokojiv\u00e9.<\/p>\n<p>Krom\u011b toho se finasterid nedoporu\u010duje u\u017e\u00edvat \u017een\u00e1m, zejm\u00e9na t\u011bm, kter\u00e9 jsou t\u011bhotn\u00e9 nebo mohou ot\u011bhotn\u011bt, kv\u016fli riziku vrozen\u00fdch vad. Je d\u016fle\u017eit\u00e9, aby u\u017eivatel\u00e9 prodiskutovali svou anamn\u00e9zu s poskytovatelem zdravotn\u00ed p\u00e9\u010de, aby posoudili p\u0159\u00edpadn\u00e1 rizika a zajistili, \u017ee l\u00e9\u010dba je vhodn\u00e1 pro jejich stav.<\/p>\n<h2>Minoxidil: Mo\u017en\u00e9 vedlej\u0161\u00ed \u00fa\u010dinky a bezpe\u010dnostn\u00ed opat\u0159en\u00ed<\/h2>\n<p>Minoxidil je obecn\u011b bezpe\u010dn\u00fd, ale u\u017eivatel\u00e9 mohou zaznamenat vedlej\u0161\u00ed \u00fa\u010dinky, jako je podr\u00e1\u017ed\u011bn\u00ed nebo suchost poko\u017eky hlavy. Vz\u00e1cn\u011b se mohou objevit z\u00e1va\u017en\u011bj\u0161\u00ed reakce, jako jsou z\u00e1vrat\u011b nebo bu\u0161en\u00ed srdce, kter\u00e9 vy\u017eaduj\u00ed okam\u017eitou l\u00e9ka\u0159skou pomoc. U\u017eivatel\u00e9 by tak\u00e9 m\u011bli b\u00fdt opatrn\u00ed, aby neaplikovali produkt na poru\u0161enou poko\u017eku, proto\u017ee to m\u016f\u017ee zv\u00fd\u0161it absorpci a potenci\u00e1ln\u00ed vedlej\u0161\u00ed \u00fa\u010dinky.<\/p>\n<p>P\u0159i zah\u00e1jen\u00ed u\u017e\u00edv\u00e1n\u00ed minoxidilu mohou n\u011bkte\u0159\u00ed zaznamenat <a href=\"https:\/\/pecezdravi.cz\/\">P\u00e9\u010de Zdrav\u00ed<\/a> do\u010dasn\u00e9 zv\u00fd\u0161en\u00ed vypad\u00e1v\u00e1n\u00ed vlas\u016f. To je obvykle norm\u00e1ln\u00ed sou\u010d\u00e1st procesu, proto\u017ee slab\u0161\u00ed chloupky se vylu\u010duj\u00ed, aby uvolnily m\u00edsto pro nov\u00fd r\u016fst. Pokud v\u0161ak vylu\u010dov\u00e1n\u00ed pokra\u010duje i po po\u010d\u00e1te\u010dn\u00ed f\u00e1zi nebo pokud ne\u017e\u00e1douc\u00ed \u00fa\u010dinky p\u0159etrv\u00e1vaj\u00ed, doporu\u010duje se konzultovat se zdravotn\u00edkem.<\/p>\n<h2>Porovn\u00e1n\u00ed \u00fa\u010dinnosti finasteridu a minoxidilu<\/h2>\n<p>\u00da\u010dinnost finasteridu a minoxidilu se m\u016f\u017ee li\u0161it v z\u00e1vislosti na individu\u00e1ln\u00edch faktorech, jako je rozsah vypad\u00e1v\u00e1n\u00ed vlas\u016f a d\u00e9lka l\u00e9\u010dby. Finasterid je obecn\u011b \u00fa\u010dinn\u011bj\u0161\u00ed p\u0159i l\u00e9\u010db\u011b vypad\u00e1v\u00e1n\u00ed vlas\u016f zp\u016fsoben\u00e9ho hormon\u00e1ln\u00edmi faktory, zat\u00edmco minoxidil je \u00fa\u010dinn\u00fd u \u0161ir\u0161\u00edho spektra typ\u016f vypad\u00e1v\u00e1n\u00ed vlas\u016f.<\/p>\n<p>Studie prok\u00e1zaly, \u017ee u zna\u010dn\u00e9ho po\u010dtu mu\u017e\u016f doch\u00e1z\u00ed p\u0159i l\u00e9\u010db\u011b finasteridem ke zlep\u0161en\u00ed r\u016fstu vlas\u016f, p\u0159i\u010dem\u017e n\u011bkte\u0159\u00ed dos\u00e1hnou znateln\u00e9ho op\u011btovn\u00e9ho r\u016fstu. Minoxidil je p\u0159itom \u00fa\u010dinn\u00fd jak u mu\u017e\u016f, tak u \u017een, p\u0159i\u010dem\u017e mnoho u\u017eivatel\u016f hl\u00e1s\u00ed v pr\u016fb\u011bhu \u010dasu zv\u00fd\u0161enou hustotu vlas\u016f. Kombinace obou l\u00e9\u010debn\u00fdch postup\u016f m\u016f\u017ee nab\u00eddnout zv\u00fd\u0161en\u00e9 v\u00fdhody, ale toto by m\u011blo b\u00fdt projedn\u00e1no s poskytovatelem zdravotn\u00ed p\u00e9\u010de, aby byl p\u0159izp\u016fsoben nej\u00fa\u010dinn\u011bj\u0161\u00ed pl\u00e1n l\u00e9\u010dby.<\/p>\n<h2>Kdo by se m\u011bl vyhnout Finasteridu a Minoxidilu<\/h2>\n<p>N\u011bkte\u0159\u00ed jedinci by se m\u011bli vyhnout u\u017e\u00edv\u00e1n\u00ed finasteridu, v\u010detn\u011b \u017een, kter\u00e9 jsou nebo mohou ot\u011bhotn\u011bt, kv\u016fli riziku vrozen\u00fdch vad. Mu\u017ei s rakovinou prostaty nebo onemocn\u011bn\u00edm jater v anamn\u00e9ze by tak\u00e9 m\u011bli b\u00fdt opatrn\u00ed a p\u0159ed pou\u017eit\u00edm se poradit se sv\u00fdm l\u00e9ka\u0159em.<\/p>\n<p>Minoxidil by m\u011bli pou\u017e\u00edvat opatrn\u011b jedinci s kardiovaskul\u00e1rn\u00edmi onemocn\u011bn\u00edmi, proto\u017ee m\u016f\u017ee tyto probl\u00e9my potenci\u00e1ln\u011b zhor\u0161it. Ka\u017ed\u00fd, kdo poci\u0165uje p\u0159etrv\u00e1vaj\u00edc\u00ed ne\u017e\u00e1douc\u00ed \u00fa\u010dinky nebo m\u00e1 z\u00e1kladn\u00ed zdravotn\u00ed probl\u00e9my, by m\u011bl p\u0159ed pokra\u010dov\u00e1n\u00edm v l\u00e9\u010db\u011b vyhledat l\u00e9ka\u0159skou pomoc.<\/p>\n<h2>D\u016fle\u017eitost konzultace se zdravotn\u00edkem<\/h2>\n<p>Konzultace se zdravotn\u00edkem p\u0159ed zah\u00e1jen\u00edm l\u00e9\u010dby vypad\u00e1v\u00e1n\u00ed vlas\u016f je z\u00e1sadn\u00ed pro zaji\u0161t\u011bn\u00ed bezpe\u010dnosti a \u00fa\u010dinnosti. L\u00e9ka\u0159 m\u016f\u017ee poskytnout cenn\u00e9 poznatky o nejvhodn\u011bj\u0161\u00ed l\u00e9\u010db\u011b na z\u00e1klad\u011b zdravotn\u00edho profilu jednotlivce a stavu vypad\u00e1v\u00e1n\u00ed vlas\u016f.<\/p>\n<p>Profesion\u00e1ln\u00ed veden\u00ed tak\u00e9 pom\u00e1h\u00e1 p\u0159i sledov\u00e1n\u00ed vedlej\u0161\u00edch \u00fa\u010dink\u016f a podle pot\u0159eby uprav\u00ed pl\u00e1ny l\u00e9\u010dby. Pravideln\u00e9 kontroly zaji\u0161\u0165uj\u00ed, \u017ee l\u00e9\u010dba z\u016fst\u00e1v\u00e1 \u00fa\u010dinn\u00e1 a jak\u00e9koli ne\u017e\u00e1douc\u00ed reakce jsou okam\u017eit\u011b \u0159e\u0161eny, co\u017e vede k lep\u0161\u00edm celkov\u00fdm v\u00fdsledk\u016fm pro u\u017eivatele.<\/p>\n<h2>N\u00e1kup autentick\u00fdch produkt\u016f Finasterid a Minoxidil<\/h2>\n<p>N\u00e1kup autentick\u00fdch produkt\u016f je nezbytn\u00fd pro zaji\u0161t\u011bn\u00ed bezpe\u010dnosti a \u00fa\u010dinnosti l\u00e9\u010dby vypad\u00e1v\u00e1n\u00ed vlas\u016f. Spot\u0159ebitel\u00e9 by m\u011bli nakupovat od renomovan\u00fdch zdroj\u016f, jako jsou licencovan\u00e9 l\u00e9k\u00e1rny nebo ov\u011b\u0159en\u00ed online prodejci, aby se vyhnuli pad\u011blan\u00fdm produkt\u016fm, kter\u00e9 mohou b\u00fdt ne\u00fa\u010dinn\u00e9 nebo \u0161kodliv\u00e9.<\/p>\n<p>Kontrola spr\u00e1vn\u00e9ho ozna\u010den\u00ed a certifikace m\u016f\u017ee pomoci ov\u011b\u0159it pravost produkt\u016f. Doporu\u010duje se b\u00fdt obez\u0159etn\u00fd u produkt\u016f prod\u00e1van\u00fdch v\u00fdrazn\u011b pod tr\u017en\u00ed cenou, proto\u017ee mohou b\u00fdt pad\u011blan\u00e9 nebo s pro\u0161lou dobou pou\u017eitelnosti, co\u017e p\u0159edstavuje v\u00e1\u017en\u00e9 zdravotn\u00ed riziko.<\/p>\n<h2>Kombinace finasteridu a minoxidilu: Co pot\u0159ebujete v\u011bd\u011bt<\/h2>\n<p>Kombinace finasteridu a minoxidilu m\u016f\u017ee nab\u00eddnout synergick\u00e9 v\u00fdhody pro ty, kte\u0159\u00ed trp\u00ed vypad\u00e1v\u00e1n\u00edm vlas\u016f. Tento p\u0159\u00edstup se \u010dasto doporu\u010duje, kdy\u017e jednotliv\u00e1 o\u0161et\u0159en\u00ed nep\u0159in\u00e1\u0161ej\u00ed uspokojiv\u00e9 v\u00fdsledky, proto\u017ee kombinace \u0159e\u0161\u00ed jak hormon\u00e1ln\u00ed, tak krevn\u00ed faktory souvisej\u00edc\u00ed s vypad\u00e1v\u00e1n\u00edm vlas\u016f.<\/p>\n<p>U\u017eivatel\u00e9 by v\u0161ak m\u011bli m\u00edt na pam\u011bti potenci\u00e1ln\u00ed vedlej\u0161\u00ed \u00fa\u010dinky a interakce, a proto je nezbytn\u00e9 pravideln\u011b konzultovat s poskytovatelem zdravotn\u00ed p\u00e9\u010de. Sledov\u00e1n\u00ed podr\u00e1\u017ed\u011bn\u00ed nebo ne\u017e\u00e1douc\u00edch reakc\u00ed na poko\u017ece hlavy pom\u00e1h\u00e1 zajistit, \u017ee kombinovan\u00e1 terapie je jak bezpe\u010dn\u00e1, tak \u00fa\u010dinn\u00e1 pro dlouhodob\u00e9 pou\u017e\u00edv\u00e1n\u00ed.<\/p>\n<h2>Sledujte sv\u00e9 pokroky p\u0159i l\u00e9\u010db\u011b vypad\u00e1v\u00e1n\u00ed vlas\u016f<\/h2>\n<p>Sledov\u00e1n\u00ed pokroku je kritickou sou\u010d\u00e1st\u00ed ka\u017ed\u00e9ho pl\u00e1nu l\u00e9\u010dby vypad\u00e1v\u00e1n\u00ed vlas\u016f. Sledov\u00e1n\u00ed zm\u011bn v hustot\u011b vlas\u016f, zdrav\u00ed poko\u017eky hlavy a vedlej\u0161\u00edch \u00fa\u010dinc\u00edch m\u016f\u017ee pomoci ur\u010dit \u00fa\u010dinnost l\u00e9\u010dby a v\u00e9st pot\u0159ebn\u00e9 \u00fapravy.<\/p>\n<p>Mnoho u\u017eivatel\u016f pova\u017euje za u\u017eite\u010dn\u00e9 dokumentovat svou cestu r\u016fstu vlas\u016f pomoc\u00ed fotografi\u00ed a pozn\u00e1mek. To poskytuje nejen vizu\u00e1ln\u00ed \u010dasovou osu pokroku, ale tak\u00e9 pom\u00e1h\u00e1 poskytovatel\u016fm zdravotn\u00ed p\u00e9\u010de p\u0159i posuzov\u00e1n\u00ed pot\u0159eby \u00faprav v l\u00e9\u010debn\u00e9m re\u017eimu.<\/p>\n<h2>Porozum\u011bn\u00ed dlouhodob\u00e9mu pou\u017e\u00edv\u00e1n\u00ed p\u0159\u00edpravk\u016f proti vypad\u00e1v\u00e1n\u00ed vlas\u016f<\/h2>\n<p>K udr\u017een\u00ed v\u00fdsledk\u016f je \u010dasto nutn\u00e9 dlouhodob\u00e9 pou\u017e\u00edv\u00e1n\u00ed p\u0159\u00edpravk\u016f proti vypad\u00e1v\u00e1n\u00ed vlas\u016f. Jak finasterid, tak minoxidil vy\u017eaduj\u00ed neust\u00e1lou aplikaci k udr\u017een\u00ed op\u011btovn\u00e9ho r\u016fstu vlas\u016f a prevenci dal\u0161\u00edho vypad\u00e1v\u00e1n\u00ed. Ukon\u010den\u00ed obvykle vede k postupn\u00e9mu zru\u0161en\u00ed v\u00fdhod.<\/p>\n<p>Pro mnoh\u00e9 m\u016f\u017ee b\u00fdt tento dlouhodob\u00fd z\u00e1vazek skli\u010duj\u00edc\u00ed, ale pochopen\u00ed v\u00fdhod nep\u0159etr\u017eit\u00e9ho pou\u017e\u00edv\u00e1n\u00ed a nastaven\u00ed realistick\u00fdch o\u010dek\u00e1v\u00e1n\u00ed m\u016f\u017ee pomoci udr\u017eet motivaci. Pravideln\u00e9 kontroly u zdravotn\u00edk\u016f zaji\u0161\u0165uj\u00ed, \u017ee l\u00e9\u010dba z\u016fstane \u00fa\u010dinn\u00e1 a v souladu s c\u00edli u\u017eivatele.<\/p>\n<h2>Z\u00e1kaznick\u00e9 recenze a zku\u0161enosti<\/h2>\n<p>Z\u00e1kaznick\u00e9 recenze poskytuj\u00ed cenn\u00e9 poznatky o skute\u010dn\u00fdch zku\u0161enostech jednotlivc\u016f u\u017e\u00edvaj\u00edc\u00edch finasterid a minoxidil. Mnoho u\u017eivatel\u016f uv\u00e1d\u00ed spokojenost s v\u00fdsledky a zaznamenalo zlep\u0161en\u00ed tlou\u0161\u0165ky a hustoty vlas\u016f. Tyto posudky \u010dasto zd\u016fraz\u0148uj\u00ed d\u016fle\u017eitost trp\u011blivosti a d\u016fslednosti p\u0159i dosahov\u00e1n\u00ed po\u017eadovan\u00fdch v\u00fdsledk\u016f.<\/p>\n<p>Recenze v\u0161ak tak\u00e9 zd\u016fraz\u0148uj\u00ed variabilitu individu\u00e1ln\u00edch odpov\u011bd\u00ed na l\u00e9\u010dbu. Zat\u00edmco n\u011bkte\u0159\u00ed u\u017eivatel\u00e9 zaznamenaj\u00ed rychl\u00e1 zlep\u0161en\u00ed, jin\u00fdm m\u016f\u017ee b\u00fdt pokrok pomalej\u0161\u00ed. Tyto sd\u00edlen\u00e9 zku\u0161enosti mohou pomoci nastavit realistick\u00e1 o\u010dek\u00e1v\u00e1n\u00ed a povzbudit u\u017eivatele, aby pokra\u010dovali ve sv\u00e9m l\u00e9\u010debn\u00e9m pl\u00e1nu.<\/p>\n<h2>Zva\u017ete alternativn\u00ed zp\u016fsoby l\u00e9\u010dby vypad\u00e1v\u00e1n\u00ed vlas\u016f<\/h2>\n<p>Krom\u011b finasteridu a minoxidilu jsou k dispozici r\u016fzn\u00e9 alternativn\u00ed l\u00e9\u010dby pro ty, kte\u0159\u00ed hledaj\u00ed r\u016fzn\u00e9 mo\u017enosti. Pat\u0159\u00ed mezi n\u011b laserov\u00e1 terapie, transplantace vlas\u016f a v\u00fd\u017eivov\u00e9 dopl\u0148ky zam\u011b\u0159en\u00e9 na r\u016fst vlas\u016f. Ka\u017ed\u00e1 alternativa p\u0159ich\u00e1z\u00ed s vlastn\u00ed sadou v\u00fdhod a \u00favah.<\/p>\n<p>Laserov\u00e1 terapie je nap\u0159\u00edklad neinvazivn\u00ed mo\u017enost\u00ed, kter\u00e1 vyu\u017e\u00edv\u00e1 n\u00edzko\u00farov\u0148ov\u00e9 lasery ke stimulaci vlasov\u00fdch folikul\u016f. Transplantace vlas\u016f nab\u00edz\u00ed trvalej\u0161\u00ed \u0159e\u0161en\u00ed chirurgick\u00fdm p\u0159em\u00edst\u011bn\u00edm vlasov\u00fdch folikul\u016f do ple\u0161at\u00fdch oblast\u00ed. V\u00fd\u017eivov\u00e9 dopl\u0148ky mohou podpo\u0159it celkov\u00e9 zdrav\u00ed vlas\u016f, zvl\u00e1\u0161t\u011b kdy\u017e nedostatek vitam\u00edn\u016f nebo miner\u00e1l\u016f p\u0159isp\u00edv\u00e1 k vypad\u00e1v\u00e1n\u00ed vlas\u016f.<\/p>\n<h2>\u010casto kladen\u00e9 ot\u00e1zky o Finasteridu a Minoxidilu<\/h2>\n<p>\u010casto kladen\u00e9 ot\u00e1zky o finasteridu a minoxidilu se \u010dasto to\u010d\u00ed kolem jejich \u00fa\u010dinnosti, bezpe\u010dnosti a dlouhodob\u00e9ho u\u017e\u00edv\u00e1n\u00ed. Mezi b\u011b\u017en\u00e9 dotazy pat\u0159\u00ed o\u010dek\u00e1van\u00fd \u010dasov\u00fd rozvrh pro zobrazen\u00ed v\u00fdsledk\u016f, potenci\u00e1ln\u00ed vedlej\u0161\u00ed \u00fa\u010dinky a nutnost pokra\u010duj\u00edc\u00ed l\u00e9\u010dby.<\/p>\n<p>\u0158e\u0161en\u00ed t\u011bchto ot\u00e1zek pom\u00e1h\u00e1 demystifikovat l\u00e9\u010dbu a poskytuje u\u017eivatel\u016fm informace pot\u0159ebn\u00e9 k p\u0159ij\u00edm\u00e1n\u00ed informovan\u00fdch rozhodnut\u00ed. Zdravotn\u00edci jsou neoceniteln\u00fdmi zdroji pro zodpov\u011bzen\u00ed konkr\u00e9tn\u00edch dotaz\u016f a p\u0159izp\u016fsoben\u00ed poradenstv\u00ed individu\u00e1ln\u00edm okolnostem, zaji\u0161\u0165uj\u00edc\u00ed v\u0161estrann\u00e9 porozum\u011bn\u00ed dostupn\u00fdm zp\u016fsob\u016fm l\u00e9\u010dby vypad\u00e1v\u00e1n\u00ed vlas\u016f.<\/p>\n","protected":false},"excerpt":{"rendered":"<p>L\u00e9\u010dby proti vypad\u00e1v\u00e1n\u00ed vlas\u016f, kter\u00e9 prod\u00e1v\u00e1me: finasterid, minoxidil rutiny: bezpe\u010dnostn\u00ed kontroln\u00ed seznam p\u0159ed n\u00e1kupem Tato p\u0159\u00edru\u010dka, kter\u00e1 zkoum\u00e1 nuance l\u00e9\u010dby finasteridem a minoxidilem, poskytuje komplexn\u00ed bezpe\u010dnostn\u00ed kontroln\u00ed seznam pro potenci\u00e1ln\u00ed kupce. Porozum\u011bn\u00ed Finasteridu a Minoxidilu Finasterid a minoxidil jsou dva z nej\u010dast\u011bji pou\u017e\u00edvan\u00fdch zp\u016fsob\u016f l\u00e9\u010dby vypad\u00e1v\u00e1n\u00ed vlas\u016f, z nich\u017e ka\u017ed\u00fd funguje prost\u0159ednictv\u00edm jedine\u010dn\u00fdch mechanism\u016f v [&hellip;]<\/p>\n","protected":false},"author":1,"featured_media":0,"parent":0,"menu_order":0,"comment_status":"closed","ping_status":"closed","template":"","meta":{"footnotes":""},"class_list":["post-26141","page","type-page","status-publish","hentry"],"_links":{"self":[{"href":"https:\/\/mydainikkhabar.com\/index.php?rest_route=\/wp\/v2\/pages\/26141","targetHints":{"allow":["GET"]}}],"collection":[{"href":"https:\/\/mydainikkhabar.com\/index.php?rest_route=\/wp\/v2\/pages"}],"about":[{"href":"https:\/\/mydainikkhabar.com\/index.php?rest_route=\/wp\/v2\/types\/page"}],"author":[{"embeddable":true,"href":"https:\/\/mydainikkhabar.com\/index.php?rest_route=\/wp\/v2\/users\/1"}],"replies":[{"embeddable":true,"href":"https:\/\/mydainikkhabar.com\/index.php?rest_route=%2Fwp%2Fv2%2Fcomments&post=26141"}],"version-history":[{"count":1,"href":"https:\/\/mydainikkhabar.com\/index.php?rest_route=\/wp\/v2\/pages\/26141\/revisions"}],"predecessor-version":[{"id":26143,"href":"https:\/\/mydainikkhabar.com\/index.php?rest_route=\/wp\/v2\/pages\/26141\/revisions\/26143"}],"wp:attachment":[{"href":"https:\/\/mydainikkhabar.com\/index.php?rest_route=%2Fwp%2Fv2%2Fmedia&parent=26141"}],"curies":[{"name":"wp","href":"https:\/\/api.w.org\/{rel}","templated":true}]}}