{"id":24082,"date":"2026-03-22T22:49:32","date_gmt":"2026-03-22T22:49:32","guid":{"rendered":"https:\/\/mydainikkhabar.com\/?page_id=24082"},"modified":"2026-03-22T22:49:32","modified_gmt":"2026-03-22T22:49:32","slug":"zrozumienie-leku-przed-wydajnoscia-i-zaburzen-erekcji","status":"publish","type":"page","link":"https:\/\/mydainikkhabar.com\/?page_id=24082","title":{"rendered":"Zrozumienie l\u0119ku przed wydajno\u015bci\u0105 i zaburze\u0144 erekcji"},"content":{"rendered":"","protected":false},"excerpt":{"rendered":"","protected":false},"author":1,"featured_media":0,"parent":0,"menu_order":0,"comment_status":"closed","ping_status":"closed","template":"","meta":{"footnotes":""},"class_list":["post-24082","page","type-page","status-publish","hentry"],"_links":{"self":[{"href":"https:\/\/mydainikkhabar.com\/index.php?rest_route=\/wp\/v2\/pages\/24082","targetHints":{"allow":["GET"]}}],"collection":[{"href":"https:\/\/mydainikkhabar.com\/index.php?rest_route=\/wp\/v2\/pages"}],"about":[{"href":"https:\/\/mydainikkhabar.com\/index.php?rest_route=\/wp\/v2\/types\/page"}],"author":[{"embeddable":true,"href":"https:\/\/mydainikkhabar.com\/index.php?rest_route=\/wp\/v2\/users\/1"}],"replies":[{"embeddable":true,"href":"https:\/\/mydainikkhabar.com\/index.php?rest_route=%2Fwp%2Fv2%2Fcomments&post=24082"}],"version-history":[{"count":1,"href":"https:\/\/mydainikkhabar.com\/index.php?rest_route=\/wp\/v2\/pages\/24082\/revisions"}],"predecessor-version":[{"id":24085,"href":"https:\/\/mydainikkhabar.com\/index.php?rest_route=\/wp\/v2\/pages\/24082\/revisions\/24085"}],"wp:attachment":[{"href":"https:\/\/mydainikkhabar.com\/index.php?rest_route=%2Fwp%2Fv2%2Fmedia&parent=24082"}],"curies":[{"name":"wp","href":"https:\/\/api.w.org\/{rel}","templated":true}]}}